{"id":2011,"date":"2020-11-11T11:44:52","date_gmt":"2020-11-11T10:44:52","guid":{"rendered":"http:\/\/arema.com\/fibracolor\/"},"modified":"2020-12-03T13:34:53","modified_gmt":"2020-12-03T12:34:53","slug":"fibracolor","status":"publish","type":"page","link":"https:\/\/arema.com\/en\/fibracolor\/","title":{"rendered":"FIBRACOLOR"},"content":{"rendered":"<p>[vc_row css_animation=&#8221;&#8221; row_type=&#8221;row&#8221; use_row_as_full_screen_section=&#8221;no&#8221; type=&#8221;grid&#8221; angled_section=&#8221;no&#8221; text_align=&#8221;left&#8221; background_image_as_pattern=&#8221;without_pattern&#8221; z_index=&#8221;&#8221; css=&#8221;.vc_custom_1605090961871{background-image: url(https:\/\/arema.com\/wp-content\/uploads\/2020\/11\/fibracolor.jpg?id=976) !important;}&#8221;][vc_column width=&#8221;1\/6&#8243;][\/vc_column][vc_column width=&#8221;2\/3&#8243;][vc_empty_space height=&#8221;80px&#8221;][qode_elements_holder number_of_columns=&#8221;one_column&#8221;][qode_elements_holder_item advanced_animations=&#8221;no&#8221; background_color=&#8221;rgba(255,255,255,0.82)&#8221; item_padding=&#8221;20px 20px 20px 20px&#8221;][vc_empty_space height=&#8221;50px&#8221;][vc_column_text]<\/p>\n<h1 style=\"text-align: center;\">Waste water regeneration and reuse in the WWTP Fibracolor<\/h1>\n<h3 style=\"text-align: center;\">The works of the tertiary treatment of industrial water regeneration of Fibracolor were executed in November 2007 with a treatment capacity of 13,440 m3 \/ day.<\/h3>\n<p>[\/vc_column_text][vc_empty_space height=&#8221;30px&#8221;][vc_column_text]<\/p>\n<p style=\"text-align: center;\">The construction of the installation for the regeneration of the effluent from the WWTP Fibracolor and the effluent of WWTP Tordera, had as main purpose to obtain purified water of high level quality as to be reused in the industrial process of the company FIBRACOLOR.<\/p>\n<p>[\/vc_column_text][vc_empty_space height=&#8221;30px&#8221;][\/qode_elements_holder_item][\/qode_elements_holder][vc_empty_space height=&#8221;80px&#8221;][\/vc_column][vc_column width=&#8221;1\/6&#8243;][\/vc_column][\/vc_row][vc_row css_animation=&#8221;&#8221; row_type=&#8221;row&#8221; use_row_as_full_screen_section=&#8221;no&#8221; type=&#8221;grid&#8221; angled_section=&#8221;no&#8221; text_align=&#8221;left&#8221; background_image_as_pattern=&#8221;without_pattern&#8221; z_index=&#8221;&#8221; css=&#8221;.vc_custom_1605002389151{background-color: #ffffff !important;}&#8221;][vc_column width=&#8221;1\/6&#8243;][\/vc_column][vc_column width=&#8221;2\/3&#8243;][vc_empty_space height=&#8221;80px&#8221;][qode_elements_holder number_of_columns=&#8221;one_column&#8221;][qode_elements_holder_item advanced_animations=&#8221;no&#8221; background_color=&#8221;rgba(255,255,255,0.82)&#8221; item_padding=&#8221;20px 20px 20px 20px&#8221;][vc_column_text]<\/p>\n<div class=\"region region-content\">\n<section id=\"block-system-main\" class=\"block block-system clearfix\">\n<div class=\"ds-1col node node-solucions view-mode-full clearfix\">\n<div class=\"field field-name-body field-type-text-with-summary field-label-hidden\">\n<div class=\"field-items\">\n<div class=\"field-item even\">\n<h4 style=\"text-align: center;\"><img decoding=\"async\" class=\"alignnone\" src=\"https:\/\/www.rubau.com\/wp-content\/themes\/rubau\/img\/filet-blanc.png\" \/> PROCESSES OF THE TREATMENT PLANT <img decoding=\"async\" class=\"alignnone\" src=\"https:\/\/www.rubau.com\/wp-content\/themes\/rubau\/img\/filet-blanc.png\" \/><\/h4>\n<\/div>\n<\/div>\n<\/div>\n<\/div>\n<\/section>\n<\/div>\n<p>[\/vc_column_text][vc_empty_space height=&#8221;30px&#8221;][vc_column_text]<\/p>\n<div class=\"region region-content\">\n<section id=\"block-system-main\" class=\"block block-system clearfix\">\n<div class=\"ds-1col node node-solucions view-mode-full clearfix\">\n<div class=\"field field-name-body field-type-text-with-summary field-label-hidden\">\n<div class=\"field-items\">\n<div class=\"field-item even\">\n<ul>\n<li>Sand filtration<\/li>\n<li>Ultrafiltration<\/li>\n<li>Reverse osmosis<\/li>\n<li>Decarbonation<\/li>\n<\/ul>\n<\/div>\n<\/div>\n<\/div>\n<\/div>\n<\/section>\n<\/div>\n<p>[\/vc_column_text][vc_empty_space height=&#8221;50px&#8221;][\/qode_elements_holder_item][\/qode_elements_holder][\/vc_column][vc_column width=&#8221;1\/6&#8243;][\/vc_column][\/vc_row][vc_row css_animation=&#8221;&#8221; row_type=&#8221;row&#8221; use_row_as_full_screen_section=&#8221;no&#8221; type=&#8221;grid&#8221; angled_section=&#8221;no&#8221; text_align=&#8221;left&#8221; background_image_as_pattern=&#8221;without_pattern&#8221; z_index=&#8221;&#8221; css=&#8221;.vc_custom_1605091540679{background-color: #ededed !important;}&#8221;][vc_column width=&#8221;1\/6&#8243;][\/vc_column][vc_column width=&#8221;2\/3&#8243;][vc_empty_space height=&#8221;50px&#8221;][qode_elements_holder number_of_columns=&#8221;two_columns&#8221; columns_proportion=&#8221;25_75&#8243;][qode_elements_holder_item advanced_animations=&#8221;no&#8221; background_color=&#8221;#ededed&#8221;][vc_single_image image=&#8221;985&#8243; img_size=&#8221;medium&#8221; alignment=&#8221;right&#8221; onclick=&#8221;custom_link&#8221; img_link_target=&#8221;_blank&#8221; qode_css_animation=&#8221;&#8221; link=&#8221;https:\/\/arema.com\/wp-content\/uploads\/2020\/11\/Fibracolor_-Infoenviro-2008.pdf&#8221;][\/qode_elements_holder_item][qode_elements_holder_item vertical_alignment=&#8221;top&#8221; horizontal_alignment=&#8221;left&#8221; advanced_animations=&#8221;no&#8221; background_color=&#8221;#ededed&#8221;][vc_column_text]<\/p>\n<h5 style=\"text-align: left;\"><a href=\"https:\/\/arema.com\/wp-content\/uploads\/2020\/11\/Fibracolor_-Infoenviro-2008.pdf\"><strong>Consult PDF<\/strong> <\/a><\/h5>\n<h5 style=\"text-align: left;\"><a href=\"https:\/\/arema.com\/wp-content\/uploads\/2020\/11\/Fibracolor_-Infoenviro-2008.pdf\"><em><small>&#8220;Estaci\u00f3n de regeneraci\u00f3n y reutilizaci\u00f3n del agua depurada en la EDAR de Fibracolor (Barcelona)&#8221;<\/small><\/em><\/a><\/h5>\n<p>[\/vc_column_text][\/qode_elements_holder_item][\/qode_elements_holder][vc_empty_space height=&#8221;50px&#8221;][\/vc_column][vc_column width=&#8221;1\/6&#8243;][\/vc_column][\/vc_row][vc_row css_animation=&#8221;&#8221; row_type=&#8221;row&#8221; use_row_as_full_screen_section=&#8221;no&#8221; type=&#8221;grid&#8221; angled_section=&#8221;no&#8221; text_align=&#8221;left&#8221; background_image_as_pattern=&#8221;without_pattern&#8221; z_index=&#8221;&#8221; css=&#8221;.vc_custom_1605002389151{background-color: #ffffff !important;}&#8221;][vc_column width=&#8221;1\/6&#8243;][\/vc_column][vc_column width=&#8221;2\/3&#8243;][qode_elements_holder number_of_columns=&#8221;one_column&#8221;][qode_elements_holder_item advanced_animations=&#8221;no&#8221; background_color=&#8221;rgba(255,255,255,0.82)&#8221; item_padding=&#8221;20px 20px 20px 20px&#8221;][vc_empty_space height=&#8221;50px&#8221;][vc_column_text]<\/p>\n<div class=\"region region-content\">\n<section id=\"block-system-main\" class=\"block block-system clearfix\">\n<div class=\"ds-1col node node-solucions view-mode-full clearfix\">\n<div class=\"field field-name-body field-type-text-with-summary field-label-hidden\">\n<div class=\"field-items\">\n<div class=\"field-item even\">\n<h4 style=\"text-align: center;\"><img decoding=\"async\" class=\"alignnone\" src=\"https:\/\/www.rubau.com\/wp-content\/themes\/rubau\/img\/filet-blanc.png\" \/> TRACTAMENTS ESTACI\u00d3 DE REGENERACI\u00d3 I REUTILITZACI\u00d3 <img decoding=\"async\" class=\"alignnone\" src=\"https:\/\/www.rubau.com\/wp-content\/themes\/rubau\/img\/filet-blanc.png\" \/><\/h4>\n<\/div>\n<\/div>\n<\/div>\n<\/div>\n<\/section>\n<\/div>\n<p>[\/vc_column_text][vc_empty_space height=&#8221;30px&#8221;][vc_column_text]<\/p>\n<div class=\"region region-content\">\n<section id=\"block-system-main\" class=\"block block-system clearfix\">\n<div class=\"ds-1col node node-solucions view-mode-full clearfix\">\n<div class=\"field field-name-body field-type-text-with-summary field-label-hidden\">\n<div class=\"field-items\">\n<div class=\"field-item even\">\n<ul>\n<li>Dip\u00f2sit d\u2019aigua d\u2019alimentaci\u00f3<\/li>\n<li>Bombament a filtraci\u00f3 de sorra<\/li>\n<li>Condicionament qu\u00edmic<\/li>\n<li>Filtraci\u00f3 de sorra<\/li>\n<li>Dip\u00f2sit d\u2019aigua filtrada<\/li>\n<li>Ultrafiltraci\u00f3<\/li>\n<li>Dip\u00f2sit d\u2019aigua ultrafiltrada<\/li>\n<li>Osmosis Inversa<\/li>\n<li>Neteja qu\u00edmica i despla\u00e7ament<\/li>\n<li>Dip\u00f2sit d\u2019aigua osmotitzada<\/li>\n<li>Evacuaci\u00f3 de salmorres<\/li>\n<li>Evacuaci\u00f3 d&#8217;aig\u00fces de rentat<\/li>\n<\/ul>\n<\/div>\n<\/div>\n<\/div>\n<\/div>\n<\/section>\n<\/div>\n<p>[\/vc_column_text][\/qode_elements_holder_item][\/qode_elements_holder][vc_empty_space height=&#8221;80px&#8221;][\/vc_column][vc_column width=&#8221;1\/6&#8243;][\/vc_column][\/vc_row]<\/p>\n","protected":false},"excerpt":{"rendered":"<p>[vc_row css_animation=&#8221;&#8221; row_type=&#8221;row&#8221; use_row_as_full_screen_section=&#8221;no&#8221; type=&#8221;grid&#8221; angled_section=&#8221;no&#8221; text_align=&#8221;left&#8221; background_image_as_pattern=&#8221;without_pattern&#8221; z_index=&#8221;&#8221; css=&#8221;.vc_custom_1605090961871{background-image: url(https:\/\/arema.com\/wp-content\/uploads\/2020\/11\/fibracolor.jpg?id=976) !important;}&#8221;][vc_column width=&#8221;1\/6&#8243;][\/vc_column][vc_column width=&#8221;2\/3&#8243;][vc_empty_space height=&#8221;80px&#8221;][qode_elements_holder number_of_columns=&#8221;one_column&#8221;][qode_elements_holder_item advanced_animations=&#8221;no&#8221; background_color=&#8221;rgba(255,255,255,0.82)&#8221; item_padding=&#8221;20px 20px 20px 20px&#8221;][vc_empty_space height=&#8221;50px&#8221;][vc_column_text] Waste water regeneration and reuse in the WWTP Fibracolor The works of the tertiary treatment of industrial water regeneration of Fibracolor were&#8230;<\/p>\n","protected":false},"author":1,"featured_media":0,"parent":0,"menu_order":0,"comment_status":"closed","ping_status":"closed","template":"full_width.php","meta":{"footnotes":""},"class_list":["post-2011","page","type-page","status-publish","hentry"],"yoast_head":"<!-- This site is optimized with the Yoast SEO plugin v27.2 - https:\/\/yoast.com\/product\/yoast-seo-wordpress\/ -->\n<title>FIBRACOLOR, regeneration and reuse of treated water - Arema<\/title>\n<meta name=\"description\" content=\"Regeneration and reuse station for purified and regenerated water at the Fibracolor WWTP in Tordera (Barcelona)\" \/>\n<meta name=\"robots\" content=\"index, follow, max-snippet:-1, max-image-preview:large, max-video-preview:-1\" \/>\n<link rel=\"canonical\" href=\"https:\/\/arema.com\/en\/fibracolor\/\" \/>\n<meta property=\"og:locale\" content=\"en_US\" \/>\n<meta property=\"og:type\" content=\"article\" \/>\n<meta property=\"og:title\" content=\"FIBRACOLOR, regeneration and reuse of treated water - Arema\" \/>\n<meta property=\"og:description\" content=\"Regeneration and reuse station for purified and regenerated water at the Fibracolor WWTP in Tordera (Barcelona)\" \/>\n<meta property=\"og:url\" content=\"https:\/\/arema.com\/en\/fibracolor\/\" \/>\n<meta property=\"og:site_name\" content=\"Arema\" \/>\n<meta property=\"article:modified_time\" content=\"2020-12-03T12:34:53+00:00\" \/>\n<meta property=\"og:image\" content=\"https:\/\/www.rubau.com\/wp-content\/themes\/rubau\/img\/filet-blanc.png\" \/>\n<meta name=\"twitter:card\" content=\"summary_large_image\" \/>\n<meta name=\"twitter:label1\" content=\"Est. reading time\" \/>\n\t<meta name=\"twitter:data1\" content=\"3 minutes\" \/>\n<script type=\"application\/ld+json\" class=\"yoast-schema-graph\">{\"@context\":\"https:\/\/schema.org\",\"@graph\":[{\"@type\":\"WebPage\",\"@id\":\"https:\/\/arema.com\/en\/fibracolor\/\",\"url\":\"https:\/\/arema.com\/en\/fibracolor\/\",\"name\":\"FIBRACOLOR, regeneration and reuse of treated water - Arema\",\"isPartOf\":{\"@id\":\"https:\/\/arema.com\/en\/#website\"},\"primaryImageOfPage\":{\"@id\":\"https:\/\/arema.com\/en\/fibracolor\/#primaryimage\"},\"image\":{\"@id\":\"https:\/\/arema.com\/en\/fibracolor\/#primaryimage\"},\"thumbnailUrl\":\"https:\/\/www.rubau.com\/wp-content\/themes\/rubau\/img\/filet-blanc.png\",\"datePublished\":\"2020-11-11T10:44:52+00:00\",\"dateModified\":\"2020-12-03T12:34:53+00:00\",\"description\":\"Regeneration and reuse station for purified and regenerated water at the Fibracolor WWTP in Tordera (Barcelona)\",\"breadcrumb\":{\"@id\":\"https:\/\/arema.com\/en\/fibracolor\/#breadcrumb\"},\"inLanguage\":\"en-US\",\"potentialAction\":[{\"@type\":\"ReadAction\",\"target\":[\"https:\/\/arema.com\/en\/fibracolor\/\"]}]},{\"@type\":\"ImageObject\",\"inLanguage\":\"en-US\",\"@id\":\"https:\/\/arema.com\/en\/fibracolor\/#primaryimage\",\"url\":\"https:\/\/www.rubau.com\/wp-content\/themes\/rubau\/img\/filet-blanc.png\",\"contentUrl\":\"https:\/\/www.rubau.com\/wp-content\/themes\/rubau\/img\/filet-blanc.png\"},{\"@type\":\"BreadcrumbList\",\"@id\":\"https:\/\/arema.com\/en\/fibracolor\/#breadcrumb\",\"itemListElement\":[{\"@type\":\"ListItem\",\"position\":1,\"name\":\"Inici\",\"item\":\"https:\/\/arema.com\/en\/\"},{\"@type\":\"ListItem\",\"position\":2,\"name\":\"FIBRACOLOR\"}]},{\"@type\":\"WebSite\",\"@id\":\"https:\/\/arema.com\/en\/#website\",\"url\":\"https:\/\/arema.com\/en\/\",\"name\":\"Arema\",\"description\":\"Agua, residuos y medio ambiente\",\"potentialAction\":[{\"@type\":\"SearchAction\",\"target\":{\"@type\":\"EntryPoint\",\"urlTemplate\":\"https:\/\/arema.com\/en\/?s={search_term_string}\"},\"query-input\":{\"@type\":\"PropertyValueSpecification\",\"valueRequired\":true,\"valueName\":\"search_term_string\"}}],\"inLanguage\":\"en-US\"}]}<\/script>\n<!-- \/ Yoast SEO plugin. -->","yoast_head_json":{"title":"FIBRACOLOR, regeneration and reuse of treated water - Arema","description":"Regeneration and reuse station for purified and regenerated water at the Fibracolor WWTP in Tordera (Barcelona)","robots":{"index":"index","follow":"follow","max-snippet":"max-snippet:-1","max-image-preview":"max-image-preview:large","max-video-preview":"max-video-preview:-1"},"canonical":"https:\/\/arema.com\/en\/fibracolor\/","og_locale":"en_US","og_type":"article","og_title":"FIBRACOLOR, regeneration and reuse of treated water - Arema","og_description":"Regeneration and reuse station for purified and regenerated water at the Fibracolor WWTP in Tordera (Barcelona)","og_url":"https:\/\/arema.com\/en\/fibracolor\/","og_site_name":"Arema","article_modified_time":"2020-12-03T12:34:53+00:00","og_image":[{"url":"https:\/\/www.rubau.com\/wp-content\/themes\/rubau\/img\/filet-blanc.png","type":"","width":"","height":""}],"twitter_card":"summary_large_image","twitter_misc":{"Est. reading time":"3 minutes"},"schema":{"@context":"https:\/\/schema.org","@graph":[{"@type":"WebPage","@id":"https:\/\/arema.com\/en\/fibracolor\/","url":"https:\/\/arema.com\/en\/fibracolor\/","name":"FIBRACOLOR, regeneration and reuse of treated water - Arema","isPartOf":{"@id":"https:\/\/arema.com\/en\/#website"},"primaryImageOfPage":{"@id":"https:\/\/arema.com\/en\/fibracolor\/#primaryimage"},"image":{"@id":"https:\/\/arema.com\/en\/fibracolor\/#primaryimage"},"thumbnailUrl":"https:\/\/www.rubau.com\/wp-content\/themes\/rubau\/img\/filet-blanc.png","datePublished":"2020-11-11T10:44:52+00:00","dateModified":"2020-12-03T12:34:53+00:00","description":"Regeneration and reuse station for purified and regenerated water at the Fibracolor WWTP in Tordera (Barcelona)","breadcrumb":{"@id":"https:\/\/arema.com\/en\/fibracolor\/#breadcrumb"},"inLanguage":"en-US","potentialAction":[{"@type":"ReadAction","target":["https:\/\/arema.com\/en\/fibracolor\/"]}]},{"@type":"ImageObject","inLanguage":"en-US","@id":"https:\/\/arema.com\/en\/fibracolor\/#primaryimage","url":"https:\/\/www.rubau.com\/wp-content\/themes\/rubau\/img\/filet-blanc.png","contentUrl":"https:\/\/www.rubau.com\/wp-content\/themes\/rubau\/img\/filet-blanc.png"},{"@type":"BreadcrumbList","@id":"https:\/\/arema.com\/en\/fibracolor\/#breadcrumb","itemListElement":[{"@type":"ListItem","position":1,"name":"Inici","item":"https:\/\/arema.com\/en\/"},{"@type":"ListItem","position":2,"name":"FIBRACOLOR"}]},{"@type":"WebSite","@id":"https:\/\/arema.com\/en\/#website","url":"https:\/\/arema.com\/en\/","name":"Arema","description":"Agua, residuos y medio ambiente","potentialAction":[{"@type":"SearchAction","target":{"@type":"EntryPoint","urlTemplate":"https:\/\/arema.com\/en\/?s={search_term_string}"},"query-input":{"@type":"PropertyValueSpecification","valueRequired":true,"valueName":"search_term_string"}}],"inLanguage":"en-US"}]}},"_links":{"self":[{"href":"https:\/\/arema.com\/en\/wp-json\/wp\/v2\/pages\/2011","targetHints":{"allow":["GET"]}}],"collection":[{"href":"https:\/\/arema.com\/en\/wp-json\/wp\/v2\/pages"}],"about":[{"href":"https:\/\/arema.com\/en\/wp-json\/wp\/v2\/types\/page"}],"author":[{"embeddable":true,"href":"https:\/\/arema.com\/en\/wp-json\/wp\/v2\/users\/1"}],"replies":[{"embeddable":true,"href":"https:\/\/arema.com\/en\/wp-json\/wp\/v2\/comments?post=2011"}],"version-history":[{"count":3,"href":"https:\/\/arema.com\/en\/wp-json\/wp\/v2\/pages\/2011\/revisions"}],"predecessor-version":[{"id":2014,"href":"https:\/\/arema.com\/en\/wp-json\/wp\/v2\/pages\/2011\/revisions\/2014"}],"wp:attachment":[{"href":"https:\/\/arema.com\/en\/wp-json\/wp\/v2\/media?parent=2011"}],"curies":[{"name":"wp","href":"https:\/\/api.w.org\/{rel}","templated":true}]}}