{"id":1959,"date":"2020-11-12T13:16:41","date_gmt":"2020-11-12T12:16:41","guid":{"rendered":"http:\/\/arema.com\/aguascalientes\/"},"modified":"2020-12-03T10:24:24","modified_gmt":"2020-12-03T09:24:24","slug":"aguascalientes","status":"publish","type":"page","link":"https:\/\/arema.com\/en\/aguascalientes\/","title":{"rendered":"AGUASCALIENTES"},"content":{"rendered":"<p>[vc_row css_animation=&#8221;&#8221; row_type=&#8221;row&#8221; use_row_as_full_screen_section=&#8221;no&#8221; type=&#8221;grid&#8221; angled_section=&#8221;no&#8221; text_align=&#8221;left&#8221; background_image_as_pattern=&#8221;without_pattern&#8221; z_index=&#8221;&#8221; css=&#8221;.vc_custom_1605183102369{background-image: url(https:\/\/arema.com\/wp-content\/uploads\/2020\/11\/PTAR-nuestra-sen\u0303ora-de-la-Asuncio\u0301n.png?id=1067) !important;}&#8221;][vc_column width=&#8221;1\/6&#8243;][\/vc_column][vc_column width=&#8221;2\/3&#8243;][vc_empty_space height=&#8221;80px&#8221;][qode_elements_holder number_of_columns=&#8221;one_column&#8221;][qode_elements_holder_item advanced_animations=&#8221;no&#8221; background_color=&#8221;rgba(255,255,255,0.82)&#8221; item_padding=&#8221;20px 20px 20px 20px&#8221;][vc_empty_space height=&#8221;50px&#8221;][vc_column_text]<\/p>\n<h1 style=\"text-align: center;\"><strong>Aguascalientes: PTAR de Villas de Nuestra Se\u00f1ora de la Asunci\u00f3n (VNSA) <\/strong><\/h1>\n<h3 style=\"text-align: center;\">\u00a0L\u2019aigua regenerada es produeix\u00a0i s\u2019injecta a l\u2019aq\u00fc\u00edfer a ra\u00f3 de 50 l\/s, gr\u00e0cies a la construcci\u00f3 de 3 pous i 11 piez\u00f2metres de control ubicats pr\u00f2xims als punts d\u2019injecci\u00f3<\/h3>\n<p>[\/vc_column_text][vc_empty_space height=&#8221;50px&#8221;][\/qode_elements_holder_item][\/qode_elements_holder][vc_empty_space height=&#8221;80px&#8221;][\/vc_column][vc_column width=&#8221;1\/6&#8243;][\/vc_column][\/vc_row][vc_row css_animation=&#8221;&#8221; row_type=&#8221;row&#8221; use_row_as_full_screen_section=&#8221;no&#8221; type=&#8221;grid&#8221; angled_section=&#8221;no&#8221; text_align=&#8221;left&#8221; background_image_as_pattern=&#8221;without_pattern&#8221; z_index=&#8221;&#8221;][vc_column width=&#8221;1\/6&#8243;][\/vc_column][vc_column width=&#8221;2\/3&#8243;][vc_empty_space height=&#8221;80px&#8221;][qode_elements_holder number_of_columns=&#8221;one_column&#8221;][qode_elements_holder_item advanced_animations=&#8221;no&#8221; background_color=&#8221;rgba(255,255,255,0.82)&#8221; item_padding=&#8221;20px 20px 20px 20px&#8221;][vc_empty_space height=&#8221;50px&#8221;][vc_column_text]<\/p>\n<div class=\"region region-content\">\n<section id=\"block-system-main\" class=\"block block-system clearfix\">\n<div class=\"ds-1col node node-solucions view-mode-full clearfix\">\n<div class=\"field field-name-body field-type-text-with-summary field-label-hidden\">\n<div class=\"field-items\">\n<div class=\"field-item even\">\n<h4 style=\"text-align: center;\"><img decoding=\"async\" class=\"alignnone\" src=\"https:\/\/www.rubau.com\/wp-content\/themes\/rubau\/img\/filet-blanc.png\" \/> AREMA <img decoding=\"async\" class=\"alignnone\" src=\"https:\/\/www.rubau.com\/wp-content\/themes\/rubau\/img\/filet-blanc.png\" \/><\/h4>\n<\/div>\n<\/div>\n<\/div>\n<\/div>\n<\/section>\n<\/div>\n<p>[\/vc_column_text][vc_empty_space height=&#8221;30px&#8221;][vc_column_text]<\/p>\n<div class=\"region region-content\">\n<section id=\"block-system-main\" class=\"block block-system clearfix\">\n<div class=\"ds-1col node node-solucions view-mode-full clearfix\">\n<div class=\"field field-name-body field-type-text-with-summary field-label-hidden\">\n<div class=\"field-items\">\n<div class=\"field-item even\">\n<p style=\"text-align: center;\">Tecnol\u00f2gicament, el projecte ha estat dissenyat i executat per AREMA a Aguascalientes gr\u00e0cies al seu know-how i a la seva experi\u00e8ncia en temes d\u2019injecci\u00f3.<\/p>\n<\/div>\n<\/div>\n<\/div>\n<\/div>\n<\/section>\n<\/div>\n<p>[\/vc_column_text][\/qode_elements_holder_item][\/qode_elements_holder][\/vc_column][vc_column width=&#8221;1\/6&#8243;][\/vc_column][\/vc_row][vc_row css_animation=&#8221;&#8221; row_type=&#8221;row&#8221; use_row_as_full_screen_section=&#8221;no&#8221; type=&#8221;grid&#8221; angled_section=&#8221;no&#8221; text_align=&#8221;left&#8221; background_image_as_pattern=&#8221;without_pattern&#8221; z_index=&#8221;&#8221; css=&#8221;.vc_custom_1605002389151{background-color: #ffffff !important;}&#8221;][vc_column width=&#8221;1\/6&#8243;][\/vc_column][vc_column width=&#8221;2\/3&#8243;][vc_empty_space height=&#8221;50px&#8221;][qode_elements_holder number_of_columns=&#8221;two_columns&#8221; columns_proportion=&#8221;25_75&#8243;][qode_elements_holder_item advanced_animations=&#8221;no&#8221; background_color=&#8221;rgba(255,255,255,0.82)&#8221;][vc_single_image image=&#8221;1074&#8243; img_size=&#8221;medium&#8221; alignment=&#8221;right&#8221; onclick=&#8221;custom_link&#8221; img_link_target=&#8221;_blank&#8221; qode_css_animation=&#8221;&#8221; link=&#8221;https:\/\/arema.com\/wp-content\/uploads\/2020\/11\/aguascalientes-PTAR-PDF.pdf&#8221;][\/qode_elements_holder_item][qode_elements_holder_item vertical_alignment=&#8221;top&#8221; horizontal_alignment=&#8221;left&#8221; advanced_animations=&#8221;no&#8221; background_color=&#8221;rgba(255,255,255,0.82)&#8221;][vc_column_text]<\/p>\n<h5 style=\"text-align: left;\"><a href=\"https:\/\/arema.com\/wp-content\/uploads\/2020\/11\/aguascalientes-PTAR-PDF.pdf\"><strong>Consultar PDF<\/strong> <\/a><\/h5>\n<h5 style=\"text-align: left;\"><a href=\"https:\/\/arema.com\/wp-content\/uploads\/2020\/11\/aguascalientes-PTAR-PDF.pdf\"><em><small>&#8220;PTAR Villas de Nuestra se\u00f1ora Asunci\u00f3n, Aguascalientes&#8221;<\/small><\/em><\/a><\/h5>\n<p>[\/vc_column_text][\/qode_elements_holder_item][\/qode_elements_holder][vc_empty_space height=&#8221;50px&#8221;][\/vc_column][vc_column width=&#8221;1\/6&#8243;][\/vc_column][\/vc_row][vc_row css_animation=&#8221;&#8221; row_type=&#8221;row&#8221; use_row_as_full_screen_section=&#8221;no&#8221; type=&#8221;grid&#8221; angled_section=&#8221;no&#8221; text_align=&#8221;left&#8221; background_image_as_pattern=&#8221;without_pattern&#8221; z_index=&#8221;&#8221;][vc_column width=&#8221;1\/6&#8243;][\/vc_column][vc_column width=&#8221;2\/3&#8243;][vc_empty_space height=&#8221;50px&#8221;][vc_single_image image=&#8221;1454&#8243; img_size=&#8221;full&#8221; qode_css_animation=&#8221;&#8221;][vc_empty_space height=&#8221;50px&#8221;][\/vc_column][vc_column width=&#8221;1\/6&#8243;][\/vc_column][\/vc_row]<\/p>\n","protected":false},"excerpt":{"rendered":"<p>[vc_row css_animation=&#8221;&#8221; row_type=&#8221;row&#8221; use_row_as_full_screen_section=&#8221;no&#8221; type=&#8221;grid&#8221; angled_section=&#8221;no&#8221; text_align=&#8221;left&#8221; background_image_as_pattern=&#8221;without_pattern&#8221; z_index=&#8221;&#8221; css=&#8221;.vc_custom_1605183102369{background-image: url(https:\/\/arema.com\/wp-content\/uploads\/2020\/11\/PTAR-nuestra-sen\u0303ora-de-la-Asuncio\u0301n.png?id=1067) !important;}&#8221;][vc_column width=&#8221;1\/6&#8243;][\/vc_column][vc_column width=&#8221;2\/3&#8243;][vc_empty_space height=&#8221;80px&#8221;][qode_elements_holder number_of_columns=&#8221;one_column&#8221;][qode_elements_holder_item advanced_animations=&#8221;no&#8221; background_color=&#8221;rgba(255,255,255,0.82)&#8221; item_padding=&#8221;20px 20px 20px 20px&#8221;][vc_empty_space height=&#8221;50px&#8221;][vc_column_text] Aguascalientes: PTAR de Villas de Nuestra Se\u00f1ora de la Asunci\u00f3n (VNSA) \u00a0L\u2019aigua regenerada es produeix\u00a0i s\u2019injecta a l\u2019aq\u00fc\u00edfer a ra\u00f3 de 50&#8230;<\/p>\n","protected":false},"author":1,"featured_media":1479,"parent":0,"menu_order":0,"comment_status":"closed","ping_status":"closed","template":"full_width.php","meta":{"footnotes":""},"class_list":["post-1959","page","type-page","status-publish","has-post-thumbnail","hentry"],"yoast_head":"<!-- This site is optimized with the Yoast SEO plugin v27.2 - https:\/\/yoast.com\/product\/yoast-seo-wordpress\/ -->\n<title>PTAR d&#039;Arema a AGUASCALIENTES - pous i piez\u00f2metres - Arema<\/title>\n<meta name=\"description\" content=\"PTAR de Villas de Nuestra Se\u00f1ora de la Asunci\u00f3n, Aguascalientes.\u00a0L\u2019aigua regenerada es produeix\u00a0gr\u00e0cies als pous i piez\u00f2metres d&#039;Arema.\" \/>\n<meta name=\"robots\" content=\"index, follow, max-snippet:-1, max-image-preview:large, max-video-preview:-1\" \/>\n<link rel=\"canonical\" href=\"https:\/\/arema.com\/en\/aguascalientes\/\" \/>\n<meta property=\"og:locale\" content=\"en_US\" \/>\n<meta property=\"og:type\" content=\"article\" \/>\n<meta property=\"og:title\" content=\"PTAR d&#039;Arema a AGUASCALIENTES - pous i piez\u00f2metres - Arema\" \/>\n<meta property=\"og:description\" content=\"PTAR de Villas de Nuestra Se\u00f1ora de la Asunci\u00f3n, Aguascalientes.\u00a0L\u2019aigua regenerada es produeix\u00a0gr\u00e0cies als pous i piez\u00f2metres d&#039;Arema.\" \/>\n<meta property=\"og:url\" content=\"https:\/\/arema.com\/en\/aguascalientes\/\" \/>\n<meta property=\"og:site_name\" content=\"Arema\" \/>\n<meta property=\"article:modified_time\" content=\"2020-12-03T09:24:24+00:00\" \/>\n<meta property=\"og:image\" content=\"https:\/\/arema.com\/wp-content\/uploads\/2020\/10\/20161106_093102-1024x768.jpg\" \/>\n\t<meta property=\"og:image:width\" content=\"1024\" \/>\n\t<meta property=\"og:image:height\" content=\"768\" \/>\n\t<meta property=\"og:image:type\" content=\"image\/jpeg\" \/>\n<meta name=\"twitter:card\" content=\"summary_large_image\" \/>\n<meta name=\"twitter:label1\" content=\"Est. reading time\" \/>\n\t<meta name=\"twitter:data1\" content=\"3 minutes\" \/>\n<script type=\"application\/ld+json\" class=\"yoast-schema-graph\">{\"@context\":\"https:\/\/schema.org\",\"@graph\":[{\"@type\":\"WebPage\",\"@id\":\"https:\/\/arema.com\/en\/aguascalientes\/\",\"url\":\"https:\/\/arema.com\/en\/aguascalientes\/\",\"name\":\"PTAR d'Arema a AGUASCALIENTES - pous i piez\u00f2metres - Arema\",\"isPartOf\":{\"@id\":\"https:\/\/arema.com\/en\/#website\"},\"primaryImageOfPage\":{\"@id\":\"https:\/\/arema.com\/en\/aguascalientes\/#primaryimage\"},\"image\":{\"@id\":\"https:\/\/arema.com\/en\/aguascalientes\/#primaryimage\"},\"thumbnailUrl\":\"https:\/\/arema.com\/wp-content\/uploads\/2020\/10\/20161106_093102.jpg\",\"datePublished\":\"2020-11-12T12:16:41+00:00\",\"dateModified\":\"2020-12-03T09:24:24+00:00\",\"description\":\"PTAR de Villas de Nuestra Se\u00f1ora de la Asunci\u00f3n, Aguascalientes.\u00a0L\u2019aigua regenerada es produeix\u00a0gr\u00e0cies als pous i piez\u00f2metres d'Arema.\",\"breadcrumb\":{\"@id\":\"https:\/\/arema.com\/en\/aguascalientes\/#breadcrumb\"},\"inLanguage\":\"en-US\",\"potentialAction\":[{\"@type\":\"ReadAction\",\"target\":[\"https:\/\/arema.com\/en\/aguascalientes\/\"]}]},{\"@type\":\"ImageObject\",\"inLanguage\":\"en-US\",\"@id\":\"https:\/\/arema.com\/en\/aguascalientes\/#primaryimage\",\"url\":\"https:\/\/arema.com\/wp-content\/uploads\/2020\/10\/20161106_093102.jpg\",\"contentUrl\":\"https:\/\/arema.com\/wp-content\/uploads\/2020\/10\/20161106_093102.jpg\",\"width\":1969,\"height\":1476},{\"@type\":\"BreadcrumbList\",\"@id\":\"https:\/\/arema.com\/en\/aguascalientes\/#breadcrumb\",\"itemListElement\":[{\"@type\":\"ListItem\",\"position\":1,\"name\":\"Inici\",\"item\":\"https:\/\/arema.com\/en\/\"},{\"@type\":\"ListItem\",\"position\":2,\"name\":\"AGUASCALIENTES\"}]},{\"@type\":\"WebSite\",\"@id\":\"https:\/\/arema.com\/en\/#website\",\"url\":\"https:\/\/arema.com\/en\/\",\"name\":\"Arema\",\"description\":\"Agua, residuos y medio ambiente\",\"potentialAction\":[{\"@type\":\"SearchAction\",\"target\":{\"@type\":\"EntryPoint\",\"urlTemplate\":\"https:\/\/arema.com\/en\/?s={search_term_string}\"},\"query-input\":{\"@type\":\"PropertyValueSpecification\",\"valueRequired\":true,\"valueName\":\"search_term_string\"}}],\"inLanguage\":\"en-US\"}]}<\/script>\n<!-- \/ Yoast SEO plugin. -->","yoast_head_json":{"title":"PTAR d'Arema a AGUASCALIENTES - pous i piez\u00f2metres - Arema","description":"PTAR de Villas de Nuestra Se\u00f1ora de la Asunci\u00f3n, Aguascalientes.\u00a0L\u2019aigua regenerada es produeix\u00a0gr\u00e0cies als pous i piez\u00f2metres d'Arema.","robots":{"index":"index","follow":"follow","max-snippet":"max-snippet:-1","max-image-preview":"max-image-preview:large","max-video-preview":"max-video-preview:-1"},"canonical":"https:\/\/arema.com\/en\/aguascalientes\/","og_locale":"en_US","og_type":"article","og_title":"PTAR d'Arema a AGUASCALIENTES - pous i piez\u00f2metres - Arema","og_description":"PTAR de Villas de Nuestra Se\u00f1ora de la Asunci\u00f3n, Aguascalientes.\u00a0L\u2019aigua regenerada es produeix\u00a0gr\u00e0cies als pous i piez\u00f2metres d'Arema.","og_url":"https:\/\/arema.com\/en\/aguascalientes\/","og_site_name":"Arema","article_modified_time":"2020-12-03T09:24:24+00:00","og_image":[{"width":1024,"height":768,"url":"https:\/\/arema.com\/wp-content\/uploads\/2020\/10\/20161106_093102-1024x768.jpg","type":"image\/jpeg"}],"twitter_card":"summary_large_image","twitter_misc":{"Est. reading time":"3 minutes"},"schema":{"@context":"https:\/\/schema.org","@graph":[{"@type":"WebPage","@id":"https:\/\/arema.com\/en\/aguascalientes\/","url":"https:\/\/arema.com\/en\/aguascalientes\/","name":"PTAR d'Arema a AGUASCALIENTES - pous i piez\u00f2metres - Arema","isPartOf":{"@id":"https:\/\/arema.com\/en\/#website"},"primaryImageOfPage":{"@id":"https:\/\/arema.com\/en\/aguascalientes\/#primaryimage"},"image":{"@id":"https:\/\/arema.com\/en\/aguascalientes\/#primaryimage"},"thumbnailUrl":"https:\/\/arema.com\/wp-content\/uploads\/2020\/10\/20161106_093102.jpg","datePublished":"2020-11-12T12:16:41+00:00","dateModified":"2020-12-03T09:24:24+00:00","description":"PTAR de Villas de Nuestra Se\u00f1ora de la Asunci\u00f3n, Aguascalientes.\u00a0L\u2019aigua regenerada es produeix\u00a0gr\u00e0cies als pous i piez\u00f2metres d'Arema.","breadcrumb":{"@id":"https:\/\/arema.com\/en\/aguascalientes\/#breadcrumb"},"inLanguage":"en-US","potentialAction":[{"@type":"ReadAction","target":["https:\/\/arema.com\/en\/aguascalientes\/"]}]},{"@type":"ImageObject","inLanguage":"en-US","@id":"https:\/\/arema.com\/en\/aguascalientes\/#primaryimage","url":"https:\/\/arema.com\/wp-content\/uploads\/2020\/10\/20161106_093102.jpg","contentUrl":"https:\/\/arema.com\/wp-content\/uploads\/2020\/10\/20161106_093102.jpg","width":1969,"height":1476},{"@type":"BreadcrumbList","@id":"https:\/\/arema.com\/en\/aguascalientes\/#breadcrumb","itemListElement":[{"@type":"ListItem","position":1,"name":"Inici","item":"https:\/\/arema.com\/en\/"},{"@type":"ListItem","position":2,"name":"AGUASCALIENTES"}]},{"@type":"WebSite","@id":"https:\/\/arema.com\/en\/#website","url":"https:\/\/arema.com\/en\/","name":"Arema","description":"Agua, residuos y medio ambiente","potentialAction":[{"@type":"SearchAction","target":{"@type":"EntryPoint","urlTemplate":"https:\/\/arema.com\/en\/?s={search_term_string}"},"query-input":{"@type":"PropertyValueSpecification","valueRequired":true,"valueName":"search_term_string"}}],"inLanguage":"en-US"}]}},"_links":{"self":[{"href":"https:\/\/arema.com\/en\/wp-json\/wp\/v2\/pages\/1959","targetHints":{"allow":["GET"]}}],"collection":[{"href":"https:\/\/arema.com\/en\/wp-json\/wp\/v2\/pages"}],"about":[{"href":"https:\/\/arema.com\/en\/wp-json\/wp\/v2\/types\/page"}],"author":[{"embeddable":true,"href":"https:\/\/arema.com\/en\/wp-json\/wp\/v2\/users\/1"}],"replies":[{"embeddable":true,"href":"https:\/\/arema.com\/en\/wp-json\/wp\/v2\/comments?post=1959"}],"version-history":[{"count":1,"href":"https:\/\/arema.com\/en\/wp-json\/wp\/v2\/pages\/1959\/revisions"}],"predecessor-version":[{"id":1960,"href":"https:\/\/arema.com\/en\/wp-json\/wp\/v2\/pages\/1959\/revisions\/1960"}],"wp:featuredmedia":[{"embeddable":true,"href":"https:\/\/arema.com\/en\/wp-json\/wp\/v2\/media\/1479"}],"wp:attachment":[{"href":"https:\/\/arema.com\/en\/wp-json\/wp\/v2\/media?parent=1959"}],"curies":[{"name":"wp","href":"https:\/\/api.w.org\/{rel}","templated":true}]}}