{"id":9031,"date":"2022-01-26T12:40:06","date_gmt":"2022-01-26T11:40:06","guid":{"rendered":"https:\/\/arema.com\/9031-2\/"},"modified":"2022-02-15T12:49:25","modified_gmt":"2022-02-15T11:49:25","slug":"9031-2","status":"publish","type":"page","link":"https:\/\/arema.com\/ca\/9031-2\/","title":{"rendered":""},"content":{"rendered":"\n<div class=\"wp-block-cover\" style=\"min-height:843px;aspect-ratio:unset;\"><span aria-hidden=\"true\" class=\"wp-block-cover__gradient-background has-background-dim\"><\/span><img loading=\"lazy\" decoding=\"async\" width=\"1024\" height=\"371\" class=\"wp-block-cover__image-background wp-image-8988\" alt=\"\" src=\"https:\/\/arema.com\/wp-content\/uploads\/2022\/01\/startup-g342779d6d_1920-1024x371.png\" data-object-fit=\"cover\" srcset=\"https:\/\/arema.com\/wp-content\/uploads\/2022\/01\/startup-g342779d6d_1920-1024x371.png 1024w, https:\/\/arema.com\/wp-content\/uploads\/2022\/01\/startup-g342779d6d_1920-300x109.png 300w, https:\/\/arema.com\/wp-content\/uploads\/2022\/01\/startup-g342779d6d_1920-768x278.png 768w, https:\/\/arema.com\/wp-content\/uploads\/2022\/01\/startup-g342779d6d_1920-1536x557.png 1536w, https:\/\/arema.com\/wp-content\/uploads\/2022\/01\/startup-g342779d6d_1920-700x254.png 700w, https:\/\/arema.com\/wp-content\/uploads\/2022\/01\/startup-g342779d6d_1920.png 1920w\" sizes=\"auto, (max-width: 1024px) 100vw, 1024px\" \/><div class=\"wp-block-cover__inner-container is-layout-flow wp-block-cover-is-layout-flow\">\n<h2 class=\"has-text-align-center wp-block-heading\" id=\"qualitat\"><strong> -QUALITAT<\/strong>&#8211;<\/h2>\n\n\n\n<div style=\"height:45px\" aria-hidden=\"true\" class=\"wp-block-spacer\"><\/div>\n\n\n\n<p class=\"has-text-align-center has-white-color has-text-color\">De la mateixa manera que disposa Construccions Rubau, Arema com a empresa del grup, durant el 2022 s&#8217;implanta un sistema de qualitat total, d&#8217;acord amb el model europeu EFQM (Fundaci\u00f3 Europea per a la Gesti\u00f3 de la Qualitat), que ha permet implantar sistemes de millora cont\u00ednua en l&#8217;organitzaci\u00f3 i estructurar els processos amb demostrada efic\u00e0cia i efici\u00e8ncia.<\/p>\n\n\n\n<div style=\"height:30px\" aria-hidden=\"true\" class=\"wp-block-spacer\"><\/div>\n\n\n\n<p class=\"has-text-align-center has-white-color has-text-color\">Gr\u00e0cies a l&#8217;important comprom\u00eds de RUBAU, i ara se suma el comprom\u00eds per part de Arema com a empresa del seu grup. amb la qualitat, es defineix com a objectiu arribar a certificar el sistema implantat amb la norma ISO 9001.<\/p>\n\n\n\n<div style=\"height:11px\" aria-hidden=\"true\" class=\"wp-block-spacer\"><\/div>\n\n\n\n<div style=\"height:41px\" aria-hidden=\"true\" class=\"wp-block-spacer\"><\/div>\n\n\n\n<p><\/p>\n\n\n\n<p class=\"has-text-align-center has-white-color has-text-color has-medium-font-size\"><strong><span style=\"text-decoration: underline;\">POL\u00cdTICA DE QUALITAT<\/span><\/strong><\/p>\n\n\n\n<div style=\"height:34px\" aria-hidden=\"true\" class=\"wp-block-spacer\"><\/div>\n\n\n\n<ul class=\"has-white-color has-text-color wp-block-list\"><li>Assegurar als clients que l&#8217;empresa disposa de sistemes i organitzaci\u00f3 que permetin aconseguir el nivell de qualitat exigit a trav\u00e9s d&#8217;un enfocament basat en els processos per a mantenir el seu comprom\u00eds amb la millora cont\u00ednua i el compliment dels requisits legals.<\/li><\/ul>\n\n\n\n<p><\/p>\n\n\n\n<ul class=\"has-white-color has-text-color wp-block-list\"><li>Aconseguir que la qualitat sigui la base de la imatge de marca de l&#8217;empresa en les obres, condici\u00f3 indispensable per al seu desenvolupament i per a la consecuci\u00f3 dels seus objectius.<\/li><\/ul>\n\n\n\n<p><\/p>\n\n\n\n<ul class=\"has-white-color has-text-color wp-block-list\"><li>Garantir a tot el personal el nivell de formaci\u00f3 necessari per al desenvolupament de les seves activitats.<\/li><\/ul>\n\n\n\n<p><\/p>\n\n\n\n<ul class=\"has-white-color has-text-color wp-block-list\"><li>Obtenir un alt grau de satisfacci\u00f3 del client integrant la consecuci\u00f3 dels seus requisits i l&#8217;an\u00e0lisi de les necessitats i expectatives de les parts interessades.<\/li><\/ul>\n\n\n\n<p><\/p>\n\n\n\n<ul class=\"has-white-color has-text-color wp-block-list\"><li>Implicar, motivar i conscienciar al personal sobre la import\u00e0ncia de la millora cont\u00ednua en l&#8217;acompliment de les activitats i la prestaci\u00f3 de serveis.<\/li><\/ul>\n\n\n\n<p><\/p>\n\n\n\n<ul class=\"has-white-color has-text-color wp-block-list\"><li>Disposar dels mitjans humans i materials necessaris per al desenvolupament d&#8217;aquesta pol\u00edtica de qualitat i la consecuci\u00f3 dels objectius definits.<\/li><\/ul>\n<\/div><\/div>\n\n\n\n<div style=\"height:100px\" aria-hidden=\"true\" class=\"wp-block-spacer\"><\/div>\n\n\n\n<div class=\"wp-block-cover is-light wp-duotone-333-ccc-1\" style=\"min-height:100vh;aspect-ratio:unset;\"><span aria-hidden=\"true\" class=\"has-cyan-bluish-gray-background-color has-background-dim-40 wp-block-cover__gradient-background has-background-dim\"><\/span><img loading=\"lazy\" decoding=\"async\" width=\"2560\" height=\"1440\" class=\"wp-block-cover__image-background wp-image-9016\" alt=\"\" src=\"https:\/\/arema.com\/wp-content\/uploads\/2022\/01\/Nuevo-proyecto-18.jpg\" data-object-fit=\"cover\" srcset=\"https:\/\/arema.com\/wp-content\/uploads\/2022\/01\/Nuevo-proyecto-18.jpg 2560w, https:\/\/arema.com\/wp-content\/uploads\/2022\/01\/Nuevo-proyecto-18-300x169.jpg 300w, https:\/\/arema.com\/wp-content\/uploads\/2022\/01\/Nuevo-proyecto-18-1024x576.jpg 1024w, https:\/\/arema.com\/wp-content\/uploads\/2022\/01\/Nuevo-proyecto-18-768x432.jpg 768w, https:\/\/arema.com\/wp-content\/uploads\/2022\/01\/Nuevo-proyecto-18-1536x864.jpg 1536w, https:\/\/arema.com\/wp-content\/uploads\/2022\/01\/Nuevo-proyecto-18-2048x1152.jpg 2048w, https:\/\/arema.com\/wp-content\/uploads\/2022\/01\/Nuevo-proyecto-18-700x394.jpg 700w, https:\/\/arema.com\/wp-content\/uploads\/2022\/01\/Nuevo-proyecto-18-539x303.jpg 539w\" sizes=\"auto, (max-width: 2560px) 100vw, 2560px\" \/><div class=\"wp-block-cover__inner-container is-layout-flow wp-block-cover-is-layout-flow\">\n<div style=\"height:24px\" aria-hidden=\"true\" class=\"wp-block-spacer\"><\/div>\n\n\n\n<h2 class=\"has-text-align-center wp-block-heading\" id=\"prevencio-de-riscos-laborals\">&#8211;<strong>PREVENCI\u00d3 DE RISCOS LABORALS<\/strong>&#8211;<\/h2>\n\n\n\n<div style=\"height:34px\" aria-hidden=\"true\" class=\"wp-block-spacer\"><\/div>\n\n\n\n<p class=\"has-text-align-center\">En aquest sentit, RUBAU va ser una de les primeres empreses d&#8217;Espanya a apostar per la gesti\u00f3 de la prevenci\u00f3 i, ja des de l&#8217;any 1996, compta amb un sistema de gesti\u00f3 de prevenci\u00f3 de riscos laborals perfectament integrat en la gesti\u00f3 general de l&#8217;empresa, actualment certificat amb la norma ISO 45001.<\/p>\n\n\n\n<p class=\"has-text-align-center\">eguint la mateixa pol\u00edtica, Arema com a empresa del grup, es compromet a la implantaci\u00f3 del SGI i la seva certificaci\u00f3 amb la norma ISO 45001 amb el compliment de les pol\u00edtiques establertes per a ella.<\/p>\n\n\n\n<div style=\"height:34px\" aria-hidden=\"true\" class=\"wp-block-spacer\"><\/div>\n\n\n\n<p class=\"has-text-align-center has-medium-font-size\"><strong><span style=\"text-decoration: underline;\">POL\u00cdTICA DE PRL<\/span><\/strong><\/p>\n\n\n\n<div style=\"height:34px\" aria-hidden=\"true\" class=\"wp-block-spacer\"><\/div>\n\n\n\n<ul class=\"wp-block-list\"><li>Aconseguir un nivell \u00f2ptim de seguretat i salut en els centres de treball, complint amb la legislaci\u00f3 vigent i altres requisits subscrits en aquest camp, assumint el seu acompliment i el comprom\u00eds de prevenci\u00f3 de les lesions i la deterioraci\u00f3 de la salut, aix\u00ed com l&#8217;eliminaci\u00f3 de perills i la reducci\u00f3 dels riscos, en el marc de la millora cont\u00ednua en l&#8217;acci\u00f3 preventiva.<\/li><li>Fomentar la consulta, formaci\u00f3, informaci\u00f3 i participaci\u00f3 de tots els treballadors en mat\u00e8ria de prevenci\u00f3 de riscos laborals inclosos els subcontractistes.<\/li><li>Aconseguir un alt grau de satisfacci\u00f3 dels treballadors en el que fa refer\u00e8ncia a les seves condicions de treball.<\/li><li>Aconseguir un alt grau de satisfacci\u00f3 del client en el que fa refer\u00e8ncia al tractament de la nostra empresa de la prevenci\u00f3 de riscos laborals en els centres de treball.<\/li><\/ul>\n<\/div><\/div>\n\n\n\n<div style=\"height:100px\" aria-hidden=\"true\" class=\"wp-block-spacer\"><\/div>\n\n\n\n<div class=\"wp-block-cover\"><span aria-hidden=\"true\" class=\"has-background-dim-30 wp-block-cover__gradient-background has-background-dim\"><\/span><img loading=\"lazy\" decoding=\"async\" width=\"1024\" height=\"576\" class=\"wp-block-cover__image-background wp-image-9024\" alt=\"\" src=\"https:\/\/arema.com\/wp-content\/uploads\/2022\/01\/environmental-protection-gbf2931941_1280-1024x576.jpg\" data-object-fit=\"cover\" srcset=\"https:\/\/arema.com\/wp-content\/uploads\/2022\/01\/environmental-protection-gbf2931941_1280-1024x576.jpg 1024w, https:\/\/arema.com\/wp-content\/uploads\/2022\/01\/environmental-protection-gbf2931941_1280-300x169.jpg 300w, https:\/\/arema.com\/wp-content\/uploads\/2022\/01\/environmental-protection-gbf2931941_1280-768x432.jpg 768w, https:\/\/arema.com\/wp-content\/uploads\/2022\/01\/environmental-protection-gbf2931941_1280-700x394.jpg 700w, https:\/\/arema.com\/wp-content\/uploads\/2022\/01\/environmental-protection-gbf2931941_1280-539x303.jpg 539w, https:\/\/arema.com\/wp-content\/uploads\/2022\/01\/environmental-protection-gbf2931941_1280.jpg 1280w\" sizes=\"auto, (max-width: 1024px) 100vw, 1024px\" \/><div class=\"wp-block-cover__inner-container is-layout-flow wp-block-cover-is-layout-flow\">\n<div style=\"height:34px\" aria-hidden=\"true\" class=\"wp-block-spacer\"><\/div>\n\n\n\n<h2 class=\"has-text-align-center wp-block-heading\" id=\"medi-ambient\">&#8211;<strong>MEDI AMBIENT<\/strong>&#8211;<\/h2>\n\n\n\n<div style=\"height:34px\" aria-hidden=\"true\" class=\"wp-block-spacer\"><\/div>\n\n\n\n<p class=\"has-text-align-center\">AREMA mant\u00e9 un ferm comprom\u00eds amb el respecte i la conservaci\u00f3 del medi ambient, fet que li permet desenvolupar projectes summament innovadors. El seu objectiu en aquest \u00e0mbit se centra en l&#8217;acompliment continu de la companyia per millorar el medi ambient, mitjan\u00e7ant la implantaci\u00f3 i la certificaci\u00f3 de la norma ISO 14001.<\/p>\n\n\n\n<div style=\"height:34px\" aria-hidden=\"true\" class=\"wp-block-spacer\"><\/div>\n\n\n\n<p class=\"has-text-align-center has-large-font-size\"><strong><span style=\"text-decoration: underline;\">POL\u00cdTICA DE MA<\/span><\/strong><\/p>\n\n\n\n<div style=\"height:34px\" aria-hidden=\"true\" class=\"wp-block-spacer\"><\/div>\n\n\n\n<ul class=\"wp-block-list\"><li>Assegurar la protecci\u00f3 del medi ambient, complint amb la legislaci\u00f3 i reglamentaci\u00f3 mediambiental, altres requisits i compromisos subscrits i la prevenci\u00f3 de la contaminaci\u00f3<\/li><li>Implantar els principis de la millora cont\u00ednua a les activitats mediambientals.<\/li><li>Aconseguir un alt grau de satisfacci\u00f3 del client en el que fa refer\u00e8ncia al tractament de la nostra empresa al medi ambient en els centres de treball.<\/li><li>Assegurar una integraci\u00f3 real de la gesti\u00f3 mediambiental en totes les \u00e0rees i activitats de l&#8217;empresa, i establir compromisos ferms amb la societat que ens envolta.<\/li><li>Promoure la participaci\u00f3 activa i el sentit de la responsabilitat de tots els nostres empleats en relaci\u00f3 amb la repercussi\u00f3 del seu treball sobre el medi ambient, a trav\u00e9s de la formaci\u00f3 i informaci\u00f3 necess\u00e0ria.<\/li><\/ul>\n\n\n\n<div style=\"height:100px\" aria-hidden=\"true\" class=\"wp-block-spacer\"><\/div>\n<\/div><\/div>\n\n\n\n<div style=\"height:100px\" aria-hidden=\"true\" class=\"wp-block-spacer\"><\/div>\n\n\n\n<div class=\"wp-block-cover is-light\"><span aria-hidden=\"true\" class=\"wp-block-cover__gradient-background has-background-dim\"><\/span><img loading=\"lazy\" decoding=\"async\" width=\"1707\" height=\"2560\" class=\"wp-block-cover__image-background wp-image-9210\" alt=\"\" src=\"https:\/\/arema.com\/wp-content\/uploads\/2022\/02\/krakenimages-Y5bvRlcCx8k-unsplash-scaled.jpg\" data-object-fit=\"cover\" srcset=\"https:\/\/arema.com\/wp-content\/uploads\/2022\/02\/krakenimages-Y5bvRlcCx8k-unsplash-scaled.jpg 1707w, https:\/\/arema.com\/wp-content\/uploads\/2022\/02\/krakenimages-Y5bvRlcCx8k-unsplash-200x300.jpg 200w, https:\/\/arema.com\/wp-content\/uploads\/2022\/02\/krakenimages-Y5bvRlcCx8k-unsplash-683x1024.jpg 683w, https:\/\/arema.com\/wp-content\/uploads\/2022\/02\/krakenimages-Y5bvRlcCx8k-unsplash-768x1152.jpg 768w, https:\/\/arema.com\/wp-content\/uploads\/2022\/02\/krakenimages-Y5bvRlcCx8k-unsplash-1024x1536.jpg 1024w, https:\/\/arema.com\/wp-content\/uploads\/2022\/02\/krakenimages-Y5bvRlcCx8k-unsplash-1365x2048.jpg 1365w, https:\/\/arema.com\/wp-content\/uploads\/2022\/02\/krakenimages-Y5bvRlcCx8k-unsplash-700x1050.jpg 700w\" sizes=\"auto, (max-width: 1707px) 100vw, 1707px\" \/><div class=\"wp-block-cover__inner-container is-layout-flow wp-block-cover-is-layout-flow\">\n<div style=\"height:54px\" aria-hidden=\"true\" class=\"wp-block-spacer\"><\/div>\n\n\n\n<h2 class=\"has-text-align-center has-white-color has-text-color wp-block-heading\" id=\"codi-etic-y-politica-de-compliment\">&#8211;<strong>&nbsp;CODI \u00c8TIC Y POL\u00cdTICA DE COMPLIMENT&nbsp;<\/strong>&#8211;<\/h2>\n\n\n\n<div style=\"height:54px\" aria-hidden=\"true\" class=\"wp-block-spacer\"><\/div>\n\n\n\n<p class=\"has-text-align-center has-white-color has-text-color\">Els valors i principis \u00e8tics internacionalment reconeguts a la Declaraci\u00f3 Universal de Drets Humans, aix\u00ed com l\u2019estricte compliment de la legalitat vigent, constitueixen la base del Codi \u00c8tic de RUBAU, al qual s&#8217;ha adherit AREMA per ser empresa del Grup.&nbsp;Aquest Codi \u00c8tic t\u00e9 en compte el principi de responsabilitat penal de les persones jur\u00eddiques recollit en l&#8217;ordenament jur\u00eddic espanyol i preveu i proscriu l\u2019exist\u00e8ncia de comportaments per part dels representants legals, administradors, empleats o qualsevol persona que estigui sotmesa a l&#8217;autoritat del personal d\u2019AREMA que puguin donar lloc a la responsabilitat del mateix.&nbsp;Es tracta de la norma fonamental que ha de regir el comportament dels empleats de la companyia, en el desenvolupament de la seva activitat professional, aix\u00ed com en les relacions que mantinguin amb tercers.&nbsp;Els principis generals i els valors continguts en el Codi \u00c8tic podran ser ampliats per pol\u00edtiques i procediments espec\u00edfics de cadascuna de les mat\u00e8ries.<\/p>\n\n\n\n<div class=\"wp-block-columns is-layout-flex wp-container-core-columns-is-layout-9d6595d7 wp-block-columns-is-layout-flex\">\n<div class=\"wp-block-column is-layout-flow wp-block-column-is-layout-flow\">\n<div style=\"height:10px\" aria-hidden=\"true\" class=\"wp-block-spacer\"><\/div>\n\n\n\n<p class=\"has-text-align-center has-white-color has-text-color\">La corrupci\u00f3 i el frau frenen el desenvolupament econ\u00f2mic, i van en detriment de la just\u00edcia social i de l\u2019Estat de Dret, causant greus perjudicis a l&#8217;economia i a la societat, i en molts casos faciliten les operacions de la delinq\u00fc\u00e8ncia organitzada. RUBAU, erigida com a referent per els seus ferms compromisos amb els principis \u00e8tics, assumeix la responsabilitat de participar activament en el desafiament que constitueix la prevenci\u00f3 i la lluita contra la corrupci\u00f3 i el frau en tots els seus \u00e0mbits d\u2019activitat. La Pol\u00edtica per a la prevenci\u00f3 de delictes i contra la corrupci\u00f3 i el frau, a la qual s\u2019ha adherit AREMA per ser empresa del Grup, t\u00e9 la finalitat de projectar a tots els directius i empleats d\u2019AREMA, aix\u00ed com a tercers que es relacionin amb la companyia, un missatge de rotunda oposici\u00f3 a la comissi\u00f3 de qualsevol acte il\u00b7l\u00edcit penal. Aquesta pol\u00edtica acredita el comprom\u00eds d\u2019AREMA amb la vigil\u00e0ncia permanent i la sanci\u00f3 dels actes i conductes fraudulents, de manteniment de mecanismes efectius de comunicaci\u00f3 i conscienciaci\u00f3 de tots els empleats i de desenvolupament d\u2019una cultura empresarial d\u2019\u00e8tica i honestedat, i envia un missatge rotund d\u2019oposici\u00f3 a la corrupci\u00f3 i el frau en totes les seves manifestacions.<\/p>\n\n\n\n<div style=\"height:54px\" aria-hidden=\"true\" class=\"wp-block-spacer\"><\/div>\n\n\n\n<div style=\"height:54px\" aria-hidden=\"true\" class=\"wp-block-spacer\"><\/div>\n<\/div>\n<\/div>\n\n\n\n<div class=\"wp-block-columns is-layout-flex wp-container-core-columns-is-layout-9d6595d7 wp-block-columns-is-layout-flex\">\n<div class=\"wp-block-column is-layout-flow wp-block-column-is-layout-flow\">\n<div class=\"wp-block-image\"><figure class=\"aligncenter size-medium\"><a href=\"https:\/\/arema.com\/wp-content\/uploads\/2022\/02\/AREMA2.pdf\" target=\"_blank\" rel=\"noopener\"><img loading=\"lazy\" decoding=\"async\" width=\"233\" height=\"300\" src=\"https:\/\/arema.com\/wp-content\/uploads\/2022\/02\/DOC-AREMA-1-233x300.jpg\" alt=\"\" class=\"wp-image-9216\" srcset=\"https:\/\/arema.com\/wp-content\/uploads\/2022\/02\/DOC-AREMA-1-233x300.jpg 233w, https:\/\/arema.com\/wp-content\/uploads\/2022\/02\/DOC-AREMA-1.jpg 695w\" sizes=\"auto, (max-width: 233px) 100vw, 233px\" \/><\/a><\/figure><\/div>\n\n\n\n<p class=\"has-text-align-center has-white-color has-text-color\"><strong><span style=\"text-decoration: underline;\">Consulta el nostre codi \u00e8tic<\/span><\/strong><\/p>\n<\/div>\n\n\n\n<div class=\"wp-block-column is-layout-flow wp-block-column-is-layout-flow\">\n<div class=\"wp-block-image\"><figure class=\"aligncenter size-medium\"><a href=\"https:\/\/arema.com\/wp-content\/uploads\/2022\/02\/AREMA.pdf\" target=\"_blank\" rel=\"noopener\"><img loading=\"lazy\" decoding=\"async\" width=\"233\" height=\"300\" src=\"https:\/\/arema.com\/wp-content\/uploads\/2022\/02\/arema-2-233x300.jpg\" alt=\"\" class=\"wp-image-9219\" srcset=\"https:\/\/arema.com\/wp-content\/uploads\/2022\/02\/arema-2-233x300.jpg 233w, https:\/\/arema.com\/wp-content\/uploads\/2022\/02\/arema-2.jpg 695w\" sizes=\"auto, (max-width: 233px) 100vw, 233px\" \/><\/a><\/figure><\/div>\n\n\n\n<p class=\"has-text-align-center has-white-color has-text-color\"><strong><span style=\"text-decoration: underline;\">Consulta la nostra Pol\u00edtica de compliment per a la prevenci\u00f3 de delictes i contra la corrupci\u00f3 i el frau:<\/span><\/strong><\/p>\n<\/div>\n<\/div>\n\n\n\n<div style=\"height:100px\" aria-hidden=\"true\" class=\"wp-block-spacer\"><\/div>\n<\/div><\/div>\n\n\n\n<h2 class=\"wp-block-heading\"><\/h2>\n\n\n\n<p><\/p>\n","protected":false},"excerpt":{"rendered":"-QUALITAT- De la mateixa manera que disposa Construccions Rubau, Arema com a empresa del grup, durant el 2022 s'implanta un sistema de qualitat total, d'acord amb el model europeu EFQM (Fundaci\u00f3 Europea per a la Gesti\u00f3 de la Qualitat), que ha permet implantar sistemes de...","protected":false},"author":2,"featured_media":0,"parent":0,"menu_order":0,"comment_status":"closed","ping_status":"closed","template":"full_width.php","meta":{"footnotes":""},"class_list":["post-9031","page","type-page","status-publish","hentry"],"yoast_head":"<!-- This site is optimized with the Yoast SEO plugin v27.2 - https:\/\/yoast.com\/product\/yoast-seo-wordpress\/ -->\n<title>- Arema<\/title>\n<meta name=\"robots\" content=\"index, follow, max-snippet:-1, max-image-preview:large, max-video-preview:-1\" \/>\n<link rel=\"canonical\" href=\"http:\/\/arema.com\/ca\/9031-2\/\" \/>\n<meta property=\"og:locale\" content=\"ca_ES\" \/>\n<meta property=\"og:type\" content=\"article\" \/>\n<meta property=\"og:title\" content=\"- Arema\" \/>\n<meta property=\"og:url\" content=\"http:\/\/arema.com\/ca\/9031-2\/\" \/>\n<meta property=\"og:site_name\" content=\"Arema\" \/>\n<meta property=\"article:modified_time\" content=\"2022-02-15T11:49:25+00:00\" \/>\n<meta property=\"og:image\" content=\"https:\/\/arema.com\/wp-content\/uploads\/2022\/01\/startup-g342779d6d_1920-1024x371.png\" \/>\n<meta name=\"twitter:card\" content=\"summary_large_image\" \/>\n<meta name=\"twitter:label1\" content=\"Temps estimat de lectura\" \/>\n\t<meta name=\"twitter:data1\" content=\"7 minuts\" \/>\n<script type=\"application\/ld+json\" class=\"yoast-schema-graph\">{\"@context\":\"https:\/\/schema.org\",\"@graph\":[{\"@type\":\"WebPage\",\"@id\":\"http:\/\/arema.com\/ca\/9031-2\/\",\"url\":\"http:\/\/arema.com\/ca\/9031-2\/\",\"name\":\"- Arema\",\"isPartOf\":{\"@id\":\"https:\/\/arema.com\/en\/#website\"},\"primaryImageOfPage\":{\"@id\":\"http:\/\/arema.com\/ca\/9031-2\/#primaryimage\"},\"image\":{\"@id\":\"http:\/\/arema.com\/ca\/9031-2\/#primaryimage\"},\"thumbnailUrl\":\"https:\/\/arema.com\/wp-content\/uploads\/2022\/01\/startup-g342779d6d_1920-1024x371.png\",\"datePublished\":\"2022-01-26T11:40:06+00:00\",\"dateModified\":\"2022-02-15T11:49:25+00:00\",\"inLanguage\":\"ca\",\"potentialAction\":[{\"@type\":\"ReadAction\",\"target\":[\"http:\/\/arema.com\/ca\/9031-2\/\"]}]},{\"@type\":\"ImageObject\",\"inLanguage\":\"ca\",\"@id\":\"http:\/\/arema.com\/ca\/9031-2\/#primaryimage\",\"url\":\"https:\/\/arema.com\/wp-content\/uploads\/2022\/01\/startup-g342779d6d_1920-1024x371.png\",\"contentUrl\":\"https:\/\/arema.com\/wp-content\/uploads\/2022\/01\/startup-g342779d6d_1920-1024x371.png\"},{\"@type\":\"WebSite\",\"@id\":\"https:\/\/arema.com\/en\/#website\",\"url\":\"https:\/\/arema.com\/en\/\",\"name\":\"Arema\",\"description\":\"Agua, residuos y medio ambiente\",\"potentialAction\":[{\"@type\":\"SearchAction\",\"target\":{\"@type\":\"EntryPoint\",\"urlTemplate\":\"https:\/\/arema.com\/en\/?s={search_term_string}\"},\"query-input\":{\"@type\":\"PropertyValueSpecification\",\"valueRequired\":true,\"valueName\":\"search_term_string\"}}],\"inLanguage\":\"ca\"}]}<\/script>\n<!-- \/ Yoast SEO plugin. -->","yoast_head_json":{"title":"- Arema","robots":{"index":"index","follow":"follow","max-snippet":"max-snippet:-1","max-image-preview":"max-image-preview:large","max-video-preview":"max-video-preview:-1"},"canonical":"http:\/\/arema.com\/ca\/9031-2\/","og_locale":"ca_ES","og_type":"article","og_title":"- Arema","og_url":"http:\/\/arema.com\/ca\/9031-2\/","og_site_name":"Arema","article_modified_time":"2022-02-15T11:49:25+00:00","og_image":[{"url":"https:\/\/arema.com\/wp-content\/uploads\/2022\/01\/startup-g342779d6d_1920-1024x371.png","type":"","width":"","height":""}],"twitter_card":"summary_large_image","twitter_misc":{"Temps estimat de lectura":"7 minuts"},"schema":{"@context":"https:\/\/schema.org","@graph":[{"@type":"WebPage","@id":"http:\/\/arema.com\/ca\/9031-2\/","url":"http:\/\/arema.com\/ca\/9031-2\/","name":"- Arema","isPartOf":{"@id":"https:\/\/arema.com\/en\/#website"},"primaryImageOfPage":{"@id":"http:\/\/arema.com\/ca\/9031-2\/#primaryimage"},"image":{"@id":"http:\/\/arema.com\/ca\/9031-2\/#primaryimage"},"thumbnailUrl":"https:\/\/arema.com\/wp-content\/uploads\/2022\/01\/startup-g342779d6d_1920-1024x371.png","datePublished":"2022-01-26T11:40:06+00:00","dateModified":"2022-02-15T11:49:25+00:00","inLanguage":"ca","potentialAction":[{"@type":"ReadAction","target":["http:\/\/arema.com\/ca\/9031-2\/"]}]},{"@type":"ImageObject","inLanguage":"ca","@id":"http:\/\/arema.com\/ca\/9031-2\/#primaryimage","url":"https:\/\/arema.com\/wp-content\/uploads\/2022\/01\/startup-g342779d6d_1920-1024x371.png","contentUrl":"https:\/\/arema.com\/wp-content\/uploads\/2022\/01\/startup-g342779d6d_1920-1024x371.png"},{"@type":"WebSite","@id":"https:\/\/arema.com\/en\/#website","url":"https:\/\/arema.com\/en\/","name":"Arema","description":"Agua, residuos y medio ambiente","potentialAction":[{"@type":"SearchAction","target":{"@type":"EntryPoint","urlTemplate":"https:\/\/arema.com\/en\/?s={search_term_string}"},"query-input":{"@type":"PropertyValueSpecification","valueRequired":true,"valueName":"search_term_string"}}],"inLanguage":"ca"}]}},"_links":{"self":[{"href":"https:\/\/arema.com\/ca\/wp-json\/wp\/v2\/pages\/9031","targetHints":{"allow":["GET"]}}],"collection":[{"href":"https:\/\/arema.com\/ca\/wp-json\/wp\/v2\/pages"}],"about":[{"href":"https:\/\/arema.com\/ca\/wp-json\/wp\/v2\/types\/page"}],"author":[{"embeddable":true,"href":"https:\/\/arema.com\/ca\/wp-json\/wp\/v2\/users\/2"}],"replies":[{"embeddable":true,"href":"https:\/\/arema.com\/ca\/wp-json\/wp\/v2\/comments?post=9031"}],"version-history":[{"count":26,"href":"https:\/\/arema.com\/ca\/wp-json\/wp\/v2\/pages\/9031\/revisions"}],"predecessor-version":[{"id":9325,"href":"https:\/\/arema.com\/ca\/wp-json\/wp\/v2\/pages\/9031\/revisions\/9325"}],"wp:attachment":[{"href":"https:\/\/arema.com\/ca\/wp-json\/wp\/v2\/media?parent=9031"}],"curies":[{"name":"wp","href":"https:\/\/api.w.org\/{rel}","templated":true}]}}