{"id":774,"date":"2020-11-10T15:15:24","date_gmt":"2020-11-10T14:15:24","guid":{"rendered":"http:\/\/arema.com\/?page_id=774"},"modified":"2020-11-20T09:12:51","modified_gmt":"2020-11-20T08:12:51","slug":"plantes-compactes-de-potabilitzacio","status":"publish","type":"page","link":"https:\/\/arema.com\/ca\/plantes-compactes-de-potabilitzacio\/","title":{"rendered":"PLANTES COMPACTES DE POTABILITZACI\u00d3"},"content":{"rendered":"<p>[vc_row css_animation=&#8221;&#8221; row_type=&#8221;row&#8221; use_row_as_full_screen_section=&#8221;no&#8221; type=&#8221;grid&#8221; angled_section=&#8221;no&#8221; text_align=&#8221;left&#8221; background_image_as_pattern=&#8221;without_pattern&#8221; z_index=&#8221;&#8221; css=&#8221;.vc_custom_1605859872926{background-image: url(https:\/\/arema.com\/wp-content\/uploads\/2020\/11\/PLANTES-COMPACTES-DE-POTABILITZACIO\u0301.jpg?id=775) !important;}&#8221;][vc_column width=&#8221;1\/6&#8243;][\/vc_column][vc_column width=&#8221;2\/3&#8243;][vc_empty_space height=&#8221;80px&#8221;][qode_elements_holder number_of_columns=&#8221;one_column&#8221;][qode_elements_holder_item advanced_animations=&#8221;no&#8221; background_color=&#8221;rgba(255,255,255,0.82)&#8221; item_padding=&#8221;20px 20px 20px 20px&#8221;][vc_column_text]<\/p>\n<div class=\"region region-content\">\n<section id=\"block-system-main\" class=\"block block-system clearfix\">\n<div class=\"ds-1col node node-solucions view-mode-full clearfix\">\n<div class=\"field field-name-body field-type-text-with-summary field-label-hidden\">\n<div class=\"field-items\">\n<div class=\"field-item even\">\n<h3 style=\"text-align: center;\">Les plantes compactes de potabilitzaci\u00f3 tenen una capacitat de tractament des de 1.600 fins a 20.000 habitants equivalents. Permeten la configuraci\u00f3 de diversos m\u00f2duls de proc\u00e9s d\u2019acord amb les caracter\u00edstiques de l\u2019aigua a tractar i del volum d\u2019aigua requerit.<\/h3>\n<\/div>\n<\/div>\n<\/div>\n<\/div>\n<\/section>\n<\/div>\n<p>[\/vc_column_text][vc_empty_space height=&#8221;50px&#8221;][vc_empty_space height=&#8221;30px&#8221;][vc_column_text]<\/p>\n<div class=\"region region-content\">\n<section id=\"block-system-main\" class=\"block block-system clearfix\">\n<div class=\"ds-1col node node-solucions view-mode-full clearfix\">\n<div class=\"field field-name-body field-type-text-with-summary field-label-hidden\">\n<div class=\"field-items\">\n<div class=\"field-item even\">\n<p style=\"text-align: center;\"><span style=\"color: #000000;\">Es tracta d\u2019una soluci\u00f3 t\u00e8cnica de potabilitzaci\u00f3 molt eficient i de baix cost, tant pel que fa la instal\u00b7laci\u00f3 com l\u2019operaci\u00f3, que respon als <a href=\"https:\/\/www.who.int\/water_sanitation_health\/dwq\/es\/\">requeriments recomanats per la Organitzaci\u00f3 Mundial de la Salut (OMS)<\/a> per a l\u2019aigua potable.<\/span><\/p>\n<\/div>\n<\/div>\n<\/div>\n<\/div>\n<\/section>\n<\/div>\n<p>[\/vc_column_text][vc_empty_space height=&#8221;80px&#8221;][\/qode_elements_holder_item][\/qode_elements_holder][vc_empty_space height=&#8221;80px&#8221;][\/vc_column][vc_column width=&#8221;1\/6&#8243;][\/vc_column][\/vc_row][vc_row css_animation=&#8221;&#8221; row_type=&#8221;row&#8221; use_row_as_full_screen_section=&#8221;no&#8221; type=&#8221;grid&#8221; angled_section=&#8221;no&#8221; text_align=&#8221;left&#8221; background_image_as_pattern=&#8221;without_pattern&#8221; z_index=&#8221;&#8221; css=&#8221;.vc_custom_1605002389151{background-color: #ffffff !important;}&#8221;][vc_column width=&#8221;1\/6&#8243;][\/vc_column][vc_column width=&#8221;2\/3&#8243;][vc_empty_space height=&#8221;80px&#8221;][qode_elements_holder number_of_columns=&#8221;one_column&#8221;][qode_elements_holder_item advanced_animations=&#8221;no&#8221; background_color=&#8221;rgba(255,255,255,0.82)&#8221; item_padding=&#8221;20px 20px 20px 20px&#8221;][vc_column_text]<\/p>\n<div class=\"region region-content\">\n<section id=\"block-system-main\" class=\"block block-system clearfix\">\n<div class=\"ds-1col node node-solucions view-mode-full clearfix\">\n<div class=\"field field-name-body field-type-text-with-summary field-label-hidden\">\n<div class=\"field-items\">\n<div class=\"field-item even\">\n<h4 style=\"text-align: center;\"><img decoding=\"async\" class=\"alignnone\" src=\"https:\/\/www.rubau.com\/wp-content\/themes\/rubau\/img\/filet-blanc.png\" \/> CARACTER\u00cdSTIQUES <img decoding=\"async\" class=\"alignnone\" src=\"https:\/\/www.rubau.com\/wp-content\/themes\/rubau\/img\/filet-blanc.png\" \/><\/h4>\n<\/div>\n<\/div>\n<\/div>\n<\/div>\n<\/section>\n<\/div>\n<p>[\/vc_column_text][vc_empty_space height=&#8221;30px&#8221;][vc_column_text]<\/p>\n<ul>\n<li>Requeriment m\u00ednim d\u2019 obra civil i amb pocs dies es pot disposar d\u2019aigua potable amb total garantia.<\/li>\n<li>Connexi\u00f3 \u201cin situ\u201d dels serveis d\u2019entrada i sortida.<\/li>\n<li>Totalment automatitzada amb elements de control simples i fiables.<\/li>\n<li>Equips fabricats amb material anticorrosiu i de gran resist\u00e8ncia.<\/li>\n<\/ul>\n<p>[\/vc_column_text][vc_empty_space height=&#8221;30px&#8221;][\/qode_elements_holder_item][\/qode_elements_holder][\/vc_column][vc_column width=&#8221;1\/6&#8243;][\/vc_column][\/vc_row]<\/p>\n","protected":false},"excerpt":{"rendered":"<p>[vc_row css_animation=&#8221;&#8221; row_type=&#8221;row&#8221; use_row_as_full_screen_section=&#8221;no&#8221; type=&#8221;grid&#8221; angled_section=&#8221;no&#8221; text_align=&#8221;left&#8221; background_image_as_pattern=&#8221;without_pattern&#8221; z_index=&#8221;&#8221; css=&#8221;.vc_custom_1605859872926{background-image: url(https:\/\/arema.com\/wp-content\/uploads\/2020\/11\/PLANTES-COMPACTES-DE-POTABILITZACIO\u0301.jpg?id=775) !important;}&#8221;][vc_column width=&#8221;1\/6&#8243;][\/vc_column][vc_column width=&#8221;2\/3&#8243;][vc_empty_space height=&#8221;80px&#8221;][qode_elements_holder number_of_columns=&#8221;one_column&#8221;][qode_elements_holder_item advanced_animations=&#8221;no&#8221; background_color=&#8221;rgba(255,255,255,0.82)&#8221; item_padding=&#8221;20px 20px 20px 20px&#8221;][vc_column_text] Les plantes compactes de potabilitzaci\u00f3 tenen una capacitat de tractament des de 1.600 fins a 20.000 habitants equivalents. Permeten la configuraci\u00f3 de diversos&#8230;<\/p>\n","protected":false},"author":1,"featured_media":0,"parent":0,"menu_order":0,"comment_status":"closed","ping_status":"closed","template":"full_width.php","meta":{"footnotes":""},"class_list":["post-774","page","type-page","status-publish","hentry"],"yoast_head":"<!-- This site is optimized with the Yoast SEO plugin v27.2 - https:\/\/yoast.com\/product\/yoast-seo-wordpress\/ -->\n<title>PLANTES COMPACTES DE POTABILITZACI\u00d3 - Arema<\/title>\n<meta name=\"description\" content=\"Les plantes compactes de potabilitzaci\u00f3 permeten la configuraci\u00f3 de diversos m\u00f2duls de proc\u00e9s segons les caracter\u00edstiques de l\u2019aigua\" \/>\n<meta name=\"robots\" content=\"index, follow, max-snippet:-1, max-image-preview:large, max-video-preview:-1\" \/>\n<link rel=\"canonical\" href=\"https:\/\/arema.com\/ca\/plantes-compactes-de-potabilitzacio\/\" \/>\n<meta property=\"og:locale\" content=\"ca_ES\" \/>\n<meta property=\"og:type\" content=\"article\" \/>\n<meta property=\"og:title\" content=\"PLANTES COMPACTES DE POTABILITZACI\u00d3 - Arema\" \/>\n<meta property=\"og:description\" content=\"Les plantes compactes de potabilitzaci\u00f3 permeten la configuraci\u00f3 de diversos m\u00f2duls de proc\u00e9s segons les caracter\u00edstiques de l\u2019aigua\" \/>\n<meta property=\"og:url\" content=\"https:\/\/arema.com\/ca\/plantes-compactes-de-potabilitzacio\/\" \/>\n<meta property=\"og:site_name\" content=\"Arema\" \/>\n<meta property=\"article:modified_time\" content=\"2020-11-20T08:12:51+00:00\" \/>\n<meta property=\"og:image\" content=\"https:\/\/www.rubau.com\/wp-content\/themes\/rubau\/img\/filet-blanc.png\" \/>\n<meta name=\"twitter:card\" content=\"summary_large_image\" \/>\n<meta name=\"twitter:label1\" content=\"Temps estimat de lectura\" \/>\n\t<meta name=\"twitter:data1\" content=\"2 minuts\" \/>\n<script type=\"application\/ld+json\" class=\"yoast-schema-graph\">{\"@context\":\"https:\/\/schema.org\",\"@graph\":[{\"@type\":\"WebPage\",\"@id\":\"https:\/\/arema.com\/ca\/plantes-compactes-de-potabilitzacio\/\",\"url\":\"https:\/\/arema.com\/ca\/plantes-compactes-de-potabilitzacio\/\",\"name\":\"PLANTES COMPACTES DE POTABILITZACI\u00d3 - Arema\",\"isPartOf\":{\"@id\":\"http:\/\/arema.com\/#website\"},\"primaryImageOfPage\":{\"@id\":\"https:\/\/arema.com\/ca\/plantes-compactes-de-potabilitzacio\/#primaryimage\"},\"image\":{\"@id\":\"https:\/\/arema.com\/ca\/plantes-compactes-de-potabilitzacio\/#primaryimage\"},\"thumbnailUrl\":\"https:\/\/www.rubau.com\/wp-content\/themes\/rubau\/img\/filet-blanc.png\",\"datePublished\":\"2020-11-10T14:15:24+00:00\",\"dateModified\":\"2020-11-20T08:12:51+00:00\",\"description\":\"Les plantes compactes de potabilitzaci\u00f3 permeten la configuraci\u00f3 de diversos m\u00f2duls de proc\u00e9s segons les caracter\u00edstiques de l\u2019aigua\",\"breadcrumb\":{\"@id\":\"https:\/\/arema.com\/ca\/plantes-compactes-de-potabilitzacio\/#breadcrumb\"},\"inLanguage\":\"ca\",\"potentialAction\":[{\"@type\":\"ReadAction\",\"target\":[\"https:\/\/arema.com\/ca\/plantes-compactes-de-potabilitzacio\/\"]}]},{\"@type\":\"ImageObject\",\"inLanguage\":\"ca\",\"@id\":\"https:\/\/arema.com\/ca\/plantes-compactes-de-potabilitzacio\/#primaryimage\",\"url\":\"https:\/\/www.rubau.com\/wp-content\/themes\/rubau\/img\/filet-blanc.png\",\"contentUrl\":\"https:\/\/www.rubau.com\/wp-content\/themes\/rubau\/img\/filet-blanc.png\"},{\"@type\":\"BreadcrumbList\",\"@id\":\"https:\/\/arema.com\/ca\/plantes-compactes-de-potabilitzacio\/#breadcrumb\",\"itemListElement\":[{\"@type\":\"ListItem\",\"position\":1,\"name\":\"Inici\",\"item\":\"http:\/\/arema.com\/ca\/\"},{\"@type\":\"ListItem\",\"position\":2,\"name\":\"PLANTES COMPACTES DE POTABILITZACI\u00d3\"}]},{\"@type\":\"WebSite\",\"@id\":\"http:\/\/arema.com\/#website\",\"url\":\"http:\/\/arema.com\/\",\"name\":\"Arema\",\"description\":\"Agua, residuos y medio ambiente\",\"potentialAction\":[{\"@type\":\"SearchAction\",\"target\":{\"@type\":\"EntryPoint\",\"urlTemplate\":\"http:\/\/arema.com\/?s={search_term_string}\"},\"query-input\":{\"@type\":\"PropertyValueSpecification\",\"valueRequired\":true,\"valueName\":\"search_term_string\"}}],\"inLanguage\":\"ca\"}]}<\/script>\n<!-- \/ Yoast SEO plugin. -->","yoast_head_json":{"title":"PLANTES COMPACTES DE POTABILITZACI\u00d3 - Arema","description":"Les plantes compactes de potabilitzaci\u00f3 permeten la configuraci\u00f3 de diversos m\u00f2duls de proc\u00e9s segons les caracter\u00edstiques de l\u2019aigua","robots":{"index":"index","follow":"follow","max-snippet":"max-snippet:-1","max-image-preview":"max-image-preview:large","max-video-preview":"max-video-preview:-1"},"canonical":"https:\/\/arema.com\/ca\/plantes-compactes-de-potabilitzacio\/","og_locale":"ca_ES","og_type":"article","og_title":"PLANTES COMPACTES DE POTABILITZACI\u00d3 - Arema","og_description":"Les plantes compactes de potabilitzaci\u00f3 permeten la configuraci\u00f3 de diversos m\u00f2duls de proc\u00e9s segons les caracter\u00edstiques de l\u2019aigua","og_url":"https:\/\/arema.com\/ca\/plantes-compactes-de-potabilitzacio\/","og_site_name":"Arema","article_modified_time":"2020-11-20T08:12:51+00:00","og_image":[{"url":"https:\/\/www.rubau.com\/wp-content\/themes\/rubau\/img\/filet-blanc.png","type":"","width":"","height":""}],"twitter_card":"summary_large_image","twitter_misc":{"Temps estimat de lectura":"2 minuts"},"schema":{"@context":"https:\/\/schema.org","@graph":[{"@type":"WebPage","@id":"https:\/\/arema.com\/ca\/plantes-compactes-de-potabilitzacio\/","url":"https:\/\/arema.com\/ca\/plantes-compactes-de-potabilitzacio\/","name":"PLANTES COMPACTES DE POTABILITZACI\u00d3 - Arema","isPartOf":{"@id":"http:\/\/arema.com\/#website"},"primaryImageOfPage":{"@id":"https:\/\/arema.com\/ca\/plantes-compactes-de-potabilitzacio\/#primaryimage"},"image":{"@id":"https:\/\/arema.com\/ca\/plantes-compactes-de-potabilitzacio\/#primaryimage"},"thumbnailUrl":"https:\/\/www.rubau.com\/wp-content\/themes\/rubau\/img\/filet-blanc.png","datePublished":"2020-11-10T14:15:24+00:00","dateModified":"2020-11-20T08:12:51+00:00","description":"Les plantes compactes de potabilitzaci\u00f3 permeten la configuraci\u00f3 de diversos m\u00f2duls de proc\u00e9s segons les caracter\u00edstiques de l\u2019aigua","breadcrumb":{"@id":"https:\/\/arema.com\/ca\/plantes-compactes-de-potabilitzacio\/#breadcrumb"},"inLanguage":"ca","potentialAction":[{"@type":"ReadAction","target":["https:\/\/arema.com\/ca\/plantes-compactes-de-potabilitzacio\/"]}]},{"@type":"ImageObject","inLanguage":"ca","@id":"https:\/\/arema.com\/ca\/plantes-compactes-de-potabilitzacio\/#primaryimage","url":"https:\/\/www.rubau.com\/wp-content\/themes\/rubau\/img\/filet-blanc.png","contentUrl":"https:\/\/www.rubau.com\/wp-content\/themes\/rubau\/img\/filet-blanc.png"},{"@type":"BreadcrumbList","@id":"https:\/\/arema.com\/ca\/plantes-compactes-de-potabilitzacio\/#breadcrumb","itemListElement":[{"@type":"ListItem","position":1,"name":"Inici","item":"http:\/\/arema.com\/ca\/"},{"@type":"ListItem","position":2,"name":"PLANTES COMPACTES DE POTABILITZACI\u00d3"}]},{"@type":"WebSite","@id":"http:\/\/arema.com\/#website","url":"http:\/\/arema.com\/","name":"Arema","description":"Agua, residuos y medio ambiente","potentialAction":[{"@type":"SearchAction","target":{"@type":"EntryPoint","urlTemplate":"http:\/\/arema.com\/?s={search_term_string}"},"query-input":{"@type":"PropertyValueSpecification","valueRequired":true,"valueName":"search_term_string"}}],"inLanguage":"ca"}]}},"_links":{"self":[{"href":"https:\/\/arema.com\/ca\/wp-json\/wp\/v2\/pages\/774","targetHints":{"allow":["GET"]}}],"collection":[{"href":"https:\/\/arema.com\/ca\/wp-json\/wp\/v2\/pages"}],"about":[{"href":"https:\/\/arema.com\/ca\/wp-json\/wp\/v2\/types\/page"}],"author":[{"embeddable":true,"href":"https:\/\/arema.com\/ca\/wp-json\/wp\/v2\/users\/1"}],"replies":[{"embeddable":true,"href":"https:\/\/arema.com\/ca\/wp-json\/wp\/v2\/comments?post=774"}],"version-history":[{"count":5,"href":"https:\/\/arema.com\/ca\/wp-json\/wp\/v2\/pages\/774\/revisions"}],"predecessor-version":[{"id":1665,"href":"https:\/\/arema.com\/ca\/wp-json\/wp\/v2\/pages\/774\/revisions\/1665"}],"wp:attachment":[{"href":"https:\/\/arema.com\/ca\/wp-json\/wp\/v2\/media?parent=774"}],"curies":[{"name":"wp","href":"https:\/\/api.w.org\/{rel}","templated":true}]}}