{"id":692,"date":"2020-11-10T13:45:17","date_gmt":"2020-11-10T12:45:17","guid":{"rendered":"http:\/\/arema.com\/?page_id=692"},"modified":"2020-11-20T09:56:30","modified_gmt":"2020-11-20T08:56:30","slug":"tractament-bdec-aigues-residuals","status":"publish","type":"page","link":"https:\/\/arema.com\/ca\/tractament-bdec-aigues-residuals\/","title":{"rendered":"TRACTAMENT BDEC A\u00cfGUES RESIDUALS"},"content":{"rendered":"<p>[vc_row css_animation=&#8221;&#8221; row_type=&#8221;row&#8221; use_row_as_full_screen_section=&#8221;no&#8221; type=&#8221;grid&#8221; angled_section=&#8221;no&#8221; text_align=&#8221;left&#8221; background_image_as_pattern=&#8221;without_pattern&#8221; z_index=&#8221;&#8221; css=&#8221;.vc_custom_1605011886455{background-image: url(https:\/\/arema.com\/wp-content\/uploads\/2020\/11\/TRACTAMENT-BDEC.jpg?id=693) !important;}&#8221;][vc_column width=&#8221;1\/6&#8243;][\/vc_column][vc_column width=&#8221;2\/3&#8243;][vc_empty_space height=&#8221;80px&#8221;][qode_elements_holder number_of_columns=&#8221;one_column&#8221;][qode_elements_holder_item advanced_animations=&#8221;no&#8221; background_color=&#8221;rgba(255,255,255,0.82)&#8221; item_padding=&#8221;20px 20px 20px 20px&#8221;][vc_empty_space height=&#8221;50px&#8221;][vc_column_text]<\/p>\n<div class=\"region region-content\">\n<section id=\"block-system-main\" class=\"block block-system clearfix\">\n<div class=\"ds-1col node node-solucions view-mode-full clearfix\">\n<div class=\"field field-name-body field-type-text-with-summary field-label-hidden\">\n<div class=\"field-items\">\n<div class=\"field-item even\">\n<h3 style=\"text-align: center;\">L\u2019objecte del sistema de tractament \u03b2<sub>DEC<\/sub>\u00a0\u00e9s aconseguir la depuraci\u00f3 d\u2019aig\u00fces residuals urbanes de nuclis de fins a 10.000 habitants equivalents, de manera que la qualitat de les aig\u00fces depurades compleixin perfectament amb les exig\u00e8ncies requerides per la legislaci\u00f3 vigent.<\/h3>\n<\/div>\n<\/div>\n<\/div>\n<\/div>\n<\/section>\n<\/div>\n<p>[\/vc_column_text][vc_empty_space height=&#8221;30px&#8221;][vc_column_text]<\/p>\n<div class=\"region region-content\">\n<section id=\"block-system-main\" class=\"block block-system clearfix\">\n<div class=\"ds-1col node node-solucions view-mode-full clearfix\">\n<div class=\"field field-name-body field-type-text-with-summary field-label-hidden\">\n<div class=\"field-items\">\n<div class=\"field-item even\">\n<p style=\"text-align: center;\"><span style=\"color: #000000;\">L\u2019objecte del sistema de tractament \u03b2<sub>DEC<\/sub>\u00a0\u00e9s aconseguir la depuraci\u00f3 d\u2019aig\u00fces residuals urbanes de nuclis de fins a 10.000 habitants equivalents, de manera que la qualitat de les aig\u00fces depurades compleixin perfectament amb les exig\u00e8ncies requerides per la legislaci\u00f3 vigent.<\/span><\/p>\n<p style=\"text-align: center;\"><span style=\"color: #000000;\">Basat en un proc\u00e9s biol\u00f2gic de fangs activats mitjan\u00e7ant aeraci\u00f3 prolongada, amb nitrificaci\u00f3 i desnitrificaci\u00f3 simult\u00e0nia, format per un recinte d\u2019aeraci\u00f3 amb introducci\u00f3 d\u2019aire mitjan\u00e7ant bufadors i difusors i una decantaci\u00f3 secund\u00e0ria de disseny propi, incloent els sistemes de recirculaci\u00f3 i purga de fangs necessaris, aix\u00ed com una l\u00ednea de tractament de fangs adaptada a les necessitats de cada client.<\/span><\/p>\n<p style=\"text-align: center;\">\n<\/div>\n<\/div>\n<\/div>\n<\/div>\n<\/section>\n<\/div>\n<p>[\/vc_column_text][vc_empty_space height=&#8221;80px&#8221;][\/qode_elements_holder_item][\/qode_elements_holder][vc_empty_space height=&#8221;80px&#8221;][\/vc_column][vc_column width=&#8221;1\/6&#8243;][\/vc_column][\/vc_row][vc_row css_animation=&#8221;&#8221; row_type=&#8221;row&#8221; use_row_as_full_screen_section=&#8221;no&#8221; type=&#8221;grid&#8221; angled_section=&#8221;no&#8221; text_align=&#8221;left&#8221; background_image_as_pattern=&#8221;without_pattern&#8221; z_index=&#8221;&#8221; css=&#8221;.vc_custom_1605002389151{background-color: #ffffff !important;}&#8221;][vc_column width=&#8221;1\/6&#8243;][\/vc_column][vc_column width=&#8221;2\/3&#8243;][vc_empty_space height=&#8221;80px&#8221;][qode_elements_holder number_of_columns=&#8221;one_column&#8221;][qode_elements_holder_item advanced_animations=&#8221;no&#8221; background_color=&#8221;rgba(255,255,255,0.82)&#8221; item_padding=&#8221;20px 20px 20px 20px&#8221;][vc_column_text]<\/p>\n<div class=\"region region-content\">\n<section id=\"block-system-main\" class=\"block block-system clearfix\">\n<div class=\"ds-1col node node-solucions view-mode-full clearfix\">\n<div class=\"field field-name-body field-type-text-with-summary field-label-hidden\">\n<div class=\"field-items\">\n<div class=\"field-item even\">\n<h4 style=\"text-align: center;\"><img decoding=\"async\" class=\"alignnone\" src=\"https:\/\/www.rubau.com\/wp-content\/themes\/rubau\/img\/filet-blanc.png\" \/> CARACTER\u00cdSTIQUES <img decoding=\"async\" class=\"alignnone\" src=\"https:\/\/www.rubau.com\/wp-content\/themes\/rubau\/img\/filet-blanc.png\" \/><\/h4>\n<\/div>\n<\/div>\n<\/div>\n<\/div>\n<\/section>\n<\/div>\n<p>[\/vc_column_text][vc_empty_space height=&#8221;30px&#8221;][vc_column_text]<\/p>\n<div class=\"region region-content\">\n<section id=\"block-system-main\" class=\"block block-system clearfix\">\n<div class=\"ds-1col node node-solucions view-mode-full clearfix\">\n<div class=\"field field-name-body field-type-text-with-summary field-label-hidden\">\n<div class=\"field-items\">\n<div class=\"field-item even\">\n<ul>\n<li>Construcci\u00f3 dels decantadors secundaris mitjan\u00e7ant disseny i motlles propis en PRFV o Acer inoxidable, amb di\u00e0metres des de 2,30 m fins a 9,00 m; amb pendent de 56\u00ba i acabat polit a la part interior.<\/li>\n<li>La tecnologia contempla els casos d\u2019estacionalitat, podent variar les configuracions en cada cas, de geometria circular, quadrada o ovalada i en una, dues o tantes l\u00ednies com es requereixi.<\/li>\n<li>Eliminaci\u00f3 de nutrients en el mateix reactor de mescla completa, mitjan\u00e7ant control per sondes d\u2019oxigen i de potencial redox.<\/li>\n<li>Rendiment promig del tractament biol\u00f2gic superior al 95% per a l\u2019eliminaci\u00f3 de DBO<sub>5<\/sub>, DQO, SS, N i P.<\/li>\n<li>Alta efici\u00e8ncia energ\u00e8tica i baix consum.<\/li>\n<li>Totalment automatitzades amb sistemes de control de disseny propi.<\/li>\n<li>Compactes, f\u00e0cilment transportables, de r\u00e0pida execuci\u00f3 i amb menors requeriments d\u2019obra civil comparades amb els sistemes convencionals.<\/li>\n<\/ul>\n<\/div>\n<\/div>\n<\/div>\n<\/div>\n<\/section>\n<\/div>\n<p>[\/vc_column_text][\/qode_elements_holder_item][\/qode_elements_holder][vc_empty_space height=&#8221;80px&#8221;][\/vc_column][vc_column width=&#8221;1\/6&#8243;][\/vc_column][\/vc_row][vc_row css_animation=&#8221;&#8221; row_type=&#8221;row&#8221; use_row_as_full_screen_section=&#8221;no&#8221; type=&#8221;grid&#8221; angled_section=&#8221;no&#8221; text_align=&#8221;left&#8221; background_image_as_pattern=&#8221;without_pattern&#8221; z_index=&#8221;&#8221; css=&#8221;.vc_custom_1605002389151{background-color: #ffffff !important;}&#8221;][vc_column width=&#8221;1\/6&#8243;][\/vc_column][vc_column width=&#8221;2\/3&#8243;][qode_elements_holder number_of_columns=&#8221;two_columns&#8221;][qode_elements_holder_item advanced_animations=&#8221;no&#8221; background_color=&#8221;rgba(255,255,255,0.82)&#8221; item_padding=&#8221;20px 20px 20px 20px&#8221;][vc_single_image image=&#8221;700&#8243; img_size=&#8221;full&#8221; alignment=&#8221;center&#8221; style=&#8221;vc_box_shadow&#8221; qode_css_animation=&#8221;&#8221;][\/qode_elements_holder_item][qode_elements_holder_item advanced_animations=&#8221;no&#8221; background_color=&#8221;rgba(255,255,255,0.82)&#8221; item_padding=&#8221;20px 20px 20px 20px&#8221;][vc_single_image image=&#8221;706&#8243; img_size=&#8221;full&#8221; alignment=&#8221;center&#8221; style=&#8221;vc_box_shadow&#8221; qode_css_animation=&#8221;&#8221;][\/qode_elements_holder_item][\/qode_elements_holder][vc_empty_space height=&#8221;80px&#8221;][\/vc_column][vc_column width=&#8221;1\/6&#8243;][\/vc_column][\/vc_row]<\/p>\n","protected":false},"excerpt":{"rendered":"<p>[vc_row css_animation=&#8221;&#8221; row_type=&#8221;row&#8221; use_row_as_full_screen_section=&#8221;no&#8221; type=&#8221;grid&#8221; angled_section=&#8221;no&#8221; text_align=&#8221;left&#8221; background_image_as_pattern=&#8221;without_pattern&#8221; z_index=&#8221;&#8221; css=&#8221;.vc_custom_1605011886455{background-image: url(https:\/\/arema.com\/wp-content\/uploads\/2020\/11\/TRACTAMENT-BDEC.jpg?id=693) !important;}&#8221;][vc_column width=&#8221;1\/6&#8243;][\/vc_column][vc_column width=&#8221;2\/3&#8243;][vc_empty_space height=&#8221;80px&#8221;][qode_elements_holder number_of_columns=&#8221;one_column&#8221;][qode_elements_holder_item advanced_animations=&#8221;no&#8221; background_color=&#8221;rgba(255,255,255,0.82)&#8221; item_padding=&#8221;20px 20px 20px 20px&#8221;][vc_empty_space height=&#8221;50px&#8221;][vc_column_text] L\u2019objecte del sistema de tractament \u03b2DEC\u00a0\u00e9s aconseguir la depuraci\u00f3 d\u2019aig\u00fces residuals urbanes de nuclis de fins a 10.000 habitants equivalents, de manera&#8230;<\/p>\n","protected":false},"author":1,"featured_media":0,"parent":0,"menu_order":0,"comment_status":"closed","ping_status":"closed","template":"full_width.php","meta":{"footnotes":""},"class_list":["post-692","page","type-page","status-publish","hentry"],"yoast_head":"<!-- This site is optimized with the Yoast SEO plugin v27.2 - https:\/\/yoast.com\/product\/yoast-seo-wordpress\/ -->\n<title>Aigues residuals urbanes: Tractament BDEC\u00a0 - Arema<\/title>\n<meta name=\"description\" content=\"L\u2019objecte del sistema de tractament \u03b2DEC\u00a0\u00e9s aconseguir la depuraci\u00f3 d\u2019aig\u00fces residuals urbanes de nuclis de fins a 10.000 habitants\" \/>\n<meta name=\"robots\" content=\"index, follow, max-snippet:-1, max-image-preview:large, max-video-preview:-1\" \/>\n<link rel=\"canonical\" href=\"https:\/\/arema.com\/ca\/tractament-bdec-aigues-residuals\/\" \/>\n<meta property=\"og:locale\" content=\"ca_ES\" \/>\n<meta property=\"og:type\" content=\"article\" \/>\n<meta property=\"og:title\" content=\"Aigues residuals urbanes: Tractament BDEC\u00a0 - Arema\" \/>\n<meta property=\"og:description\" content=\"L\u2019objecte del sistema de tractament \u03b2DEC\u00a0\u00e9s aconseguir la depuraci\u00f3 d\u2019aig\u00fces residuals urbanes de nuclis de fins a 10.000 habitants\" \/>\n<meta property=\"og:url\" content=\"https:\/\/arema.com\/ca\/tractament-bdec-aigues-residuals\/\" \/>\n<meta property=\"og:site_name\" content=\"Arema\" \/>\n<meta property=\"article:modified_time\" content=\"2020-11-20T08:56:30+00:00\" \/>\n<meta property=\"og:image\" content=\"https:\/\/www.rubau.com\/wp-content\/themes\/rubau\/img\/filet-blanc.png\" \/>\n<meta name=\"twitter:card\" content=\"summary_large_image\" \/>\n<meta name=\"twitter:label1\" content=\"Temps estimat de lectura\" \/>\n\t<meta name=\"twitter:data1\" content=\"3 minuts\" \/>\n<script type=\"application\/ld+json\" class=\"yoast-schema-graph\">{\"@context\":\"https:\/\/schema.org\",\"@graph\":[{\"@type\":\"WebPage\",\"@id\":\"https:\/\/arema.com\/ca\/tractament-bdec-aigues-residuals\/\",\"url\":\"https:\/\/arema.com\/ca\/tractament-bdec-aigues-residuals\/\",\"name\":\"Aigues residuals urbanes: Tractament BDEC\u00a0 - Arema\",\"isPartOf\":{\"@id\":\"https:\/\/arema.com\/en\/#website\"},\"primaryImageOfPage\":{\"@id\":\"https:\/\/arema.com\/ca\/tractament-bdec-aigues-residuals\/#primaryimage\"},\"image\":{\"@id\":\"https:\/\/arema.com\/ca\/tractament-bdec-aigues-residuals\/#primaryimage\"},\"thumbnailUrl\":\"https:\/\/www.rubau.com\/wp-content\/themes\/rubau\/img\/filet-blanc.png\",\"datePublished\":\"2020-11-10T12:45:17+00:00\",\"dateModified\":\"2020-11-20T08:56:30+00:00\",\"description\":\"L\u2019objecte del sistema de tractament \u03b2DEC\u00a0\u00e9s aconseguir la depuraci\u00f3 d\u2019aig\u00fces residuals urbanes de nuclis de fins a 10.000 habitants\",\"breadcrumb\":{\"@id\":\"https:\/\/arema.com\/ca\/tractament-bdec-aigues-residuals\/#breadcrumb\"},\"inLanguage\":\"ca\",\"potentialAction\":[{\"@type\":\"ReadAction\",\"target\":[\"https:\/\/arema.com\/ca\/tractament-bdec-aigues-residuals\/\"]}]},{\"@type\":\"ImageObject\",\"inLanguage\":\"ca\",\"@id\":\"https:\/\/arema.com\/ca\/tractament-bdec-aigues-residuals\/#primaryimage\",\"url\":\"https:\/\/www.rubau.com\/wp-content\/themes\/rubau\/img\/filet-blanc.png\",\"contentUrl\":\"https:\/\/www.rubau.com\/wp-content\/themes\/rubau\/img\/filet-blanc.png\"},{\"@type\":\"BreadcrumbList\",\"@id\":\"https:\/\/arema.com\/ca\/tractament-bdec-aigues-residuals\/#breadcrumb\",\"itemListElement\":[{\"@type\":\"ListItem\",\"position\":1,\"name\":\"Inici\",\"item\":\"https:\/\/arema.com\/ca\/\"},{\"@type\":\"ListItem\",\"position\":2,\"name\":\"TRACTAMENT BDEC A\u00cfGUES RESIDUALS\"}]},{\"@type\":\"WebSite\",\"@id\":\"https:\/\/arema.com\/en\/#website\",\"url\":\"https:\/\/arema.com\/en\/\",\"name\":\"Arema\",\"description\":\"Agua, residuos y medio ambiente\",\"potentialAction\":[{\"@type\":\"SearchAction\",\"target\":{\"@type\":\"EntryPoint\",\"urlTemplate\":\"https:\/\/arema.com\/en\/?s={search_term_string}\"},\"query-input\":{\"@type\":\"PropertyValueSpecification\",\"valueRequired\":true,\"valueName\":\"search_term_string\"}}],\"inLanguage\":\"ca\"}]}<\/script>\n<!-- \/ Yoast SEO plugin. -->","yoast_head_json":{"title":"Aigues residuals urbanes: Tractament BDEC\u00a0 - Arema","description":"L\u2019objecte del sistema de tractament \u03b2DEC\u00a0\u00e9s aconseguir la depuraci\u00f3 d\u2019aig\u00fces residuals urbanes de nuclis de fins a 10.000 habitants","robots":{"index":"index","follow":"follow","max-snippet":"max-snippet:-1","max-image-preview":"max-image-preview:large","max-video-preview":"max-video-preview:-1"},"canonical":"https:\/\/arema.com\/ca\/tractament-bdec-aigues-residuals\/","og_locale":"ca_ES","og_type":"article","og_title":"Aigues residuals urbanes: Tractament BDEC\u00a0 - Arema","og_description":"L\u2019objecte del sistema de tractament \u03b2DEC\u00a0\u00e9s aconseguir la depuraci\u00f3 d\u2019aig\u00fces residuals urbanes de nuclis de fins a 10.000 habitants","og_url":"https:\/\/arema.com\/ca\/tractament-bdec-aigues-residuals\/","og_site_name":"Arema","article_modified_time":"2020-11-20T08:56:30+00:00","og_image":[{"url":"https:\/\/www.rubau.com\/wp-content\/themes\/rubau\/img\/filet-blanc.png","type":"","width":"","height":""}],"twitter_card":"summary_large_image","twitter_misc":{"Temps estimat de lectura":"3 minuts"},"schema":{"@context":"https:\/\/schema.org","@graph":[{"@type":"WebPage","@id":"https:\/\/arema.com\/ca\/tractament-bdec-aigues-residuals\/","url":"https:\/\/arema.com\/ca\/tractament-bdec-aigues-residuals\/","name":"Aigues residuals urbanes: Tractament BDEC\u00a0 - Arema","isPartOf":{"@id":"https:\/\/arema.com\/en\/#website"},"primaryImageOfPage":{"@id":"https:\/\/arema.com\/ca\/tractament-bdec-aigues-residuals\/#primaryimage"},"image":{"@id":"https:\/\/arema.com\/ca\/tractament-bdec-aigues-residuals\/#primaryimage"},"thumbnailUrl":"https:\/\/www.rubau.com\/wp-content\/themes\/rubau\/img\/filet-blanc.png","datePublished":"2020-11-10T12:45:17+00:00","dateModified":"2020-11-20T08:56:30+00:00","description":"L\u2019objecte del sistema de tractament \u03b2DEC\u00a0\u00e9s aconseguir la depuraci\u00f3 d\u2019aig\u00fces residuals urbanes de nuclis de fins a 10.000 habitants","breadcrumb":{"@id":"https:\/\/arema.com\/ca\/tractament-bdec-aigues-residuals\/#breadcrumb"},"inLanguage":"ca","potentialAction":[{"@type":"ReadAction","target":["https:\/\/arema.com\/ca\/tractament-bdec-aigues-residuals\/"]}]},{"@type":"ImageObject","inLanguage":"ca","@id":"https:\/\/arema.com\/ca\/tractament-bdec-aigues-residuals\/#primaryimage","url":"https:\/\/www.rubau.com\/wp-content\/themes\/rubau\/img\/filet-blanc.png","contentUrl":"https:\/\/www.rubau.com\/wp-content\/themes\/rubau\/img\/filet-blanc.png"},{"@type":"BreadcrumbList","@id":"https:\/\/arema.com\/ca\/tractament-bdec-aigues-residuals\/#breadcrumb","itemListElement":[{"@type":"ListItem","position":1,"name":"Inici","item":"https:\/\/arema.com\/ca\/"},{"@type":"ListItem","position":2,"name":"TRACTAMENT BDEC A\u00cfGUES RESIDUALS"}]},{"@type":"WebSite","@id":"https:\/\/arema.com\/en\/#website","url":"https:\/\/arema.com\/en\/","name":"Arema","description":"Agua, residuos y medio ambiente","potentialAction":[{"@type":"SearchAction","target":{"@type":"EntryPoint","urlTemplate":"https:\/\/arema.com\/en\/?s={search_term_string}"},"query-input":{"@type":"PropertyValueSpecification","valueRequired":true,"valueName":"search_term_string"}}],"inLanguage":"ca"}]}},"_links":{"self":[{"href":"https:\/\/arema.com\/ca\/wp-json\/wp\/v2\/pages\/692","targetHints":{"allow":["GET"]}}],"collection":[{"href":"https:\/\/arema.com\/ca\/wp-json\/wp\/v2\/pages"}],"about":[{"href":"https:\/\/arema.com\/ca\/wp-json\/wp\/v2\/types\/page"}],"author":[{"embeddable":true,"href":"https:\/\/arema.com\/ca\/wp-json\/wp\/v2\/users\/1"}],"replies":[{"embeddable":true,"href":"https:\/\/arema.com\/ca\/wp-json\/wp\/v2\/comments?post=692"}],"version-history":[{"count":7,"href":"https:\/\/arema.com\/ca\/wp-json\/wp\/v2\/pages\/692\/revisions"}],"predecessor-version":[{"id":1674,"href":"https:\/\/arema.com\/ca\/wp-json\/wp\/v2\/pages\/692\/revisions\/1674"}],"wp:attachment":[{"href":"https:\/\/arema.com\/ca\/wp-json\/wp\/v2\/media?parent=692"}],"curies":[{"name":"wp","href":"https:\/\/api.w.org\/{rel}","templated":true}]}}