{"id":655,"date":"2020-11-10T12:56:09","date_gmt":"2020-11-10T11:56:09","guid":{"rendered":"http:\/\/arema.com\/?page_id=655"},"modified":"2020-11-24T16:21:22","modified_gmt":"2020-11-24T15:21:22","slug":"tractament-de-lixiviats","status":"publish","type":"page","link":"https:\/\/arema.com\/ca\/tractament-de-lixiviats\/","title":{"rendered":"TRACTAMENT DE LIXIVIATS"},"content":{"rendered":"<p>[vc_row css_animation=&#8221;&#8221; row_type=&#8221;row&#8221; use_row_as_full_screen_section=&#8221;no&#8221; type=&#8221;grid&#8221; angled_section=&#8221;no&#8221; text_align=&#8221;left&#8221; background_image_as_pattern=&#8221;without_pattern&#8221; z_index=&#8221;&#8221; css=&#8221;.vc_custom_1605008837314{background-image: url(https:\/\/arema.com\/wp-content\/uploads\/2020\/11\/lixitivitats.jpg?id=656) !important;}&#8221;][vc_column width=&#8221;1\/6&#8243;][\/vc_column][vc_column width=&#8221;2\/3&#8243;][vc_empty_space height=&#8221;80px&#8221;][qode_elements_holder number_of_columns=&#8221;one_column&#8221;][qode_elements_holder_item advanced_animations=&#8221;no&#8221; background_color=&#8221;rgba(255,255,255,0.82)&#8221; item_padding=&#8221;20px 20px 20px 20px&#8221;][vc_empty_space height=&#8221;50px&#8221;][vc_column_text]<\/p>\n<div class=\"region region-content\">\n<section id=\"block-system-main\" class=\"block block-system clearfix\">\n<div class=\"ds-1col node node-solucions view-mode-full clearfix\">\n<div class=\"field field-name-body field-type-text-with-summary field-label-hidden\">\n<div class=\"field-items\">\n<div class=\"field-item even\">\n<h3 style=\"text-align: center;\">El tractament dels residus l\u00edquids o lixiviats procedents d\u2019abocadors urbans d\u2019escombraries, de plantes de tractaments de fangs o procedents dels \u201cEcoparcs\u201d o \u201cParcs ecol\u00f2gics\u201d de residus, \u00e9s una problem\u00e0tica complexa que requereix un profund coneixement de la mateixa per poder oferir solucions amb garanties.<\/h3>\n<\/div>\n<\/div>\n<\/div>\n<\/div>\n<\/section>\n<\/div>\n<p>[\/vc_column_text][vc_empty_space height=&#8221;30px&#8221;][vc_column_text]<\/p>\n<div class=\"region region-content\">\n<section id=\"block-system-main\" class=\"block block-system clearfix\">\n<div class=\"ds-1col node node-solucions view-mode-full clearfix\">\n<div class=\"field field-name-body field-type-text-with-summary field-label-hidden\">\n<div class=\"field-items\">\n<div class=\"field-item even\">\n<p style=\"text-align: center;\"><span style=\"color: #000000;\">AREMA desenvolupa projectes de tractament de lixiviats utilitzant la millor tecnologia en cada cas, en funci\u00f3 dels contaminants presents i sobretot dels par\u00e0metres exigits d\u2019abocament, procurant minimitzar costos d\u2019inversi\u00f3 i operaci\u00f3.<\/span><\/p>\n<p>&nbsp;<\/p>\n<p style=\"text-align: center;\"><span style=\"color: #000000;\">Entre les tecnologies m\u00e9s emprades, \u00faniques o combinades entre si, hi trobem p<\/span><span style=\"color: #000000;\">rocessos de t<\/span><span style=\"color: #000000;\">ractament biol\u00f2gic avan\u00e7at, t<\/span><span style=\"color: #000000;\">ractament per membranes (UF, MBR, RO), o<\/span><span style=\"color: #000000;\">xidaci\u00f3, precipitaci\u00f3 i evaporaci\u00f3 i i<\/span><span style=\"color: #000000;\">nertitzaci\u00f3 dels residus.<\/span><\/p>\n<p>&nbsp;<\/p>\n<\/div>\n<\/div>\n<\/div>\n<\/div>\n<\/section>\n<\/div>\n<p>[\/vc_column_text][vc_empty_space height=&#8221;50px&#8221;][\/qode_elements_holder_item][\/qode_elements_holder][vc_empty_space height=&#8221;80px&#8221;][\/vc_column][vc_column width=&#8221;1\/6&#8243;][\/vc_column][\/vc_row][vc_row css_animation=&#8221;&#8221; row_type=&#8221;row&#8221; use_row_as_full_screen_section=&#8221;no&#8221; type=&#8221;grid&#8221; angled_section=&#8221;no&#8221; text_align=&#8221;left&#8221; background_image_as_pattern=&#8221;without_pattern&#8221; z_index=&#8221;&#8221; css=&#8221;.vc_custom_1605002389151{background-color: #ffffff !important;}&#8221;][vc_column width=&#8221;1\/6&#8243;][\/vc_column][vc_column width=&#8221;2\/3&#8243;][qode_elements_holder number_of_columns=&#8221;one_column&#8221;][qode_elements_holder_item advanced_animations=&#8221;no&#8221; background_color=&#8221;rgba(255,255,255,0.82)&#8221; item_padding=&#8221;20px 20px 20px 20px&#8221;][vc_empty_space height=&#8221;50px&#8221;][vc_column_text]<\/p>\n<div class=\"region region-content\">\n<section id=\"block-system-main\" class=\"block block-system clearfix\">\n<div class=\"ds-1col node node-solucions view-mode-full clearfix\">\n<div class=\"field field-name-body field-type-text-with-summary field-label-hidden\">\n<div class=\"field-items\">\n<div class=\"field-item even\">\n<h4 style=\"text-align: center;\"><img decoding=\"async\" class=\"alignnone\" src=\"https:\/\/www.rubau.com\/wp-content\/themes\/rubau\/img\/filet-blanc.png\" \/> TECNOLOGIA D&#8217;OSMOSIS INVERSA (RO) <img decoding=\"async\" class=\"alignnone\" src=\"https:\/\/www.rubau.com\/wp-content\/themes\/rubau\/img\/filet-blanc.png\" \/><\/h4>\n<\/div>\n<\/div>\n<\/div>\n<\/div>\n<\/section>\n<\/div>\n<p>[\/vc_column_text][vc_empty_space height=&#8221;30px&#8221;][vc_column_text]<\/p>\n<div class=\"region region-content\">\n<section id=\"block-system-main\" class=\"block block-system clearfix\">\n<div class=\"ds-1col node node-solucions view-mode-full clearfix\">\n<div class=\"field field-name-body field-type-text-with-summary field-label-hidden\">\n<div class=\"field-items\">\n<div class=\"field-item even\">\n<p>Aplicant per exemple la tecnologia d\u2019osmosis inversa (RO) amb m\u00f2duls de canal obert \u00e9s possible l\u2019obtenci\u00f3 d\u2019un permeat que compleixi la normativa d\u2019abocament a llera p\u00fablica i fins i tot, que sigui apte per a la reutilitzaci\u00f3 com a aigua de reg, obtenint la qualitat m\u00e9s exigent.<\/p>\n<p>Aquesta tecnologia tamb\u00e9 permet:<\/p>\n<ul>\n<li>Configuracions en un sistema compacte, instal\u00b7lat dins d\u2019un contenidor de mides est\u00e0ndard f\u00e0cilment transportable, amb una m\u00ednima obra civil requerida (caldr\u00e0 considerar \u00fanicament una llosa de formig\u00f3 per recolzar el contenidor).<\/li>\n<li>Sistema constru\u00eft i provat totalment a f\u00e0brica, pensat com a Plug and Play, arribar i connectar, amb un per\u00edode de instal\u00b7laci\u00f3 i posada en funcionament inferior a un mes.<\/li>\n<\/ul>\n<p>Proc\u00e9s totalment autom\u00e0tic, m\u00ednima pres\u00e8ncia d\u2019operadors, ja que la instal\u00b7laci\u00f3 es pot dotar de sistemes d\u2019alarma remots per avisar al personal operador.<\/p>\n<\/div>\n<\/div>\n<\/div>\n<\/div>\n<\/section>\n<\/div>\n<p>[\/vc_column_text][\/qode_elements_holder_item][\/qode_elements_holder][vc_empty_space height=&#8221;80px&#8221;][\/vc_column][vc_column width=&#8221;1\/6&#8243;][\/vc_column][\/vc_row][vc_row css_animation=&#8221;&#8221; row_type=&#8221;row&#8221; use_row_as_full_screen_section=&#8221;no&#8221; type=&#8221;grid&#8221; angled_section=&#8221;no&#8221; text_align=&#8221;left&#8221; background_image_as_pattern=&#8221;without_pattern&#8221; z_index=&#8221;&#8221; css=&#8221;.vc_custom_1605002389151{background-color: #ffffff !important;}&#8221;][vc_column width=&#8221;1\/6&#8243;][\/vc_column][vc_column width=&#8221;2\/3&#8243;][qode_elements_holder number_of_columns=&#8221;two_columns&#8221;][qode_elements_holder_item advanced_animations=&#8221;no&#8221; background_color=&#8221;rgba(255,255,255,0.82)&#8221; item_padding=&#8221;20px 20px 20px 20px&#8221;][vc_single_image image=&#8221;662&#8243; img_size=&#8221;full&#8221; alignment=&#8221;center&#8221; style=&#8221;vc_box_shadow&#8221; qode_css_animation=&#8221;&#8221;][\/qode_elements_holder_item][qode_elements_holder_item advanced_animations=&#8221;no&#8221; background_color=&#8221;rgba(255,255,255,0.82)&#8221; item_padding=&#8221;20px 20px 20px 20px&#8221;][vc_single_image image=&#8221;668&#8243; img_size=&#8221;full&#8221; alignment=&#8221;center&#8221; style=&#8221;vc_box_shadow&#8221; qode_css_animation=&#8221;&#8221;][\/qode_elements_holder_item][\/qode_elements_holder][\/vc_column][vc_column width=&#8221;1\/6&#8243;][\/vc_column][\/vc_row][vc_row css_animation=&#8221;&#8221; row_type=&#8221;row&#8221; use_row_as_full_screen_section=&#8221;no&#8221; type=&#8221;grid&#8221; angled_section=&#8221;no&#8221; text_align=&#8221;left&#8221; background_image_as_pattern=&#8221;without_pattern&#8221; z_index=&#8221;&#8221; css=&#8221;.vc_custom_1605002389151{background-color: #ffffff !important;}&#8221;][vc_column width=&#8221;1\/6&#8243;][\/vc_column][vc_column width=&#8221;2\/3&#8243;][qode_elements_holder number_of_columns=&#8221;two_columns&#8221;][qode_elements_holder_item advanced_animations=&#8221;no&#8221; background_color=&#8221;rgba(255,255,255,0.82)&#8221; item_padding=&#8221;20px 20px 20px 20px&#8221;][vc_single_image image=&#8221;674&#8243; img_size=&#8221;full&#8221; alignment=&#8221;center&#8221; style=&#8221;vc_box_shadow&#8221; qode_css_animation=&#8221;&#8221;][\/qode_elements_holder_item][qode_elements_holder_item advanced_animations=&#8221;no&#8221; background_color=&#8221;rgba(255,255,255,0.82)&#8221; item_padding=&#8221;20px 20px 20px 20px&#8221;][vc_single_image image=&#8221;680&#8243; img_size=&#8221;full&#8221; alignment=&#8221;center&#8221; style=&#8221;vc_box_shadow&#8221; qode_css_animation=&#8221;&#8221;][\/qode_elements_holder_item][\/qode_elements_holder][vc_empty_space height=&#8221;80px&#8221;][\/vc_column][vc_column width=&#8221;1\/6&#8243;][\/vc_column][\/vc_row]<\/p>\n","protected":false},"excerpt":{"rendered":"<p>[vc_row css_animation=&#8221;&#8221; row_type=&#8221;row&#8221; use_row_as_full_screen_section=&#8221;no&#8221; type=&#8221;grid&#8221; angled_section=&#8221;no&#8221; text_align=&#8221;left&#8221; background_image_as_pattern=&#8221;without_pattern&#8221; z_index=&#8221;&#8221; css=&#8221;.vc_custom_1605008837314{background-image: url(https:\/\/arema.com\/wp-content\/uploads\/2020\/11\/lixitivitats.jpg?id=656) !important;}&#8221;][vc_column width=&#8221;1\/6&#8243;][\/vc_column][vc_column width=&#8221;2\/3&#8243;][vc_empty_space height=&#8221;80px&#8221;][qode_elements_holder number_of_columns=&#8221;one_column&#8221;][qode_elements_holder_item advanced_animations=&#8221;no&#8221; background_color=&#8221;rgba(255,255,255,0.82)&#8221; item_padding=&#8221;20px 20px 20px 20px&#8221;][vc_empty_space height=&#8221;50px&#8221;][vc_column_text] El tractament dels residus l\u00edquids o lixiviats procedents d\u2019abocadors urbans d\u2019escombraries, de plantes de tractaments de fangs o procedents dels \u201cEcoparcs\u201d o&#8230;<\/p>\n","protected":false},"author":1,"featured_media":0,"parent":0,"menu_order":0,"comment_status":"closed","ping_status":"closed","template":"full_width.php","meta":{"footnotes":""},"class_list":["post-655","page","type-page","status-publish","hentry"],"yoast_head":"<!-- This site is optimized with the Yoast SEO plugin v27.2 - https:\/\/yoast.com\/product\/yoast-seo-wordpress\/ -->\n<title>Lixiviats: Tractament i eliminaci\u00f3 de contaminants - Arema<\/title>\n<meta name=\"description\" content=\"AREMA desenvolupa tractaments de lixiviats utilitzant la millor tecnologia en cada cas, en funci\u00f3 dels contaminants i par\u00e0metres d\u2019abocament\" \/>\n<meta name=\"robots\" content=\"index, follow, max-snippet:-1, max-image-preview:large, max-video-preview:-1\" \/>\n<link rel=\"canonical\" href=\"https:\/\/arema.com\/ca\/tractament-de-lixiviats\/\" \/>\n<meta property=\"og:locale\" content=\"ca_ES\" \/>\n<meta property=\"og:type\" content=\"article\" \/>\n<meta property=\"og:title\" content=\"Lixiviats: Tractament i eliminaci\u00f3 de contaminants - Arema\" \/>\n<meta property=\"og:description\" content=\"AREMA desenvolupa tractaments de lixiviats utilitzant la millor tecnologia en cada cas, en funci\u00f3 dels contaminants i par\u00e0metres d\u2019abocament\" \/>\n<meta property=\"og:url\" content=\"https:\/\/arema.com\/ca\/tractament-de-lixiviats\/\" \/>\n<meta property=\"og:site_name\" content=\"Arema\" \/>\n<meta property=\"article:modified_time\" content=\"2020-11-24T15:21:22+00:00\" \/>\n<meta property=\"og:image\" content=\"https:\/\/www.rubau.com\/wp-content\/themes\/rubau\/img\/filet-blanc.png\" \/>\n<meta name=\"twitter:card\" content=\"summary_large_image\" \/>\n<meta name=\"twitter:label1\" content=\"Temps estimat de lectura\" \/>\n\t<meta name=\"twitter:data1\" content=\"4 minuts\" \/>\n<script type=\"application\/ld+json\" class=\"yoast-schema-graph\">{\"@context\":\"https:\/\/schema.org\",\"@graph\":[{\"@type\":\"WebPage\",\"@id\":\"https:\/\/arema.com\/ca\/tractament-de-lixiviats\/\",\"url\":\"https:\/\/arema.com\/ca\/tractament-de-lixiviats\/\",\"name\":\"Lixiviats: Tractament i eliminaci\u00f3 de contaminants - Arema\",\"isPartOf\":{\"@id\":\"http:\/\/arema.com\/#website\"},\"primaryImageOfPage\":{\"@id\":\"https:\/\/arema.com\/ca\/tractament-de-lixiviats\/#primaryimage\"},\"image\":{\"@id\":\"https:\/\/arema.com\/ca\/tractament-de-lixiviats\/#primaryimage\"},\"thumbnailUrl\":\"https:\/\/www.rubau.com\/wp-content\/themes\/rubau\/img\/filet-blanc.png\",\"datePublished\":\"2020-11-10T11:56:09+00:00\",\"dateModified\":\"2020-11-24T15:21:22+00:00\",\"description\":\"AREMA desenvolupa tractaments de lixiviats utilitzant la millor tecnologia en cada cas, en funci\u00f3 dels contaminants i par\u00e0metres d\u2019abocament\",\"breadcrumb\":{\"@id\":\"https:\/\/arema.com\/ca\/tractament-de-lixiviats\/#breadcrumb\"},\"inLanguage\":\"ca\",\"potentialAction\":[{\"@type\":\"ReadAction\",\"target\":[\"https:\/\/arema.com\/ca\/tractament-de-lixiviats\/\"]}]},{\"@type\":\"ImageObject\",\"inLanguage\":\"ca\",\"@id\":\"https:\/\/arema.com\/ca\/tractament-de-lixiviats\/#primaryimage\",\"url\":\"https:\/\/www.rubau.com\/wp-content\/themes\/rubau\/img\/filet-blanc.png\",\"contentUrl\":\"https:\/\/www.rubau.com\/wp-content\/themes\/rubau\/img\/filet-blanc.png\"},{\"@type\":\"BreadcrumbList\",\"@id\":\"https:\/\/arema.com\/ca\/tractament-de-lixiviats\/#breadcrumb\",\"itemListElement\":[{\"@type\":\"ListItem\",\"position\":1,\"name\":\"Inici\",\"item\":\"http:\/\/arema.com\/ca\/\"},{\"@type\":\"ListItem\",\"position\":2,\"name\":\"TRACTAMENT DE LIXIVIATS\"}]},{\"@type\":\"WebSite\",\"@id\":\"http:\/\/arema.com\/#website\",\"url\":\"http:\/\/arema.com\/\",\"name\":\"Arema\",\"description\":\"Agua, residuos y medio ambiente\",\"potentialAction\":[{\"@type\":\"SearchAction\",\"target\":{\"@type\":\"EntryPoint\",\"urlTemplate\":\"http:\/\/arema.com\/?s={search_term_string}\"},\"query-input\":{\"@type\":\"PropertyValueSpecification\",\"valueRequired\":true,\"valueName\":\"search_term_string\"}}],\"inLanguage\":\"ca\"}]}<\/script>\n<!-- \/ Yoast SEO plugin. -->","yoast_head_json":{"title":"Lixiviats: Tractament i eliminaci\u00f3 de contaminants - Arema","description":"AREMA desenvolupa tractaments de lixiviats utilitzant la millor tecnologia en cada cas, en funci\u00f3 dels contaminants i par\u00e0metres d\u2019abocament","robots":{"index":"index","follow":"follow","max-snippet":"max-snippet:-1","max-image-preview":"max-image-preview:large","max-video-preview":"max-video-preview:-1"},"canonical":"https:\/\/arema.com\/ca\/tractament-de-lixiviats\/","og_locale":"ca_ES","og_type":"article","og_title":"Lixiviats: Tractament i eliminaci\u00f3 de contaminants - Arema","og_description":"AREMA desenvolupa tractaments de lixiviats utilitzant la millor tecnologia en cada cas, en funci\u00f3 dels contaminants i par\u00e0metres d\u2019abocament","og_url":"https:\/\/arema.com\/ca\/tractament-de-lixiviats\/","og_site_name":"Arema","article_modified_time":"2020-11-24T15:21:22+00:00","og_image":[{"url":"https:\/\/www.rubau.com\/wp-content\/themes\/rubau\/img\/filet-blanc.png","type":"","width":"","height":""}],"twitter_card":"summary_large_image","twitter_misc":{"Temps estimat de lectura":"4 minuts"},"schema":{"@context":"https:\/\/schema.org","@graph":[{"@type":"WebPage","@id":"https:\/\/arema.com\/ca\/tractament-de-lixiviats\/","url":"https:\/\/arema.com\/ca\/tractament-de-lixiviats\/","name":"Lixiviats: Tractament i eliminaci\u00f3 de contaminants - Arema","isPartOf":{"@id":"http:\/\/arema.com\/#website"},"primaryImageOfPage":{"@id":"https:\/\/arema.com\/ca\/tractament-de-lixiviats\/#primaryimage"},"image":{"@id":"https:\/\/arema.com\/ca\/tractament-de-lixiviats\/#primaryimage"},"thumbnailUrl":"https:\/\/www.rubau.com\/wp-content\/themes\/rubau\/img\/filet-blanc.png","datePublished":"2020-11-10T11:56:09+00:00","dateModified":"2020-11-24T15:21:22+00:00","description":"AREMA desenvolupa tractaments de lixiviats utilitzant la millor tecnologia en cada cas, en funci\u00f3 dels contaminants i par\u00e0metres d\u2019abocament","breadcrumb":{"@id":"https:\/\/arema.com\/ca\/tractament-de-lixiviats\/#breadcrumb"},"inLanguage":"ca","potentialAction":[{"@type":"ReadAction","target":["https:\/\/arema.com\/ca\/tractament-de-lixiviats\/"]}]},{"@type":"ImageObject","inLanguage":"ca","@id":"https:\/\/arema.com\/ca\/tractament-de-lixiviats\/#primaryimage","url":"https:\/\/www.rubau.com\/wp-content\/themes\/rubau\/img\/filet-blanc.png","contentUrl":"https:\/\/www.rubau.com\/wp-content\/themes\/rubau\/img\/filet-blanc.png"},{"@type":"BreadcrumbList","@id":"https:\/\/arema.com\/ca\/tractament-de-lixiviats\/#breadcrumb","itemListElement":[{"@type":"ListItem","position":1,"name":"Inici","item":"http:\/\/arema.com\/ca\/"},{"@type":"ListItem","position":2,"name":"TRACTAMENT DE LIXIVIATS"}]},{"@type":"WebSite","@id":"http:\/\/arema.com\/#website","url":"http:\/\/arema.com\/","name":"Arema","description":"Agua, residuos y medio ambiente","potentialAction":[{"@type":"SearchAction","target":{"@type":"EntryPoint","urlTemplate":"http:\/\/arema.com\/?s={search_term_string}"},"query-input":{"@type":"PropertyValueSpecification","valueRequired":true,"valueName":"search_term_string"}}],"inLanguage":"ca"}]}},"_links":{"self":[{"href":"https:\/\/arema.com\/ca\/wp-json\/wp\/v2\/pages\/655","targetHints":{"allow":["GET"]}}],"collection":[{"href":"https:\/\/arema.com\/ca\/wp-json\/wp\/v2\/pages"}],"about":[{"href":"https:\/\/arema.com\/ca\/wp-json\/wp\/v2\/types\/page"}],"author":[{"embeddable":true,"href":"https:\/\/arema.com\/ca\/wp-json\/wp\/v2\/users\/1"}],"replies":[{"embeddable":true,"href":"https:\/\/arema.com\/ca\/wp-json\/wp\/v2\/comments?post=655"}],"version-history":[{"count":8,"href":"https:\/\/arema.com\/ca\/wp-json\/wp\/v2\/pages\/655\/revisions"}],"predecessor-version":[{"id":1922,"href":"https:\/\/arema.com\/ca\/wp-json\/wp\/v2\/pages\/655\/revisions\/1922"}],"wp:attachment":[{"href":"https:\/\/arema.com\/ca\/wp-json\/wp\/v2\/media?parent=655"}],"curies":[{"name":"wp","href":"https:\/\/api.w.org\/{rel}","templated":true}]}}