{"id":509,"date":"2020-11-10T11:30:49","date_gmt":"2020-11-10T10:30:49","guid":{"rendered":"http:\/\/arema.com\/?page_id=509"},"modified":"2020-12-04T12:50:48","modified_gmt":"2020-12-04T11:50:48","slug":"aigua-regenerada","status":"publish","type":"page","link":"https:\/\/arema.com\/ca\/aigua-regenerada\/","title":{"rendered":"AIGUA REGENERADA"},"content":{"rendered":"<p>[vc_row css_animation=&#8221;&#8221; row_type=&#8221;row&#8221; use_row_as_full_screen_section=&#8221;no&#8221; type=&#8221;grid&#8221; angled_section=&#8221;no&#8221; text_align=&#8221;left&#8221; background_image_as_pattern=&#8221;without_pattern&#8221; z_index=&#8221;&#8221; css=&#8221;.vc_custom_1605004105362{background-image: url(https:\/\/arema.com\/wp-content\/uploads\/2020\/11\/AIGUA-RESIDUAL-AREMA.jpg?id=519) !important;}&#8221;][vc_column width=&#8221;1\/6&#8243;][\/vc_column][vc_column width=&#8221;2\/3&#8243;][vc_empty_space height=&#8221;80px&#8221;][qode_elements_holder number_of_columns=&#8221;one_column&#8221;][qode_elements_holder_item advanced_animations=&#8221;no&#8221; background_color=&#8221;rgba(0,0,0,0.56)&#8221; item_padding=&#8221;20px 20px 20px 20px&#8221;][vc_empty_space height=&#8221;50px&#8221;][vc_column_text]<\/p>\n<div class=\"region region-content\">\n<section id=\"block-system-main\" class=\"block block-system clearfix\">\n<div class=\"ds-1col node node-solucions view-mode-full clearfix\">\n<div class=\"field field-name-body field-type-text-with-summary field-label-hidden\">\n<div class=\"field-items\">\n<div class=\"field-item even\">\n<h3 style=\"text-align: center;\"><span style=\"color: #ffffff;\">Definim Aigua Regenerada com aquella que prov\u00e9 de les estacions de tractament d\u2019aig\u00fces residuals i que, un cop depurada, se li aplica un tractament addicional per fer-la apta per un nou \u00fas, amb la qualitat exigida per la nova aplicaci\u00f3.<\/span><\/h3>\n<\/div>\n<\/div>\n<\/div>\n<\/div>\n<\/section>\n<\/div>\n<p>[\/vc_column_text][vc_empty_space height=&#8221;30px&#8221;][vc_column_text]<\/p>\n<div class=\"region region-content\">\n<section id=\"block-system-main\" class=\"block block-system clearfix\">\n<div class=\"ds-1col node node-solucions view-mode-full clearfix\">\n<div class=\"field field-name-body field-type-text-with-summary field-label-hidden\">\n<div class=\"field-items\">\n<div class=\"field-item even\">\n<p style=\"text-align: center;\"><span style=\"color: #ffffff;\">L&#8217;aigua regenerada \u00e9s tinguda en compte a l\u2019hora de la gesti\u00f3 global dels recursos i els usos que se\u2019n fa poden ser tant diversos com el reg, els usos ambientals, la rec\u00e0rrega d\u2019aq\u00fc\u00edfers, els usos industrials, la neteja vi\u00e0ria, l\u2019aigua dels dip\u00f2sits contra incendis o l\u2019aigua d\u2019\u00fas en la construcci\u00f3.<\/span><\/p>\n<p style=\"text-align: center;\"><span style=\"color: #ffffff;\">AREMA realitza tractaments de regeneraci\u00f3 de tot tipus, combinant processos de coagulaci\u00f3, floculaci\u00f3, filtraci\u00f3 i desinfecci\u00f3; aix\u00ed com processos de tractament avan\u00e7at mitjan\u00e7ant membranes (UF, RO) per a casos en qu\u00e8 l\u2019aigua requereix una qualitat m\u00e0xima, com en la recuperaci\u00f3 d\u2019aq\u00fc\u00edfers, o mitjan\u00e7ant electrodi\u00e0lisis reversible (EDR) en casos en qu\u00e8 cal reduir el contingut de sals per tal de poder emprar l\u2019aigua per exemple en reg agr\u00edcola.<\/span><\/p>\n<\/div>\n<\/div>\n<\/div>\n<\/div>\n<\/section>\n<\/div>\n<p>[\/vc_column_text][vc_empty_space height=&#8221;80px&#8221;][\/qode_elements_holder_item][\/qode_elements_holder][vc_empty_space height=&#8221;80px&#8221;][\/vc_column][vc_column width=&#8221;1\/6&#8243;][\/vc_column][\/vc_row][vc_row css_animation=&#8221;&#8221; row_type=&#8221;row&#8221; use_row_as_full_screen_section=&#8221;no&#8221; type=&#8221;grid&#8221; angled_section=&#8221;no&#8221; text_align=&#8221;left&#8221; background_image_as_pattern=&#8221;without_pattern&#8221; z_index=&#8221;&#8221; css=&#8221;.vc_custom_1605002389151{background-color: #ffffff !important;}&#8221;][vc_column width=&#8221;1\/6&#8243;][\/vc_column][vc_column width=&#8221;2\/3&#8243;][qode_elements_holder number_of_columns=&#8221;one_column&#8221;][qode_elements_holder_item advanced_animations=&#8221;no&#8221; background_color=&#8221;rgba(255,255,255,0.82)&#8221; item_padding=&#8221;20px 20px 20px 20px&#8221;][vc_empty_space height=&#8221;50px&#8221;][vc_column_text]<\/p>\n<div class=\"region region-content\">\n<section id=\"block-system-main\" class=\"block block-system clearfix\">\n<div class=\"ds-1col node node-solucions view-mode-full clearfix\">\n<div class=\"field field-name-body field-type-text-with-summary field-label-hidden\">\n<div class=\"field-items\">\n<div class=\"field-item even\">\n<h4 style=\"text-align: center;\"><img decoding=\"async\" class=\"alignnone\" src=\"https:\/\/www.rubau.com\/wp-content\/themes\/rubau\/img\/filet-blanc.png\" \/> REGENERACI\u00d3 D&#8217;AIG\u00dcES URBANES <img decoding=\"async\" class=\"alignnone\" src=\"https:\/\/www.rubau.com\/wp-content\/themes\/rubau\/img\/filet-blanc.png\" \/><\/h4>\n<\/div>\n<\/div>\n<\/div>\n<\/div>\n<\/section>\n<\/div>\n<p>[\/vc_column_text][vc_empty_space height=&#8221;30px&#8221;][vc_column_text]<\/p>\n<div class=\"region region-content\">\n<section id=\"block-system-main\" class=\"block block-system clearfix\">\n<div class=\"ds-1col node node-solucions view-mode-full clearfix\">\n<div class=\"field field-name-body field-type-text-with-summary field-label-hidden\">\n<div class=\"field-items\">\n<div class=\"field-item even\">\n<p>Projectes pioners a nivell mundial de regeneraci\u00f3 d\u2019aig\u00fces residuals urbanes per a la rec\u00e0rrega d\u2019aq\u00fc\u00edfers i de lluita contra la intrusi\u00f3 salina.<\/p>\n<ul>\n<li><a href=\"https:\/\/arema.com\/barrera-hidraulica-contra-intrusio-salina\/\">Regeneraci\u00f3 de 20.000 m<sup>3<\/sup>\/dia a la EDAR del Baix Llobregat, Barcelona, Espa\u00f1a, i injecci\u00f3 a l\u2019aq\u00fc\u00edfer mitjan\u00e7ant 14 pous per la construcci\u00f3 d\u2019una barrera hidr\u00e0ulica positiva contra la intrusi\u00f3 salina.<\/a><\/li>\n<li><a href=\"https:\/\/arema.com\/aguascalientes\/\">Regeneraci\u00f3 de 4.320 m<sup>3<\/sup>\/dia a la EDAR de Villas de Nuestra Se\u00f1ora de la Asunci\u00f3n, Aguascalientes, M\u00e8xic, i injecci\u00f3 a l\u2019aq\u00fc\u00edfer mitjan\u00e7ant 3 pous per reduir-ne l\u2019abatiment.<\/a><\/li>\n<\/ul>\n<\/div>\n<\/div>\n<\/div>\n<\/div>\n<\/section>\n<\/div>\n<p>[\/vc_column_text][\/qode_elements_holder_item][\/qode_elements_holder][vc_empty_space height=&#8221;80px&#8221;][\/vc_column][vc_column width=&#8221;1\/6&#8243;][\/vc_column][\/vc_row][vc_row css_animation=&#8221;&#8221; row_type=&#8221;row&#8221; use_row_as_full_screen_section=&#8221;no&#8221; type=&#8221;grid&#8221; angled_section=&#8221;no&#8221; text_align=&#8221;left&#8221; background_image_as_pattern=&#8221;without_pattern&#8221; z_index=&#8221;&#8221; css=&#8221;.vc_custom_1605002389151{background-color: #ffffff !important;}&#8221;][vc_column width=&#8221;1\/6&#8243;][\/vc_column][vc_column width=&#8221;2\/3&#8243;][qode_elements_holder number_of_columns=&#8221;one_column&#8221;][qode_elements_holder_item advanced_animations=&#8221;no&#8221; background_color=&#8221;rgba(255,255,255,0.82)&#8221; item_padding=&#8221;20px 20px 20px 20px&#8221;][vc_column_text]<\/p>\n<div class=\"region region-content\">\n<section id=\"block-system-main\" class=\"block block-system clearfix\">\n<div class=\"ds-1col node node-solucions view-mode-full clearfix\">\n<div class=\"field field-name-body field-type-text-with-summary field-label-hidden\">\n<div class=\"field-items\">\n<div class=\"field-item even\">\n<h4 style=\"text-align: center;\"><img decoding=\"async\" class=\"alignnone\" src=\"https:\/\/www.rubau.com\/wp-content\/themes\/rubau\/img\/filet-blanc.png\" \/> REGENERACI\u00d3 D&#8217;AIG\u00dcES INDUSTRIALS <img decoding=\"async\" class=\"alignnone\" src=\"https:\/\/www.rubau.com\/wp-content\/themes\/rubau\/img\/filet-blanc.png\" \/><\/h4>\n<\/div>\n<\/div>\n<\/div>\n<\/div>\n<\/section>\n<\/div>\n<p>[\/vc_column_text][vc_empty_space height=&#8221;30px&#8221;][vc_column_text]<\/p>\n<div class=\"region region-content\">\n<section id=\"block-system-main\" class=\"block block-system clearfix\">\n<div class=\"ds-1col node node-solucions view-mode-full clearfix\">\n<div class=\"field field-name-body field-type-text-with-summary field-label-hidden\">\n<div class=\"field-items\">\n<div class=\"field-item even\">\n<p>Realitzaci\u00f3 d\u2019una de les obres m\u00e9s grans de regeneraci\u00f3 d\u2019aig\u00fces industrials a nivell europeu.<\/p>\n<ul>\n<li>Regeneraci\u00f3 de 13.440 m3\/dia d\u2019aigua bruta industrial tant per fer-ne un re-\u00fas en el proc\u00e9s productiu com per la recuperaci\u00f3 de l\u2019aq\u00fc\u00edfer del riu Tordera, Espanya.<\/li>\n<\/ul>\n<\/div>\n<\/div>\n<\/div>\n<\/div>\n<\/section>\n<\/div>\n<p>[\/vc_column_text][vc_empty_space height=&#8221;80px&#8221;][vc_single_image image=&#8221;510&#8243; img_size=&#8221;full&#8221; alignment=&#8221;center&#8221; qode_css_animation=&#8221;&#8221;][\/qode_elements_holder_item][\/qode_elements_holder][vc_empty_space height=&#8221;80px&#8221;][\/vc_column][vc_column width=&#8221;1\/6&#8243;][\/vc_column][\/vc_row]<\/p>\n","protected":false},"excerpt":{"rendered":"<p>[vc_row css_animation=&#8221;&#8221; row_type=&#8221;row&#8221; use_row_as_full_screen_section=&#8221;no&#8221; type=&#8221;grid&#8221; angled_section=&#8221;no&#8221; text_align=&#8221;left&#8221; background_image_as_pattern=&#8221;without_pattern&#8221; z_index=&#8221;&#8221; css=&#8221;.vc_custom_1605004105362{background-image: url(https:\/\/arema.com\/wp-content\/uploads\/2020\/11\/AIGUA-RESIDUAL-AREMA.jpg?id=519) !important;}&#8221;][vc_column width=&#8221;1\/6&#8243;][\/vc_column][vc_column width=&#8221;2\/3&#8243;][vc_empty_space height=&#8221;80px&#8221;][qode_elements_holder number_of_columns=&#8221;one_column&#8221;][qode_elements_holder_item advanced_animations=&#8221;no&#8221; background_color=&#8221;rgba(0,0,0,0.56)&#8221; item_padding=&#8221;20px 20px 20px 20px&#8221;][vc_empty_space height=&#8221;50px&#8221;][vc_column_text] Definim Aigua Regenerada com aquella que prov\u00e9 de les estacions de tractament d\u2019aig\u00fces residuals i que, un cop depurada, se li aplica&#8230;<\/p>\n","protected":false},"author":1,"featured_media":153,"parent":0,"menu_order":0,"comment_status":"closed","ping_status":"closed","template":"full_width.php","meta":{"footnotes":""},"class_list":["post-509","page","type-page","status-publish","has-post-thumbnail","hentry"],"yoast_head":"<!-- This site is optimized with the Yoast SEO plugin v27.2 - https:\/\/yoast.com\/product\/yoast-seo-wordpress\/ -->\n<title>AIGUA REGENERADA: Gesti\u00f3 global dels recursos - Arema<\/title>\n<meta name=\"description\" content=\"L&#039;Aigua regenerada prov\u00e9 d&#039;estacions de tractament d\u2019aig\u00fces residuals. Un cop depurada, se li aplica un tractament per fer-la apta per l&#039;\u00fas.\" \/>\n<meta name=\"robots\" content=\"index, follow, max-snippet:-1, max-image-preview:large, max-video-preview:-1\" \/>\n<link rel=\"canonical\" href=\"https:\/\/arema.com\/ca\/aigua-regenerada\/\" \/>\n<meta property=\"og:locale\" content=\"ca_ES\" \/>\n<meta property=\"og:type\" content=\"article\" \/>\n<meta property=\"og:title\" content=\"AIGUA REGENERADA: Gesti\u00f3 global dels recursos - Arema\" \/>\n<meta property=\"og:description\" content=\"L&#039;Aigua regenerada prov\u00e9 d&#039;estacions de tractament d\u2019aig\u00fces residuals. Un cop depurada, se li aplica un tractament per fer-la apta per l&#039;\u00fas.\" \/>\n<meta property=\"og:url\" content=\"https:\/\/arema.com\/ca\/aigua-regenerada\/\" \/>\n<meta property=\"og:site_name\" content=\"Arema\" \/>\n<meta property=\"article:modified_time\" content=\"2020-12-04T11:50:48+00:00\" \/>\n<meta property=\"og:image\" content=\"https:\/\/arema.com\/wp-content\/uploads\/2020\/10\/Aigua-regenerada-1.jpg\" \/>\n\t<meta property=\"og:image:width\" content=\"1182\" \/>\n\t<meta property=\"og:image:height\" content=\"1182\" \/>\n\t<meta property=\"og:image:type\" content=\"image\/jpeg\" \/>\n<meta name=\"twitter:card\" content=\"summary_large_image\" \/>\n<meta name=\"twitter:label1\" content=\"Temps estimat de lectura\" \/>\n\t<meta name=\"twitter:data1\" content=\"3 minuts\" \/>\n<script type=\"application\/ld+json\" class=\"yoast-schema-graph\">{\"@context\":\"https:\/\/schema.org\",\"@graph\":[{\"@type\":\"WebPage\",\"@id\":\"https:\/\/arema.com\/ca\/aigua-regenerada\/\",\"url\":\"https:\/\/arema.com\/ca\/aigua-regenerada\/\",\"name\":\"AIGUA REGENERADA: Gesti\u00f3 global dels recursos - Arema\",\"isPartOf\":{\"@id\":\"https:\/\/arema.com\/en\/#website\"},\"primaryImageOfPage\":{\"@id\":\"https:\/\/arema.com\/ca\/aigua-regenerada\/#primaryimage\"},\"image\":{\"@id\":\"https:\/\/arema.com\/ca\/aigua-regenerada\/#primaryimage\"},\"thumbnailUrl\":\"https:\/\/arema.com\/wp-content\/uploads\/2020\/10\/Aigua-regenerada-1.jpg\",\"datePublished\":\"2020-11-10T10:30:49+00:00\",\"dateModified\":\"2020-12-04T11:50:48+00:00\",\"description\":\"L'Aigua regenerada prov\u00e9 d'estacions de tractament d\u2019aig\u00fces residuals. Un cop depurada, se li aplica un tractament per fer-la apta per l'\u00fas.\",\"breadcrumb\":{\"@id\":\"https:\/\/arema.com\/ca\/aigua-regenerada\/#breadcrumb\"},\"inLanguage\":\"ca\",\"potentialAction\":[{\"@type\":\"ReadAction\",\"target\":[\"https:\/\/arema.com\/ca\/aigua-regenerada\/\"]}]},{\"@type\":\"ImageObject\",\"inLanguage\":\"ca\",\"@id\":\"https:\/\/arema.com\/ca\/aigua-regenerada\/#primaryimage\",\"url\":\"https:\/\/arema.com\/wp-content\/uploads\/2020\/10\/Aigua-regenerada-1.jpg\",\"contentUrl\":\"https:\/\/arema.com\/wp-content\/uploads\/2020\/10\/Aigua-regenerada-1.jpg\",\"width\":1182,\"height\":1182,\"caption\":\"Serveis Aigua regenerada AREMA\"},{\"@type\":\"BreadcrumbList\",\"@id\":\"https:\/\/arema.com\/ca\/aigua-regenerada\/#breadcrumb\",\"itemListElement\":[{\"@type\":\"ListItem\",\"position\":1,\"name\":\"Inici\",\"item\":\"https:\/\/arema.com\/ca\/\"},{\"@type\":\"ListItem\",\"position\":2,\"name\":\"AIGUA REGENERADA\"}]},{\"@type\":\"WebSite\",\"@id\":\"https:\/\/arema.com\/en\/#website\",\"url\":\"https:\/\/arema.com\/en\/\",\"name\":\"Arema\",\"description\":\"Agua, residuos y medio ambiente\",\"potentialAction\":[{\"@type\":\"SearchAction\",\"target\":{\"@type\":\"EntryPoint\",\"urlTemplate\":\"https:\/\/arema.com\/en\/?s={search_term_string}\"},\"query-input\":{\"@type\":\"PropertyValueSpecification\",\"valueRequired\":true,\"valueName\":\"search_term_string\"}}],\"inLanguage\":\"ca\"}]}<\/script>\n<!-- \/ Yoast SEO plugin. -->","yoast_head_json":{"title":"AIGUA REGENERADA: Gesti\u00f3 global dels recursos - Arema","description":"L'Aigua regenerada prov\u00e9 d'estacions de tractament d\u2019aig\u00fces residuals. Un cop depurada, se li aplica un tractament per fer-la apta per l'\u00fas.","robots":{"index":"index","follow":"follow","max-snippet":"max-snippet:-1","max-image-preview":"max-image-preview:large","max-video-preview":"max-video-preview:-1"},"canonical":"https:\/\/arema.com\/ca\/aigua-regenerada\/","og_locale":"ca_ES","og_type":"article","og_title":"AIGUA REGENERADA: Gesti\u00f3 global dels recursos - Arema","og_description":"L'Aigua regenerada prov\u00e9 d'estacions de tractament d\u2019aig\u00fces residuals. Un cop depurada, se li aplica un tractament per fer-la apta per l'\u00fas.","og_url":"https:\/\/arema.com\/ca\/aigua-regenerada\/","og_site_name":"Arema","article_modified_time":"2020-12-04T11:50:48+00:00","og_image":[{"width":1182,"height":1182,"url":"https:\/\/arema.com\/wp-content\/uploads\/2020\/10\/Aigua-regenerada-1.jpg","type":"image\/jpeg"}],"twitter_card":"summary_large_image","twitter_misc":{"Temps estimat de lectura":"3 minuts"},"schema":{"@context":"https:\/\/schema.org","@graph":[{"@type":"WebPage","@id":"https:\/\/arema.com\/ca\/aigua-regenerada\/","url":"https:\/\/arema.com\/ca\/aigua-regenerada\/","name":"AIGUA REGENERADA: Gesti\u00f3 global dels recursos - Arema","isPartOf":{"@id":"https:\/\/arema.com\/en\/#website"},"primaryImageOfPage":{"@id":"https:\/\/arema.com\/ca\/aigua-regenerada\/#primaryimage"},"image":{"@id":"https:\/\/arema.com\/ca\/aigua-regenerada\/#primaryimage"},"thumbnailUrl":"https:\/\/arema.com\/wp-content\/uploads\/2020\/10\/Aigua-regenerada-1.jpg","datePublished":"2020-11-10T10:30:49+00:00","dateModified":"2020-12-04T11:50:48+00:00","description":"L'Aigua regenerada prov\u00e9 d'estacions de tractament d\u2019aig\u00fces residuals. Un cop depurada, se li aplica un tractament per fer-la apta per l'\u00fas.","breadcrumb":{"@id":"https:\/\/arema.com\/ca\/aigua-regenerada\/#breadcrumb"},"inLanguage":"ca","potentialAction":[{"@type":"ReadAction","target":["https:\/\/arema.com\/ca\/aigua-regenerada\/"]}]},{"@type":"ImageObject","inLanguage":"ca","@id":"https:\/\/arema.com\/ca\/aigua-regenerada\/#primaryimage","url":"https:\/\/arema.com\/wp-content\/uploads\/2020\/10\/Aigua-regenerada-1.jpg","contentUrl":"https:\/\/arema.com\/wp-content\/uploads\/2020\/10\/Aigua-regenerada-1.jpg","width":1182,"height":1182,"caption":"Serveis Aigua regenerada AREMA"},{"@type":"BreadcrumbList","@id":"https:\/\/arema.com\/ca\/aigua-regenerada\/#breadcrumb","itemListElement":[{"@type":"ListItem","position":1,"name":"Inici","item":"https:\/\/arema.com\/ca\/"},{"@type":"ListItem","position":2,"name":"AIGUA REGENERADA"}]},{"@type":"WebSite","@id":"https:\/\/arema.com\/en\/#website","url":"https:\/\/arema.com\/en\/","name":"Arema","description":"Agua, residuos y medio ambiente","potentialAction":[{"@type":"SearchAction","target":{"@type":"EntryPoint","urlTemplate":"https:\/\/arema.com\/en\/?s={search_term_string}"},"query-input":{"@type":"PropertyValueSpecification","valueRequired":true,"valueName":"search_term_string"}}],"inLanguage":"ca"}]}},"_links":{"self":[{"href":"https:\/\/arema.com\/ca\/wp-json\/wp\/v2\/pages\/509","targetHints":{"allow":["GET"]}}],"collection":[{"href":"https:\/\/arema.com\/ca\/wp-json\/wp\/v2\/pages"}],"about":[{"href":"https:\/\/arema.com\/ca\/wp-json\/wp\/v2\/types\/page"}],"author":[{"embeddable":true,"href":"https:\/\/arema.com\/ca\/wp-json\/wp\/v2\/users\/1"}],"replies":[{"embeddable":true,"href":"https:\/\/arema.com\/ca\/wp-json\/wp\/v2\/comments?post=509"}],"version-history":[{"count":8,"href":"https:\/\/arema.com\/ca\/wp-json\/wp\/v2\/pages\/509\/revisions"}],"predecessor-version":[{"id":1558,"href":"https:\/\/arema.com\/ca\/wp-json\/wp\/v2\/pages\/509\/revisions\/1558"}],"wp:featuredmedia":[{"embeddable":true,"href":"https:\/\/arema.com\/ca\/wp-json\/wp\/v2\/media\/153"}],"wp:attachment":[{"href":"https:\/\/arema.com\/ca\/wp-json\/wp\/v2\/media?parent=509"}],"curies":[{"name":"wp","href":"https:\/\/api.w.org\/{rel}","templated":true}]}}