{"id":307,"date":"2020-11-09T15:43:15","date_gmt":"2020-11-09T14:43:15","guid":{"rendered":"http:\/\/arema.com\/?page_id=307"},"modified":"2020-11-20T09:19:41","modified_gmt":"2020-11-20T08:19:41","slug":"grupo-rubau","status":"publish","type":"page","link":"https:\/\/arema.com\/ca\/grupo-rubau\/","title":{"rendered":"QUI SOM"},"content":{"rendered":"<p>[vc_row css_animation=&#8221;&#8221; row_type=&#8221;row&#8221; use_row_as_full_screen_section=&#8221;no&#8221; type=&#8221;grid&#8221; angled_section=&#8221;no&#8221; text_align=&#8221;left&#8221; background_image_as_pattern=&#8221;without_pattern&#8221; z_index=&#8221;&#8221; css=&#8221;.vc_custom_1604935346367{background-image: url(https:\/\/arema.com\/wp-content\/uploads\/2020\/11\/agua-arema-rubau.jpg?id=325) !important;}&#8221;][vc_column width=&#8221;1\/6&#8243;][\/vc_column][vc_column width=&#8221;2\/3&#8243;][vc_empty_space height=&#8221;100&#8243;][vc_column_text]<\/p>\n<h4 style=\"text-align: center;\"><strong><span style=\"color: #ffffff;\"><img decoding=\"async\" class=\"alignnone\" src=\"https:\/\/www.rubau.com\/wp-content\/themes\/rubau\/img\/filet-blanc.png\" \/> AREMA <img decoding=\"async\" class=\"alignnone\" src=\"https:\/\/www.rubau.com\/wp-content\/themes\/rubau\/img\/filet-blanc.png\" \/><\/span><\/strong><\/h4>\n<p>[\/vc_column_text][vc_empty_space height=&#8221;25px&#8221;][vc_column_text]<\/p>\n<h3 style=\"text-align: center;\"><span style=\"color: #ffffff;\">L&#8217;empresa AGUA, RESIDUOS Y MEDIO AMBIENTE S.A. (AREMA) va ser fundada l\u2019any 1995 i \u00e9s una companyia que treballa per oferir solucions al m\u00f3n de l\u2019aigua i dels residus.<\/span><\/h3>\n<h3 style=\"text-align: center;\"><span style=\"color: #ffffff;\">AREMA es dedica al disseny i execuci\u00f3 de projectes, com tamb\u00e9 a la construcci\u00f3 i posada en funcionament de plantes de tractament d\u2019aig\u00fces<\/span><\/h3>\n<p>&nbsp;<\/p>\n<h4 style=\"text-align: center;\"><span style=\"color: #ffffff;\">Les seves principals \u00e0rees de negocis s\u00f3n: tractament d\u2019aig\u00fces residuals urbanes i industrials, tractament d\u2019aig\u00fces potables, aig\u00fces de proc\u00e9s per ind\u00fastria, dessalaci\u00f3, regeneraci\u00f3 i reutilitzaci\u00f3 d\u2019aigua, tractament de fangs i tractament de lixiviats.<\/span><\/h4>\n<h4 style=\"text-align: center;\"><span style=\"color: #ffffff;\">La millora de les condicions de vida i el respecte pel medi ambient, s\u00f3n la for\u00e7a que engega, cada mat\u00ed, el motor del nostre vaixell.<\/span><\/h4>\n<h4 style=\"text-align: center;\"><span style=\"color: #ffffff;\">L\u2019\u00e0mbit d\u2019actuaci\u00f3 de l\u2019empresa \u00e9s troba actualment tant dins el territori nacional com de l\u2019internacional.<\/span><\/h4>\n<p>[\/vc_column_text][vc_empty_space height=&#8221;40px&#8221;][vc_single_image image=&#8221;137&#8243; img_size=&#8221;medium&#8221; alignment=&#8221;center&#8221; qode_css_animation=&#8221;&#8221;][vc_empty_space height=&#8221;50&#8243;][\/vc_column][vc_column width=&#8221;1\/6&#8243;][\/vc_column][\/vc_row][vc_row css_animation=&#8221;&#8221; row_type=&#8221;row&#8221; use_row_as_full_screen_section=&#8221;no&#8221; type=&#8221;grid&#8221; angled_section=&#8221;no&#8221; text_align=&#8221;left&#8221; background_image_as_pattern=&#8221;without_pattern&#8221; z_index=&#8221;&#8221; css=&#8221;.vc_custom_1604935503824{background-color: #999786 !important;}&#8221;][vc_column width=&#8221;1\/6&#8243;][\/vc_column][vc_column width=&#8221;2\/3&#8243;][vc_empty_space height=&#8221;50&#8243;][vc_column_text]<\/p>\n<h4 style=\"text-align: center;\"><strong><span style=\"color: #ffffff;\"><img decoding=\"async\" class=\"alignnone\" src=\"https:\/\/www.rubau.com\/wp-content\/themes\/rubau\/img\/filet-blanc.png\" \/> AREMA AL M\u00d3N<img decoding=\"async\" class=\"alignnone\" src=\"https:\/\/www.rubau.com\/wp-content\/themes\/rubau\/img\/filet-blanc.png\" \/><\/span><\/strong><\/h4>\n<p>[\/vc_column_text][vc_empty_space height=&#8221;25px&#8221;][vc_column_text]<\/p>\n<p style=\"text-align: center;\"><span style=\"color: #ffffff;\">AREMA posseeix una experi\u00e8ncia internacional molt \u00e0mplia. Fa m\u00e9s de 15 anys, la companyia va iniciar un proc\u00e9s d\u2019internacionalitzaci\u00f3 per tal d\u2019obrir nous mercats i noves vies de treball en plantes de tractament.Per tal d\u2019augmentar la seva pres\u00e8ncia internacional, AREMA ha treballat amb socis locals, dissenyant i assessorant projectes, aix\u00ed com construint i realitzant el seguiment de totes les seves obres.<\/span><\/p>\n<p style=\"text-align: center;\"><span style=\"color: #ffffff;\">L\u2019empresa compta amb delegacions i representacions comercials a diferents pa\u00efsos d\u2019Am\u00e8rica Central i Sud Am\u00e8rica, aix\u00ed com a l\u2019Est d\u2019Europa i el Nord d\u2019\u00c0frica. Actualment AREMA es troba executant projectes principalment a M\u00e8xic, Col\u00f2mbia, Bulg\u00e0ria, Romania i Alg\u00e8ria.<\/span><\/p>\n<p>[\/vc_column_text][\/vc_column][vc_column width=&#8221;1\/6&#8243;][\/vc_column][\/vc_row][vc_row css_animation=&#8221;&#8221; row_type=&#8221;row&#8221; use_row_as_full_screen_section=&#8221;no&#8221; type=&#8221;grid&#8221; angled_section=&#8221;no&#8221; text_align=&#8221;left&#8221; background_image_as_pattern=&#8221;without_pattern&#8221; z_index=&#8221;&#8221; css=&#8221;.vc_custom_1604935503824{background-color: #999786 !important;}&#8221;][vc_column width=&#8221;1\/6&#8243;][\/vc_column][vc_column width=&#8221;2\/3&#8243;][vc_empty_space height=&#8221;25px&#8221;][vc_column_text]<\/p>\n<p style=\"text-align: left; padding-left: 40px;\"><span style=\"color: #ffffff;\">Compromesa amb el Medi Ambient i les persones, l\u2019empresa defineix els seus valors considerant:<\/span><\/p>\n<p style=\"text-align: left; padding-left: 40px;\"><span style=\"color: #ffffff;\">&#8211; L\u2019Aplicaci\u00f3 de les \u00faltimes tecnologies mediambientals.<\/span><\/p>\n<p style=\"text-align: left; padding-left: 40px;\"><span style=\"color: #ffffff;\">&#8211; La cerca de l\u2019estalvi, la reutilitzaci\u00f3 i l\u2019efici\u00e8ncia energ\u00e8tica.<\/span><\/p>\n<p style=\"text-align: left; padding-left: 40px;\"><span style=\"color: #ffffff;\">&#8211; Les solucions \u00f2ptimes a llarg termini.<\/span><\/p>\n<p style=\"text-align: left; padding-left: 40px;\"><span style=\"color: #ffffff;\">&#8211; La garantia en les solucions proposades.<\/span><\/p>\n<p style=\"text-align: left; padding-left: 40px;\"><span style=\"color: #ffffff;\">&#8211; La voluntat de comprom\u00eds social.<\/span><\/p>\n<p>[\/vc_column_text][\/vc_column][vc_column width=&#8221;1\/6&#8243;][\/vc_column][\/vc_row][vc_row css_animation=&#8221;&#8221; row_type=&#8221;row&#8221; use_row_as_full_screen_section=&#8221;no&#8221; type=&#8221;grid&#8221; angled_section=&#8221;no&#8221; text_align=&#8221;left&#8221; background_image_as_pattern=&#8221;without_pattern&#8221; z_index=&#8221;&#8221; css=&#8221;.vc_custom_1604935503824{background-color: #999786 !important;}&#8221;][vc_column width=&#8221;1\/6&#8243;][\/vc_column][vc_column width=&#8221;2\/3&#8243;][vc_empty_space height=&#8221;25px&#8221;][vc_column_text]<\/p>\n<p style=\"text-align: center;\"><span style=\"color: #ffffff;\">L\u2019Empresa disposa de les Classificacions otorgades pel Ministerio de Hacienda y Administraciones P\u00fablicas per a la realitzaci\u00f3 de treballs a les diverses Administracions P\u00fabliques, tant en disseny i construcci\u00f3 de plantes de tractament com en el manteniment i operaci\u00f3 de les mateixes, talment com la d\u2019obres hidr\u00e0uliques i obres el\u00e8ctriques.<\/span><\/p>\n<p>[\/vc_column_text][vc_empty_space height=&#8221;100&#8243;][\/vc_column][vc_column width=&#8221;1\/6&#8243;][\/vc_column][\/vc_row][vc_row css_animation=&#8221;&#8221; row_type=&#8221;row&#8221; use_row_as_full_screen_section=&#8221;no&#8221; type=&#8221;grid&#8221; angled_section=&#8221;no&#8221; text_align=&#8221;left&#8221; background_image_as_pattern=&#8221;without_pattern&#8221; z_index=&#8221;&#8221; css=&#8221;.vc_custom_1604935959186{background-color: #999786 !important;}&#8221;][vc_column width=&#8221;1\/4&#8243;][\/vc_column][vc_column width=&#8221;1\/2&#8243;][vc_single_image image=&#8221;326&#8243; img_size=&#8221;full&#8221; qode_css_animation=&#8221;&#8221; qode_hover_animation=&#8221;zoom_in&#8221;][vc_empty_space height=&#8221;100px&#8221;][\/vc_column][vc_column width=&#8221;1\/4&#8243;][\/vc_column][\/vc_row][vc_row css_animation=&#8221;&#8221; row_type=&#8221;row&#8221; use_row_as_full_screen_section=&#8221;no&#8221; type=&#8221;grid&#8221; angled_section=&#8221;no&#8221; text_align=&#8221;left&#8221; background_image_as_pattern=&#8221;without_pattern&#8221; z_index=&#8221;&#8221;][vc_column width=&#8221;1\/6&#8243;][\/vc_column][vc_column width=&#8221;2\/3&#8243;][vc_empty_space height=&#8221;100&#8243;][vc_column_text]<\/p>\n<h4 style=\"text-align: center;\"><a href=\"https:\/\/www.rubau.com\/\"><span style=\"color: #000000;\"><strong><img decoding=\"async\" src=\"https:\/\/www.rubau.com\/wp-content\/themes\/rubau\/img\/filet.png\" \/> GRUP RUBAU <img decoding=\"async\" src=\"https:\/\/www.rubau.com\/wp-content\/themes\/rubau\/img\/filet.png\" \/><\/strong><\/span><\/a><\/h4>\n<p>[\/vc_column_text][vc_empty_space height=&#8221;25px&#8221;][vc_column_text]<\/p>\n<h3 style=\"text-align: center;\"><a href=\"https:\/\/www.rubau.com\/\">Grup Rubau<\/a> es defineix com un grup empresarial modern, innovador, amb projecci\u00f3 i amb lideratge social, que centra la seva activitat b\u00e0sicament en tres grans \u00e0rees de negoci: Construcci\u00f3, Concession\u00e0ria i Immobili\u00e0ria.<\/h3>\n<p>&nbsp;<\/p>\n<h4 style=\"text-align: center;\">Sense perdre la identitat pr\u00f2pia, el grup afronta, amb professionalitat i comprom\u00eds, els reptes del mercat, sempre al servei del client i de la societat en general.\u00a0El seu \u00e0mbit d\u2019actuaci\u00f3 \u00e9s tant el territori nacional com l\u2019internacional, ja que actualment desenvolupa un projecte d\u2019internacionalitzaci\u00f3 important, essencialment, en els continents americ\u00e0 i europeu.<\/h4>\n<h4 style=\"text-align: center;\">El pla estrat\u00e8gic del grup actual passa per un creixement sostenible gr\u00e0cies a la incorporaci\u00f3 de nous clients, a l\u2019expansi\u00f3 geogr\u00e0fica i a la creaci\u00f3 de noves \u00e0rees de negoci.<\/h4>\n<p>[\/vc_column_text][vc_empty_space height=&#8221;100&#8243;][\/vc_column][vc_column width=&#8221;1\/6&#8243;][\/vc_column][\/vc_row][vc_row css_animation=&#8221;&#8221; row_type=&#8221;row&#8221; use_row_as_full_screen_section=&#8221;no&#8221; type=&#8221;full_width&#8221; angled_section=&#8221;no&#8221; text_align=&#8221;left&#8221; background_image_as_pattern=&#8221;without_pattern&#8221; z_index=&#8221;&#8221;][vc_column][vc_single_image image=&#8221;310&#8243; img_size=&#8221;full&#8221; alignment=&#8221;center&#8221; qode_css_animation=&#8221;&#8221;][\/vc_column][\/vc_row][vc_row css_animation=&#8221;&#8221; row_type=&#8221;row&#8221; use_row_as_full_screen_section=&#8221;no&#8221; type=&#8221;full_width&#8221; angled_section=&#8221;no&#8221; text_align=&#8221;left&#8221; background_image_as_pattern=&#8221;without_pattern&#8221;][vc_column][vc_empty_space height=&#8221;120&#8243;][\/vc_column][\/vc_row]<\/p>\n","protected":false},"excerpt":{"rendered":"<p>[vc_row css_animation=&#8221;&#8221; row_type=&#8221;row&#8221; use_row_as_full_screen_section=&#8221;no&#8221; type=&#8221;grid&#8221; angled_section=&#8221;no&#8221; text_align=&#8221;left&#8221; background_image_as_pattern=&#8221;without_pattern&#8221; z_index=&#8221;&#8221; css=&#8221;.vc_custom_1604935346367{background-image: url(https:\/\/arema.com\/wp-content\/uploads\/2020\/11\/agua-arema-rubau.jpg?id=325) !important;}&#8221;][vc_column width=&#8221;1\/6&#8243;][\/vc_column][vc_column width=&#8221;2\/3&#8243;][vc_empty_space height=&#8221;100&#8243;][vc_column_text] AREMA [\/vc_column_text][vc_empty_space height=&#8221;25px&#8221;][vc_column_text] L&#8217;empresa AGUA, RESIDUOS Y MEDIO AMBIENTE S.A. (AREMA) va ser fundada l\u2019any 1995 i \u00e9s una companyia que treballa per oferir solucions al m\u00f3n de l\u2019aigua i&#8230;<\/p>\n","protected":false},"author":1,"featured_media":0,"parent":0,"menu_order":0,"comment_status":"closed","ping_status":"closed","template":"full_width.php","meta":{"footnotes":""},"class_list":["post-307","page","type-page","status-publish","hentry"],"yoast_head":"<!-- This site is optimized with the Yoast SEO plugin v27.2 - https:\/\/yoast.com\/product\/yoast-seo-wordpress\/ -->\n<title>Plantes de tractament Arema: aigua, residus i medi ambient - Arema<\/title>\n<meta name=\"description\" content=\"AREMA es dedica al disseny i execuci\u00f3 de projectes, com tamb\u00e9 a la construcci\u00f3 i posada en funcionament de plantes de tractament d\u2019aig\u00fces\" \/>\n<meta name=\"robots\" content=\"index, follow, max-snippet:-1, max-image-preview:large, max-video-preview:-1\" \/>\n<link rel=\"canonical\" href=\"http:\/\/arema.com\/ca\/grupo-rubau\/\" \/>\n<meta property=\"og:locale\" content=\"ca_ES\" \/>\n<meta property=\"og:type\" content=\"article\" \/>\n<meta property=\"og:title\" content=\"Plantes de tractament Arema: aigua, residus i medi ambient - Arema\" \/>\n<meta property=\"og:description\" content=\"AREMA es dedica al disseny i execuci\u00f3 de projectes, com tamb\u00e9 a la construcci\u00f3 i posada en funcionament de plantes de tractament d\u2019aig\u00fces\" \/>\n<meta property=\"og:url\" content=\"http:\/\/arema.com\/ca\/grupo-rubau\/\" \/>\n<meta property=\"og:site_name\" content=\"Arema\" \/>\n<meta property=\"article:modified_time\" content=\"2020-11-20T08:19:41+00:00\" \/>\n<meta property=\"og:image\" content=\"https:\/\/www.rubau.com\/wp-content\/themes\/rubau\/img\/filet-blanc.png\" \/>\n<meta name=\"twitter:card\" content=\"summary_large_image\" \/>\n<meta name=\"twitter:label1\" content=\"Temps estimat de lectura\" \/>\n\t<meta name=\"twitter:data1\" content=\"5 minuts\" \/>\n<script type=\"application\/ld+json\" class=\"yoast-schema-graph\">{\"@context\":\"https:\/\/schema.org\",\"@graph\":[{\"@type\":\"WebPage\",\"@id\":\"http:\/\/arema.com\/ca\/grupo-rubau\/\",\"url\":\"http:\/\/arema.com\/ca\/grupo-rubau\/\",\"name\":\"Plantes de tractament Arema: aigua, residus i medi ambient - Arema\",\"isPartOf\":{\"@id\":\"http:\/\/arema.com\/#website\"},\"primaryImageOfPage\":{\"@id\":\"http:\/\/arema.com\/ca\/grupo-rubau\/#primaryimage\"},\"image\":{\"@id\":\"http:\/\/arema.com\/ca\/grupo-rubau\/#primaryimage\"},\"thumbnailUrl\":\"https:\/\/www.rubau.com\/wp-content\/themes\/rubau\/img\/filet-blanc.png\",\"datePublished\":\"2020-11-09T14:43:15+00:00\",\"dateModified\":\"2020-11-20T08:19:41+00:00\",\"description\":\"AREMA es dedica al disseny i execuci\u00f3 de projectes, com tamb\u00e9 a la construcci\u00f3 i posada en funcionament de plantes de tractament d\u2019aig\u00fces\",\"breadcrumb\":{\"@id\":\"http:\/\/arema.com\/ca\/grupo-rubau\/#breadcrumb\"},\"inLanguage\":\"ca\",\"potentialAction\":[{\"@type\":\"ReadAction\",\"target\":[\"http:\/\/arema.com\/ca\/grupo-rubau\/\"]}]},{\"@type\":\"ImageObject\",\"inLanguage\":\"ca\",\"@id\":\"http:\/\/arema.com\/ca\/grupo-rubau\/#primaryimage\",\"url\":\"https:\/\/www.rubau.com\/wp-content\/themes\/rubau\/img\/filet-blanc.png\",\"contentUrl\":\"https:\/\/www.rubau.com\/wp-content\/themes\/rubau\/img\/filet-blanc.png\"},{\"@type\":\"BreadcrumbList\",\"@id\":\"http:\/\/arema.com\/ca\/grupo-rubau\/#breadcrumb\",\"itemListElement\":[{\"@type\":\"ListItem\",\"position\":1,\"name\":\"Inici\",\"item\":\"http:\/\/arema.com\/ca\/\"},{\"@type\":\"ListItem\",\"position\":2,\"name\":\"QUI SOM\"}]},{\"@type\":\"WebSite\",\"@id\":\"http:\/\/arema.com\/#website\",\"url\":\"http:\/\/arema.com\/\",\"name\":\"Arema\",\"description\":\"Agua, residuos y medio ambiente\",\"potentialAction\":[{\"@type\":\"SearchAction\",\"target\":{\"@type\":\"EntryPoint\",\"urlTemplate\":\"http:\/\/arema.com\/?s={search_term_string}\"},\"query-input\":{\"@type\":\"PropertyValueSpecification\",\"valueRequired\":true,\"valueName\":\"search_term_string\"}}],\"inLanguage\":\"ca\"}]}<\/script>\n<!-- \/ Yoast SEO plugin. -->","yoast_head_json":{"title":"Plantes de tractament Arema: aigua, residus i medi ambient - Arema","description":"AREMA es dedica al disseny i execuci\u00f3 de projectes, com tamb\u00e9 a la construcci\u00f3 i posada en funcionament de plantes de tractament d\u2019aig\u00fces","robots":{"index":"index","follow":"follow","max-snippet":"max-snippet:-1","max-image-preview":"max-image-preview:large","max-video-preview":"max-video-preview:-1"},"canonical":"http:\/\/arema.com\/ca\/grupo-rubau\/","og_locale":"ca_ES","og_type":"article","og_title":"Plantes de tractament Arema: aigua, residus i medi ambient - Arema","og_description":"AREMA es dedica al disseny i execuci\u00f3 de projectes, com tamb\u00e9 a la construcci\u00f3 i posada en funcionament de plantes de tractament d\u2019aig\u00fces","og_url":"http:\/\/arema.com\/ca\/grupo-rubau\/","og_site_name":"Arema","article_modified_time":"2020-11-20T08:19:41+00:00","og_image":[{"url":"https:\/\/www.rubau.com\/wp-content\/themes\/rubau\/img\/filet-blanc.png","type":"","width":"","height":""}],"twitter_card":"summary_large_image","twitter_misc":{"Temps estimat de lectura":"5 minuts"},"schema":{"@context":"https:\/\/schema.org","@graph":[{"@type":"WebPage","@id":"http:\/\/arema.com\/ca\/grupo-rubau\/","url":"http:\/\/arema.com\/ca\/grupo-rubau\/","name":"Plantes de tractament Arema: aigua, residus i medi ambient - Arema","isPartOf":{"@id":"http:\/\/arema.com\/#website"},"primaryImageOfPage":{"@id":"http:\/\/arema.com\/ca\/grupo-rubau\/#primaryimage"},"image":{"@id":"http:\/\/arema.com\/ca\/grupo-rubau\/#primaryimage"},"thumbnailUrl":"https:\/\/www.rubau.com\/wp-content\/themes\/rubau\/img\/filet-blanc.png","datePublished":"2020-11-09T14:43:15+00:00","dateModified":"2020-11-20T08:19:41+00:00","description":"AREMA es dedica al disseny i execuci\u00f3 de projectes, com tamb\u00e9 a la construcci\u00f3 i posada en funcionament de plantes de tractament d\u2019aig\u00fces","breadcrumb":{"@id":"http:\/\/arema.com\/ca\/grupo-rubau\/#breadcrumb"},"inLanguage":"ca","potentialAction":[{"@type":"ReadAction","target":["http:\/\/arema.com\/ca\/grupo-rubau\/"]}]},{"@type":"ImageObject","inLanguage":"ca","@id":"http:\/\/arema.com\/ca\/grupo-rubau\/#primaryimage","url":"https:\/\/www.rubau.com\/wp-content\/themes\/rubau\/img\/filet-blanc.png","contentUrl":"https:\/\/www.rubau.com\/wp-content\/themes\/rubau\/img\/filet-blanc.png"},{"@type":"BreadcrumbList","@id":"http:\/\/arema.com\/ca\/grupo-rubau\/#breadcrumb","itemListElement":[{"@type":"ListItem","position":1,"name":"Inici","item":"http:\/\/arema.com\/ca\/"},{"@type":"ListItem","position":2,"name":"QUI SOM"}]},{"@type":"WebSite","@id":"http:\/\/arema.com\/#website","url":"http:\/\/arema.com\/","name":"Arema","description":"Agua, residuos y medio ambiente","potentialAction":[{"@type":"SearchAction","target":{"@type":"EntryPoint","urlTemplate":"http:\/\/arema.com\/?s={search_term_string}"},"query-input":{"@type":"PropertyValueSpecification","valueRequired":true,"valueName":"search_term_string"}}],"inLanguage":"ca"}]}},"_links":{"self":[{"href":"https:\/\/arema.com\/ca\/wp-json\/wp\/v2\/pages\/307","targetHints":{"allow":["GET"]}}],"collection":[{"href":"https:\/\/arema.com\/ca\/wp-json\/wp\/v2\/pages"}],"about":[{"href":"https:\/\/arema.com\/ca\/wp-json\/wp\/v2\/types\/page"}],"author":[{"embeddable":true,"href":"https:\/\/arema.com\/ca\/wp-json\/wp\/v2\/users\/1"}],"replies":[{"embeddable":true,"href":"https:\/\/arema.com\/ca\/wp-json\/wp\/v2\/comments?post=307"}],"version-history":[{"count":16,"href":"https:\/\/arema.com\/ca\/wp-json\/wp\/v2\/pages\/307\/revisions"}],"predecessor-version":[{"id":1667,"href":"https:\/\/arema.com\/ca\/wp-json\/wp\/v2\/pages\/307\/revisions\/1667"}],"wp:attachment":[{"href":"https:\/\/arema.com\/ca\/wp-json\/wp\/v2\/media?parent=307"}],"curies":[{"name":"wp","href":"https:\/\/api.w.org\/{rel}","templated":true}]}}