{"id":21791,"date":"2024-05-13T16:36:57","date_gmt":"2024-05-13T14:36:57","guid":{"rendered":"https:\/\/arema.com\/?page_id=21791"},"modified":"2024-05-13T17:22:34","modified_gmt":"2024-05-13T15:22:34","slug":"plantes-de-tractament","status":"publish","type":"page","link":"https:\/\/arema.com\/ca\/plantes-de-tractament\/","title":{"rendered":"PLANTES DE TRACTAMENT"},"content":{"rendered":"<p>[vc_row css_animation=&#8221;&#8221; row_type=&#8221;row&#8221; use_row_as_full_screen_section=&#8221;no&#8221; type=&#8221;grid&#8221; angled_section=&#8221;no&#8221; text_align=&#8221;left&#8221; background_image_as_pattern=&#8221;without_pattern&#8221; z_index=&#8221;&#8221; css=&#8221;.vc_custom_1715613248526{background-image: url(https:\/\/arema.com\/wp-content\/uploads\/2024\/05\/3.-Imatge-tractametn-residus-3.png?id=21829) !important;}&#8221;][vc_column width=&#8221;1\/6&#8243;][\/vc_column][vc_column width=&#8221;2\/3&#8243;][vc_empty_space height=&#8221;80px&#8221;][qode_elements_holder number_of_columns=&#8221;one_column&#8221;][qode_elements_holder_item advanced_animations=&#8221;no&#8221; background_color=&#8221;rgba(255,255,255,0.82)&#8221; item_padding=&#8221;20px 20px 20px 20px&#8221;][vc_empty_space height=&#8221;50px&#8221;][vc_column_text]<\/p>\n<div class=\"region region-content\">\n<section id=\"block-system-main\" class=\"block block-system clearfix\">\n<div class=\"ds-1col node node-solucions view-mode-full clearfix\">\n<div class=\"field field-name-body field-type-text-with-summary field-label-hidden\">\n<div class=\"field-items\">\n<h3>L\u2019economia circular, consistent en reintroduir a la cadena productiva materials recuperats enlloc d\u2019obtenir-los del medi natural, \u00e9s un dels pilars m\u00e9s importants en qu\u00e8 es basa el binomi progr\u00e9s i sostenibilitat.<\/h3>\n<h3 class=\"field-item even\">Aquest principi, aplicable a residus coneguts per tots com el vidre o el paper, tamb\u00e9 \u00e9s d\u2019una import\u00e0ncia cabdal en el cas dels residus de la construcci\u00f3.<\/h3>\n<\/div>\n<\/div>\n<\/div>\n<\/section>\n<\/div>\n<p>[\/vc_column_text][vc_empty_space height=&#8221;30px&#8221;][vc_column_text][\/vc_column_text][vc_empty_space height=&#8221;80px&#8221;][\/qode_elements_holder_item][\/qode_elements_holder][vc_empty_space height=&#8221;80px&#8221;][\/vc_column][vc_column width=&#8221;1\/6&#8243;][\/vc_column][\/vc_row][vc_row css_animation=&#8221;&#8221; row_type=&#8221;row&#8221; use_row_as_full_screen_section=&#8221;no&#8221; type=&#8221;grid&#8221; angled_section=&#8221;no&#8221; text_align=&#8221;left&#8221; background_image_as_pattern=&#8221;without_pattern&#8221; z_index=&#8221;&#8221; css=&#8221;.vc_custom_1605002389151{background-color: #ffffff !important;}&#8221;][vc_column width=&#8221;1\/6&#8243;][\/vc_column][vc_column width=&#8221;2\/3&#8243;][vc_empty_space height=&#8221;80px&#8221;][qode_elements_holder number_of_columns=&#8221;one_column&#8221;][qode_elements_holder_item advanced_animations=&#8221;no&#8221; background_color=&#8221;rgba(255,255,255,0.82)&#8221; item_padding=&#8221;20px 20px 20px 20px&#8221;][vc_empty_space height=&#8221;50px&#8221;][vc_column_text]<\/p>\n<div class=\"region region-content\">\n<section id=\"block-system-main\" class=\"block block-system clearfix\">\n<div class=\"ds-1col node node-solucions view-mode-full clearfix\">\n<div class=\"field field-name-body field-type-text-with-summary field-label-hidden\">\n<div class=\"field-items\">\n<div class=\"field-item even\">\n<h4 style=\"text-align: center;\"><img decoding=\"async\" class=\"alignnone\" src=\"https:\/\/www.rubau.com\/wp-content\/themes\/rubau\/img\/filet-blanc.png\" \/> TIPUS DE TRACTAMENTS <img decoding=\"async\" class=\"alignnone\" src=\"https:\/\/www.rubau.com\/wp-content\/themes\/rubau\/img\/filet-blanc.png\" \/><\/h4>\n<\/div>\n<\/div>\n<\/div>\n<\/div>\n<\/section>\n<\/div>\n<p>[\/vc_column_text][vc_empty_space height=&#8221;30px&#8221;][vc_column_text][\/vc_column_text][vc_empty_space height=&#8221;80px&#8221;][vc_single_image img_size=&#8221;full&#8221; alignment=&#8221;center&#8221; qode_css_animation=&#8221;&#8221;][\/qode_elements_holder_item][\/qode_elements_holder][vc_empty_space height=&#8221;80px&#8221;][\/vc_column][vc_column width=&#8221;1\/6&#8243;][\/vc_column][\/vc_row]<\/p>\n","protected":false},"excerpt":{"rendered":"<p>[vc_row css_animation=&#8221;&#8221; row_type=&#8221;row&#8221; use_row_as_full_screen_section=&#8221;no&#8221; type=&#8221;grid&#8221; angled_section=&#8221;no&#8221; text_align=&#8221;left&#8221; background_image_as_pattern=&#8221;without_pattern&#8221; z_index=&#8221;&#8221; css=&#8221;.vc_custom_1715613248526{background-image: url(https:\/\/arema.com\/wp-content\/uploads\/2024\/05\/3.-Imatge-tractametn-residus-3.png?id=21829) !important;}&#8221;][vc_column width=&#8221;1\/6&#8243;][\/vc_column][vc_column width=&#8221;2\/3&#8243;][vc_empty_space height=&#8221;80px&#8221;][qode_elements_holder number_of_columns=&#8221;one_column&#8221;][qode_elements_holder_item advanced_animations=&#8221;no&#8221; background_color=&#8221;rgba(255,255,255,0.82)&#8221; item_padding=&#8221;20px 20px 20px 20px&#8221;][vc_empty_space height=&#8221;50px&#8221;][vc_column_text] L\u2019economia circular, consistent en reintroduir a la cadena productiva materials recuperats enlloc d\u2019obtenir-los del medi natural, \u00e9s un dels pilars m\u00e9s importants&#8230;<\/p>\n","protected":false},"author":1,"featured_media":0,"parent":0,"menu_order":0,"comment_status":"closed","ping_status":"closed","template":"full_width.php","meta":{"footnotes":""},"class_list":["post-21791","page","type-page","status-publish","hentry"],"yoast_head":"<!-- This site is optimized with the Yoast SEO plugin v27.2 - https:\/\/yoast.com\/product\/yoast-seo-wordpress\/ -->\n<title>PLANTES DE TRACTAMENT: tractament i subministrament - Arema<\/title>\n<meta name=\"description\" content=\"Disposem de sistemes de tractament i subministrament d\u2019aigua potable i aportem solucions a municipis, ind\u00fastries o nuclis rurals\" \/>\n<meta name=\"robots\" content=\"index, follow, max-snippet:-1, max-image-preview:large, max-video-preview:-1\" \/>\n<link rel=\"canonical\" href=\"http:\/\/arema.com\/ca\/plantes-de-tractament\/\" \/>\n<meta property=\"og:locale\" content=\"ca_ES\" \/>\n<meta property=\"og:type\" content=\"article\" \/>\n<meta property=\"og:title\" content=\"PLANTES DE TRACTAMENT: tractament i subministrament - Arema\" \/>\n<meta property=\"og:description\" content=\"Disposem de sistemes de tractament i subministrament d\u2019aigua potable i aportem solucions a municipis, ind\u00fastries o nuclis rurals\" \/>\n<meta property=\"og:url\" content=\"http:\/\/arema.com\/ca\/plantes-de-tractament\/\" \/>\n<meta property=\"og:site_name\" content=\"Arema\" \/>\n<meta property=\"article:modified_time\" content=\"2024-05-13T15:22:34+00:00\" \/>\n<meta property=\"og:image\" content=\"https:\/\/www.rubau.com\/wp-content\/themes\/rubau\/img\/filet-blanc.png\" \/>\n<meta name=\"twitter:card\" content=\"summary_large_image\" \/>\n<meta name=\"twitter:label1\" content=\"Temps estimat de lectura\" \/>\n\t<meta name=\"twitter:data1\" content=\"2 minuts\" \/>\n<script type=\"application\/ld+json\" class=\"yoast-schema-graph\">{\"@context\":\"https:\/\/schema.org\",\"@graph\":[{\"@type\":\"WebPage\",\"@id\":\"http:\/\/arema.com\/ca\/plantes-de-tractament\/\",\"url\":\"http:\/\/arema.com\/ca\/plantes-de-tractament\/\",\"name\":\"PLANTES DE TRACTAMENT: tractament i subministrament - Arema\",\"isPartOf\":{\"@id\":\"http:\/\/arema.com\/#website\"},\"primaryImageOfPage\":{\"@id\":\"http:\/\/arema.com\/ca\/plantes-de-tractament\/#primaryimage\"},\"image\":{\"@id\":\"http:\/\/arema.com\/ca\/plantes-de-tractament\/#primaryimage\"},\"thumbnailUrl\":\"https:\/\/www.rubau.com\/wp-content\/themes\/rubau\/img\/filet-blanc.png\",\"datePublished\":\"2024-05-13T14:36:57+00:00\",\"dateModified\":\"2024-05-13T15:22:34+00:00\",\"description\":\"Disposem de sistemes de tractament i subministrament d\u2019aigua potable i aportem solucions a municipis, ind\u00fastries o nuclis rurals\",\"breadcrumb\":{\"@id\":\"http:\/\/arema.com\/ca\/plantes-de-tractament\/#breadcrumb\"},\"inLanguage\":\"ca\",\"potentialAction\":[{\"@type\":\"ReadAction\",\"target\":[\"http:\/\/arema.com\/ca\/plantes-de-tractament\/\"]}]},{\"@type\":\"ImageObject\",\"inLanguage\":\"ca\",\"@id\":\"http:\/\/arema.com\/ca\/plantes-de-tractament\/#primaryimage\",\"url\":\"https:\/\/www.rubau.com\/wp-content\/themes\/rubau\/img\/filet-blanc.png\",\"contentUrl\":\"https:\/\/www.rubau.com\/wp-content\/themes\/rubau\/img\/filet-blanc.png\"},{\"@type\":\"BreadcrumbList\",\"@id\":\"http:\/\/arema.com\/ca\/plantes-de-tractament\/#breadcrumb\",\"itemListElement\":[{\"@type\":\"ListItem\",\"position\":1,\"name\":\"Inici\",\"item\":\"http:\/\/arema.com\/ca\/\"},{\"@type\":\"ListItem\",\"position\":2,\"name\":\"PLANTES DE TRACTAMENT\"}]},{\"@type\":\"WebSite\",\"@id\":\"http:\/\/arema.com\/#website\",\"url\":\"http:\/\/arema.com\/\",\"name\":\"Arema\",\"description\":\"Agua, residuos y medio ambiente\",\"potentialAction\":[{\"@type\":\"SearchAction\",\"target\":{\"@type\":\"EntryPoint\",\"urlTemplate\":\"http:\/\/arema.com\/?s={search_term_string}\"},\"query-input\":{\"@type\":\"PropertyValueSpecification\",\"valueRequired\":true,\"valueName\":\"search_term_string\"}}],\"inLanguage\":\"ca\"}]}<\/script>\n<!-- \/ Yoast SEO plugin. -->","yoast_head_json":{"title":"PLANTES DE TRACTAMENT: tractament i subministrament - Arema","description":"Disposem de sistemes de tractament i subministrament d\u2019aigua potable i aportem solucions a municipis, ind\u00fastries o nuclis rurals","robots":{"index":"index","follow":"follow","max-snippet":"max-snippet:-1","max-image-preview":"max-image-preview:large","max-video-preview":"max-video-preview:-1"},"canonical":"http:\/\/arema.com\/ca\/plantes-de-tractament\/","og_locale":"ca_ES","og_type":"article","og_title":"PLANTES DE TRACTAMENT: tractament i subministrament - Arema","og_description":"Disposem de sistemes de tractament i subministrament d\u2019aigua potable i aportem solucions a municipis, ind\u00fastries o nuclis rurals","og_url":"http:\/\/arema.com\/ca\/plantes-de-tractament\/","og_site_name":"Arema","article_modified_time":"2024-05-13T15:22:34+00:00","og_image":[{"url":"https:\/\/www.rubau.com\/wp-content\/themes\/rubau\/img\/filet-blanc.png","type":"","width":"","height":""}],"twitter_card":"summary_large_image","twitter_misc":{"Temps estimat de lectura":"2 minuts"},"schema":{"@context":"https:\/\/schema.org","@graph":[{"@type":"WebPage","@id":"http:\/\/arema.com\/ca\/plantes-de-tractament\/","url":"http:\/\/arema.com\/ca\/plantes-de-tractament\/","name":"PLANTES DE TRACTAMENT: tractament i subministrament - Arema","isPartOf":{"@id":"http:\/\/arema.com\/#website"},"primaryImageOfPage":{"@id":"http:\/\/arema.com\/ca\/plantes-de-tractament\/#primaryimage"},"image":{"@id":"http:\/\/arema.com\/ca\/plantes-de-tractament\/#primaryimage"},"thumbnailUrl":"https:\/\/www.rubau.com\/wp-content\/themes\/rubau\/img\/filet-blanc.png","datePublished":"2024-05-13T14:36:57+00:00","dateModified":"2024-05-13T15:22:34+00:00","description":"Disposem de sistemes de tractament i subministrament d\u2019aigua potable i aportem solucions a municipis, ind\u00fastries o nuclis rurals","breadcrumb":{"@id":"http:\/\/arema.com\/ca\/plantes-de-tractament\/#breadcrumb"},"inLanguage":"ca","potentialAction":[{"@type":"ReadAction","target":["http:\/\/arema.com\/ca\/plantes-de-tractament\/"]}]},{"@type":"ImageObject","inLanguage":"ca","@id":"http:\/\/arema.com\/ca\/plantes-de-tractament\/#primaryimage","url":"https:\/\/www.rubau.com\/wp-content\/themes\/rubau\/img\/filet-blanc.png","contentUrl":"https:\/\/www.rubau.com\/wp-content\/themes\/rubau\/img\/filet-blanc.png"},{"@type":"BreadcrumbList","@id":"http:\/\/arema.com\/ca\/plantes-de-tractament\/#breadcrumb","itemListElement":[{"@type":"ListItem","position":1,"name":"Inici","item":"http:\/\/arema.com\/ca\/"},{"@type":"ListItem","position":2,"name":"PLANTES DE TRACTAMENT"}]},{"@type":"WebSite","@id":"http:\/\/arema.com\/#website","url":"http:\/\/arema.com\/","name":"Arema","description":"Agua, residuos y medio ambiente","potentialAction":[{"@type":"SearchAction","target":{"@type":"EntryPoint","urlTemplate":"http:\/\/arema.com\/?s={search_term_string}"},"query-input":{"@type":"PropertyValueSpecification","valueRequired":true,"valueName":"search_term_string"}}],"inLanguage":"ca"}]}},"_links":{"self":[{"href":"https:\/\/arema.com\/ca\/wp-json\/wp\/v2\/pages\/21791","targetHints":{"allow":["GET"]}}],"collection":[{"href":"https:\/\/arema.com\/ca\/wp-json\/wp\/v2\/pages"}],"about":[{"href":"https:\/\/arema.com\/ca\/wp-json\/wp\/v2\/types\/page"}],"author":[{"embeddable":true,"href":"https:\/\/arema.com\/ca\/wp-json\/wp\/v2\/users\/1"}],"replies":[{"embeddable":true,"href":"https:\/\/arema.com\/ca\/wp-json\/wp\/v2\/comments?post=21791"}],"version-history":[{"count":3,"href":"https:\/\/arema.com\/ca\/wp-json\/wp\/v2\/pages\/21791\/revisions"}],"predecessor-version":[{"id":21832,"href":"https:\/\/arema.com\/ca\/wp-json\/wp\/v2\/pages\/21791\/revisions\/21832"}],"wp:attachment":[{"href":"https:\/\/arema.com\/ca\/wp-json\/wp\/v2\/media?parent=21791"}],"curies":[{"name":"wp","href":"https:\/\/api.w.org\/{rel}","templated":true}]}}