{"id":2162,"date":"2020-12-04T12:52:05","date_gmt":"2020-12-04T11:52:05","guid":{"rendered":"http:\/\/arema.com\/?page_id=2162"},"modified":"2020-12-04T12:58:35","modified_gmt":"2020-12-04T11:58:35","slug":"aigua-potable","status":"publish","type":"page","link":"https:\/\/arema.com\/ca\/aigua-potable\/","title":{"rendered":"AIGUA POTABLE"},"content":{"rendered":"<p>[vc_row css_animation=&#8221;&#8221; row_type=&#8221;row&#8221; use_row_as_full_screen_section=&#8221;no&#8221; type=&#8221;grid&#8221; angled_section=&#8221;no&#8221; text_align=&#8221;left&#8221; background_image_as_pattern=&#8221;without_pattern&#8221; z_index=&#8221;&#8221; css=&#8221;.vc_custom_1605002372614{background-image: url(https:\/\/arema.com\/wp-content\/uploads\/2020\/11\/aigua-potable-fons-3.jpg?id=487) !important;}&#8221;][vc_column width=&#8221;1\/6&#8243;][\/vc_column][vc_column width=&#8221;2\/3&#8243;][vc_empty_space height=&#8221;80px&#8221;][qode_elements_holder number_of_columns=&#8221;one_column&#8221;][qode_elements_holder_item advanced_animations=&#8221;no&#8221; background_color=&#8221;rgba(255,255,255,0.82)&#8221; item_padding=&#8221;20px 20px 20px 20px&#8221;][vc_empty_space height=&#8221;50px&#8221;][vc_column_text]<\/p>\n<div class=\"region region-content\">\n<section id=\"block-system-main\" class=\"block block-system clearfix\">\n<div class=\"ds-1col node node-solucions view-mode-full clearfix\">\n<div class=\"field field-name-body field-type-text-with-summary field-label-hidden\">\n<div class=\"field-items\">\n<div class=\"field-item even\">\n<h3 style=\"text-align: center;\">L\u2019aigua, tal i com la trobem a la naturalesa, sovint no \u00e9s potable i utilitzable directament pel consum hum\u00e0.<\/h3>\n<p>&nbsp;<\/p>\n<h3><\/h3>\n<h3 style=\"text-align: center;\">AREMA disposa de diferents sistemes de tractament i subministrament d\u2019aigua potable.<\/h3>\n<p>&nbsp;<\/p>\n<h3><\/h3>\n<h3 style=\"text-align: center;\">En funci\u00f3 de les necessitats de treball, AREMA aporta solucions particulars a municipis, ind\u00fastries o petits nuclis rurals.<\/h3>\n<\/div>\n<\/div>\n<\/div>\n<\/div>\n<\/section>\n<\/div>\n<p>[\/vc_column_text][vc_empty_space height=&#8221;30px&#8221;][vc_column_text]<\/p>\n<div class=\"region region-content\">\n<section id=\"block-system-main\" class=\"block block-system clearfix\">\n<div class=\"ds-1col node node-solucions view-mode-full clearfix\">\n<div class=\"field field-name-body field-type-text-with-summary field-label-hidden\">\n<div class=\"field-items\">\n<div class=\"field-item even\">\n<p style=\"text-align: center;\"><span style=\"color: #000000;\">AREMA ha dissenyat des de grans plantes de potabilitzaci\u00f3 d\u2019aigua fins a plantes compactes modulars per a petits nuclis de zones rurals, servint-se de diferents tipus de tractaments adaptats a les necessitats del client.<\/span><\/p>\n<\/div>\n<\/div>\n<\/div>\n<\/div>\n<\/section>\n<\/div>\n<p>[\/vc_column_text][vc_empty_space height=&#8221;80px&#8221;][\/qode_elements_holder_item][\/qode_elements_holder][vc_empty_space height=&#8221;80px&#8221;][\/vc_column][vc_column width=&#8221;1\/6&#8243;][\/vc_column][\/vc_row][vc_row css_animation=&#8221;&#8221; row_type=&#8221;row&#8221; use_row_as_full_screen_section=&#8221;no&#8221; type=&#8221;grid&#8221; angled_section=&#8221;no&#8221; text_align=&#8221;left&#8221; background_image_as_pattern=&#8221;without_pattern&#8221; z_index=&#8221;&#8221; css=&#8221;.vc_custom_1605002389151{background-color: #ffffff !important;}&#8221;][vc_column width=&#8221;1\/6&#8243;][\/vc_column][vc_column width=&#8221;2\/3&#8243;][vc_empty_space height=&#8221;80px&#8221;][qode_elements_holder number_of_columns=&#8221;one_column&#8221;][qode_elements_holder_item advanced_animations=&#8221;no&#8221; background_color=&#8221;rgba(255,255,255,0.82)&#8221; item_padding=&#8221;20px 20px 20px 20px&#8221;][vc_empty_space height=&#8221;50px&#8221;][vc_column_text]<\/p>\n<div class=\"region region-content\">\n<section id=\"block-system-main\" class=\"block block-system clearfix\">\n<div class=\"ds-1col node node-solucions view-mode-full clearfix\">\n<div class=\"field field-name-body field-type-text-with-summary field-label-hidden\">\n<div class=\"field-items\">\n<div class=\"field-item even\">\n<h4 style=\"text-align: center;\"><img decoding=\"async\" class=\"alignnone\" src=\"https:\/\/www.rubau.com\/wp-content\/themes\/rubau\/img\/filet-blanc.png\" \/> TIPUS DE TRACTAMENTS <img decoding=\"async\" class=\"alignnone\" src=\"https:\/\/www.rubau.com\/wp-content\/themes\/rubau\/img\/filet-blanc.png\" \/><\/h4>\n<\/div>\n<\/div>\n<\/div>\n<\/div>\n<\/section>\n<\/div>\n<p>[\/vc_column_text][vc_empty_space height=&#8221;30px&#8221;][vc_column_text]<\/p>\n<div class=\"region region-content\">\n<section id=\"block-system-main\" class=\"block block-system clearfix\">\n<div class=\"ds-1col node node-solucions view-mode-full clearfix\">\n<div class=\"field field-name-body field-type-text-with-summary field-label-hidden\">\n<div class=\"field-items\">\n<div class=\"field-item even\">\n<p style=\"text-align: left;\">Els principals tipus de tractaments per a la potabilitzaci\u00f3 consisteixen en tractaments per a clarificar l\u2019aigua, tant de tipus f\u00edsic-qu\u00edmic (processos de coagulaci\u00f3-floculaci\u00f3, precipitaci\u00f3, oxidaci\u00f3, absorci\u00f3, intercanvi i\u00f2nic) com de tipus mec\u00e0nic (filtraci\u00f3 multicapa, tractaments avan\u00e7ats de membranes com UF, RO i EDR) comptant sempre amb una desinfecci\u00f3 final mitjan\u00e7ant la combinaci\u00f3 d\u2019agents oxidants i\/o l\u2019\u00fas de radiaci\u00f3 ultraviolada<\/p>\n<\/div>\n<\/div>\n<\/div>\n<\/div>\n<\/section>\n<\/div>\n<p>[\/vc_column_text][vc_empty_space height=&#8221;80px&#8221;][vc_single_image image=&#8221;502&#8243; img_size=&#8221;full&#8221; alignment=&#8221;center&#8221; qode_css_animation=&#8221;&#8221;][\/qode_elements_holder_item][\/qode_elements_holder][vc_empty_space height=&#8221;80px&#8221;][\/vc_column][vc_column width=&#8221;1\/6&#8243;][\/vc_column][\/vc_row]<\/p>\n","protected":false},"excerpt":{"rendered":"<p>[vc_row css_animation=&#8221;&#8221; row_type=&#8221;row&#8221; use_row_as_full_screen_section=&#8221;no&#8221; type=&#8221;grid&#8221; angled_section=&#8221;no&#8221; text_align=&#8221;left&#8221; background_image_as_pattern=&#8221;without_pattern&#8221; z_index=&#8221;&#8221; css=&#8221;.vc_custom_1605002372614{background-image: url(https:\/\/arema.com\/wp-content\/uploads\/2020\/11\/aigua-potable-fons-3.jpg?id=487) !important;}&#8221;][vc_column width=&#8221;1\/6&#8243;][\/vc_column][vc_column width=&#8221;2\/3&#8243;][vc_empty_space height=&#8221;80px&#8221;][qode_elements_holder number_of_columns=&#8221;one_column&#8221;][qode_elements_holder_item advanced_animations=&#8221;no&#8221; background_color=&#8221;rgba(255,255,255,0.82)&#8221; item_padding=&#8221;20px 20px 20px 20px&#8221;][vc_empty_space height=&#8221;50px&#8221;][vc_column_text] L\u2019aigua, tal i com la trobem a la naturalesa, sovint no \u00e9s potable i utilitzable directament pel consum hum\u00e0. &nbsp; AREMA disposa&#8230;<\/p>\n","protected":false},"author":1,"featured_media":152,"parent":0,"menu_order":0,"comment_status":"closed","ping_status":"closed","template":"full_width.php","meta":{"footnotes":""},"class_list":["post-2162","page","type-page","status-publish","has-post-thumbnail","hentry"],"yoast_head":"<!-- This site is optimized with the Yoast SEO plugin v27.2 - https:\/\/yoast.com\/product\/yoast-seo-wordpress\/ -->\n<title>AIGUA POTABLE: tractament i subministrament - Arema<\/title>\n<meta name=\"description\" content=\"Disposem de sistemes de tractament i subministrament d\u2019aigua potable i aportem solucions a municipis, ind\u00fastries o nuclis rurals\" \/>\n<meta name=\"robots\" content=\"index, follow, max-snippet:-1, max-image-preview:large, max-video-preview:-1\" \/>\n<link rel=\"canonical\" href=\"https:\/\/arema.com\/ca\/aigua-potable\/\" \/>\n<meta property=\"og:locale\" content=\"ca_ES\" \/>\n<meta property=\"og:type\" content=\"article\" \/>\n<meta property=\"og:title\" content=\"AIGUA POTABLE: tractament i subministrament - Arema\" \/>\n<meta property=\"og:description\" content=\"Disposem de sistemes de tractament i subministrament d\u2019aigua potable i aportem solucions a municipis, ind\u00fastries o nuclis rurals\" \/>\n<meta property=\"og:url\" content=\"https:\/\/arema.com\/ca\/aigua-potable\/\" \/>\n<meta property=\"og:site_name\" content=\"Arema\" \/>\n<meta property=\"article:modified_time\" content=\"2020-12-04T11:58:35+00:00\" \/>\n<meta property=\"og:image\" content=\"https:\/\/arema.com\/wp-content\/uploads\/2020\/10\/aigua-potable-1.jpg\" \/>\n\t<meta property=\"og:image:width\" content=\"1182\" \/>\n\t<meta property=\"og:image:height\" content=\"1182\" \/>\n\t<meta property=\"og:image:type\" content=\"image\/jpeg\" \/>\n<meta name=\"twitter:card\" content=\"summary_large_image\" \/>\n<meta name=\"twitter:label1\" content=\"Temps estimat de lectura\" \/>\n\t<meta name=\"twitter:data1\" content=\"2 minuts\" \/>\n<script type=\"application\/ld+json\" class=\"yoast-schema-graph\">{\"@context\":\"https:\/\/schema.org\",\"@graph\":[{\"@type\":\"WebPage\",\"@id\":\"https:\/\/arema.com\/ca\/aigua-potable\/\",\"url\":\"https:\/\/arema.com\/ca\/aigua-potable\/\",\"name\":\"AIGUA POTABLE: tractament i subministrament - Arema\",\"isPartOf\":{\"@id\":\"http:\/\/arema.com\/#website\"},\"primaryImageOfPage\":{\"@id\":\"https:\/\/arema.com\/ca\/aigua-potable\/#primaryimage\"},\"image\":{\"@id\":\"https:\/\/arema.com\/ca\/aigua-potable\/#primaryimage\"},\"thumbnailUrl\":\"https:\/\/arema.com\/wp-content\/uploads\/2020\/10\/aigua-potable-1.jpg\",\"datePublished\":\"2020-12-04T11:52:05+00:00\",\"dateModified\":\"2020-12-04T11:58:35+00:00\",\"description\":\"Disposem de sistemes de tractament i subministrament d\u2019aigua potable i aportem solucions a municipis, ind\u00fastries o nuclis rurals\",\"breadcrumb\":{\"@id\":\"https:\/\/arema.com\/ca\/aigua-potable\/#breadcrumb\"},\"inLanguage\":\"ca\",\"potentialAction\":[{\"@type\":\"ReadAction\",\"target\":[\"https:\/\/arema.com\/ca\/aigua-potable\/\"]}]},{\"@type\":\"ImageObject\",\"inLanguage\":\"ca\",\"@id\":\"https:\/\/arema.com\/ca\/aigua-potable\/#primaryimage\",\"url\":\"https:\/\/arema.com\/wp-content\/uploads\/2020\/10\/aigua-potable-1.jpg\",\"contentUrl\":\"https:\/\/arema.com\/wp-content\/uploads\/2020\/10\/aigua-potable-1.jpg\",\"width\":1182,\"height\":1182,\"caption\":\"Serveis Aigua potable AREMA\"},{\"@type\":\"BreadcrumbList\",\"@id\":\"https:\/\/arema.com\/ca\/aigua-potable\/#breadcrumb\",\"itemListElement\":[{\"@type\":\"ListItem\",\"position\":1,\"name\":\"Inici\",\"item\":\"http:\/\/arema.com\/ca\/\"},{\"@type\":\"ListItem\",\"position\":2,\"name\":\"AIGUA POTABLE\"}]},{\"@type\":\"WebSite\",\"@id\":\"http:\/\/arema.com\/#website\",\"url\":\"http:\/\/arema.com\/\",\"name\":\"Arema\",\"description\":\"Agua, residuos y medio ambiente\",\"potentialAction\":[{\"@type\":\"SearchAction\",\"target\":{\"@type\":\"EntryPoint\",\"urlTemplate\":\"http:\/\/arema.com\/?s={search_term_string}\"},\"query-input\":{\"@type\":\"PropertyValueSpecification\",\"valueRequired\":true,\"valueName\":\"search_term_string\"}}],\"inLanguage\":\"ca\"}]}<\/script>\n<!-- \/ Yoast SEO plugin. -->","yoast_head_json":{"title":"AIGUA POTABLE: tractament i subministrament - Arema","description":"Disposem de sistemes de tractament i subministrament d\u2019aigua potable i aportem solucions a municipis, ind\u00fastries o nuclis rurals","robots":{"index":"index","follow":"follow","max-snippet":"max-snippet:-1","max-image-preview":"max-image-preview:large","max-video-preview":"max-video-preview:-1"},"canonical":"https:\/\/arema.com\/ca\/aigua-potable\/","og_locale":"ca_ES","og_type":"article","og_title":"AIGUA POTABLE: tractament i subministrament - Arema","og_description":"Disposem de sistemes de tractament i subministrament d\u2019aigua potable i aportem solucions a municipis, ind\u00fastries o nuclis rurals","og_url":"https:\/\/arema.com\/ca\/aigua-potable\/","og_site_name":"Arema","article_modified_time":"2020-12-04T11:58:35+00:00","og_image":[{"width":1182,"height":1182,"url":"https:\/\/arema.com\/wp-content\/uploads\/2020\/10\/aigua-potable-1.jpg","type":"image\/jpeg"}],"twitter_card":"summary_large_image","twitter_misc":{"Temps estimat de lectura":"2 minuts"},"schema":{"@context":"https:\/\/schema.org","@graph":[{"@type":"WebPage","@id":"https:\/\/arema.com\/ca\/aigua-potable\/","url":"https:\/\/arema.com\/ca\/aigua-potable\/","name":"AIGUA POTABLE: tractament i subministrament - Arema","isPartOf":{"@id":"http:\/\/arema.com\/#website"},"primaryImageOfPage":{"@id":"https:\/\/arema.com\/ca\/aigua-potable\/#primaryimage"},"image":{"@id":"https:\/\/arema.com\/ca\/aigua-potable\/#primaryimage"},"thumbnailUrl":"https:\/\/arema.com\/wp-content\/uploads\/2020\/10\/aigua-potable-1.jpg","datePublished":"2020-12-04T11:52:05+00:00","dateModified":"2020-12-04T11:58:35+00:00","description":"Disposem de sistemes de tractament i subministrament d\u2019aigua potable i aportem solucions a municipis, ind\u00fastries o nuclis rurals","breadcrumb":{"@id":"https:\/\/arema.com\/ca\/aigua-potable\/#breadcrumb"},"inLanguage":"ca","potentialAction":[{"@type":"ReadAction","target":["https:\/\/arema.com\/ca\/aigua-potable\/"]}]},{"@type":"ImageObject","inLanguage":"ca","@id":"https:\/\/arema.com\/ca\/aigua-potable\/#primaryimage","url":"https:\/\/arema.com\/wp-content\/uploads\/2020\/10\/aigua-potable-1.jpg","contentUrl":"https:\/\/arema.com\/wp-content\/uploads\/2020\/10\/aigua-potable-1.jpg","width":1182,"height":1182,"caption":"Serveis Aigua potable AREMA"},{"@type":"BreadcrumbList","@id":"https:\/\/arema.com\/ca\/aigua-potable\/#breadcrumb","itemListElement":[{"@type":"ListItem","position":1,"name":"Inici","item":"http:\/\/arema.com\/ca\/"},{"@type":"ListItem","position":2,"name":"AIGUA POTABLE"}]},{"@type":"WebSite","@id":"http:\/\/arema.com\/#website","url":"http:\/\/arema.com\/","name":"Arema","description":"Agua, residuos y medio ambiente","potentialAction":[{"@type":"SearchAction","target":{"@type":"EntryPoint","urlTemplate":"http:\/\/arema.com\/?s={search_term_string}"},"query-input":{"@type":"PropertyValueSpecification","valueRequired":true,"valueName":"search_term_string"}}],"inLanguage":"ca"}]}},"_links":{"self":[{"href":"https:\/\/arema.com\/ca\/wp-json\/wp\/v2\/pages\/2162","targetHints":{"allow":["GET"]}}],"collection":[{"href":"https:\/\/arema.com\/ca\/wp-json\/wp\/v2\/pages"}],"about":[{"href":"https:\/\/arema.com\/ca\/wp-json\/wp\/v2\/types\/page"}],"author":[{"embeddable":true,"href":"https:\/\/arema.com\/ca\/wp-json\/wp\/v2\/users\/1"}],"replies":[{"embeddable":true,"href":"https:\/\/arema.com\/ca\/wp-json\/wp\/v2\/comments?post=2162"}],"version-history":[{"count":3,"href":"https:\/\/arema.com\/ca\/wp-json\/wp\/v2\/pages\/2162\/revisions"}],"predecessor-version":[{"id":2165,"href":"https:\/\/arema.com\/ca\/wp-json\/wp\/v2\/pages\/2162\/revisions\/2165"}],"wp:featuredmedia":[{"embeddable":true,"href":"https:\/\/arema.com\/ca\/wp-json\/wp\/v2\/media\/152"}],"wp:attachment":[{"href":"https:\/\/arema.com\/ca\/wp-json\/wp\/v2\/media?parent=2162"}],"curies":[{"name":"wp","href":"https:\/\/api.w.org\/{rel}","templated":true}]}}