{"id":21515,"date":"2024-05-07T15:20:19","date_gmt":"2024-05-07T13:20:19","guid":{"rendered":"https:\/\/arema.com\/?page_id=21515"},"modified":"2024-05-15T15:25:52","modified_gmt":"2024-05-15T13:25:52","slug":"residus","status":"publish","type":"page","link":"https:\/\/arema.com\/ca\/residus\/","title":{"rendered":"RESIDUS"},"content":{"rendered":"<p>[vc_row css_animation=&#8221;&#8221; row_type=&#8221;row&#8221; use_row_as_full_screen_section=&#8221;no&#8221; type=&#8221;full_width&#8221; angled_section=&#8221;no&#8221; text_align=&#8221;left&#8221; background_image_as_pattern=&#8221;without_pattern&#8221;][vc_column css=&#8221;.vc_custom_1603366066743{background-color: #f8c00b; !important;}&#8221;][vc_empty_space height=&#8221;100px&#8221;][\/vc_column][\/vc_row][vc_row css_animation=&#8221;&#8221; row_type=&#8221;row&#8221; use_row_as_full_screen_section=&#8221;no&#8221; type=&#8221;full_width&#8221; angled_section=&#8221;no&#8221; text_align=&#8221;left&#8221; background_image_as_pattern=&#8221;without_pattern&#8221;][vc_column css=&#8221;.vc_custom_1603366066743{background-color: #f8c00b; !important;}&#8221;][vc_column_text]<\/p>\n<h4 style=\"text-align: center;\"><span style=\"color: #000000;\"><strong><img decoding=\"async\" src=\"https:\/\/www.rubau.com\/wp-content\/themes\/rubau\/img\/filet.png\" \/> OFERTA DE SERVEIS <img decoding=\"async\" src=\"https:\/\/www.rubau.com\/wp-content\/themes\/rubau\/img\/filet.png\" \/><\/strong><\/span><\/h4>\n<p>[\/vc_column_text][vc_empty_space height=&#8221;40px&#8221;][\/vc_column][\/vc_row][vc_row css_animation=&#8221;&#8221; row_type=&#8221;row&#8221; use_row_as_full_screen_section=&#8221;no&#8221; type=&#8221;grid&#8221; angled_section=&#8221;no&#8221; text_align=&#8221;left&#8221; background_image_as_pattern=&#8221;without_pattern&#8221; css=&#8221;.vc_custom_1603365925944{background-color: #f8c00b !important;}&#8221; z_index=&#8221;&#8221;][vc_column width=&#8221;1\/6&#8243;][\/vc_column][vc_column width=&#8221;4\/6&#8243;][qode_elements_holder background_color=&#8221;#f8c00b&#8221; number_of_columns=&#8221;three_columns&#8221;][qode_elements_holder_item vertical_alignment=&#8221;top&#8221; horizontal_alignment=&#8221;left&#8221; advanced_animations=&#8221;no&#8221; background_color=&#8221;#000000&#8243; item_padding=&#8221;0px 0px 0px 0px&#8221;][vc_single_image image=&#8221;21594&#8243; img_size=&#8221;full&#8221; onclick=&#8221;custom_link&#8221; qode_css_animation=&#8221;&#8221; link=&#8221;https:\/\/arema.com\/ca\/neteja-viaria\/&#8221;][vc_empty_space height=&#8221;25px&#8221;][vc_column_text css=&#8221;.vc_custom_1715614835319{padding-right: 10px !important;padding-left: 10px !important;}&#8221;]<\/p>\n<p style=\"text-align: left;\"><a href=\"https:\/\/arema.com\/ca\/neteja-viaria\/\"><span style=\"color: #ffffff;\"><strong>NETEJA VI\u00c0RIA I RECOLLIDA DE RESIDUS <\/strong><\/span><\/a><\/p>\n<p>&nbsp;<\/p>\n<p>&nbsp;<\/p>\n<p style=\"text-align: left;\"><a href=\"https:\/\/arema.com\/ca\/neteja-viaria\/\"><span style=\"color: #ffffff;\">La neteja vi\u00e0ria i la recollida de residus dels nostres pobles i ciutats \u00e9s un dels majors reptes que afrontem actualment. Un entorn urb\u00e0 net i l\u2019assoliment dels m\u00e9s alts nivells de recuperaci\u00f3 per al reciclatge dels nostres residus dom\u00e8stics \u00e9s el que tots esperem com a ciutadans.<\/span><\/a><\/p>\n<p>&nbsp;<\/p>\n<p>&nbsp;<\/p>\n<p style=\"text-align: left;\"><a href=\"https:\/\/arema.com\/ca\/neteja-viaria\/\"><span style=\"color: #ffffff;\">A AREMA estem compromesos amb la sostenibilitat i treballem per la prestaci\u00f3 d\u2019aquest tipus de servei que permeten a la ciutadania gaudir d\u2019aquest entorn urb\u00e0 net i ordenat. Amb la millor tecnologia del mercat, aconseguim assolir elsalts nivells de recuperaci\u00f3 actualment demandats per la nostra societat que permeten el reciclatge i la incorporaci\u00f3 a la cadena productiva dels nostres residus, fomentant la circularitat de la nostra economia.<\/span><\/a><\/p>\n<p>[\/vc_column_text][vc_empty_space height=&#8221;25px&#8221;][\/qode_elements_holder_item][qode_elements_holder_item vertical_alignment=&#8221;top&#8221; horizontal_alignment=&#8221;center&#8221; advanced_animations=&#8221;no&#8221; background_color=&#8221;#000000&#8243; item_padding=&#8221;0px 0px 0px 0px&#8221;][vc_single_image image=&#8221;21597&#8243; img_size=&#8221;full&#8221; onclick=&#8221;custom_link&#8221; qode_css_animation=&#8221;&#8221; link=&#8221;https:\/\/arema.com\/ca\/plantes-de-produccio-de-biometa\/&#8221;][vc_empty_space height=&#8221;25px&#8221;][vc_column_text css=&#8221;.vc_custom_1715614883991{padding-right: 10px !important;padding-left: 10px !important;}&#8221;]<\/p>\n<p style=\"text-align: left;\"><a href=\"https:\/\/arema.com\/ca\/plantes-de-produccio-de-biometa\/\"><span style=\"color: #ffffff;\"><strong>PLANTES DE PRODUCCI\u00d3 DE BIOMET\u00c0<\/strong><\/span><\/a><\/p>\n<p>&nbsp;<\/p>\n<p>&nbsp;<\/p>\n<p style=\"text-align: left;\"><a href=\"https:\/\/arema.com\/ca\/plantes-de-produccio-de-biometa\/\"><span style=\"color: #ffffff;\">El tractament dels residus d\u2019origen org\u00e0nic presenta, en l\u2019actualitat, moltes problem\u00e0tiques: si acaba en abocadors, es converteix en un gran emissor de gasos d\u2019efecte hivernacle, amb les nefastes conseq\u00fc\u00e8ncies que aix\u00f2 t\u00e9 pel clima; si acaba en plantes de compostatge es converteix en un recurs de poc valor afegit.<\/span><\/a><\/p>\n<p>&nbsp;<\/p>\n<p>&nbsp;<\/p>\n<p style=\"text-align: left;\"><a href=\"https:\/\/arema.com\/ca\/plantes-de-produccio-de-biometa\/\"><span style=\"color: #ffffff;\">En l\u2019actual context geopol\u00edtic i d\u2019esgotament dels recursos naturals, la conversi\u00f3 d\u2019aquest residu org\u00e0nic en un recurs energ\u00e8tic \u00e9s priorit\u00e0ria per les nostres societats. A trav\u00e9s d\u2019un tractament, en condicions d\u2019abs\u00e8ncia d\u2019oxigen, dels residus org\u00e0nics, a AREMA fem possible la obtenci\u00f3 de \u00a0biog\u00e0s i la depuraci\u00f3 que el converteix en biomet\u00e0, un gas renovable i injectable a la xarxa de transport i distribuci\u00f3 de gas natural. D\u2019aquesta manera a AREMA treballem per mitigar la depend\u00e8ncia energ\u00e8tica i descarbonitzar sectors claus de la nostra economia.<\/span><\/a><\/p>\n<p>[\/vc_column_text][vc_empty_space height=&#8221;25px&#8221;][\/qode_elements_holder_item][qode_elements_holder_item vertical_alignment=&#8221;top&#8221; horizontal_alignment=&#8221;right&#8221; advanced_animations=&#8221;no&#8221; background_color=&#8221;#000000&#8243; item_padding=&#8221;0px 0px 0px 0px&#8221;][vc_single_image image=&#8221;21944&#8243; img_size=&#8221;full&#8221; onclick=&#8221;custom_link&#8221; qode_css_animation=&#8221;&#8221; link=&#8221;https:\/\/arema.com\/ca\/plantes-de-tractament\/&#8221;][vc_empty_space height=&#8221;25px&#8221;][vc_column_text css=&#8221;.vc_custom_1715614951012{padding-right: 10px !important;padding-left: 10px !important;}&#8221;]<\/p>\n<p style=\"text-align: left;\"><a href=\"https:\/\/arema.com\/ca\/plantes-de-tractament\/\"><span style=\"color: #ffffff;\"><strong>PLANTES DE TRACTAMENT I RECICLATGE DE RESIDUS DE LA CONSTRUCCI\u00d3<\/strong><\/span><\/a><\/p>\n<p>&nbsp;<\/p>\n<p>&nbsp;<\/p>\n<p style=\"text-align: left;\"><a href=\"https:\/\/arema.com\/ca\/plantes-de-tractament\/\"><span style=\"color: #ffffff;\">L\u2019economia circular, consistent en reintroduir a la cadena productiva materials recuperats enlloc d\u2019obtenir-los del medi natural, \u00e9s un dels pilars m\u00e9s importants en qu\u00e8 es basa el binomi progr\u00e9s i sostenibilitat.<\/span><\/a><\/p>\n<p style=\"text-align: left;\"><a href=\"https:\/\/arema.com\/ca\/plantes-de-tractament\/\"><span style=\"color: #ffffff;\">Aquest principi, aplicable a residus coneguts per tots com el vidre o el paper, tamb\u00e9 \u00e9s d\u2019una import\u00e0ncia cabdal en el cas dels residus de la construcci\u00f3.<\/span><\/a><\/p>\n<p>&nbsp;<\/p>\n<p>&nbsp;<\/p>\n<p style=\"text-align: left;\"><a href=\"https:\/\/arema.com\/ca\/plantes-de-tractament\/\"><span style=\"color: #ffffff;\">AREMA disposa de plantes de tractament i reciclatge de residus de la construcci\u00f3 que fan possible que bona part d\u2019aquest residus no acabin als abocadors de runa controlats, sin\u00f3 que es reaprofitin com a mat\u00e8ries primeres d\u2019alta qualitat per les empreses constructores, fomentant, aix\u00ed, l\u2019economia circular.<\/span><\/a><\/p>\n<p>[\/vc_column_text][vc_empty_space height=&#8221;25px&#8221;][\/qode_elements_holder_item][\/qode_elements_holder][\/vc_column][vc_column width=&#8221;1\/6&#8243;][\/vc_column][\/vc_row][vc_row css_animation=&#8221;&#8221; row_type=&#8221;row&#8221; use_row_as_full_screen_section=&#8221;no&#8221; type=&#8221;full_width&#8221; angled_section=&#8221;no&#8221; text_align=&#8221;left&#8221; background_image_as_pattern=&#8221;without_pattern&#8221;][vc_column css=&#8221;.vc_custom_1605252073726{background-color: #f8c00b !important;}&#8221; offset=&#8221;vc_hidden-xs&#8221;][vc_empty_space height=&#8221;20px&#8221;][\/vc_column][\/vc_row][vc_row css_animation=&#8221;&#8221; row_type=&#8221;row&#8221; use_row_as_full_screen_section=&#8221;no&#8221; type=&#8221;full_width&#8221; angled_section=&#8221;no&#8221; text_align=&#8221;left&#8221; background_image_as_pattern=&#8221;without_pattern&#8221;][vc_column css=&#8221;.vc_custom_1603366066743{background-color: #f8c00b; !important;}&#8221;][vc_empty_space height=&#8221;100px&#8221;][\/vc_column][\/vc_row][vc_column][\/vc_column]<\/p>\n","protected":false},"excerpt":{"rendered":"<p>[vc_row css_animation=&#8221;&#8221; row_type=&#8221;row&#8221; use_row_as_full_screen_section=&#8221;no&#8221; type=&#8221;full_width&#8221; angled_section=&#8221;no&#8221; text_align=&#8221;left&#8221; background_image_as_pattern=&#8221;without_pattern&#8221;][vc_column css=&#8221;.vc_custom_1603366066743{background-color: #f8c00b; !important;}&#8221;][vc_empty_space height=&#8221;100px&#8221;][\/vc_column][\/vc_row][vc_row css_animation=&#8221;&#8221; row_type=&#8221;row&#8221; use_row_as_full_screen_section=&#8221;no&#8221; type=&#8221;full_width&#8221; angled_section=&#8221;no&#8221; text_align=&#8221;left&#8221; background_image_as_pattern=&#8221;without_pattern&#8221;][vc_column css=&#8221;.vc_custom_1603366066743{background-color: #f8c00b; !important;}&#8221;][vc_column_text] OFERTA DE SERVEIS [\/vc_column_text][vc_empty_space height=&#8221;40px&#8221;][\/vc_column][\/vc_row][vc_row css_animation=&#8221;&#8221; row_type=&#8221;row&#8221; use_row_as_full_screen_section=&#8221;no&#8221; type=&#8221;grid&#8221; angled_section=&#8221;no&#8221; text_align=&#8221;left&#8221; background_image_as_pattern=&#8221;without_pattern&#8221; css=&#8221;.vc_custom_1603365925944{background-color: #f8c00b !important;}&#8221; z_index=&#8221;&#8221;][vc_column width=&#8221;1\/6&#8243;][\/vc_column][vc_column width=&#8221;4\/6&#8243;][qode_elements_holder background_color=&#8221;#f8c00b&#8221; number_of_columns=&#8221;three_columns&#8221;][qode_elements_holder_item vertical_alignment=&#8221;top&#8221; horizontal_alignment=&#8221;left&#8221; advanced_animations=&#8221;no&#8221;&#8230;<\/p>\n","protected":false},"author":1,"featured_media":0,"parent":0,"menu_order":0,"comment_status":"closed","ping_status":"closed","template":"full_width.php","meta":{"footnotes":""},"class_list":["post-21515","page","type-page","status-publish","hentry"],"yoast_head":"<!-- This site is optimized with the Yoast SEO plugin v27.2 - https:\/\/yoast.com\/product\/yoast-seo-wordpress\/ -->\n<title>AIGUA: RESIDUS (tractament i subministre) - Arema<\/title>\n<meta name=\"description\" content=\"A AREMA oferim serveis de subministrament i tractament d&#039;aigua residual, regenerada, potable , dessalaci\u00f3 i tractaments fangs de lixivitats.\" \/>\n<meta name=\"robots\" content=\"index, follow, max-snippet:-1, max-image-preview:large, max-video-preview:-1\" \/>\n<link rel=\"canonical\" href=\"https:\/\/arema.com\/ca\/residus\/\" \/>\n<meta property=\"og:locale\" content=\"ca_ES\" \/>\n<meta property=\"og:type\" content=\"article\" \/>\n<meta property=\"og:title\" content=\"AIGUA: RESIDUS (tractament i subministre) - Arema\" \/>\n<meta property=\"og:description\" content=\"A AREMA oferim serveis de subministrament i tractament d&#039;aigua residual, regenerada, potable , dessalaci\u00f3 i tractaments fangs de lixivitats.\" \/>\n<meta property=\"og:url\" content=\"https:\/\/arema.com\/ca\/residus\/\" \/>\n<meta property=\"og:site_name\" content=\"Arema\" \/>\n<meta property=\"article:modified_time\" content=\"2024-05-15T13:25:52+00:00\" \/>\n<meta property=\"og:image\" content=\"https:\/\/www.rubau.com\/wp-content\/themes\/rubau\/img\/filet.png\" \/>\n<meta name=\"twitter:card\" content=\"summary_large_image\" \/>\n<meta name=\"twitter:label1\" content=\"Temps estimat de lectura\" \/>\n\t<meta name=\"twitter:data1\" content=\"3 minuts\" \/>\n<script type=\"application\/ld+json\" class=\"yoast-schema-graph\">{\"@context\":\"https:\/\/schema.org\",\"@graph\":[{\"@type\":\"WebPage\",\"@id\":\"https:\/\/arema.com\/ca\/residus\/\",\"url\":\"https:\/\/arema.com\/ca\/residus\/\",\"name\":\"AIGUA: RESIDUS (tractament i subministre) - Arema\",\"isPartOf\":{\"@id\":\"http:\/\/arema.com\/#website\"},\"primaryImageOfPage\":{\"@id\":\"https:\/\/arema.com\/ca\/residus\/#primaryimage\"},\"image\":{\"@id\":\"https:\/\/arema.com\/ca\/residus\/#primaryimage\"},\"thumbnailUrl\":\"https:\/\/www.rubau.com\/wp-content\/themes\/rubau\/img\/filet.png\",\"datePublished\":\"2024-05-07T13:20:19+00:00\",\"dateModified\":\"2024-05-15T13:25:52+00:00\",\"description\":\"A AREMA oferim serveis de subministrament i tractament d'aigua residual, regenerada, potable , dessalaci\u00f3 i tractaments fangs de lixivitats.\",\"breadcrumb\":{\"@id\":\"https:\/\/arema.com\/ca\/residus\/#breadcrumb\"},\"inLanguage\":\"ca\",\"potentialAction\":[{\"@type\":\"ReadAction\",\"target\":[\"https:\/\/arema.com\/ca\/residus\/\"]}]},{\"@type\":\"ImageObject\",\"inLanguage\":\"ca\",\"@id\":\"https:\/\/arema.com\/ca\/residus\/#primaryimage\",\"url\":\"https:\/\/www.rubau.com\/wp-content\/themes\/rubau\/img\/filet.png\",\"contentUrl\":\"https:\/\/www.rubau.com\/wp-content\/themes\/rubau\/img\/filet.png\"},{\"@type\":\"BreadcrumbList\",\"@id\":\"https:\/\/arema.com\/ca\/residus\/#breadcrumb\",\"itemListElement\":[{\"@type\":\"ListItem\",\"position\":1,\"name\":\"Inici\",\"item\":\"http:\/\/arema.com\/ca\/\"},{\"@type\":\"ListItem\",\"position\":2,\"name\":\"RESIDUS\"}]},{\"@type\":\"WebSite\",\"@id\":\"http:\/\/arema.com\/#website\",\"url\":\"http:\/\/arema.com\/\",\"name\":\"Arema\",\"description\":\"Agua, residuos y medio ambiente\",\"potentialAction\":[{\"@type\":\"SearchAction\",\"target\":{\"@type\":\"EntryPoint\",\"urlTemplate\":\"http:\/\/arema.com\/?s={search_term_string}\"},\"query-input\":{\"@type\":\"PropertyValueSpecification\",\"valueRequired\":true,\"valueName\":\"search_term_string\"}}],\"inLanguage\":\"ca\"}]}<\/script>\n<!-- \/ Yoast SEO plugin. -->","yoast_head_json":{"title":"AIGUA: RESIDUS (tractament i subministre) - Arema","description":"A AREMA oferim serveis de subministrament i tractament d'aigua residual, regenerada, potable , dessalaci\u00f3 i tractaments fangs de lixivitats.","robots":{"index":"index","follow":"follow","max-snippet":"max-snippet:-1","max-image-preview":"max-image-preview:large","max-video-preview":"max-video-preview:-1"},"canonical":"https:\/\/arema.com\/ca\/residus\/","og_locale":"ca_ES","og_type":"article","og_title":"AIGUA: RESIDUS (tractament i subministre) - Arema","og_description":"A AREMA oferim serveis de subministrament i tractament d'aigua residual, regenerada, potable , dessalaci\u00f3 i tractaments fangs de lixivitats.","og_url":"https:\/\/arema.com\/ca\/residus\/","og_site_name":"Arema","article_modified_time":"2024-05-15T13:25:52+00:00","og_image":[{"url":"https:\/\/www.rubau.com\/wp-content\/themes\/rubau\/img\/filet.png","type":"","width":"","height":""}],"twitter_card":"summary_large_image","twitter_misc":{"Temps estimat de lectura":"3 minuts"},"schema":{"@context":"https:\/\/schema.org","@graph":[{"@type":"WebPage","@id":"https:\/\/arema.com\/ca\/residus\/","url":"https:\/\/arema.com\/ca\/residus\/","name":"AIGUA: RESIDUS (tractament i subministre) - Arema","isPartOf":{"@id":"http:\/\/arema.com\/#website"},"primaryImageOfPage":{"@id":"https:\/\/arema.com\/ca\/residus\/#primaryimage"},"image":{"@id":"https:\/\/arema.com\/ca\/residus\/#primaryimage"},"thumbnailUrl":"https:\/\/www.rubau.com\/wp-content\/themes\/rubau\/img\/filet.png","datePublished":"2024-05-07T13:20:19+00:00","dateModified":"2024-05-15T13:25:52+00:00","description":"A AREMA oferim serveis de subministrament i tractament d'aigua residual, regenerada, potable , dessalaci\u00f3 i tractaments fangs de lixivitats.","breadcrumb":{"@id":"https:\/\/arema.com\/ca\/residus\/#breadcrumb"},"inLanguage":"ca","potentialAction":[{"@type":"ReadAction","target":["https:\/\/arema.com\/ca\/residus\/"]}]},{"@type":"ImageObject","inLanguage":"ca","@id":"https:\/\/arema.com\/ca\/residus\/#primaryimage","url":"https:\/\/www.rubau.com\/wp-content\/themes\/rubau\/img\/filet.png","contentUrl":"https:\/\/www.rubau.com\/wp-content\/themes\/rubau\/img\/filet.png"},{"@type":"BreadcrumbList","@id":"https:\/\/arema.com\/ca\/residus\/#breadcrumb","itemListElement":[{"@type":"ListItem","position":1,"name":"Inici","item":"http:\/\/arema.com\/ca\/"},{"@type":"ListItem","position":2,"name":"RESIDUS"}]},{"@type":"WebSite","@id":"http:\/\/arema.com\/#website","url":"http:\/\/arema.com\/","name":"Arema","description":"Agua, residuos y medio ambiente","potentialAction":[{"@type":"SearchAction","target":{"@type":"EntryPoint","urlTemplate":"http:\/\/arema.com\/?s={search_term_string}"},"query-input":{"@type":"PropertyValueSpecification","valueRequired":true,"valueName":"search_term_string"}}],"inLanguage":"ca"}]}},"_links":{"self":[{"href":"https:\/\/arema.com\/ca\/wp-json\/wp\/v2\/pages\/21515","targetHints":{"allow":["GET"]}}],"collection":[{"href":"https:\/\/arema.com\/ca\/wp-json\/wp\/v2\/pages"}],"about":[{"href":"https:\/\/arema.com\/ca\/wp-json\/wp\/v2\/types\/page"}],"author":[{"embeddable":true,"href":"https:\/\/arema.com\/ca\/wp-json\/wp\/v2\/users\/1"}],"replies":[{"embeddable":true,"href":"https:\/\/arema.com\/ca\/wp-json\/wp\/v2\/comments?post=21515"}],"version-history":[{"count":5,"href":"https:\/\/arema.com\/ca\/wp-json\/wp\/v2\/pages\/21515\/revisions"}],"predecessor-version":[{"id":21947,"href":"https:\/\/arema.com\/ca\/wp-json\/wp\/v2\/pages\/21515\/revisions\/21947"}],"wp:attachment":[{"href":"https:\/\/arema.com\/ca\/wp-json\/wp\/v2\/media?parent=21515"}],"curies":[{"name":"wp","href":"https:\/\/api.w.org\/{rel}","templated":true}]}}