{"id":210,"date":"2020-10-26T09:52:31","date_gmt":"2020-10-26T08:52:31","guid":{"rendered":"http:\/\/arema.com\/?page_id=210"},"modified":"2020-12-03T12:36:32","modified_gmt":"2020-12-03T11:36:32","slug":"aigua-residual","status":"publish","type":"page","link":"https:\/\/arema.com\/ca\/aigua-residual\/","title":{"rendered":"AIGUA RESIDUAL"},"content":{"rendered":"<p>[vc_row css_animation=&#8221;&#8221; row_type=&#8221;row&#8221; use_row_as_full_screen_section=&#8221;no&#8221; type=&#8221;grid&#8221; angled_section=&#8221;no&#8221; text_align=&#8221;left&#8221; background_image_as_pattern=&#8221;without_pattern&#8221; z_index=&#8221;&#8221; css=&#8221;.vc_custom_1603728356963{background-image: url(https:\/\/arema.com\/wp-content\/uploads\/2020\/10\/AGUA-RESIDUAL-AREMA-fondo.jpg?id=225) !important;}&#8221;][vc_column width=&#8221;1\/6&#8243;][\/vc_column][vc_column width=&#8221;2\/3&#8243;][vc_empty_space height=&#8221;80px&#8221;][qode_elements_holder number_of_columns=&#8221;one_column&#8221;][qode_elements_holder_item advanced_animations=&#8221;no&#8221; background_color=&#8221;rgba(0,0,0,0.51)&#8221; item_padding=&#8221;20px 20px 20px 20px&#8221;][vc_empty_space height=&#8221;50px&#8221;][vc_column_text]<\/p>\n<div class=\"region region-content\">\n<section id=\"block-system-main\" class=\"block block-system clearfix\">\n<div class=\"ds-1col node node-solucions view-mode-full clearfix\">\n<div class=\"field field-name-body field-type-text-with-summary field-label-hidden\">\n<div class=\"field-items\">\n<div class=\"field-item even\">\n<h3 style=\"text-align: center;\"><span style=\"color: #ffffff;\">L\u2019Aigua residual d\u2019origen dom\u00e8stic o industrial requereix un tractament rigor\u00f3s abans del seu retorn al medi ambient. Aquest tractament es realitza en instal\u00b7lacions especifiques formades per diferents processos, seleccionats en funci\u00f3 de les caracter\u00edstiques de l\u2019aigua a tractar i del dest\u00ed final de la mateixa.<\/span><\/h3>\n<\/div>\n<\/div>\n<\/div>\n<\/div>\n<\/section>\n<\/div>\n<p>[\/vc_column_text][vc_empty_space height=&#8221;30px&#8221;][vc_column_text]<\/p>\n<div class=\"region region-content\">\n<section id=\"block-system-main\" class=\"block block-system clearfix\">\n<div class=\"ds-1col node node-solucions view-mode-full clearfix\">\n<div class=\"field field-name-body field-type-text-with-summary field-label-hidden\">\n<div class=\"field-items\">\n<div class=\"field-item even\">\n<p style=\"text-align: center;\"><span style=\"color: #ffffff;\">La l\u00ednia de proc\u00e9s habitual d\u2019un tractament d\u2019aigua residual consta d\u2019un pretractament (reducci\u00f3 de s\u00f2lids), un tractament primari (eliminaci\u00f3 de s\u00f2lids en suspensi\u00f3, greixos i\/o tractament f\u00edsic-qu\u00edmic) i un tractament secundari (eliminaci\u00f3 de mat\u00e8ria org\u00e0nica i\/o nutrients per via biol\u00f2gica i\/o qu\u00edmica). Finalment, es pot realitzar tamb\u00e9 un tractament terciari de regeneraci\u00f3 i desinfecci\u00f3, per aquells casos en qu\u00e8 l\u2019aigua tractada es vulgui reutilitzar. Inevitablement, el tractament d\u2019aig\u00fces generar\u00e0 certa quantitat de fangs que caldr\u00e0 tamb\u00e9 tractar.<\/span><\/p>\n<p style=\"text-align: center;\"><span style=\"color: #ffffff;\">Les tecnologies utilitzades en els diferents processos de la depuraci\u00f3 de l\u2019aigua residual s\u00f3n m\u00faltiples, adaptant-se sempre al context de treball i necessitats requerides per a cada cas particular.<\/span><\/p>\n<\/div>\n<\/div>\n<\/div>\n<\/div>\n<\/section>\n<\/div>\n<p>[\/vc_column_text][vc_empty_space height=&#8221;80px&#8221;][\/qode_elements_holder_item][\/qode_elements_holder][vc_empty_space height=&#8221;80px&#8221;][\/vc_column][vc_column width=&#8221;1\/6&#8243;][\/vc_column][\/vc_row][vc_row css_animation=&#8221;&#8221; row_type=&#8221;row&#8221; use_row_as_full_screen_section=&#8221;no&#8221; type=&#8221;grid&#8221; angled_section=&#8221;no&#8221; text_align=&#8221;left&#8221; background_image_as_pattern=&#8221;without_pattern&#8221; z_index=&#8221;&#8221; css=&#8221;.vc_custom_1603728384436{background-color: #ffffff !important;}&#8221;][vc_column width=&#8221;1\/6&#8243;][\/vc_column][vc_column width=&#8221;2\/3&#8243; css=&#8221;.vc_custom_1603728390503{background-color: #ffffff !important;}&#8221;][qode_elements_holder number_of_columns=&#8221;one_column&#8221;][qode_elements_holder_item advanced_animations=&#8221;no&#8221; background_color=&#8221;rgba(255,255,255,0.01)&#8221;][vc_empty_space height=&#8221;30px&#8221;][vc_column_text]<\/p>\n<div class=\"region region-content\">\n<section id=\"block-system-main\" class=\"block block-system clearfix\">\n<div class=\"ds-1col node node-solucions view-mode-full clearfix\">\n<div class=\"field field-name-body field-type-text-with-summary field-label-hidden\">\n<div class=\"field-items\">\n<div class=\"field-item even\">\n<h4 style=\"text-align: center;\"><img decoding=\"async\" class=\"alignnone\" src=\"https:\/\/www.rubau.com\/wp-content\/themes\/rubau\/img\/filet-blanc.png\" \/> CRITERIS DE DISSENY\u00a0 <img decoding=\"async\" class=\"alignnone\" src=\"https:\/\/www.rubau.com\/wp-content\/themes\/rubau\/img\/filet-blanc.png\" \/><\/h4>\n<\/div>\n<\/div>\n<\/div>\n<\/div>\n<\/section>\n<\/div>\n<p>[\/vc_column_text][vc_empty_space height=&#8221;50px&#8221;][vc_column_text]<\/p>\n<div class=\"region region-content\">\n<section id=\"block-system-main\" class=\"block block-system clearfix\">\n<div class=\"ds-1col node node-solucions view-mode-full clearfix\">\n<div class=\"field field-name-body field-type-text-with-summary field-label-hidden\">\n<div class=\"field-items\">\n<div class=\"field-item even\">\n<ul>\n<li class=\"rtejustify\">Sistemes d\u2019alta efici\u00e8ncia energ\u00e8tica, utilitzant difusors de bombolla ultra fina que garanteix millor transfer\u00e8ncia i menor consum el\u00e8ctric<\/li>\n<li>Minimitzaci\u00f3 de les p\u00e8rdues de carrega hidr\u00e0uliques i optimitzaci\u00f3 energ\u00e8tica.<\/li>\n<li>Eliminaci\u00f3 de nutrients al recinte biol\u00f2gic, amb aireaci\u00f3 controlada per sondes d\u2019oxigen i redox.<\/li>\n<li>Reducci\u00f3 de l\u2019obra civil per la no utilitzaci\u00f3 de cambres an\u00f2xiques.<\/li>\n<li>Ajust rigor\u00f3s als par\u00e0metres de disseny, condicions de funcionament, normes constructives i qualitats de materials establerts.<\/li>\n<li>Dotaci\u00f3 dels elements de reserva necess\u00e0ria i homogene\u00eftat entre les diverses unitats, per tal de possibilitar el seu intercanvi i facilitar les operacions de manteniment i explotaci\u00f3.<\/li>\n<li class=\"rtejustify\">En cas d\u2019abocaments industrials de dif\u00edcil biodegradabilitat es faran servir tecnologies de tractament especifiques per cada tipus d\u2019ind\u00fastria.<\/li>\n<\/ul>\n<\/div>\n<\/div>\n<\/div>\n<\/div>\n<\/section>\n<\/div>\n<p>[\/vc_column_text][vc_empty_space height=&#8221;20px&#8221;][vc_column_text]<\/p>\n<div class=\"region region-content\">\n<section id=\"block-system-main\" class=\"block block-system clearfix\">\n<div class=\"ds-1col node node-solucions view-mode-full clearfix\">\n<div class=\"field field-name-body field-type-text-with-summary field-label-hidden\">\n<div class=\"field-items\">\n<div class=\"field-item even\">\n<h4 style=\"text-align: center;\"><img decoding=\"async\" class=\"alignnone\" src=\"https:\/\/www.rubau.com\/wp-content\/themes\/rubau\/img\/filet-blanc.png\" \/> SISTEMES DE CONTROL\u00a0 <img decoding=\"async\" class=\"alignnone\" src=\"https:\/\/www.rubau.com\/wp-content\/themes\/rubau\/img\/filet-blanc.png\" \/><\/h4>\n<\/div>\n<\/div>\n<\/div>\n<\/div>\n<\/section>\n<\/div>\n<p>[\/vc_column_text][vc_empty_space height=&#8221;20px&#8221;][vc_column_text]<\/p>\n<div class=\"region region-content\">\n<section id=\"block-system-main\" class=\"block block-system clearfix\">\n<div class=\"ds-1col node node-solucions view-mode-full clearfix\">\n<div class=\"field field-name-body field-type-text-with-summary field-label-hidden\">\n<div class=\"field-items\">\n<div class=\"field-item even\">\n<ul>\n<li>Control complert del proc\u00e9s mitjan\u00e7ant sondes i PLC, juntament amb el nostre propi disseny de programes de control.<\/li>\n<li>Sistema de gesti\u00f3 d\u2019alarmes, enviament SMS i missatges gravats pr\u00e8viament.<\/li>\n<li>Sistemes de control gr\u00e0fic tipus Scada, informes d\u2019explotaci\u00f3.<\/li>\n<li>Sistemes telem\u00e8trics d\u2019enviament de dades per GSM, integraci\u00f3 amb sistemes centralitzats existents.<\/li>\n<\/ul>\n<\/div>\n<\/div>\n<\/div>\n<\/div>\n<\/section>\n<\/div>\n<p>[\/vc_column_text][vc_empty_space height=&#8221;30px&#8221;][vc_single_image image=&#8221;263&#8243; img_size=&#8221;full&#8221; alignment=&#8221;center&#8221; qode_css_animation=&#8221;&#8221;][\/qode_elements_holder_item][\/qode_elements_holder][\/vc_column][vc_column width=&#8221;1\/6&#8243;][\/vc_column][\/vc_row][vc_row css_animation=&#8221;&#8221; row_type=&#8221;row&#8221; use_row_as_full_screen_section=&#8221;no&#8221; type=&#8221;full_width&#8221; angled_section=&#8221;no&#8221; text_align=&#8221;left&#8221; background_image_as_pattern=&#8221;without_pattern&#8221; css=&#8221;.vc_custom_1603728460117{background-color: #ffffff !important;}&#8221; z_index=&#8221;&#8221;][vc_column][vc_empty_space height=&#8221;80px&#8221;][\/vc_column][\/vc_row]<\/p>\n","protected":false},"excerpt":{"rendered":"<p>[vc_row css_animation=&#8221;&#8221; row_type=&#8221;row&#8221; use_row_as_full_screen_section=&#8221;no&#8221; type=&#8221;grid&#8221; angled_section=&#8221;no&#8221; text_align=&#8221;left&#8221; background_image_as_pattern=&#8221;without_pattern&#8221; z_index=&#8221;&#8221; css=&#8221;.vc_custom_1603728356963{background-image: url(https:\/\/arema.com\/wp-content\/uploads\/2020\/10\/AGUA-RESIDUAL-AREMA-fondo.jpg?id=225) !important;}&#8221;][vc_column width=&#8221;1\/6&#8243;][\/vc_column][vc_column width=&#8221;2\/3&#8243;][vc_empty_space height=&#8221;80px&#8221;][qode_elements_holder number_of_columns=&#8221;one_column&#8221;][qode_elements_holder_item advanced_animations=&#8221;no&#8221; background_color=&#8221;rgba(0,0,0,0.51)&#8221; item_padding=&#8221;20px 20px 20px 20px&#8221;][vc_empty_space height=&#8221;50px&#8221;][vc_column_text] L\u2019Aigua residual d\u2019origen dom\u00e8stic o industrial requereix un tractament rigor\u00f3s abans del seu retorn al medi ambient. Aquest tractament es realitza en&#8230;<\/p>\n","protected":false},"author":1,"featured_media":0,"parent":0,"menu_order":0,"comment_status":"closed","ping_status":"closed","template":"full_width.php","meta":{"footnotes":""},"class_list":["post-210","page","type-page","status-publish","hentry"],"yoast_head":"<!-- This site is optimized with the Yoast SEO plugin v27.2 - https:\/\/yoast.com\/product\/yoast-seo-wordpress\/ -->\n<title>AIGUA RESIDUAL: tractament i desinfecci\u00f3 - Arema<\/title>\n<meta name=\"description\" content=\"L\u2019Aigua residual d\u2019origen dom\u00e8stic o industrial requereix desinfecci\u00f3 i un tractament rigor\u00f3s abans del seu retorn al medi ambient\" \/>\n<meta name=\"robots\" content=\"index, follow, max-snippet:-1, max-image-preview:large, max-video-preview:-1\" \/>\n<link rel=\"canonical\" href=\"https:\/\/arema.com\/ca\/aigua-residual\/\" \/>\n<meta property=\"og:locale\" content=\"ca_ES\" \/>\n<meta property=\"og:type\" content=\"article\" \/>\n<meta property=\"og:title\" content=\"AIGUA RESIDUAL: tractament i desinfecci\u00f3 - Arema\" \/>\n<meta property=\"og:description\" content=\"L\u2019Aigua residual d\u2019origen dom\u00e8stic o industrial requereix desinfecci\u00f3 i un tractament rigor\u00f3s abans del seu retorn al medi ambient\" \/>\n<meta property=\"og:url\" content=\"https:\/\/arema.com\/ca\/aigua-residual\/\" \/>\n<meta property=\"og:site_name\" content=\"Arema\" \/>\n<meta property=\"article:modified_time\" content=\"2020-12-03T11:36:32+00:00\" \/>\n<meta property=\"og:image\" content=\"https:\/\/www.rubau.com\/wp-content\/themes\/rubau\/img\/filet-blanc.png\" \/>\n<meta name=\"twitter:card\" content=\"summary_large_image\" \/>\n<meta name=\"twitter:label1\" content=\"Temps estimat de lectura\" \/>\n\t<meta name=\"twitter:data1\" content=\"3 minuts\" \/>\n<script type=\"application\/ld+json\" class=\"yoast-schema-graph\">{\"@context\":\"https:\/\/schema.org\",\"@graph\":[{\"@type\":\"WebPage\",\"@id\":\"https:\/\/arema.com\/ca\/aigua-residual\/\",\"url\":\"https:\/\/arema.com\/ca\/aigua-residual\/\",\"name\":\"AIGUA RESIDUAL: tractament i desinfecci\u00f3 - Arema\",\"isPartOf\":{\"@id\":\"https:\/\/arema.com\/en\/#website\"},\"primaryImageOfPage\":{\"@id\":\"https:\/\/arema.com\/ca\/aigua-residual\/#primaryimage\"},\"image\":{\"@id\":\"https:\/\/arema.com\/ca\/aigua-residual\/#primaryimage\"},\"thumbnailUrl\":\"https:\/\/www.rubau.com\/wp-content\/themes\/rubau\/img\/filet-blanc.png\",\"datePublished\":\"2020-10-26T08:52:31+00:00\",\"dateModified\":\"2020-12-03T11:36:32+00:00\",\"description\":\"L\u2019Aigua residual d\u2019origen dom\u00e8stic o industrial requereix desinfecci\u00f3 i un tractament rigor\u00f3s abans del seu retorn al medi ambient\",\"breadcrumb\":{\"@id\":\"https:\/\/arema.com\/ca\/aigua-residual\/#breadcrumb\"},\"inLanguage\":\"ca\",\"potentialAction\":[{\"@type\":\"ReadAction\",\"target\":[\"https:\/\/arema.com\/ca\/aigua-residual\/\"]}]},{\"@type\":\"ImageObject\",\"inLanguage\":\"ca\",\"@id\":\"https:\/\/arema.com\/ca\/aigua-residual\/#primaryimage\",\"url\":\"https:\/\/www.rubau.com\/wp-content\/themes\/rubau\/img\/filet-blanc.png\",\"contentUrl\":\"https:\/\/www.rubau.com\/wp-content\/themes\/rubau\/img\/filet-blanc.png\"},{\"@type\":\"BreadcrumbList\",\"@id\":\"https:\/\/arema.com\/ca\/aigua-residual\/#breadcrumb\",\"itemListElement\":[{\"@type\":\"ListItem\",\"position\":1,\"name\":\"Inici\",\"item\":\"https:\/\/arema.com\/ca\/\"},{\"@type\":\"ListItem\",\"position\":2,\"name\":\"AIGUA RESIDUAL\"}]},{\"@type\":\"WebSite\",\"@id\":\"https:\/\/arema.com\/en\/#website\",\"url\":\"https:\/\/arema.com\/en\/\",\"name\":\"Arema\",\"description\":\"Agua, residuos y medio ambiente\",\"potentialAction\":[{\"@type\":\"SearchAction\",\"target\":{\"@type\":\"EntryPoint\",\"urlTemplate\":\"https:\/\/arema.com\/en\/?s={search_term_string}\"},\"query-input\":{\"@type\":\"PropertyValueSpecification\",\"valueRequired\":true,\"valueName\":\"search_term_string\"}}],\"inLanguage\":\"ca\"}]}<\/script>\n<!-- \/ Yoast SEO plugin. -->","yoast_head_json":{"title":"AIGUA RESIDUAL: tractament i desinfecci\u00f3 - Arema","description":"L\u2019Aigua residual d\u2019origen dom\u00e8stic o industrial requereix desinfecci\u00f3 i un tractament rigor\u00f3s abans del seu retorn al medi ambient","robots":{"index":"index","follow":"follow","max-snippet":"max-snippet:-1","max-image-preview":"max-image-preview:large","max-video-preview":"max-video-preview:-1"},"canonical":"https:\/\/arema.com\/ca\/aigua-residual\/","og_locale":"ca_ES","og_type":"article","og_title":"AIGUA RESIDUAL: tractament i desinfecci\u00f3 - Arema","og_description":"L\u2019Aigua residual d\u2019origen dom\u00e8stic o industrial requereix desinfecci\u00f3 i un tractament rigor\u00f3s abans del seu retorn al medi ambient","og_url":"https:\/\/arema.com\/ca\/aigua-residual\/","og_site_name":"Arema","article_modified_time":"2020-12-03T11:36:32+00:00","og_image":[{"url":"https:\/\/www.rubau.com\/wp-content\/themes\/rubau\/img\/filet-blanc.png","type":"","width":"","height":""}],"twitter_card":"summary_large_image","twitter_misc":{"Temps estimat de lectura":"3 minuts"},"schema":{"@context":"https:\/\/schema.org","@graph":[{"@type":"WebPage","@id":"https:\/\/arema.com\/ca\/aigua-residual\/","url":"https:\/\/arema.com\/ca\/aigua-residual\/","name":"AIGUA RESIDUAL: tractament i desinfecci\u00f3 - Arema","isPartOf":{"@id":"https:\/\/arema.com\/en\/#website"},"primaryImageOfPage":{"@id":"https:\/\/arema.com\/ca\/aigua-residual\/#primaryimage"},"image":{"@id":"https:\/\/arema.com\/ca\/aigua-residual\/#primaryimage"},"thumbnailUrl":"https:\/\/www.rubau.com\/wp-content\/themes\/rubau\/img\/filet-blanc.png","datePublished":"2020-10-26T08:52:31+00:00","dateModified":"2020-12-03T11:36:32+00:00","description":"L\u2019Aigua residual d\u2019origen dom\u00e8stic o industrial requereix desinfecci\u00f3 i un tractament rigor\u00f3s abans del seu retorn al medi ambient","breadcrumb":{"@id":"https:\/\/arema.com\/ca\/aigua-residual\/#breadcrumb"},"inLanguage":"ca","potentialAction":[{"@type":"ReadAction","target":["https:\/\/arema.com\/ca\/aigua-residual\/"]}]},{"@type":"ImageObject","inLanguage":"ca","@id":"https:\/\/arema.com\/ca\/aigua-residual\/#primaryimage","url":"https:\/\/www.rubau.com\/wp-content\/themes\/rubau\/img\/filet-blanc.png","contentUrl":"https:\/\/www.rubau.com\/wp-content\/themes\/rubau\/img\/filet-blanc.png"},{"@type":"BreadcrumbList","@id":"https:\/\/arema.com\/ca\/aigua-residual\/#breadcrumb","itemListElement":[{"@type":"ListItem","position":1,"name":"Inici","item":"https:\/\/arema.com\/ca\/"},{"@type":"ListItem","position":2,"name":"AIGUA RESIDUAL"}]},{"@type":"WebSite","@id":"https:\/\/arema.com\/en\/#website","url":"https:\/\/arema.com\/en\/","name":"Arema","description":"Agua, residuos y medio ambiente","potentialAction":[{"@type":"SearchAction","target":{"@type":"EntryPoint","urlTemplate":"https:\/\/arema.com\/en\/?s={search_term_string}"},"query-input":{"@type":"PropertyValueSpecification","valueRequired":true,"valueName":"search_term_string"}}],"inLanguage":"ca"}]}},"_links":{"self":[{"href":"https:\/\/arema.com\/ca\/wp-json\/wp\/v2\/pages\/210","targetHints":{"allow":["GET"]}}],"collection":[{"href":"https:\/\/arema.com\/ca\/wp-json\/wp\/v2\/pages"}],"about":[{"href":"https:\/\/arema.com\/ca\/wp-json\/wp\/v2\/types\/page"}],"author":[{"embeddable":true,"href":"https:\/\/arema.com\/ca\/wp-json\/wp\/v2\/users\/1"}],"replies":[{"embeddable":true,"href":"https:\/\/arema.com\/ca\/wp-json\/wp\/v2\/comments?post=210"}],"version-history":[{"count":23,"href":"https:\/\/arema.com\/ca\/wp-json\/wp\/v2\/pages\/210\/revisions"}],"predecessor-version":[{"id":1560,"href":"https:\/\/arema.com\/ca\/wp-json\/wp\/v2\/pages\/210\/revisions\/1560"}],"wp:attachment":[{"href":"https:\/\/arema.com\/ca\/wp-json\/wp\/v2\/media?parent=210"}],"curies":[{"name":"wp","href":"https:\/\/api.w.org\/{rel}","templated":true}]}}