{"id":1643,"date":"2020-11-19T13:25:54","date_gmt":"2020-11-19T12:25:54","guid":{"rendered":"http:\/\/arema.com\/?page_id=1643"},"modified":"2024-01-04T11:54:46","modified_gmt":"2024-01-04T10:54:46","slug":"politica-de-cookies","status":"publish","type":"page","link":"https:\/\/arema.com\/ca\/politica-de-cookies\/","title":{"rendered":"Pol\u00edtica de Cookies"},"content":{"rendered":"<p>[vc_row css_animation=&#8221;&#8221; row_type=&#8221;row&#8221; use_row_as_full_screen_section=&#8221;no&#8221; type=&#8221;full_width&#8221; angled_section=&#8221;no&#8221; text_align=&#8221;left&#8221; background_image_as_pattern=&#8221;without_pattern&#8221; z_index=&#8221;&#8221;][vc_column width=&#8221;1\/3&#8243; offset=&#8221;vc_hidden-md vc_hidden-sm vc_hidden-xs&#8221;][vc_single_image image=&#8221;1618&#8243; img_size=&#8221;medium&#8221; qode_css_animation=&#8221;&#8221;][\/vc_column][vc_column width=&#8221;1\/3&#8243; offset=&#8221;vc_hidden-md vc_hidden-sm vc_hidden-xs&#8221;][vc_empty_space height=&#8221;120&#8243;][vc_column_text]<\/p>\n<h4 style=\"text-align: center;\"><img decoding=\"async\" src=\"https:\/\/www.rubau.com\/wp-content\/themes\/rubau\/img\/filet.png\" \/> POL\u00cdTICA DE COOKIES <img decoding=\"async\" src=\"https:\/\/www.rubau.com\/wp-content\/themes\/rubau\/img\/filet.png\" \/><\/h4>\n<p>[\/vc_column_text][vc_empty_space height=&#8221;50&#8243;][\/vc_column][vc_column width=&#8221;1\/3&#8243; offset=&#8221;vc_hidden-md vc_hidden-sm vc_hidden-xs&#8221;][\/vc_column][\/vc_row][vc_row css_animation=&#8221;&#8221; row_type=&#8221;row&#8221; use_row_as_full_screen_section=&#8221;no&#8221; type=&#8221;full_width&#8221; angled_section=&#8221;no&#8221; text_align=&#8221;left&#8221; background_image_as_pattern=&#8221;without_pattern&#8221; z_index=&#8221;&#8221;][vc_column width=&#8221;1\/6&#8243; offset=&#8221;vc_hidden-lg&#8221;][vc_single_image image=&#8221;1618&#8243; img_size=&#8221;150&#215;150&#8243; qode_css_animation=&#8221;&#8221;][\/vc_column][vc_column width=&#8221;2\/3&#8243; offset=&#8221;vc_hidden-lg&#8221;][vc_column_text]<\/p>\n<h4 style=\"text-align: center;\"><img decoding=\"async\" src=\"https:\/\/www.rubau.com\/wp-content\/themes\/rubau\/img\/filet.png\" \/> POL\u00cdTICA DE COOKIES <img decoding=\"async\" src=\"https:\/\/www.rubau.com\/wp-content\/themes\/rubau\/img\/filet.png\" \/><\/h4>\n<p>[\/vc_column_text][vc_empty_space height=&#8221;40&#8243;][\/vc_column][vc_column width=&#8221;1\/6&#8243; offset=&#8221;vc_hidden-lg&#8221;][\/vc_column][\/vc_row][vc_row css_animation=&#8221;&#8221; row_type=&#8221;row&#8221; use_row_as_full_screen_section=&#8221;no&#8221; type=&#8221;grid&#8221; angled_section=&#8221;no&#8221; text_align=&#8221;left&#8221; background_image_as_pattern=&#8221;without_pattern&#8221; z_index=&#8221;&#8221;][vc_column width=&#8221;1\/6&#8243;][\/vc_column][vc_column width=&#8221;2\/3&#8243;][vc_column_text]<b>INFORMACI\u00d3N GENERAL<\/b><\/p>\n<p><b>\u00bfQu\u00e9 son las cookies?<\/b><\/p>\n<p><span style=\"font-weight: 400;\">Las cookies y otras tecnolog\u00edas similares tales como local shared objects, flash cookies o p\u00edxeles, son herramientas empleadas por los servidores Web para almacenar y recuperar informaci\u00f3n acerca de sus visitantes, as\u00ed como para ofrecer un correcto funcionamiento del sitio.<\/span><\/p>\n<p><span style=\"font-weight: 400;\">Mediante el uso de estos dispositivos se permite al servidor Web recordar algunos datos concernientes al usuario, como sus preferencias para la visualizaci\u00f3n de las p\u00e1ginas de ese servidor, nombre y contrase\u00f1a, productos que m\u00e1s le interesan, etc.<\/span><\/p>\n<p><b>Cookies afectadas por la normativa y cookies exceptuadas<\/b><\/p>\n<p><span style=\"font-weight: 400;\">De acuerdo con la normativa aplicable, las cookies que requieren el consentimiento informado por parte del usuario son las cookies de anal\u00edtica y las de publicidad y afiliaci\u00f3n, quedando exceptuadas las de car\u00e1cter t\u00e9cnico y las necesarias para el funcionamiento del sitio web o la prestaci\u00f3n de servicios expresamente solicitados por el usuario.<\/span><\/p>\n<p><b>\u00bfQu\u00e9 tipos de cookies existen?<\/b><\/p>\n<p><b>Seg\u00fan su funcionalidad<\/b><\/p>\n<ul>\n<li style=\"font-weight: 400;\" aria-level=\"1\"><b>Cookies necesarias<\/b><span style=\"font-weight: 400;\">: son aquellas imprescindibles para el correcto funcionamiento del sitio web. No recopilan ning\u00fan tipo de datos de usuario y recogen informaci\u00f3n como la preferencia de idioma, si se ha aceptado la pol\u00edtica de cookies, etc.<\/span><\/li>\n<\/ul>\n<ul>\n<li style=\"font-weight: 400;\" aria-level=\"1\"><b>Cookies de an\u00e1lisis o medici\u00f3n<\/b><span style=\"font-weight: 400;\">: Son aqu\u00e9llas que bien tratadas por nosotros o por terceros, nos permiten cuantificar el n\u00famero de usuarios y as\u00ed realizar la medici\u00f3n y an\u00e1lisis estad\u00edstico de la utilizaci\u00f3n que hacen los usuarios del servicio ofertado. Para ello se analiza su navegaci\u00f3n en nuestra p\u00e1gina web con el fin de mejorar la oferta de productos o servicios que le ofrecemos.<\/span><\/li>\n<\/ul>\n<ul>\n<li style=\"font-weight: 400;\" aria-level=\"1\"><b>Cookies de publicidad comportamental o de marketing personalizado<\/b><span style=\"font-weight: 400;\">: Son aqu\u00e9llas que permiten la gesti\u00f3n, de la forma m\u00e1s eficaz posible, de los espacios publicitarios que, en su caso, el editor haya incluido en una p\u00e1gina web, aplicaci\u00f3n o plataforma desde la que presta el servicio solicitado. Estas cookies almacenan informaci\u00f3n del comportamiento de los usuarios obtenida a trav\u00e9s de la observaci\u00f3n continuada de sus h\u00e1bitos de navegaci\u00f3n, lo que permite desarrollar un perfil espec\u00edfico para mostrar publicidad en funci\u00f3n del mismo. Asimismo, es posible que al visitar alguna p\u00e1gina web o al abrir alg\u00fan email donde se publique alg\u00fan anuncio o alguna promoci\u00f3n sobre nuestros productos o servicios se instale en tu navegador alguna cookie que nos sirve para mostrarte posteriormente publicidad relacionada con la b\u00fasqueda que hayas realizado, desarrollar un control de nuestros anuncios en relaci\u00f3n, por ejemplo, con el n\u00famero de veces que son vistos, donde aparecen, a qu\u00e9 hora se ven, etc.<\/span><\/li>\n<\/ul>\n<p><b>DECLARACI\u00d3N DE COOKIES<\/b><\/p>\n<p><span style=\"font-weight: 400;\">A continuaci\u00f3n, se detallan las cookies utilizadas en la Web. Asimismo, le informamos que el uso de cookies de terceros puede conllevar transferencias de datos fuera del Espacio Econ\u00f3mico Europeo. Al respecto, le informamos que puede consultar m\u00e1s informaci\u00f3n sobre las caracter\u00edsticas de estas transferencias en las pol\u00edticas de privacidad enlazadas de estos terceros\u00a0<\/span><\/p>\n<table>\n<thead>\n<tr>\n<th><span style=\"font-weight: 400;\">Cookie<\/span><\/th>\n<th><span style=\"font-weight: 400;\">Propietario<\/span><\/th>\n<th><span style=\"font-weight: 400;\">Duraci\u00f3n<\/span><\/th>\n<th><span style=\"font-weight: 400;\">Finalidad<\/span><\/th>\n<th><span style=\"font-weight: 400;\">Tipo<\/span><\/th>\n<\/tr>\n<tr>\n<th><span style=\"font-weight: 400;\">Cookielawinfo-checkbox-no-necesarias<\/span><\/th>\n<th><span style=\"font-weight: 400;\">Arema<\/span><\/th>\n<th><span style=\"font-weight: 400;\">1 a\u00f1o<\/span><\/th>\n<th><span style=\"font-weight: 400;\">Utilizada para la aceptaci\u00f3n de cookies no necesarias.<\/span><\/th>\n<th><span style=\"font-weight: 400;\">Anal\u00edticas<\/span><\/th>\n<\/tr>\n<tr>\n<th><span style=\"font-weight: 400;\">Cookielawinfo-checkbox-uncategorized<\/span><\/th>\n<th><span style=\"font-weight: 400;\">Arema<\/span><\/th>\n<th><span style=\"font-weight: 400;\">1 a\u00f1o<\/span><\/th>\n<th><span style=\"font-weight: 400;\">Esta cookie est\u00e1 configurada por el complemento de consentimiento de cookies de GDPR. Las cookies se utilizan para almacenar el consentimiento del usuario para las cookies en la categor\u00eda &#8220;Sin categorizar&#8221;.<\/span><\/th>\n<th><span style=\"font-weight: 400;\">Necesarias<\/span><\/th>\n<\/tr>\n<tr>\n<th><span style=\"font-weight: 400;\">Cookielawinfo-checkbox-necesarias<\/span><\/th>\n<th><span style=\"font-weight: 400;\">Arema<\/span><\/th>\n<th><span style=\"font-weight: 400;\">1 a\u00f1o<\/span><\/th>\n<th><span style=\"font-weight: 400;\">Esta cookie est\u00e1 configurada por el complemento de consentimiento de cookies de GDPR. Las cookies se utilizan para almacenar el consentimiento del usuario para las cookies en la categor\u00eda &#8220;Necesarias&#8221;.<\/span><\/th>\n<th><span style=\"font-weight: 400;\">Anal\u00edticas<\/span><\/th>\n<\/tr>\n<tr>\n<th><span style=\"font-weight: 400;\">_GRECAPTCHA<\/span><\/th>\n<th><a href=\"https:\/\/policies.google.com\/technologies\/cookies?hl=ES\"><span style=\"font-weight: 400;\">Google<\/span><\/a><\/th>\n<th><span style=\"font-weight: 400;\">6 meses<\/span><\/th>\n<th><span style=\"font-weight: 400;\">Utilizada por el servicio GOOGLE RECAPTCHA estableciendo una cookie necesaria (_GRECAPTCHA) cuando se ejecuta con el fin de proporcionar su an\u00e1lisis de riesgos.<\/span><\/th>\n<th><span style=\"font-weight: 400;\">Necesarias<\/span><\/th>\n<\/tr>\n<tr>\n<th><span style=\"font-weight: 400;\">Cookielawinfo-checkbox-non-necessary<\/span><\/th>\n<th><span style=\"font-weight: 400;\">Arema<\/span><\/th>\n<th><span style=\"font-weight: 400;\">11 meses<\/span><\/th>\n<th><span style=\"font-weight: 400;\">Utilizada para la aceptaci\u00f3n de cookies no necesarias.<\/span><\/th>\n<th><span style=\"font-weight: 400;\">Necesarias<\/span><\/th>\n<\/tr>\n<tr>\n<th><span style=\"font-weight: 400;\">viewed_cookie-policy<\/span><\/th>\n<th><span style=\"font-weight: 400;\">Arema<\/span><\/th>\n<th><span style=\"font-weight: 400;\">11 meses<\/span><\/th>\n<th><span style=\"font-weight: 400;\">Cookies de uso interno necesaria para el funcionamiento de la visualizaci\u00f3n de la pol\u00edtica de cookies.<\/span><\/th>\n<th><span style=\"font-weight: 400;\">Necesarias<\/span><\/th>\n<\/tr>\n<tr>\n<th><span style=\"font-weight: 400;\">Cookielawinfo-checkbox-necessary<\/span><\/th>\n<th><span style=\"font-weight: 400;\">Arema<\/span><\/th>\n<th><span style=\"font-weight: 400;\">11 meses<\/span><\/th>\n<th><span style=\"font-weight: 400;\">Utilizada para la aceptaci\u00f3n de cookies necesarias.<\/span><\/th>\n<th><span style=\"font-weight: 400;\">Necesarias<\/span><\/th>\n<\/tr>\n<\/thead>\n<\/table>\n<p><b>REVOCACI\u00d3N DEL CONSENTIMIENTO PARA INSTALAR COOKIES<\/b><\/p>\n<p><span style=\"font-weight: 400;\">Puede aceptar, rechazar o modificar sus preferencias sobre el uso de cookies en el panel de configuraci\u00f3n, accesible en el bot\u00f3n \u201cPol\u00edtica de cookies\u201d en la parte inferior derecha de su pantalla.<\/span><\/p>\n<p><span style=\"font-weight: 400;\">Los navegadores de internet permiten visualizar, desactivar, restringir, bloquear o eliminar las cookies. A continuaci\u00f3n, se muestra c\u00f3mo puede configurar las cookies en los principales navegadores, si bien le recomendamos que consulte el Soporte o la Ayuda de su navegador para obtener informaci\u00f3n detallada y actualizada en funci\u00f3n de la versi\u00f3n de su navegador y el terminal utilizado:<\/span><\/p>\n<ul>\n<li style=\"font-weight: 400;\" aria-level=\"1\"><b>Internet Explorer<\/b><span style=\"font-weight: 400;\">: Herramientas -&gt; Opciones de Internet\u00a0-&gt; Privacidad\u00a0-&gt; Configuraci\u00f3n.<\/span><\/li>\n<\/ul>\n<p><b>\u00a0<\/b><\/p>\n<p><span style=\"font-weight: 400;\">Para m\u00e1s informaci\u00f3n, puede consultar el\u00a0<\/span><a href=\"http:\/\/windows.microsoft.com\/es-ES\/windows\/support\"><span style=\"font-weight: 400;\">soporte de Microsoft<\/span><\/a><span style=\"font-weight: 400;\">\u00a0o la Ayuda del navegador. Tambi\u00e9n puede conocer informaci\u00f3n en materia de cookies pinchando en el enlace <\/span><a href=\"https:\/\/support.microsoft.com\/es-es\/windows\/eliminar-y-administrar-cookies-168dab11-0753-043d-7c16-ede5947fc64d#ie=\"><span style=\"font-weight: 400;\">https:\/\/support.microsoft.com\/es-es\/windows\/eliminar-y-administrar-cookies-168dab11-0753-043d-7c16-ede5947fc64d#ie=<\/span><\/a><\/p>\n<p><b>\u00a0<\/b><\/p>\n<ul>\n<li style=\"font-weight: 400;\" aria-level=\"1\"><b>Firefox: <\/b><span style=\"font-weight: 400;\">Herramientas\u00a0-&gt; Opciones\u00a0-&gt; Privacidad\u00a0-&gt; Historial\u00a0-&gt; Configuraci\u00f3n Personalizada.<\/span><\/li>\n<\/ul>\n<p><b>\u00a0<\/b><\/p>\n<p><span style=\"font-weight: 400;\">Para m\u00e1s informaci\u00f3n, puede consultar el\u00a0<\/span><a href=\"http:\/\/support.mozilla.org\/es\/home\"><span style=\"font-weight: 400;\">soporte de Mozilla<\/span><\/a><span style=\"font-weight: 400;\">\u00a0o la Ayuda del navegador. Tambi\u00e9n puede conocer informaci\u00f3n en materia de cookies pinchando en el enlace<\/span> <a href=\"https:\/\/support.mozilla.org\/es\/kb\/Borrar%20cookies\"><span style=\"font-weight: 400;\">https:\/\/support.mozilla.org\/es\/kb\/Borrar%20cookies<\/span><\/a><span style=\"font-weight: 400;\">\u00a0<\/span><\/p>\n<p><b>\u00a0<\/b><\/p>\n<ul>\n<li style=\"font-weight: 400;\" aria-level=\"1\"><b>Chrome: <\/b><span style=\"font-weight: 400;\">Configuraci\u00f3n\u00a0-&gt; Mostrar opciones avanzadas\u00a0-&gt; Privacidad\u00a0-&gt; Configuraci\u00f3n de contenido.<\/span><\/li>\n<\/ul>\n<p><b>\u00a0<\/b><\/p>\n<p><span style=\"font-weight: 400;\">Para m\u00e1s informaci\u00f3n, puede consultar el\u00a0<\/span><a href=\"http:\/\/support.google.com\/chrome\/?hl=es\"><span style=\"font-weight: 400;\">soporte de Google<\/span><\/a><span style=\"font-weight: 400;\">\u00a0o la Ayuda del navegador. Tambi\u00e9n puede conocer informaci\u00f3n en materia de cookies pinchando en el enlace<\/span><span style=\"font-weight: 400;\">\u00a0<\/span><a href=\"https:\/\/support.google.com\/chrome\/answer\/95647?hl=\"><span style=\"font-weight: 400;\">https:\/\/support.google.com\/chrome\/answer\/95647?hl=<\/span><\/a><span style=\"font-weight: 400;\">\u00a0<\/span><\/p>\n<p><b>\u00a0<\/b><\/p>\n<ul>\n<li style=\"font-weight: 400;\" aria-level=\"1\"><b>Safari: <\/b><span style=\"font-weight: 400;\">Preferencias\u00a0-&gt; Seguridad.<\/span><\/li>\n<\/ul>\n<p><b>\u00a0<\/b><\/p>\n<p><span style=\"font-weight: 400;\">Para m\u00e1s informaci\u00f3n, puede consultar el\u00a0<\/span><a href=\"http:\/\/www.apple.com\/es\/support\/safari\/\"><span style=\"font-weight: 400;\">soporte de Apple<\/span><\/a><span style=\"font-weight: 400;\">\u00a0o la Ayuda del navegador. Tambi\u00e9n puede conocer informaci\u00f3n en materia de cookies pinchando en el enlace<\/span> <a href=\"https:\/\/www.apple.com\/legal\/privacy\/es\/cookies\/\"><span style=\"font-weight: 400;\">https:\/\/www.apple.com\/legal\/privacy\/es\/cookies\/<\/span><\/a><span style=\"font-weight: 400;\">\u00a0<\/span><\/p>\n<p><b>\u00a0<\/b><\/p>\n<p><span style=\"font-weight: 400;\">Asimismo, le informamos de que algunos navegadores permiten activar un modo privado o Inc\u00f3gnito de navegaci\u00f3n en virtud del cual las cookies se instalan en el terminal, pero se eliminan de manera autom\u00e1tica cuando finaliza la sesi\u00f3n de navegaci\u00f3n.<\/span><\/p>\n<p><span style=\"font-weight: 400;\">Si el navegador no aparece en el listado, consulte la documentaci\u00f3n del navegador que tenga instalado para bloquear, eliminar o permitir la descarga de Cookies.<\/span><\/p>\n<p><b>Actualizaciones y cambios en la pol\u00edtica de \u201ccookies\u201d<\/b><\/p>\n<p><b>\u00a0<\/b><\/p>\n<p><span style=\"font-weight: 400;\">AGUA, RESIDUOS Y MEDIO AMBIENTE, S.A. podr\u00e1 modificar la Pol\u00edtica de Cookies total o parcialmente, publicando cualquier cambio en la misma forma en que aparece esta pol\u00edtica, en funci\u00f3n de exigencias legislativas, reglamentarias o con la finalidad de adaptar dicha pol\u00edtica a las instrucciones de la AEPD. Por ello, te aconsejamos la visita peri\u00f3dica a su contenido.<\/span><\/p>\n<p><span style=\"font-weight: 400;\">\u00daltima fecha de actualizaci\u00f3n: Octubre de 2023.<\/span><\/p>\n<p>[\/vc_column_text][vc_empty_space height=&#8221;50px&#8221;][\/vc_column][vc_column width=&#8221;1\/6&#8243;][\/vc_column][\/vc_row]<\/p>\n","protected":false},"excerpt":{"rendered":"<p>[vc_row css_animation=&#8221;&#8221; row_type=&#8221;row&#8221; use_row_as_full_screen_section=&#8221;no&#8221; type=&#8221;full_width&#8221; angled_section=&#8221;no&#8221; text_align=&#8221;left&#8221; background_image_as_pattern=&#8221;without_pattern&#8221; z_index=&#8221;&#8221;][vc_column width=&#8221;1\/3&#8243; offset=&#8221;vc_hidden-md vc_hidden-sm vc_hidden-xs&#8221;][vc_single_image image=&#8221;1618&#8243; img_size=&#8221;medium&#8221; qode_css_animation=&#8221;&#8221;][\/vc_column][vc_column width=&#8221;1\/3&#8243; offset=&#8221;vc_hidden-md vc_hidden-sm vc_hidden-xs&#8221;][vc_empty_space height=&#8221;120&#8243;][vc_column_text] POL\u00cdTICA DE COOKIES [\/vc_column_text][vc_empty_space height=&#8221;50&#8243;][\/vc_column][vc_column width=&#8221;1\/3&#8243; offset=&#8221;vc_hidden-md vc_hidden-sm vc_hidden-xs&#8221;][\/vc_column][\/vc_row][vc_row css_animation=&#8221;&#8221; row_type=&#8221;row&#8221; use_row_as_full_screen_section=&#8221;no&#8221; type=&#8221;full_width&#8221; angled_section=&#8221;no&#8221; text_align=&#8221;left&#8221; background_image_as_pattern=&#8221;without_pattern&#8221; z_index=&#8221;&#8221;][vc_column width=&#8221;1\/6&#8243; offset=&#8221;vc_hidden-lg&#8221;][vc_single_image image=&#8221;1618&#8243; img_size=&#8221;150&#215;150&#8243; qode_css_animation=&#8221;&#8221;][\/vc_column][vc_column width=&#8221;2\/3&#8243; offset=&#8221;vc_hidden-lg&#8221;][vc_column_text]&#8230;<\/p>\n","protected":false},"author":1,"featured_media":0,"parent":0,"menu_order":0,"comment_status":"closed","ping_status":"closed","template":"full_width.php","meta":{"footnotes":""},"class_list":["post-1643","page","type-page","status-publish","hentry"],"yoast_head":"<!-- This site is optimized with the Yoast SEO plugin v27.2 - https:\/\/yoast.com\/product\/yoast-seo-wordpress\/ -->\n<title>Pol\u00edtica de Cookies i gesti\u00f3 de Cookies web - Arema<\/title>\n<meta name=\"description\" content=\"Consulti la Pol\u00edtica Cookies d&#039;Arema - Rubau. La seva seguretat \u00e9s la nostra prioritat, consulti les nostres cookies web\" \/>\n<meta name=\"robots\" content=\"index, follow, max-snippet:-1, max-image-preview:large, max-video-preview:-1\" \/>\n<link rel=\"canonical\" href=\"https:\/\/arema.com\/ca\/politica-de-cookies\/\" \/>\n<meta property=\"og:locale\" content=\"ca_ES\" \/>\n<meta property=\"og:type\" content=\"article\" \/>\n<meta property=\"og:title\" content=\"Pol\u00edtica de Cookies i gesti\u00f3 de Cookies web - Arema\" \/>\n<meta property=\"og:description\" content=\"Consulti la Pol\u00edtica Cookies d&#039;Arema - Rubau. La seva seguretat \u00e9s la nostra prioritat, consulti les nostres cookies web\" \/>\n<meta property=\"og:url\" content=\"https:\/\/arema.com\/ca\/politica-de-cookies\/\" \/>\n<meta property=\"og:site_name\" content=\"Arema\" \/>\n<meta property=\"article:modified_time\" content=\"2024-01-04T10:54:46+00:00\" \/>\n<meta property=\"og:image\" content=\"https:\/\/www.rubau.com\/wp-content\/themes\/rubau\/img\/filet.png\" \/>\n<meta name=\"twitter:card\" content=\"summary_large_image\" \/>\n<meta name=\"twitter:label1\" content=\"Temps estimat de lectura\" \/>\n\t<meta name=\"twitter:data1\" content=\"7 minuts\" \/>\n<script type=\"application\/ld+json\" class=\"yoast-schema-graph\">{\"@context\":\"https:\/\/schema.org\",\"@graph\":[{\"@type\":\"WebPage\",\"@id\":\"https:\/\/arema.com\/ca\/politica-de-cookies\/\",\"url\":\"https:\/\/arema.com\/ca\/politica-de-cookies\/\",\"name\":\"Pol\u00edtica de Cookies i gesti\u00f3 de Cookies web - Arema\",\"isPartOf\":{\"@id\":\"http:\/\/arema.com\/#website\"},\"primaryImageOfPage\":{\"@id\":\"https:\/\/arema.com\/ca\/politica-de-cookies\/#primaryimage\"},\"image\":{\"@id\":\"https:\/\/arema.com\/ca\/politica-de-cookies\/#primaryimage\"},\"thumbnailUrl\":\"https:\/\/www.rubau.com\/wp-content\/themes\/rubau\/img\/filet.png\",\"datePublished\":\"2020-11-19T12:25:54+00:00\",\"dateModified\":\"2024-01-04T10:54:46+00:00\",\"description\":\"Consulti la Pol\u00edtica Cookies d'Arema - Rubau. La seva seguretat \u00e9s la nostra prioritat, consulti les nostres cookies web\",\"breadcrumb\":{\"@id\":\"https:\/\/arema.com\/ca\/politica-de-cookies\/#breadcrumb\"},\"inLanguage\":\"ca\",\"potentialAction\":[{\"@type\":\"ReadAction\",\"target\":[\"https:\/\/arema.com\/ca\/politica-de-cookies\/\"]}]},{\"@type\":\"ImageObject\",\"inLanguage\":\"ca\",\"@id\":\"https:\/\/arema.com\/ca\/politica-de-cookies\/#primaryimage\",\"url\":\"https:\/\/www.rubau.com\/wp-content\/themes\/rubau\/img\/filet.png\",\"contentUrl\":\"https:\/\/www.rubau.com\/wp-content\/themes\/rubau\/img\/filet.png\"},{\"@type\":\"BreadcrumbList\",\"@id\":\"https:\/\/arema.com\/ca\/politica-de-cookies\/#breadcrumb\",\"itemListElement\":[{\"@type\":\"ListItem\",\"position\":1,\"name\":\"Inici\",\"item\":\"http:\/\/arema.com\/ca\/\"},{\"@type\":\"ListItem\",\"position\":2,\"name\":\"Pol\u00edtica de Cookies\"}]},{\"@type\":\"WebSite\",\"@id\":\"http:\/\/arema.com\/#website\",\"url\":\"http:\/\/arema.com\/\",\"name\":\"Arema\",\"description\":\"Agua, residuos y medio ambiente\",\"potentialAction\":[{\"@type\":\"SearchAction\",\"target\":{\"@type\":\"EntryPoint\",\"urlTemplate\":\"http:\/\/arema.com\/?s={search_term_string}\"},\"query-input\":{\"@type\":\"PropertyValueSpecification\",\"valueRequired\":true,\"valueName\":\"search_term_string\"}}],\"inLanguage\":\"ca\"}]}<\/script>\n<!-- \/ Yoast SEO plugin. -->","yoast_head_json":{"title":"Pol\u00edtica de Cookies i gesti\u00f3 de Cookies web - Arema","description":"Consulti la Pol\u00edtica Cookies d'Arema - Rubau. La seva seguretat \u00e9s la nostra prioritat, consulti les nostres cookies web","robots":{"index":"index","follow":"follow","max-snippet":"max-snippet:-1","max-image-preview":"max-image-preview:large","max-video-preview":"max-video-preview:-1"},"canonical":"https:\/\/arema.com\/ca\/politica-de-cookies\/","og_locale":"ca_ES","og_type":"article","og_title":"Pol\u00edtica de Cookies i gesti\u00f3 de Cookies web - Arema","og_description":"Consulti la Pol\u00edtica Cookies d'Arema - Rubau. La seva seguretat \u00e9s la nostra prioritat, consulti les nostres cookies web","og_url":"https:\/\/arema.com\/ca\/politica-de-cookies\/","og_site_name":"Arema","article_modified_time":"2024-01-04T10:54:46+00:00","og_image":[{"url":"https:\/\/www.rubau.com\/wp-content\/themes\/rubau\/img\/filet.png","type":"","width":"","height":""}],"twitter_card":"summary_large_image","twitter_misc":{"Temps estimat de lectura":"7 minuts"},"schema":{"@context":"https:\/\/schema.org","@graph":[{"@type":"WebPage","@id":"https:\/\/arema.com\/ca\/politica-de-cookies\/","url":"https:\/\/arema.com\/ca\/politica-de-cookies\/","name":"Pol\u00edtica de Cookies i gesti\u00f3 de Cookies web - Arema","isPartOf":{"@id":"http:\/\/arema.com\/#website"},"primaryImageOfPage":{"@id":"https:\/\/arema.com\/ca\/politica-de-cookies\/#primaryimage"},"image":{"@id":"https:\/\/arema.com\/ca\/politica-de-cookies\/#primaryimage"},"thumbnailUrl":"https:\/\/www.rubau.com\/wp-content\/themes\/rubau\/img\/filet.png","datePublished":"2020-11-19T12:25:54+00:00","dateModified":"2024-01-04T10:54:46+00:00","description":"Consulti la Pol\u00edtica Cookies d'Arema - Rubau. La seva seguretat \u00e9s la nostra prioritat, consulti les nostres cookies web","breadcrumb":{"@id":"https:\/\/arema.com\/ca\/politica-de-cookies\/#breadcrumb"},"inLanguage":"ca","potentialAction":[{"@type":"ReadAction","target":["https:\/\/arema.com\/ca\/politica-de-cookies\/"]}]},{"@type":"ImageObject","inLanguage":"ca","@id":"https:\/\/arema.com\/ca\/politica-de-cookies\/#primaryimage","url":"https:\/\/www.rubau.com\/wp-content\/themes\/rubau\/img\/filet.png","contentUrl":"https:\/\/www.rubau.com\/wp-content\/themes\/rubau\/img\/filet.png"},{"@type":"BreadcrumbList","@id":"https:\/\/arema.com\/ca\/politica-de-cookies\/#breadcrumb","itemListElement":[{"@type":"ListItem","position":1,"name":"Inici","item":"http:\/\/arema.com\/ca\/"},{"@type":"ListItem","position":2,"name":"Pol\u00edtica de Cookies"}]},{"@type":"WebSite","@id":"http:\/\/arema.com\/#website","url":"http:\/\/arema.com\/","name":"Arema","description":"Agua, residuos y medio ambiente","potentialAction":[{"@type":"SearchAction","target":{"@type":"EntryPoint","urlTemplate":"http:\/\/arema.com\/?s={search_term_string}"},"query-input":{"@type":"PropertyValueSpecification","valueRequired":true,"valueName":"search_term_string"}}],"inLanguage":"ca"}]}},"_links":{"self":[{"href":"https:\/\/arema.com\/ca\/wp-json\/wp\/v2\/pages\/1643","targetHints":{"allow":["GET"]}}],"collection":[{"href":"https:\/\/arema.com\/ca\/wp-json\/wp\/v2\/pages"}],"about":[{"href":"https:\/\/arema.com\/ca\/wp-json\/wp\/v2\/types\/page"}],"author":[{"embeddable":true,"href":"https:\/\/arema.com\/ca\/wp-json\/wp\/v2\/users\/1"}],"replies":[{"embeddable":true,"href":"https:\/\/arema.com\/ca\/wp-json\/wp\/v2\/comments?post=1643"}],"version-history":[{"count":6,"href":"https:\/\/arema.com\/ca\/wp-json\/wp\/v2\/pages\/1643\/revisions"}],"predecessor-version":[{"id":18959,"href":"https:\/\/arema.com\/ca\/wp-json\/wp\/v2\/pages\/1643\/revisions\/18959"}],"wp:attachment":[{"href":"https:\/\/arema.com\/ca\/wp-json\/wp\/v2\/media?parent=1643"}],"curies":[{"name":"wp","href":"https:\/\/api.w.org\/{rel}","templated":true}]}}