{"id":1596,"date":"2020-11-19T12:41:19","date_gmt":"2020-11-19T11:41:19","guid":{"rendered":"http:\/\/arema.com\/?page_id=1596"},"modified":"2024-01-04T12:22:38","modified_gmt":"2024-01-04T11:22:38","slug":"politica-de-privacitat","status":"publish","type":"page","link":"https:\/\/arema.com\/ca\/politica-de-privacitat\/","title":{"rendered":"Pol\u00edtica de Privacitat"},"content":{"rendered":"<p>[vc_row css_animation=&#8221;&#8221; row_type=&#8221;row&#8221; use_row_as_full_screen_section=&#8221;no&#8221; type=&#8221;full_width&#8221; angled_section=&#8221;no&#8221; text_align=&#8221;left&#8221; background_image_as_pattern=&#8221;without_pattern&#8221; z_index=&#8221;&#8221;][vc_column width=&#8221;1\/3&#8243; offset=&#8221;vc_hidden-md vc_hidden-sm vc_hidden-xs&#8221;][vc_single_image image=&#8221;1618&#8243; img_size=&#8221;medium&#8221; qode_css_animation=&#8221;&#8221;][\/vc_column][vc_column width=&#8221;1\/3&#8243; offset=&#8221;vc_hidden-md vc_hidden-sm vc_hidden-xs&#8221;][vc_empty_space height=&#8221;120&#8243;][vc_column_text]<\/p>\n<h4 style=\"text-align: center;\"><img decoding=\"async\" src=\"https:\/\/www.rubau.com\/wp-content\/themes\/rubau\/img\/filet.png\" \/>\u00a0POL\u00cdTICA DE PRIVACITAT\u00a0<img decoding=\"async\" src=\"https:\/\/www.rubau.com\/wp-content\/themes\/rubau\/img\/filet.png\" \/><\/h4>\n<p>[\/vc_column_text][vc_empty_space height=&#8221;50&#8243;][\/vc_column][vc_column width=&#8221;1\/3&#8243; offset=&#8221;vc_hidden-md vc_hidden-sm vc_hidden-xs&#8221;][\/vc_column][\/vc_row][vc_row css_animation=&#8221;&#8221; row_type=&#8221;row&#8221; use_row_as_full_screen_section=&#8221;no&#8221; type=&#8221;full_width&#8221; angled_section=&#8221;no&#8221; text_align=&#8221;left&#8221; background_image_as_pattern=&#8221;without_pattern&#8221; z_index=&#8221;&#8221;][vc_column width=&#8221;1\/6&#8243; offset=&#8221;vc_hidden-lg&#8221;][vc_single_image image=&#8221;1618&#8243; img_size=&#8221;150&#215;150&#8243; qode_css_animation=&#8221;&#8221;][\/vc_column][vc_column width=&#8221;2\/3&#8243; offset=&#8221;vc_hidden-lg&#8221;][vc_column_text]<\/p>\n<h4 style=\"text-align: center;\"><img decoding=\"async\" src=\"https:\/\/www.rubau.com\/wp-content\/themes\/rubau\/img\/filet.png\" \/>\u00a0POL\u00cdTICA DE PRIVACITAT\u00a0<img decoding=\"async\" src=\"https:\/\/www.rubau.com\/wp-content\/themes\/rubau\/img\/filet.png\" \/><\/h4>\n<p>[\/vc_column_text][vc_empty_space height=&#8221;40&#8243;][\/vc_column][vc_column width=&#8221;1\/6&#8243; offset=&#8221;vc_hidden-lg&#8221;][\/vc_column][\/vc_row][vc_row css_animation=&#8221;&#8221; row_type=&#8221;row&#8221; use_row_as_full_screen_section=&#8221;no&#8221; type=&#8221;grid&#8221; angled_section=&#8221;no&#8221; text_align=&#8221;left&#8221; background_image_as_pattern=&#8221;without_pattern&#8221; z_index=&#8221;&#8221;][vc_column width=&#8221;1\/6&#8243;][\/vc_column][vc_column width=&#8221;2\/3&#8243;][vc_column_text]<span style=\"font-weight: 400;\">El acceso y uso del sitio web https:\/\/www.arema.com\/ (en adelante, \u201cWeb\u201d) atribuye la condici\u00f3n de usuario al visitante de la Web e implica la total aceptaci\u00f3n sin reservas por parte del usuario de las condiciones de uso vigentes en cada momento.<\/span><\/p>\n<p><span style=\"font-weight: 400;\">Consideramos importante la privacidad de las personas, tanto de los visitantes de nuestro sitio web como de cualesquiera otros afectados que nos proporcionan informaci\u00f3n a trav\u00e9s del mismo, cuyos datos son tratados por AGUA, RESIDUOS Y MEDIO AMBIENTE, S.A. (en adelante AREMA) como parte de la prestaci\u00f3n de servicios (en adelante y conjuntamente, \u201custed\u201d o el \u201cusuario\u201d y de forma plural, \u201custedes\u201d o los \u201cusuarios\u201d). En este sentido, AREMA se compromete al tratamiento de sus datos de acuerdo con la normativa de protecci\u00f3n de datos personales aplicable y en vigor en cada momento. Concretamente, AREMA cumplir\u00e1 con las premisas establecidas en la Ley Org\u00e1nica 3\/2018, de 5 de diciembre, de Protecci\u00f3n de Datos Personales y garant\u00eda de los derechos digitales, as\u00ed como aquellas del Reglamento (UE) 2016\/679, de 27 de abril de 2016, del Parlamento Europeo y del Consejo relativo a la protecci\u00f3n de las personas f\u00edsicas en lo que respecta al tratamiento de datos personales y a la libre circulaci\u00f3n de estos datos.<\/span><\/p>\n<p><span style=\"font-weight: 400;\">En base a ello, AREMA informa de su Pol\u00edtica de Privacidad, con el fin de hacer conocedores a los usuarios sobre el tratamiento de sus datos, as\u00ed como de los principios fundamentales sobre protecci\u00f3n de datos personales que aplica. Para ello, consulte los apartados que se indican a continuaci\u00f3n:<\/span><\/p>\n<p><b>1.- \u00bfQui\u00e9n es el Responsable del tratamiento de los datos personales del usuario?<\/b><\/p>\n<p><b>Identidad del Responsable del tratamiento:<\/b><span style=\"font-weight: 400;\">\u00a0AGUA, RESIDUOS Y MEDIO AMBIENTE, S.A.<\/span><\/p>\n<p><b>N.I.F.:<\/b><span style=\"font-weight: 400;\">\u00a0\u00a0A60833027.<\/span><span style=\"font-weight: 400;\"><br \/>\n<\/span><b>Direcci\u00f3n postal:<\/b><span style=\"font-weight: 400;\">\u00a0C\/Pont Major, s\/n, 17007, Girona<\/span><\/p>\n<p><b>Tel\u00e9fono:<\/b><span style=\"font-weight: 400;\">\u00a0972 21 45 50.<\/span><\/p>\n<p><b>Correo electr\u00f3nico: <\/b><a href=\"mailto:rgpd@rubau.com\"><span style=\"font-weight: 400;\">rgpd@rubau.com<\/span><\/a><b>\u00a0<\/b><\/p>\n<p><b>2.- \u00bfCu\u00e1les son las finalidades principales del tratamiento de los datos personales del usuario?<\/b><\/p>\n<ol>\n<li style=\"font-weight: 400;\" aria-level=\"1\"><span style=\"font-weight: 400;\">La ejecuci\u00f3n y\/o mantenimiento de cualquier relaci\u00f3n contractual, y\/o la gesti\u00f3n de un servicio.<\/span><\/li>\n<li style=\"font-weight: 400;\" aria-level=\"1\"><span style=\"font-weight: 400;\">La atenci\u00f3n y gesti\u00f3n de las solicitudes, cuestiones y\/o consultas realizadas por parte de los usuarios a trav\u00e9s de <\/span><a href=\"http:\/\/www.arema.com\"><span style=\"font-weight: 400;\">www.arema.com<\/span><\/a><span style=\"font-weight: 400;\"> o los canales de contacto habilitados.<\/span><\/li>\n<li style=\"font-weight: 400;\" aria-level=\"1\"><span style=\"font-weight: 400;\">El env\u00edo de informaci\u00f3n, publicidad y promoci\u00f3n comercial de productos, servicios y actividades de su inter\u00e9s relacionados con los servicios integrales de construcci\u00f3n por cualquier medio incluido el electr\u00f3nico (correo electr\u00f3nico o medios equivalentes, como sms, tel\u00e9fonos m\u00f3viles, \u2026)<\/span><\/li>\n<li style=\"font-weight: 400;\" aria-level=\"1\"><span style=\"font-weight: 400;\">Conocer su opini\u00f3n y valoraci\u00f3n y mantenerle al d\u00eda de actividades, noticias, ofertas especiales y promocionales de su inter\u00e9s relacionado con los servicios integrales de construcci\u00f3n.<\/span><\/li>\n<\/ol>\n<p><b>3.- \u00bfCu\u00e1l es la legitimaci\u00f3n para el tratamiento de sus datos?<\/b><\/p>\n<p><span style=\"font-weight: 400;\">Trataremos sus datos cuando sean necesarios para ejecutar cualquier relaci\u00f3n contractual o bien cuando el usuario haya prestado su consentimiento.\u00a0<\/span><\/p>\n<p><span style=\"font-weight: 400;\">Al respecto, si los datos aportados en los correspondientes formularios fueran titular de un tercero, el usuario se hace \u00fanico responsable de la correcta captaci\u00f3n del consentimiento de informaci\u00f3n al tercero sobre los aspectos reflejados en el <a href=\"https:\/\/arema.com\/en\/legal-notice\/\" target=\"_blank\" rel=\"noopener\">Aviso legal<\/a> y la Pol\u00edtica de Privacidad de la Web.<\/span><\/p>\n<p><b>4.- \u00bfPor cu\u00e1nto tiempo conservaremos sus datos?<\/b><\/p>\n<p><span style=\"font-weight: 400;\">Se conservar\u00e1n durante no m\u00e1s tiempo del necesario para las anteriores finalidades del tratamiento, as\u00ed como mientras existan prescripciones legales que dictaminen su custodia y cuando ya no sea necesario para ello o bien usted solicite la supresi\u00f3n de sus datos. Para ello, se aplicar\u00e1n medidas de seguridad adecuadas para garantizar la anonimizaci\u00f3n de los datos o la destrucci\u00f3n total de los mismos.<\/span><\/p>\n<p><b>5.- \u00bfQui\u00e9nes podr\u00e1n ser destinatarios de la comunicaci\u00f3n de datos?<\/b><\/p>\n<p><span style=\"font-weight: 400;\">Le informamos que nunca cedemos, vendemos, ni intercambiamos sus datos personales con terceros. No obstante, sus datos podr\u00edan ser cedidos a los organismos y\/o autoridades competentes en los casos que exista una obligaci\u00f3n legal o a otras empresas del Grupo RUBAU o a terceros proveedores cuya intervenci\u00f3n resulte necesaria para las anteriores finalidades.<\/span><\/p>\n<p><b>6.- \u00bfCu\u00e1les son sus derechos cuando nos facilita sus datos?<\/b><\/p>\n<ul>\n<li style=\"font-weight: 400;\" aria-level=\"1\"><span style=\"font-weight: 400;\">Derecho a solicitar el acceso a los datos personales:\u00a0usted podr\u00e1 preguntar a AREMA si est\u00e1 tratando sus datos, y en caso afirmativo acceder a los mismos.<\/span><\/li>\n<li style=\"font-weight: 400;\" aria-level=\"1\"><span style=\"font-weight: 400;\">Derecho a solicitar su rectificaci\u00f3n si los datos son inexactos, o completar los datos que tengamos incompletos.<\/span><\/li>\n<li style=\"font-weight: 400;\" aria-level=\"1\"><span style=\"font-weight: 400;\">Derecho a solicitar la supresi\u00f3n de sus datos, cuando, entre otros motivos, los datos ya no sean necesarios para los fines que fueron recogidos.<\/span><\/li>\n<li style=\"font-weight: 400;\" aria-level=\"1\"><span style=\"font-weight: 400;\">Derecho a solicitar la limitaci\u00f3n de su tratamiento: en este caso \u00fanicamente los conservaremos para el ejercicio o la defensa de reclamaciones.<\/span><\/li>\n<li style=\"font-weight: 400;\" aria-level=\"1\"><span style=\"font-weight: 400;\">Derecho a oponerse al tratamiento:\u00a0AREMA dejar\u00e1\u00a0de tratar los datos personales, con la excepci\u00f3n que deban seguir trat\u00e1ndose por motivos leg\u00edtimos o\u00a0para el ejercicio o defensa de posibles reclamaciones.<\/span><\/li>\n<li style=\"font-weight: 400;\" aria-level=\"1\"><span style=\"font-weight: 400;\">Derecho a la portabilidad de los datos:\u00a0en caso de que el usuario quiera que sus datos sean tratados por otro responsable del tratamiento, AREMA le facilitar\u00e1 el trasvase de sus datos al nuevo responsable.<\/span><\/li>\n<li style=\"font-weight: 400;\" aria-level=\"1\"><span style=\"font-weight: 400;\">Derecho a no ser objeto de una decisi\u00f3n basada \u00fanicamente en el tratamiento automatizado de sus datos personales.<\/span><\/li>\n<\/ul>\n<p><span style=\"font-weight: 400;\">Si hubiese otorgado el consentimiento para alguna finalidad espec\u00edfica, podr\u00e1 retirar el mismo cuando lo desee, sin que ello afecte a la licitud del tratamiento basado en el consentimiento previo a su retirada.<\/span><\/p>\n<p><span style=\"font-weight: 400;\">Para el ejercicio de sus derechos le rogamos que nos lo comunique por escrito a AREMA, C\/Pont Major, s\/n, 17007, Girona indicando su nombre, apellidos, direcci\u00f3n o que nos env\u00ede un e-mail a: <\/span><a href=\"mailto:rgpd@rubau.com\"><span style=\"font-weight: 400;\">rgpd@rubau.com<\/span><\/a><span style=\"font-weight: 400;\">. Si se tienen dudas sobre su identidad, podr\u00e1 resultar necesario aportar fotocopia del D.N.I. o documento equivalente que acredite su identidad y sea considerado v\u00e1lido en derecho. Para ello, puede utilizar los modelos y formularios sobre los distintos derechos de los que dispone la Agencia Espa\u00f1ola de Protecci\u00f3n de Datos en su p\u00e1gina oficial (<\/span><a href=\"https:\/\/www.aepd.es\/reglamento\/derechos\/index.html\"><span style=\"font-weight: 400;\">https:\/\/www.aepd.es\/reglamento\/derechos\/index.html<\/span><\/a><span style=\"font-weight: 400;\">).<\/span><\/p>\n<p><span style=\"font-weight: 400;\">Le informamos del derecho que le asiste a presentar reclamaci\u00f3n ante la Autoridad de Control, espec\u00edficamente, ante la Agencia Espa\u00f1ola de Protecci\u00f3n de Datos (<\/span><a href=\"https:\/\/sedeagpd.gob.es\/sede-electronica-web\/vistas\/formNuevaReclamacion\/reclamacion.jsf\"><span style=\"font-weight: 400;\">https:\/\/sedeagpd.gob.es\/sede-electronica-web\/vistas\/formNuevaReclamacion\/reclamacion.jsf<\/span><\/a><span style=\"font-weight: 400;\">), y dem\u00e1s organismos p\u00fablicos competentes para cualquier reclamaci\u00f3n derivada de sus datos personales.<\/span><\/p>\n<p><b>7.- Enlaces<\/b><\/p>\n<p><span style=\"font-weight: 400;\">El Sitio Web puede contener enlaces a otras p\u00e1ginas webs. Tenga en cuenta que no somos responsables de la privacidad y el tratamiento de datos de otras p\u00e1ginas webs. Esta Pol\u00edtica de Privacidad es aplicable exclusivamente a la informaci\u00f3n que se recaba en el Sitio Web. Le recomendamos que lea las pol\u00edticas de privacidad y tratamiento de datos de otras p\u00e1ginas web con las que enlace desde nuestro Sitio Web o que visite de cualquier otro modo.<\/span><\/p>\n<p><b>8.- Redes sociales<\/b><\/p>\n<p><span style=\"font-weight: 400;\">AREMA tiene presencia en algunas de las principales redes sociales de Internet, y de las que act\u00faa como responsable del tratamiento en relaci\u00f3n con los datos publicados por AREMA.<\/span><\/p>\n<p><span style=\"font-weight: 400;\">AREMA tratar\u00e1 los datos en cada red social seg\u00fan las normas establecidas al efecto por cada red social. Por tanto, y mientras no se manifieste lo contrario desde AREMA podremos informar, a nuestros seguidores en la red social correspondiente de nuestras actividades, eventos, y dem\u00e1s temas relacionados, incluida la atenci\u00f3n al seguidor, por los canales que la red social proporcione al efecto.<\/span><\/p>\n<p><span style=\"font-weight: 400;\">AREMA no extraer\u00e1 datos personales de las redes sociales, salvo que el usuario nos d\u00e9 su consentimiento expreso.<\/span><\/p>\n<p><b>9.- Modificaciones e integridad de nuestra Pol\u00edtica de Privacidad<\/b><\/p>\n<p><span style=\"font-weight: 400;\">Solo utilizaremos sus datos de car\u00e1cter personal seg\u00fan lo establecido en la Pol\u00edtica de Privacidad que est\u00e9 en vigor en el momento en que recabemos sus datos de car\u00e1cter personal. AREMA se reserva el derecho a modificar en cualquier momento esta Pol\u00edtica de Privacidad, publicando tales modificaciones en nuestro sitio web, por lo que le recomendamos que cada vez que lo visite acceda a la Pol\u00edtica de Privacidad. En caso de que cualquier cl\u00e1usula de la presente Pol\u00edtica de Privacidad fuera anulada o considerada nula, el resto de las condiciones no se ver\u00e1n afectadas, conservando plenamente su validez y vigencia, en atenci\u00f3n a la normativa vigente de aplicaci\u00f3n en cada momento.<\/span><\/p>\n<p><span style=\"font-weight: 400;\">Al utilizar nuestro sitio web, el usuario admite que ha le\u00eddo esta Pol\u00edtica de Privacidad y nuestro <a href=\"https:\/\/arema.com\/en\/legal-notice\/\" target=\"_blank\" rel=\"noopener\">Aviso Legal<\/a>.<\/span><\/p>\n<p><span style=\"font-weight: 400;\">Fecha de la \u00faltima actualizaci\u00f3n:\u00a0 Octubre de 2023<\/span>[\/vc_column_text][vc_empty_space height=&#8221;50px&#8221;][\/vc_column][vc_column width=&#8221;1\/6&#8243;][\/vc_column][\/vc_row]<\/p>\n","protected":false},"excerpt":{"rendered":"<p>[vc_row css_animation=&#8221;&#8221; row_type=&#8221;row&#8221; use_row_as_full_screen_section=&#8221;no&#8221; type=&#8221;full_width&#8221; angled_section=&#8221;no&#8221; text_align=&#8221;left&#8221; background_image_as_pattern=&#8221;without_pattern&#8221; z_index=&#8221;&#8221;][vc_column width=&#8221;1\/3&#8243; offset=&#8221;vc_hidden-md vc_hidden-sm vc_hidden-xs&#8221;][vc_single_image image=&#8221;1618&#8243; img_size=&#8221;medium&#8221; qode_css_animation=&#8221;&#8221;][\/vc_column][vc_column width=&#8221;1\/3&#8243; offset=&#8221;vc_hidden-md vc_hidden-sm vc_hidden-xs&#8221;][vc_empty_space height=&#8221;120&#8243;][vc_column_text] \u00a0POL\u00cdTICA DE PRIVACITAT\u00a0 [\/vc_column_text][vc_empty_space height=&#8221;50&#8243;][\/vc_column][vc_column width=&#8221;1\/3&#8243; offset=&#8221;vc_hidden-md vc_hidden-sm vc_hidden-xs&#8221;][\/vc_column][\/vc_row][vc_row css_animation=&#8221;&#8221; row_type=&#8221;row&#8221; use_row_as_full_screen_section=&#8221;no&#8221; type=&#8221;full_width&#8221; angled_section=&#8221;no&#8221; text_align=&#8221;left&#8221; background_image_as_pattern=&#8221;without_pattern&#8221; z_index=&#8221;&#8221;][vc_column width=&#8221;1\/6&#8243; offset=&#8221;vc_hidden-lg&#8221;][vc_single_image image=&#8221;1618&#8243; img_size=&#8221;150&#215;150&#8243; qode_css_animation=&#8221;&#8221;][\/vc_column][vc_column width=&#8221;2\/3&#8243; offset=&#8221;vc_hidden-lg&#8221;][vc_column_text]&#8230;<\/p>\n","protected":false},"author":1,"featured_media":0,"parent":0,"menu_order":0,"comment_status":"closed","ping_status":"closed","template":"full_width.php","meta":{"footnotes":""},"class_list":["post-1596","page","type-page","status-publish","hentry"],"yoast_head":"<!-- This site is optimized with the Yoast SEO plugin v27.2 - https:\/\/yoast.com\/product\/yoast-seo-wordpress\/ -->\n<title>Pol\u00edtica de Privacitat i tractament de dades - Arema<\/title>\n<meta name=\"description\" content=\"Consulti la Pol\u00edtica de Privacitat d&#039;Arema - Rubau. La seva seguretat \u00e9s la nostra prioritat, consulti el nostre tractament de dades\" \/>\n<meta name=\"robots\" content=\"index, follow, max-snippet:-1, max-image-preview:large, max-video-preview:-1\" \/>\n<link rel=\"canonical\" href=\"https:\/\/arema.com\/ca\/politica-de-privacitat\/\" \/>\n<meta property=\"og:locale\" content=\"ca_ES\" \/>\n<meta property=\"og:type\" content=\"article\" \/>\n<meta property=\"og:title\" content=\"Pol\u00edtica de Privacitat i tractament de dades - Arema\" \/>\n<meta property=\"og:description\" content=\"Consulti la Pol\u00edtica de Privacitat d&#039;Arema - Rubau. La seva seguretat \u00e9s la nostra prioritat, consulti el nostre tractament de dades\" \/>\n<meta property=\"og:url\" content=\"https:\/\/arema.com\/ca\/politica-de-privacitat\/\" \/>\n<meta property=\"og:site_name\" content=\"Arema\" \/>\n<meta property=\"article:modified_time\" content=\"2024-01-04T11:22:38+00:00\" \/>\n<meta property=\"og:image\" content=\"https:\/\/www.rubau.com\/wp-content\/themes\/rubau\/img\/filet.png\" \/>\n<meta name=\"twitter:card\" content=\"summary_large_image\" \/>\n<meta name=\"twitter:label1\" content=\"Temps estimat de lectura\" \/>\n\t<meta name=\"twitter:data1\" content=\"9 minuts\" \/>\n<script type=\"application\/ld+json\" class=\"yoast-schema-graph\">{\"@context\":\"https:\/\/schema.org\",\"@graph\":[{\"@type\":\"WebPage\",\"@id\":\"https:\/\/arema.com\/ca\/politica-de-privacitat\/\",\"url\":\"https:\/\/arema.com\/ca\/politica-de-privacitat\/\",\"name\":\"Pol\u00edtica de Privacitat i tractament de dades - Arema\",\"isPartOf\":{\"@id\":\"https:\/\/arema.com\/en\/#website\"},\"primaryImageOfPage\":{\"@id\":\"https:\/\/arema.com\/ca\/politica-de-privacitat\/#primaryimage\"},\"image\":{\"@id\":\"https:\/\/arema.com\/ca\/politica-de-privacitat\/#primaryimage\"},\"thumbnailUrl\":\"https:\/\/www.rubau.com\/wp-content\/themes\/rubau\/img\/filet.png\",\"datePublished\":\"2020-11-19T11:41:19+00:00\",\"dateModified\":\"2024-01-04T11:22:38+00:00\",\"description\":\"Consulti la Pol\u00edtica de Privacitat d'Arema - Rubau. La seva seguretat \u00e9s la nostra prioritat, consulti el nostre tractament de dades\",\"breadcrumb\":{\"@id\":\"https:\/\/arema.com\/ca\/politica-de-privacitat\/#breadcrumb\"},\"inLanguage\":\"ca\",\"potentialAction\":[{\"@type\":\"ReadAction\",\"target\":[\"https:\/\/arema.com\/ca\/politica-de-privacitat\/\"]}]},{\"@type\":\"ImageObject\",\"inLanguage\":\"ca\",\"@id\":\"https:\/\/arema.com\/ca\/politica-de-privacitat\/#primaryimage\",\"url\":\"https:\/\/www.rubau.com\/wp-content\/themes\/rubau\/img\/filet.png\",\"contentUrl\":\"https:\/\/www.rubau.com\/wp-content\/themes\/rubau\/img\/filet.png\"},{\"@type\":\"BreadcrumbList\",\"@id\":\"https:\/\/arema.com\/ca\/politica-de-privacitat\/#breadcrumb\",\"itemListElement\":[{\"@type\":\"ListItem\",\"position\":1,\"name\":\"Inici\",\"item\":\"https:\/\/arema.com\/ca\/\"},{\"@type\":\"ListItem\",\"position\":2,\"name\":\"Pol\u00edtica de Privacitat\"}]},{\"@type\":\"WebSite\",\"@id\":\"https:\/\/arema.com\/en\/#website\",\"url\":\"https:\/\/arema.com\/en\/\",\"name\":\"Arema\",\"description\":\"Agua, residuos y medio ambiente\",\"potentialAction\":[{\"@type\":\"SearchAction\",\"target\":{\"@type\":\"EntryPoint\",\"urlTemplate\":\"https:\/\/arema.com\/en\/?s={search_term_string}\"},\"query-input\":{\"@type\":\"PropertyValueSpecification\",\"valueRequired\":true,\"valueName\":\"search_term_string\"}}],\"inLanguage\":\"ca\"}]}<\/script>\n<!-- \/ Yoast SEO plugin. -->","yoast_head_json":{"title":"Pol\u00edtica de Privacitat i tractament de dades - Arema","description":"Consulti la Pol\u00edtica de Privacitat d'Arema - Rubau. La seva seguretat \u00e9s la nostra prioritat, consulti el nostre tractament de dades","robots":{"index":"index","follow":"follow","max-snippet":"max-snippet:-1","max-image-preview":"max-image-preview:large","max-video-preview":"max-video-preview:-1"},"canonical":"https:\/\/arema.com\/ca\/politica-de-privacitat\/","og_locale":"ca_ES","og_type":"article","og_title":"Pol\u00edtica de Privacitat i tractament de dades - Arema","og_description":"Consulti la Pol\u00edtica de Privacitat d'Arema - Rubau. La seva seguretat \u00e9s la nostra prioritat, consulti el nostre tractament de dades","og_url":"https:\/\/arema.com\/ca\/politica-de-privacitat\/","og_site_name":"Arema","article_modified_time":"2024-01-04T11:22:38+00:00","og_image":[{"url":"https:\/\/www.rubau.com\/wp-content\/themes\/rubau\/img\/filet.png","type":"","width":"","height":""}],"twitter_card":"summary_large_image","twitter_misc":{"Temps estimat de lectura":"9 minuts"},"schema":{"@context":"https:\/\/schema.org","@graph":[{"@type":"WebPage","@id":"https:\/\/arema.com\/ca\/politica-de-privacitat\/","url":"https:\/\/arema.com\/ca\/politica-de-privacitat\/","name":"Pol\u00edtica de Privacitat i tractament de dades - Arema","isPartOf":{"@id":"https:\/\/arema.com\/en\/#website"},"primaryImageOfPage":{"@id":"https:\/\/arema.com\/ca\/politica-de-privacitat\/#primaryimage"},"image":{"@id":"https:\/\/arema.com\/ca\/politica-de-privacitat\/#primaryimage"},"thumbnailUrl":"https:\/\/www.rubau.com\/wp-content\/themes\/rubau\/img\/filet.png","datePublished":"2020-11-19T11:41:19+00:00","dateModified":"2024-01-04T11:22:38+00:00","description":"Consulti la Pol\u00edtica de Privacitat d'Arema - Rubau. La seva seguretat \u00e9s la nostra prioritat, consulti el nostre tractament de dades","breadcrumb":{"@id":"https:\/\/arema.com\/ca\/politica-de-privacitat\/#breadcrumb"},"inLanguage":"ca","potentialAction":[{"@type":"ReadAction","target":["https:\/\/arema.com\/ca\/politica-de-privacitat\/"]}]},{"@type":"ImageObject","inLanguage":"ca","@id":"https:\/\/arema.com\/ca\/politica-de-privacitat\/#primaryimage","url":"https:\/\/www.rubau.com\/wp-content\/themes\/rubau\/img\/filet.png","contentUrl":"https:\/\/www.rubau.com\/wp-content\/themes\/rubau\/img\/filet.png"},{"@type":"BreadcrumbList","@id":"https:\/\/arema.com\/ca\/politica-de-privacitat\/#breadcrumb","itemListElement":[{"@type":"ListItem","position":1,"name":"Inici","item":"https:\/\/arema.com\/ca\/"},{"@type":"ListItem","position":2,"name":"Pol\u00edtica de Privacitat"}]},{"@type":"WebSite","@id":"https:\/\/arema.com\/en\/#website","url":"https:\/\/arema.com\/en\/","name":"Arema","description":"Agua, residuos y medio ambiente","potentialAction":[{"@type":"SearchAction","target":{"@type":"EntryPoint","urlTemplate":"https:\/\/arema.com\/en\/?s={search_term_string}"},"query-input":{"@type":"PropertyValueSpecification","valueRequired":true,"valueName":"search_term_string"}}],"inLanguage":"ca"}]}},"_links":{"self":[{"href":"https:\/\/arema.com\/ca\/wp-json\/wp\/v2\/pages\/1596","targetHints":{"allow":["GET"]}}],"collection":[{"href":"https:\/\/arema.com\/ca\/wp-json\/wp\/v2\/pages"}],"about":[{"href":"https:\/\/arema.com\/ca\/wp-json\/wp\/v2\/types\/page"}],"author":[{"embeddable":true,"href":"https:\/\/arema.com\/ca\/wp-json\/wp\/v2\/users\/1"}],"replies":[{"embeddable":true,"href":"https:\/\/arema.com\/ca\/wp-json\/wp\/v2\/comments?post=1596"}],"version-history":[{"count":29,"href":"https:\/\/arema.com\/ca\/wp-json\/wp\/v2\/pages\/1596\/revisions"}],"predecessor-version":[{"id":18968,"href":"https:\/\/arema.com\/ca\/wp-json\/wp\/v2\/pages\/1596\/revisions\/18968"}],"wp:attachment":[{"href":"https:\/\/arema.com\/ca\/wp-json\/wp\/v2\/media?parent=1596"}],"curies":[{"name":"wp","href":"https:\/\/api.w.org\/{rel}","templated":true}]}}