{"id":1087,"date":"2020-11-12T13:32:29","date_gmt":"2020-11-12T12:32:29","guid":{"rendered":"http:\/\/arema.com\/?page_id=1087"},"modified":"2020-11-20T09:06:00","modified_gmt":"2020-11-20T08:06:00","slug":"pilot-edr","status":"publish","type":"page","link":"https:\/\/arema.com\/ca\/pilot-edr\/","title":{"rendered":"PILOT EDR"},"content":{"rendered":"<p>[vc_row css_animation=&#8221;&#8221; row_type=&#8221;row&#8221; use_row_as_full_screen_section=&#8221;no&#8221; type=&#8221;grid&#8221; angled_section=&#8221;no&#8221; text_align=&#8221;left&#8221; background_image_as_pattern=&#8221;without_pattern&#8221; z_index=&#8221;&#8221; css=&#8221;.vc_custom_1605086032513{background-image: url(https:\/\/arema.com\/wp-content\/uploads\/2020\/11\/BARRERA-HIDRAULICA.jpg?id=932) !important;}&#8221;][vc_column width=&#8221;1\/6&#8243;][\/vc_column][vc_column width=&#8221;2\/3&#8243;][vc_empty_space height=&#8221;80px&#8221;][qode_elements_holder number_of_columns=&#8221;one_column&#8221;][qode_elements_holder_item advanced_animations=&#8221;no&#8221; background_color=&#8221;rgba(255,255,255,0.82)&#8221; item_padding=&#8221;20px 20px 20px 20px&#8221;][vc_empty_space height=&#8221;50px&#8221;][vc_column_text]<\/p>\n<h1 style=\"text-align: center;\"><strong>PILOT EDR:<\/strong><\/h1>\n<h3 style=\"text-align: center;\">La planta compacta d\u2019electrodi\u00e0lisi reversible (EDR) que AREMA ha desenvolupat, representa una alternativa a la dessalaci\u00f3 per osmosis inversa de l\u2019aigua salobre.<\/h3>\n<p>[\/vc_column_text][vc_empty_space height=&#8221;30px&#8221;][vc_column_text]<\/p>\n<div class=\"region region-content\">\n<section id=\"block-system-main\" class=\"block block-system clearfix\">\n<div class=\"ds-1col node node-solucions view-mode-full clearfix\">\n<div class=\"field field-name-body field-type-text-with-summary field-label-hidden\">\n<div class=\"field-items\">\n<div class=\"field-item even\">\n<p style=\"text-align: center;\">L\u2019electrodi\u00e0lisi (EDR)\u00e9s un proc\u00e9s de tractament de fluids basat en l\u2019aplicaci\u00f3 d\u2019un camp el\u00e8ctric mitjan\u00e7ant dos el\u00e8ctrodes entre els quals se situen un conjunt de membranes impermeables i i\u00f2nicament selectives, que permet separar elements minerals en soluci\u00f3 a partir del moviment de dissociaci\u00f3 dels ions a trav\u00e9s de les esmentades membranes i la creaci\u00f3 de dos fluxos diferents: el dessalat, tamb\u00e9 anomenat dilu\u00eft i el d\u2019alta concentraci\u00f3 de sals anomenat concentrat.<\/p>\n<\/div>\n<\/div>\n<\/div>\n<\/div>\n<\/section>\n<\/div>\n<p>[\/vc_column_text][vc_empty_space height=&#8221;80px&#8221;][\/qode_elements_holder_item][\/qode_elements_holder][vc_empty_space height=&#8221;80px&#8221;][\/vc_column][vc_column width=&#8221;1\/6&#8243;][\/vc_column][\/vc_row][vc_row css_animation=&#8221;&#8221; row_type=&#8221;row&#8221; use_row_as_full_screen_section=&#8221;no&#8221; type=&#8221;grid&#8221; angled_section=&#8221;no&#8221; text_align=&#8221;left&#8221; background_image_as_pattern=&#8221;without_pattern&#8221; z_index=&#8221;&#8221; css=&#8221;.vc_custom_1605002389151{background-color: #ffffff !important;}&#8221;][vc_column width=&#8221;1\/6&#8243;][\/vc_column][vc_column width=&#8221;2\/3&#8243;][qode_elements_holder number_of_columns=&#8221;one_column&#8221;][qode_elements_holder_item advanced_animations=&#8221;no&#8221; background_color=&#8221;rgba(255,255,255,0.82)&#8221; item_padding=&#8221;20px 20px 20px 20px&#8221;][vc_empty_space height=&#8221;50px&#8221;][vc_column_text]<\/p>\n<div class=\"region region-content\">\n<section id=\"block-system-main\" class=\"block block-system clearfix\">\n<div class=\"ds-1col node node-solucions view-mode-full clearfix\">\n<div class=\"field field-name-body field-type-text-with-summary field-label-hidden\">\n<div class=\"field-items\">\n<div class=\"field-item even\">\n<h4 style=\"text-align: center;\"><img decoding=\"async\" class=\"alignnone\" src=\"https:\/\/www.rubau.com\/wp-content\/themes\/rubau\/img\/filet-blanc.png\" \/> CARACTER\u00cdSTIQUES <img decoding=\"async\" class=\"alignnone\" src=\"https:\/\/www.rubau.com\/wp-content\/themes\/rubau\/img\/filet-blanc.png\" \/><\/h4>\n<\/div>\n<\/div>\n<\/div>\n<\/div>\n<\/section>\n<\/div>\n<p>[\/vc_column_text][vc_empty_space height=&#8221;30px&#8221;][vc_column_text]<\/p>\n<div class=\"region region-content\">\n<section id=\"block-system-main\" class=\"block block-system clearfix\">\n<div class=\"ds-1col node node-solucions view-mode-full clearfix\">\n<div class=\"field field-name-body field-type-text-with-summary field-label-hidden\">\n<div class=\"field-items\">\n<div class=\"field-item even\">\n<ul>\n<li>Viabilitat en la separaci\u00f3 de subst\u00e0ncies sense la necessitat de realitzar canvis de fase, normalment a temperatura ambient<\/li>\n<li>Possibilitat de treballar en continu i poder automatitzar el proc\u00e9s.<\/li>\n<li>Major recuperaci\u00f3 hidr\u00e0ulica que l\u2019osmosi inversa i necessita menys manteniment.<\/li>\n<li>Inversi\u00f3 econ\u00f2mica m\u00e9s baixa que en el cas de l\u2019osmosi inversa i costos d\u2019operaci\u00f3 m\u00e9s redu\u00efts<\/li>\n<li>Planta compacte i modular.<\/li>\n<\/ul>\n<\/div>\n<\/div>\n<\/div>\n<\/div>\n<\/section>\n<\/div>\n<p>[\/vc_column_text][vc_empty_space height=&#8221;50px&#8221;][\/qode_elements_holder_item][\/qode_elements_holder][\/vc_column][vc_column width=&#8221;1\/6&#8243;][\/vc_column][\/vc_row][vc_row css_animation=&#8221;&#8221; row_type=&#8221;row&#8221; use_row_as_full_screen_section=&#8221;no&#8221; type=&#8221;grid&#8221; angled_section=&#8221;no&#8221; text_align=&#8221;left&#8221; background_image_as_pattern=&#8221;without_pattern&#8221; z_index=&#8221;&#8221; css=&#8221;.vc_custom_1605184009346{background-color: #f8c00b !important;}&#8221;][vc_column width=&#8221;1\/6&#8243;][\/vc_column][vc_column width=&#8221;2\/3&#8243;][vc_empty_space height=&#8221;50px&#8221;][qode_elements_holder background_color=&#8221;#f8c00b&#8221; number_of_columns=&#8221;two_columns&#8221; columns_proportion=&#8221;25_75&#8243;][qode_elements_holder_item advanced_animations=&#8221;no&#8221;][vc_single_image image=&#8221;1088&#8243; img_size=&#8221;medium&#8221; alignment=&#8221;right&#8221; onclick=&#8221;custom_link&#8221; img_link_target=&#8221;_blank&#8221; qode_css_animation=&#8221;&#8221; link=&#8221;https:\/\/arema.com\/wp-content\/uploads\/2020\/11\/PILOT-EDR.pdf&#8221;][\/qode_elements_holder_item][qode_elements_holder_item vertical_alignment=&#8221;top&#8221; horizontal_alignment=&#8221;left&#8221; advanced_animations=&#8221;no&#8221; background_color=&#8221;#f8c00b&#8221;][vc_column_text]<\/p>\n<h5 style=\"text-align: left;\"><a href=\"https:\/\/arema.com\/wp-content\/uploads\/2020\/11\/PILOT-EDR.pdf\"><strong>Consultar PDF<\/strong> <\/a><\/h5>\n<h5 style=\"text-align: left;\"><a href=\"https:\/\/arema.com\/wp-content\/uploads\/2020\/11\/PILOT-EDR.pdf\"><em><small>&#8220;Planta Piloto Electrodialisis Reversible (EDR)&#8221;<\/small><\/em><\/a><\/h5>\n<p>[\/vc_column_text][\/qode_elements_holder_item][\/qode_elements_holder][vc_empty_space height=&#8221;50px&#8221;][\/vc_column][vc_column width=&#8221;1\/6&#8243;][\/vc_column][\/vc_row][vc_row css_animation=&#8221;&#8221; row_type=&#8221;row&#8221; use_row_as_full_screen_section=&#8221;no&#8221; type=&#8221;grid&#8221; angled_section=&#8221;no&#8221; text_align=&#8221;left&#8221; background_image_as_pattern=&#8221;without_pattern&#8221; z_index=&#8221;&#8221; css=&#8221;.vc_custom_1605002389151{background-color: #ffffff !important;}&#8221;][vc_column width=&#8221;1\/6&#8243;][\/vc_column][vc_column width=&#8221;2\/3&#8243;][qode_elements_holder number_of_columns=&#8221;two_columns&#8221;][qode_elements_holder_item advanced_animations=&#8221;no&#8221; background_color=&#8221;rgba(255,255,255,0.82)&#8221; item_padding=&#8221;20px 20px 20px 20px&#8221;][vc_single_image image=&#8221;1103&#8243; img_size=&#8221;full&#8221; alignment=&#8221;center&#8221; onclick=&#8221;link_image&#8221; qode_css_animation=&#8221;&#8221;][\/qode_elements_holder_item][qode_elements_holder_item advanced_animations=&#8221;no&#8221; background_color=&#8221;rgba(255,255,255,0.82)&#8221; item_padding=&#8221;20px 20px 20px 20px&#8221;][vc_single_image image=&#8221;1109&#8243; img_size=&#8221;full&#8221; alignment=&#8221;center&#8221; onclick=&#8221;link_image&#8221; qode_css_animation=&#8221;&#8221;][\/qode_elements_holder_item][\/qode_elements_holder][vc_empty_space height=&#8221;80px&#8221;][\/vc_column][vc_column width=&#8221;1\/6&#8243;][\/vc_column][\/vc_row]<\/p>\n","protected":false},"excerpt":{"rendered":"<p>[vc_row css_animation=&#8221;&#8221; row_type=&#8221;row&#8221; use_row_as_full_screen_section=&#8221;no&#8221; type=&#8221;grid&#8221; angled_section=&#8221;no&#8221; text_align=&#8221;left&#8221; background_image_as_pattern=&#8221;without_pattern&#8221; z_index=&#8221;&#8221; css=&#8221;.vc_custom_1605086032513{background-image: url(https:\/\/arema.com\/wp-content\/uploads\/2020\/11\/BARRERA-HIDRAULICA.jpg?id=932) !important;}&#8221;][vc_column width=&#8221;1\/6&#8243;][\/vc_column][vc_column width=&#8221;2\/3&#8243;][vc_empty_space height=&#8221;80px&#8221;][qode_elements_holder number_of_columns=&#8221;one_column&#8221;][qode_elements_holder_item advanced_animations=&#8221;no&#8221; background_color=&#8221;rgba(255,255,255,0.82)&#8221; item_padding=&#8221;20px 20px 20px 20px&#8221;][vc_empty_space height=&#8221;50px&#8221;][vc_column_text] PILOT EDR: La planta compacta d\u2019electrodi\u00e0lisi reversible (EDR) que AREMA ha desenvolupat, representa una alternativa a la dessalaci\u00f3 per osmosis inversa de&#8230;<\/p>\n","protected":false},"author":1,"featured_media":0,"parent":0,"menu_order":0,"comment_status":"closed","ping_status":"closed","template":"full_width.php","meta":{"footnotes":""},"class_list":["post-1087","page","type-page","status-publish","hentry"],"yoast_head":"<!-- This site is optimized with the Yoast SEO plugin v27.2 - https:\/\/yoast.com\/product\/yoast-seo-wordpress\/ -->\n<title>PILOT EDR- Planta compacta d\u2019electrodi\u00e0lisi reversible - Arema<\/title>\n<meta name=\"description\" content=\"La planta compacta d\u2019electrodi\u00e0lisi reversible (EDR) d&#039;AREMA representa una alternativa a la dessalaci\u00f3 per osmosis inversa\" \/>\n<meta name=\"robots\" content=\"index, follow, max-snippet:-1, max-image-preview:large, max-video-preview:-1\" \/>\n<link rel=\"canonical\" href=\"https:\/\/arema.com\/ca\/pilot-edr\/\" \/>\n<meta property=\"og:locale\" content=\"ca_ES\" \/>\n<meta property=\"og:type\" content=\"article\" \/>\n<meta property=\"og:title\" content=\"PILOT EDR- Planta compacta d\u2019electrodi\u00e0lisi reversible - Arema\" \/>\n<meta property=\"og:description\" content=\"La planta compacta d\u2019electrodi\u00e0lisi reversible (EDR) d&#039;AREMA representa una alternativa a la dessalaci\u00f3 per osmosis inversa\" \/>\n<meta property=\"og:url\" content=\"https:\/\/arema.com\/ca\/pilot-edr\/\" \/>\n<meta property=\"og:site_name\" content=\"Arema\" \/>\n<meta property=\"article:modified_time\" content=\"2020-11-20T08:06:00+00:00\" \/>\n<meta property=\"og:image\" content=\"https:\/\/www.rubau.com\/wp-content\/themes\/rubau\/img\/filet-blanc.png\" \/>\n<meta name=\"twitter:card\" content=\"summary_large_image\" \/>\n<meta name=\"twitter:label1\" content=\"Temps estimat de lectura\" \/>\n\t<meta name=\"twitter:data1\" content=\"4 minuts\" \/>\n<script type=\"application\/ld+json\" class=\"yoast-schema-graph\">{\"@context\":\"https:\/\/schema.org\",\"@graph\":[{\"@type\":\"WebPage\",\"@id\":\"https:\/\/arema.com\/ca\/pilot-edr\/\",\"url\":\"https:\/\/arema.com\/ca\/pilot-edr\/\",\"name\":\"PILOT EDR- Planta compacta d\u2019electrodi\u00e0lisi reversible - Arema\",\"isPartOf\":{\"@id\":\"http:\/\/arema.com\/#website\"},\"primaryImageOfPage\":{\"@id\":\"https:\/\/arema.com\/ca\/pilot-edr\/#primaryimage\"},\"image\":{\"@id\":\"https:\/\/arema.com\/ca\/pilot-edr\/#primaryimage\"},\"thumbnailUrl\":\"https:\/\/www.rubau.com\/wp-content\/themes\/rubau\/img\/filet-blanc.png\",\"datePublished\":\"2020-11-12T12:32:29+00:00\",\"dateModified\":\"2020-11-20T08:06:00+00:00\",\"description\":\"La planta compacta d\u2019electrodi\u00e0lisi reversible (EDR) d'AREMA representa una alternativa a la dessalaci\u00f3 per osmosis inversa\",\"breadcrumb\":{\"@id\":\"https:\/\/arema.com\/ca\/pilot-edr\/#breadcrumb\"},\"inLanguage\":\"ca\",\"potentialAction\":[{\"@type\":\"ReadAction\",\"target\":[\"https:\/\/arema.com\/ca\/pilot-edr\/\"]}]},{\"@type\":\"ImageObject\",\"inLanguage\":\"ca\",\"@id\":\"https:\/\/arema.com\/ca\/pilot-edr\/#primaryimage\",\"url\":\"https:\/\/www.rubau.com\/wp-content\/themes\/rubau\/img\/filet-blanc.png\",\"contentUrl\":\"https:\/\/www.rubau.com\/wp-content\/themes\/rubau\/img\/filet-blanc.png\"},{\"@type\":\"BreadcrumbList\",\"@id\":\"https:\/\/arema.com\/ca\/pilot-edr\/#breadcrumb\",\"itemListElement\":[{\"@type\":\"ListItem\",\"position\":1,\"name\":\"Inici\",\"item\":\"http:\/\/arema.com\/ca\/\"},{\"@type\":\"ListItem\",\"position\":2,\"name\":\"PILOT EDR\"}]},{\"@type\":\"WebSite\",\"@id\":\"http:\/\/arema.com\/#website\",\"url\":\"http:\/\/arema.com\/\",\"name\":\"Arema\",\"description\":\"Agua, residuos y medio ambiente\",\"potentialAction\":[{\"@type\":\"SearchAction\",\"target\":{\"@type\":\"EntryPoint\",\"urlTemplate\":\"http:\/\/arema.com\/?s={search_term_string}\"},\"query-input\":{\"@type\":\"PropertyValueSpecification\",\"valueRequired\":true,\"valueName\":\"search_term_string\"}}],\"inLanguage\":\"ca\"}]}<\/script>\n<!-- \/ Yoast SEO plugin. -->","yoast_head_json":{"title":"PILOT EDR- Planta compacta d\u2019electrodi\u00e0lisi reversible - Arema","description":"La planta compacta d\u2019electrodi\u00e0lisi reversible (EDR) d'AREMA representa una alternativa a la dessalaci\u00f3 per osmosis inversa","robots":{"index":"index","follow":"follow","max-snippet":"max-snippet:-1","max-image-preview":"max-image-preview:large","max-video-preview":"max-video-preview:-1"},"canonical":"https:\/\/arema.com\/ca\/pilot-edr\/","og_locale":"ca_ES","og_type":"article","og_title":"PILOT EDR- Planta compacta d\u2019electrodi\u00e0lisi reversible - Arema","og_description":"La planta compacta d\u2019electrodi\u00e0lisi reversible (EDR) d'AREMA representa una alternativa a la dessalaci\u00f3 per osmosis inversa","og_url":"https:\/\/arema.com\/ca\/pilot-edr\/","og_site_name":"Arema","article_modified_time":"2020-11-20T08:06:00+00:00","og_image":[{"url":"https:\/\/www.rubau.com\/wp-content\/themes\/rubau\/img\/filet-blanc.png","type":"","width":"","height":""}],"twitter_card":"summary_large_image","twitter_misc":{"Temps estimat de lectura":"4 minuts"},"schema":{"@context":"https:\/\/schema.org","@graph":[{"@type":"WebPage","@id":"https:\/\/arema.com\/ca\/pilot-edr\/","url":"https:\/\/arema.com\/ca\/pilot-edr\/","name":"PILOT EDR- Planta compacta d\u2019electrodi\u00e0lisi reversible - Arema","isPartOf":{"@id":"http:\/\/arema.com\/#website"},"primaryImageOfPage":{"@id":"https:\/\/arema.com\/ca\/pilot-edr\/#primaryimage"},"image":{"@id":"https:\/\/arema.com\/ca\/pilot-edr\/#primaryimage"},"thumbnailUrl":"https:\/\/www.rubau.com\/wp-content\/themes\/rubau\/img\/filet-blanc.png","datePublished":"2020-11-12T12:32:29+00:00","dateModified":"2020-11-20T08:06:00+00:00","description":"La planta compacta d\u2019electrodi\u00e0lisi reversible (EDR) d'AREMA representa una alternativa a la dessalaci\u00f3 per osmosis inversa","breadcrumb":{"@id":"https:\/\/arema.com\/ca\/pilot-edr\/#breadcrumb"},"inLanguage":"ca","potentialAction":[{"@type":"ReadAction","target":["https:\/\/arema.com\/ca\/pilot-edr\/"]}]},{"@type":"ImageObject","inLanguage":"ca","@id":"https:\/\/arema.com\/ca\/pilot-edr\/#primaryimage","url":"https:\/\/www.rubau.com\/wp-content\/themes\/rubau\/img\/filet-blanc.png","contentUrl":"https:\/\/www.rubau.com\/wp-content\/themes\/rubau\/img\/filet-blanc.png"},{"@type":"BreadcrumbList","@id":"https:\/\/arema.com\/ca\/pilot-edr\/#breadcrumb","itemListElement":[{"@type":"ListItem","position":1,"name":"Inici","item":"http:\/\/arema.com\/ca\/"},{"@type":"ListItem","position":2,"name":"PILOT EDR"}]},{"@type":"WebSite","@id":"http:\/\/arema.com\/#website","url":"http:\/\/arema.com\/","name":"Arema","description":"Agua, residuos y medio ambiente","potentialAction":[{"@type":"SearchAction","target":{"@type":"EntryPoint","urlTemplate":"http:\/\/arema.com\/?s={search_term_string}"},"query-input":{"@type":"PropertyValueSpecification","valueRequired":true,"valueName":"search_term_string"}}],"inLanguage":"ca"}]}},"_links":{"self":[{"href":"https:\/\/arema.com\/ca\/wp-json\/wp\/v2\/pages\/1087","targetHints":{"allow":["GET"]}}],"collection":[{"href":"https:\/\/arema.com\/ca\/wp-json\/wp\/v2\/pages"}],"about":[{"href":"https:\/\/arema.com\/ca\/wp-json\/wp\/v2\/types\/page"}],"author":[{"embeddable":true,"href":"https:\/\/arema.com\/ca\/wp-json\/wp\/v2\/users\/1"}],"replies":[{"embeddable":true,"href":"https:\/\/arema.com\/ca\/wp-json\/wp\/v2\/comments?post=1087"}],"version-history":[{"count":8,"href":"https:\/\/arema.com\/ca\/wp-json\/wp\/v2\/pages\/1087\/revisions"}],"predecessor-version":[{"id":1662,"href":"https:\/\/arema.com\/ca\/wp-json\/wp\/v2\/pages\/1087\/revisions\/1662"}],"wp:attachment":[{"href":"https:\/\/arema.com\/ca\/wp-json\/wp\/v2\/media?parent=1087"}],"curies":[{"name":"wp","href":"https:\/\/api.w.org\/{rel}","templated":true}]}}