{"id":1040,"date":"2020-11-12T13:00:32","date_gmt":"2020-11-12T12:00:32","guid":{"rendered":"http:\/\/arema.com\/?page_id=1040"},"modified":"2020-12-03T12:48:06","modified_gmt":"2020-12-03T11:48:06","slug":"beclean","status":"publish","type":"page","link":"https:\/\/arema.com\/ca\/beclean\/","title":{"rendered":"BECLEAN"},"content":{"rendered":"<p>[vc_row css_animation=&#8221;&#8221; row_type=&#8221;row&#8221; use_row_as_full_screen_section=&#8221;no&#8221; type=&#8221;grid&#8221; angled_section=&#8221;no&#8221; text_align=&#8221;left&#8221; background_image_as_pattern=&#8221;without_pattern&#8221; z_index=&#8221;&#8221; css=&#8221;.vc_custom_1605182149987{background-image: url(https:\/\/arema.com\/wp-content\/uploads\/2020\/10\/Statia-tratare-apa-Beclean-by-FAE-6108-2.jpg?id=116) !important;}&#8221;][vc_column width=&#8221;1\/6&#8243;][\/vc_column][vc_column width=&#8221;2\/3&#8243;][vc_empty_space height=&#8221;80px&#8221;][qode_elements_holder number_of_columns=&#8221;one_column&#8221;][qode_elements_holder_item advanced_animations=&#8221;no&#8221; background_color=&#8221;rgba(255,255,255,0.82)&#8221; item_padding=&#8221;20px 20px 20px 20px&#8221;][vc_empty_space height=&#8221;50px&#8221;][vc_column_text]<\/p>\n<h1 style=\"text-align: center;\"><strong>Planta de tractament d\u2019aigua potable de Beclean (Romania) <\/strong><\/h1>\n<h3 style=\"text-align: center;\">Remodelada i ampliada per AREMA per tal de donar servei a la poblaci\u00f3 creixent de les localitats de Beclean, Cristeti i Chiuza, aix\u00ed com millorar la qualitat d\u2019aigua subministrada.<\/h3>\n<p>[\/vc_column_text][vc_empty_space height=&#8221;30px&#8221;][vc_column_text]<\/p>\n<div class=\"region region-content\">\n<section id=\"block-system-main\" class=\"block block-system clearfix\">\n<div class=\"ds-1col node node-solucions view-mode-full clearfix\">\n<div class=\"field field-name-body field-type-text-with-summary field-label-hidden\">\n<div class=\"field-items\">\n<div class=\"field-item even\">\n<p style=\"text-align: center;\">Degut a l\u2019ampliaci\u00f3 de la planta, la capacitat de tractament ha passat de 5.000 m<sup>3<\/sup>\/dia a 19.000 m<sup>3<\/sup>\/dia = 80.000 h.e.<\/p>\n<\/div>\n<\/div>\n<\/div>\n<\/div>\n<\/section>\n<\/div>\n<p>[\/vc_column_text][vc_empty_space height=&#8221;80px&#8221;][\/qode_elements_holder_item][\/qode_elements_holder][vc_empty_space height=&#8221;80px&#8221;][\/vc_column][vc_column width=&#8221;1\/6&#8243;][\/vc_column][\/vc_row][vc_row css_animation=&#8221;&#8221; row_type=&#8221;row&#8221; use_row_as_full_screen_section=&#8221;no&#8221; type=&#8221;grid&#8221; angled_section=&#8221;no&#8221; text_align=&#8221;left&#8221; background_image_as_pattern=&#8221;without_pattern&#8221; z_index=&#8221;&#8221; css=&#8221;.vc_custom_1605002389151{background-color: #ffffff !important;}&#8221;][vc_column width=&#8221;1\/6&#8243;][\/vc_column][vc_column width=&#8221;2\/3&#8243;][qode_elements_holder number_of_columns=&#8221;one_column&#8221;][qode_elements_holder_item advanced_animations=&#8221;no&#8221; background_color=&#8221;rgba(255,255,255,0.82)&#8221; item_padding=&#8221;20px 20px 20px 20px&#8221;][vc_empty_space height=&#8221;50px&#8221;][vc_column_text]<\/p>\n<div class=\"region region-content\">\n<section id=\"block-system-main\" class=\"block block-system clearfix\">\n<div class=\"ds-1col node node-solucions view-mode-full clearfix\">\n<div class=\"field field-name-body field-type-text-with-summary field-label-hidden\">\n<div class=\"field-items\">\n<div class=\"field-item even\">\n<h4 style=\"text-align: center;\"><img decoding=\"async\" class=\"alignnone\" src=\"https:\/\/www.rubau.com\/wp-content\/themes\/rubau\/img\/filet-blanc.png\" \/> L\u00cdNIA DE TRACTAMENT <img decoding=\"async\" class=\"alignnone\" src=\"https:\/\/www.rubau.com\/wp-content\/themes\/rubau\/img\/filet-blanc.png\" \/><\/h4>\n<\/div>\n<\/div>\n<\/div>\n<\/div>\n<\/section>\n<\/div>\n<p>[\/vc_column_text][vc_empty_space height=&#8221;30px&#8221;][vc_column_text]<\/p>\n<div class=\"region region-content\">\n<section id=\"block-system-main\" class=\"block block-system clearfix\">\n<div class=\"ds-1col node node-solucions view-mode-full clearfix\">\n<div class=\"field field-name-body field-type-text-with-summary field-label-hidden\">\n<div class=\"field-items\">\n<div class=\"field-item even\">\n<ul>\n<li>Pre-cloraci\u00f3 (Clor gas)<\/li>\n<li>Bombament de cap\u00e7alera:.<\/li>\n<li>Coagulaci\u00f3 \u2013 Floculaci\u00f3 (dosificaci\u00f3 d\u2019hidr\u00f2xid de calci, sulfat d\u2019alumini i polielectrolit ani\u00f2nic).<\/li>\n<li>Decantaci\u00f3 prim\u00e0ria: 2 l\u00ednies de 396 m<sup>3<\/sup>\/h.<\/li>\n<li>Filtres de sorra: 4 filtres de cabal unitari 198 m<sup>3<\/sup>\/h..<\/li>\n<li>Post-cloraci\u00f3 (clor gas)<\/li>\n<li>Espessat i deshidrataci\u00f3 mec\u00e0nica de fangs<\/li>\n<\/ul>\n<\/div>\n<\/div>\n<\/div>\n<\/div>\n<\/section>\n<\/div>\n<p>[\/vc_column_text][vc_empty_space height=&#8221;50px&#8221;][\/qode_elements_holder_item][\/qode_elements_holder][\/vc_column][vc_column width=&#8221;1\/6&#8243;][\/vc_column][\/vc_row][vc_row css_animation=&#8221;&#8221; row_type=&#8221;row&#8221; use_row_as_full_screen_section=&#8221;no&#8221; type=&#8221;grid&#8221; angled_section=&#8221;no&#8221; text_align=&#8221;left&#8221; background_image_as_pattern=&#8221;without_pattern&#8221; z_index=&#8221;&#8221; css=&#8221;.vc_custom_1605002389151{background-color: #ffffff !important;}&#8221;][vc_column width=&#8221;1\/6&#8243;][\/vc_column][vc_column width=&#8221;2\/3&#8243;][vc_empty_space height=&#8221;50px&#8221;][qode_elements_holder number_of_columns=&#8221;two_columns&#8221; columns_proportion=&#8221;25_75&#8243;][qode_elements_holder_item advanced_animations=&#8221;no&#8221; background_color=&#8221;rgba(255,255,255,0.82)&#8221;][vc_single_image image=&#8221;1047&#8243; img_size=&#8221;medium&#8221; alignment=&#8221;right&#8221; onclick=&#8221;custom_link&#8221; img_link_target=&#8221;_blank&#8221; qode_css_animation=&#8221;&#8221; link=&#8221;https:\/\/arema.com\/wp-content\/uploads\/2020\/11\/Presentacio\u0301n-BECLEAN-DWTP-.pdf&#8221;][\/qode_elements_holder_item][qode_elements_holder_item vertical_alignment=&#8221;top&#8221; horizontal_alignment=&#8221;left&#8221; advanced_animations=&#8221;no&#8221; background_color=&#8221;rgba(255,255,255,0.82)&#8221;][vc_column_text]<\/p>\n<h5 style=\"text-align: left;\"><a href=\"https:\/\/arema.com\/wp-content\/uploads\/2020\/11\/Presentacio\u0301n-BECLEAN-DWTP-.pdf\"><strong>Consultar PDF<\/strong> <\/a><\/h5>\n<h5 style=\"text-align: left;\"><a href=\"https:\/\/arema.com\/wp-content\/uploads\/2020\/11\/Presentacio\u0301n-BECLEAN-DWTP-.pdf\"><em><small>&#8220;Beclean DWTP, Nasaud (Ruman\u00eda)&#8221;<\/small><\/em><\/a><\/h5>\n<p>[\/vc_column_text][\/qode_elements_holder_item][\/qode_elements_holder][vc_empty_space height=&#8221;50px&#8221;][\/vc_column][vc_column width=&#8221;1\/6&#8243;][\/vc_column][\/vc_row][vc_row css_animation=&#8221;&#8221; row_type=&#8221;row&#8221; use_row_as_full_screen_section=&#8221;no&#8221; type=&#8221;grid&#8221; angled_section=&#8221;no&#8221; text_align=&#8221;left&#8221; background_image_as_pattern=&#8221;without_pattern&#8221; z_index=&#8221;&#8221;][vc_column width=&#8221;1\/6&#8243;][\/vc_column][vc_column width=&#8221;2\/3&#8243;][vc_empty_space height=&#8221;50px&#8221;][vc_single_image image=&#8221;1053&#8243; img_size=&#8221;full&#8221; qode_css_animation=&#8221;&#8221;][vc_empty_space height=&#8221;50px&#8221;][\/vc_column][vc_column width=&#8221;1\/6&#8243;][\/vc_column][\/vc_row]<\/p>\n","protected":false},"excerpt":{"rendered":"<p>[vc_row css_animation=&#8221;&#8221; row_type=&#8221;row&#8221; use_row_as_full_screen_section=&#8221;no&#8221; type=&#8221;grid&#8221; angled_section=&#8221;no&#8221; text_align=&#8221;left&#8221; background_image_as_pattern=&#8221;without_pattern&#8221; z_index=&#8221;&#8221; css=&#8221;.vc_custom_1605182149987{background-image: url(https:\/\/arema.com\/wp-content\/uploads\/2020\/10\/Statia-tratare-apa-Beclean-by-FAE-6108-2.jpg?id=116) !important;}&#8221;][vc_column width=&#8221;1\/6&#8243;][\/vc_column][vc_column width=&#8221;2\/3&#8243;][vc_empty_space height=&#8221;80px&#8221;][qode_elements_holder number_of_columns=&#8221;one_column&#8221;][qode_elements_holder_item advanced_animations=&#8221;no&#8221; background_color=&#8221;rgba(255,255,255,0.82)&#8221; item_padding=&#8221;20px 20px 20px 20px&#8221;][vc_empty_space height=&#8221;50px&#8221;][vc_column_text] Planta de tractament d\u2019aigua potable de Beclean (Romania) Remodelada i ampliada per AREMA per tal de donar servei a la poblaci\u00f3 creixent&#8230;<\/p>\n","protected":false},"author":1,"featured_media":0,"parent":0,"menu_order":0,"comment_status":"closed","ping_status":"closed","template":"full_width.php","meta":{"footnotes":""},"class_list":["post-1040","page","type-page","status-publish","hentry"],"yoast_head":"<!-- This site is optimized with the Yoast SEO plugin v27.2 - https:\/\/yoast.com\/product\/yoast-seo-wordpress\/ -->\n<title>BECLEAN, Planta de tractament d&#039;aigua potable a Romania - Arema<\/title>\n<meta name=\"description\" content=\"Remodelada i ampliada per donar servei a la poblaci\u00f3 de Beclean, Cristeti i Chiuza, aix\u00ed com millorar la qualitat d\u2019aigua subministrada.\" \/>\n<meta name=\"robots\" content=\"index, follow, max-snippet:-1, max-image-preview:large, max-video-preview:-1\" \/>\n<link rel=\"canonical\" href=\"https:\/\/arema.com\/ca\/beclean\/\" \/>\n<meta property=\"og:locale\" content=\"ca_ES\" \/>\n<meta property=\"og:type\" content=\"article\" \/>\n<meta property=\"og:title\" content=\"BECLEAN, Planta de tractament d&#039;aigua potable a Romania - Arema\" \/>\n<meta property=\"og:description\" content=\"Remodelada i ampliada per donar servei a la poblaci\u00f3 de Beclean, Cristeti i Chiuza, aix\u00ed com millorar la qualitat d\u2019aigua subministrada.\" \/>\n<meta property=\"og:url\" content=\"https:\/\/arema.com\/ca\/beclean\/\" \/>\n<meta property=\"og:site_name\" content=\"Arema\" \/>\n<meta property=\"article:modified_time\" content=\"2020-12-03T11:48:06+00:00\" \/>\n<meta property=\"og:image\" content=\"https:\/\/www.rubau.com\/wp-content\/themes\/rubau\/img\/filet-blanc.png\" \/>\n<meta name=\"twitter:card\" content=\"summary_large_image\" \/>\n<meta name=\"twitter:label1\" content=\"Temps estimat de lectura\" \/>\n\t<meta name=\"twitter:data1\" content=\"3 minuts\" \/>\n<script type=\"application\/ld+json\" class=\"yoast-schema-graph\">{\"@context\":\"https:\/\/schema.org\",\"@graph\":[{\"@type\":\"WebPage\",\"@id\":\"https:\/\/arema.com\/ca\/beclean\/\",\"url\":\"https:\/\/arema.com\/ca\/beclean\/\",\"name\":\"BECLEAN, Planta de tractament d'aigua potable a Romania - Arema\",\"isPartOf\":{\"@id\":\"https:\/\/arema.com\/en\/#website\"},\"primaryImageOfPage\":{\"@id\":\"https:\/\/arema.com\/ca\/beclean\/#primaryimage\"},\"image\":{\"@id\":\"https:\/\/arema.com\/ca\/beclean\/#primaryimage\"},\"thumbnailUrl\":\"https:\/\/www.rubau.com\/wp-content\/themes\/rubau\/img\/filet-blanc.png\",\"datePublished\":\"2020-11-12T12:00:32+00:00\",\"dateModified\":\"2020-12-03T11:48:06+00:00\",\"description\":\"Remodelada i ampliada per donar servei a la poblaci\u00f3 de Beclean, Cristeti i Chiuza, aix\u00ed com millorar la qualitat d\u2019aigua subministrada.\",\"breadcrumb\":{\"@id\":\"https:\/\/arema.com\/ca\/beclean\/#breadcrumb\"},\"inLanguage\":\"ca\",\"potentialAction\":[{\"@type\":\"ReadAction\",\"target\":[\"https:\/\/arema.com\/ca\/beclean\/\"]}]},{\"@type\":\"ImageObject\",\"inLanguage\":\"ca\",\"@id\":\"https:\/\/arema.com\/ca\/beclean\/#primaryimage\",\"url\":\"https:\/\/www.rubau.com\/wp-content\/themes\/rubau\/img\/filet-blanc.png\",\"contentUrl\":\"https:\/\/www.rubau.com\/wp-content\/themes\/rubau\/img\/filet-blanc.png\"},{\"@type\":\"BreadcrumbList\",\"@id\":\"https:\/\/arema.com\/ca\/beclean\/#breadcrumb\",\"itemListElement\":[{\"@type\":\"ListItem\",\"position\":1,\"name\":\"Inici\",\"item\":\"https:\/\/arema.com\/ca\/\"},{\"@type\":\"ListItem\",\"position\":2,\"name\":\"BECLEAN\"}]},{\"@type\":\"WebSite\",\"@id\":\"https:\/\/arema.com\/en\/#website\",\"url\":\"https:\/\/arema.com\/en\/\",\"name\":\"Arema\",\"description\":\"Agua, residuos y medio ambiente\",\"potentialAction\":[{\"@type\":\"SearchAction\",\"target\":{\"@type\":\"EntryPoint\",\"urlTemplate\":\"https:\/\/arema.com\/en\/?s={search_term_string}\"},\"query-input\":{\"@type\":\"PropertyValueSpecification\",\"valueRequired\":true,\"valueName\":\"search_term_string\"}}],\"inLanguage\":\"ca\"}]}<\/script>\n<!-- \/ Yoast SEO plugin. -->","yoast_head_json":{"title":"BECLEAN, Planta de tractament d'aigua potable a Romania - Arema","description":"Remodelada i ampliada per donar servei a la poblaci\u00f3 de Beclean, Cristeti i Chiuza, aix\u00ed com millorar la qualitat d\u2019aigua subministrada.","robots":{"index":"index","follow":"follow","max-snippet":"max-snippet:-1","max-image-preview":"max-image-preview:large","max-video-preview":"max-video-preview:-1"},"canonical":"https:\/\/arema.com\/ca\/beclean\/","og_locale":"ca_ES","og_type":"article","og_title":"BECLEAN, Planta de tractament d'aigua potable a Romania - Arema","og_description":"Remodelada i ampliada per donar servei a la poblaci\u00f3 de Beclean, Cristeti i Chiuza, aix\u00ed com millorar la qualitat d\u2019aigua subministrada.","og_url":"https:\/\/arema.com\/ca\/beclean\/","og_site_name":"Arema","article_modified_time":"2020-12-03T11:48:06+00:00","og_image":[{"url":"https:\/\/www.rubau.com\/wp-content\/themes\/rubau\/img\/filet-blanc.png","type":"","width":"","height":""}],"twitter_card":"summary_large_image","twitter_misc":{"Temps estimat de lectura":"3 minuts"},"schema":{"@context":"https:\/\/schema.org","@graph":[{"@type":"WebPage","@id":"https:\/\/arema.com\/ca\/beclean\/","url":"https:\/\/arema.com\/ca\/beclean\/","name":"BECLEAN, Planta de tractament d'aigua potable a Romania - Arema","isPartOf":{"@id":"https:\/\/arema.com\/en\/#website"},"primaryImageOfPage":{"@id":"https:\/\/arema.com\/ca\/beclean\/#primaryimage"},"image":{"@id":"https:\/\/arema.com\/ca\/beclean\/#primaryimage"},"thumbnailUrl":"https:\/\/www.rubau.com\/wp-content\/themes\/rubau\/img\/filet-blanc.png","datePublished":"2020-11-12T12:00:32+00:00","dateModified":"2020-12-03T11:48:06+00:00","description":"Remodelada i ampliada per donar servei a la poblaci\u00f3 de Beclean, Cristeti i Chiuza, aix\u00ed com millorar la qualitat d\u2019aigua subministrada.","breadcrumb":{"@id":"https:\/\/arema.com\/ca\/beclean\/#breadcrumb"},"inLanguage":"ca","potentialAction":[{"@type":"ReadAction","target":["https:\/\/arema.com\/ca\/beclean\/"]}]},{"@type":"ImageObject","inLanguage":"ca","@id":"https:\/\/arema.com\/ca\/beclean\/#primaryimage","url":"https:\/\/www.rubau.com\/wp-content\/themes\/rubau\/img\/filet-blanc.png","contentUrl":"https:\/\/www.rubau.com\/wp-content\/themes\/rubau\/img\/filet-blanc.png"},{"@type":"BreadcrumbList","@id":"https:\/\/arema.com\/ca\/beclean\/#breadcrumb","itemListElement":[{"@type":"ListItem","position":1,"name":"Inici","item":"https:\/\/arema.com\/ca\/"},{"@type":"ListItem","position":2,"name":"BECLEAN"}]},{"@type":"WebSite","@id":"https:\/\/arema.com\/en\/#website","url":"https:\/\/arema.com\/en\/","name":"Arema","description":"Agua, residuos y medio ambiente","potentialAction":[{"@type":"SearchAction","target":{"@type":"EntryPoint","urlTemplate":"https:\/\/arema.com\/en\/?s={search_term_string}"},"query-input":{"@type":"PropertyValueSpecification","valueRequired":true,"valueName":"search_term_string"}}],"inLanguage":"ca"}]}},"_links":{"self":[{"href":"https:\/\/arema.com\/ca\/wp-json\/wp\/v2\/pages\/1040","targetHints":{"allow":["GET"]}}],"collection":[{"href":"https:\/\/arema.com\/ca\/wp-json\/wp\/v2\/pages"}],"about":[{"href":"https:\/\/arema.com\/ca\/wp-json\/wp\/v2\/types\/page"}],"author":[{"embeddable":true,"href":"https:\/\/arema.com\/ca\/wp-json\/wp\/v2\/users\/1"}],"replies":[{"embeddable":true,"href":"https:\/\/arema.com\/ca\/wp-json\/wp\/v2\/comments?post=1040"}],"version-history":[{"count":3,"href":"https:\/\/arema.com\/ca\/wp-json\/wp\/v2\/pages\/1040\/revisions"}],"predecessor-version":[{"id":1060,"href":"https:\/\/arema.com\/ca\/wp-json\/wp\/v2\/pages\/1040\/revisions\/1060"}],"wp:attachment":[{"href":"https:\/\/arema.com\/ca\/wp-json\/wp\/v2\/media?parent=1040"}],"curies":[{"name":"wp","href":"https:\/\/api.w.org\/{rel}","templated":true}]}}