{"id":1001,"date":"2020-11-12T12:45:30","date_gmt":"2020-11-12T11:45:30","guid":{"rendered":"http:\/\/arema.com\/?page_id=1001"},"modified":"2020-11-24T13:59:27","modified_gmt":"2020-11-24T12:59:27","slug":"piedras-negras","status":"publish","type":"page","link":"https:\/\/arema.com\/ca\/piedras-negras\/","title":{"rendered":"PIEDRAS NEGRAS"},"content":{"rendered":"<p>[vc_row css_animation=&#8221;&#8221; row_type=&#8221;row&#8221; use_row_as_full_screen_section=&#8221;no&#8221; type=&#8221;grid&#8221; angled_section=&#8221;no&#8221; text_align=&#8221;left&#8221; background_image_as_pattern=&#8221;without_pattern&#8221; z_index=&#8221;&#8221; css=&#8221;.vc_custom_1605180973050{background-image: url(https:\/\/arema.com\/wp-content\/uploads\/2020\/10\/Piedras-Negras-foto1.jpg?id=115) !important;}&#8221;][vc_column width=&#8221;1\/6&#8243;][\/vc_column][vc_column width=&#8221;2\/3&#8243;][vc_empty_space height=&#8221;80px&#8221;][qode_elements_holder number_of_columns=&#8221;one_column&#8221;][qode_elements_holder_item advanced_animations=&#8221;no&#8221; background_color=&#8221;rgba(255,255,255,0.82)&#8221; item_padding=&#8221;20px 20px 20px 20px&#8221;][vc_empty_space height=&#8221;50px&#8221;][vc_column_text]<\/p>\n<h1 style=\"text-align: center;\"><strong>La PTAR de Piedras Negras s\u2019ubica a l\u2019estat de Coahuila (M\u00e8xic).<\/strong><\/h1>\n<h3 style=\"text-align: center;\">Les obres es van iniciar l\u2019any 2000 a trav\u00e9s del Marco de Cooperaci\u00f3n Transfronterizo entre EEUU i M\u00e8xic, degut a que les aig\u00fces residuals de la ciutat de Piedras Negras s\u2019abocaven al riu Bravo que en aquesta zona conforma la frontera natural entre els dos pa\u00efsos i posteriorment el riu tornava a entrar en terreny dels Estats Units, portant les aig\u00fces contaminades al seu pas per Piedras Negras.<\/h3>\n<p>[\/vc_column_text][vc_empty_space height=&#8221;30px&#8221;][vc_column_text]<\/p>\n<p style=\"text-align: center;\">La PTAR de Piedras Negras, disposa de les seg\u00fcents etapes de tractament, que es descriuen a continuaci\u00f3 seguint la l\u00ednea d\u2019aigua:<\/p>\n<p>[\/vc_column_text][vc_empty_space height=&#8221;30px&#8221;][\/qode_elements_holder_item][\/qode_elements_holder][vc_empty_space height=&#8221;80px&#8221;][\/vc_column][vc_column width=&#8221;1\/6&#8243;][\/vc_column][\/vc_row][vc_row css_animation=&#8221;&#8221; row_type=&#8221;row&#8221; use_row_as_full_screen_section=&#8221;no&#8221; type=&#8221;grid&#8221; angled_section=&#8221;no&#8221; text_align=&#8221;left&#8221; background_image_as_pattern=&#8221;without_pattern&#8221; z_index=&#8221;&#8221; css=&#8221;.vc_custom_1605002389151{background-color: #ffffff !important;}&#8221;][vc_column width=&#8221;1\/6&#8243;][\/vc_column][vc_column width=&#8221;2\/3&#8243;][vc_empty_space height=&#8221;80px&#8221;][qode_elements_holder number_of_columns=&#8221;one_column&#8221;][qode_elements_holder_item advanced_animations=&#8221;no&#8221; background_color=&#8221;rgba(255,255,255,0.82)&#8221; item_padding=&#8221;20px 20px 20px 20px&#8221;][vc_column_text]<\/p>\n<div class=\"region region-content\">\n<section id=\"block-system-main\" class=\"block block-system clearfix\">\n<div class=\"ds-1col node node-solucions view-mode-full clearfix\">\n<div class=\"field field-name-body field-type-text-with-summary field-label-hidden\">\n<div class=\"field-items\">\n<div class=\"field-item even\">\n<h4 style=\"text-align: center;\"><img decoding=\"async\" class=\"alignnone\" src=\"https:\/\/www.rubau.com\/wp-content\/themes\/rubau\/img\/filet-blanc.png\" \/> ETAPES DE TRACTAMENT <img decoding=\"async\" class=\"alignnone\" src=\"https:\/\/www.rubau.com\/wp-content\/themes\/rubau\/img\/filet-blanc.png\" \/><\/h4>\n<\/div>\n<\/div>\n<\/div>\n<\/div>\n<\/section>\n<\/div>\n<p>[\/vc_column_text][vc_empty_space height=&#8221;30px&#8221;][vc_column_text]<\/p>\n<div class=\"region region-content\">\n<section id=\"block-system-main\" class=\"block block-system clearfix\">\n<div class=\"ds-1col node node-solucions view-mode-full clearfix\">\n<div class=\"field field-name-body field-type-text-with-summary field-label-hidden\">\n<div class=\"field-items\">\n<div class=\"field-item even\">\n<ul>\n<li>Arquetes de bombament fora de la planta (distribu\u00efdes a l\u2019\u00e0rea urbana).<\/li>\n<li>Obra d\u2019arribada a la PTAR (on es reuneixen els diferents col\u00b7lectors d\u2019entrada).<\/li>\n<li>Canals de pretractament (desbast de gruixuts, desbast de fins, desengreixat).<\/li>\n<li>Canal de repartiment a tractament biol\u00f2gic.<\/li>\n<li>Cambra an\u00f2xica.<\/li>\n<li>Reactors biol\u00f2gics.<\/li>\n<li>Sistemes d\u2019aireaci\u00f3 de reactors.<\/li>\n<li>Unitats de control de proc\u00e9s.<\/li>\n<li>Recirculaci\u00f3 i purga de fangs.<\/li>\n<li>Decantaci\u00f3 secundaria<\/li>\n<li>Sortida d\u2019aigua tractada i desinfecci\u00f3<\/li>\n<li>Espessidor de fangs<\/li>\n<li>Sistema de preparaci\u00f3 i de deshidrataci\u00f3 de fangs.<\/li>\n<li>Edificis t\u00e8cnics i sala de control.<\/li>\n<li><\/li>\n<\/ul>\n<\/div>\n<\/div>\n<\/div>\n<\/div>\n<\/section>\n<\/div>\n<p>[\/vc_column_text][vc_empty_space height=&#8221;50px&#8221;][\/qode_elements_holder_item][\/qode_elements_holder][\/vc_column][vc_column width=&#8221;1\/6&#8243;][\/vc_column][\/vc_row][vc_row css_animation=&#8221;&#8221; row_type=&#8221;row&#8221; use_row_as_full_screen_section=&#8221;no&#8221; type=&#8221;grid&#8221; angled_section=&#8221;no&#8221; text_align=&#8221;left&#8221; background_image_as_pattern=&#8221;without_pattern&#8221; z_index=&#8221;&#8221; css=&#8221;.vc_custom_1605091540679{background-color: #ededed !important;}&#8221;][vc_column width=&#8221;1\/6&#8243;][\/vc_column][vc_column width=&#8221;2\/3&#8243;][vc_empty_space height=&#8221;50px&#8221;][qode_elements_holder number_of_columns=&#8221;two_columns&#8221; columns_proportion=&#8221;33_66&#8243;][qode_elements_holder_item advanced_animations=&#8221;no&#8221; background_color=&#8221;#ededed&#8221;][vc_single_image image=&#8221;1029&#8243; img_size=&#8221;medium&#8221; onclick=&#8221;custom_link&#8221; img_link_target=&#8221;_blank&#8221; qode_css_animation=&#8221;&#8221; link=&#8221;https:\/\/arema.com\/wp-content\/uploads\/2020\/11\/ptar-piedrasnegras.pdf&#8221;][\/qode_elements_holder_item][qode_elements_holder_item vertical_alignment=&#8221;top&#8221; horizontal_alignment=&#8221;left&#8221; advanced_animations=&#8221;no&#8221; background_color=&#8221;#ededed&#8221;][vc_empty_space height=&#8221;12px&#8221;][vc_column_text]<\/p>\n<h5 style=\"text-align: left;\"><a href=\"https:\/\/arema.com\/wp-content\/uploads\/2020\/11\/ptar-piedrasnegras.pdf\"><strong>Consultar PDF<\/strong> <\/a><\/h5>\n<h5 style=\"text-align: left;\"><a href=\"https:\/\/arema.com\/wp-content\/uploads\/2020\/11\/ptar-piedrasnegras.pdf\"><em><small>&#8220;PTAR Piedrasnegras: Edo. Coahuila (M\u00e9xico)&#8221;<\/small><\/em><\/a><\/h5>\n<p>[\/vc_column_text][\/qode_elements_holder_item][\/qode_elements_holder][vc_empty_space height=&#8221;50px&#8221;][\/vc_column][vc_column width=&#8221;1\/6&#8243;][\/vc_column][\/vc_row][vc_row css_animation=&#8221;&#8221; row_type=&#8221;row&#8221; use_row_as_full_screen_section=&#8221;no&#8221; type=&#8221;grid&#8221; angled_section=&#8221;no&#8221; text_align=&#8221;left&#8221; background_image_as_pattern=&#8221;without_pattern&#8221; z_index=&#8221;&#8221; css=&#8221;.vc_custom_1605002389151{background-color: #ffffff !important;}&#8221;][vc_column width=&#8221;1\/6&#8243;][\/vc_column][vc_column width=&#8221;2\/3&#8243;][vc_empty_space height=&#8221;80px&#8221;][\/vc_column][vc_column width=&#8221;1\/6&#8243;][\/vc_column][\/vc_row]<\/p>\n","protected":false},"excerpt":{"rendered":"<p>[vc_row css_animation=&#8221;&#8221; row_type=&#8221;row&#8221; use_row_as_full_screen_section=&#8221;no&#8221; type=&#8221;grid&#8221; angled_section=&#8221;no&#8221; text_align=&#8221;left&#8221; background_image_as_pattern=&#8221;without_pattern&#8221; z_index=&#8221;&#8221; css=&#8221;.vc_custom_1605180973050{background-image: url(https:\/\/arema.com\/wp-content\/uploads\/2020\/10\/Piedras-Negras-foto1.jpg?id=115) !important;}&#8221;][vc_column width=&#8221;1\/6&#8243;][\/vc_column][vc_column width=&#8221;2\/3&#8243;][vc_empty_space height=&#8221;80px&#8221;][qode_elements_holder number_of_columns=&#8221;one_column&#8221;][qode_elements_holder_item advanced_animations=&#8221;no&#8221; background_color=&#8221;rgba(255,255,255,0.82)&#8221; item_padding=&#8221;20px 20px 20px 20px&#8221;][vc_empty_space height=&#8221;50px&#8221;][vc_column_text] La PTAR de Piedras Negras s\u2019ubica a l\u2019estat de Coahuila (M\u00e8xic). Les obres es van iniciar l\u2019any 2000 a trav\u00e9s del Marco&#8230;<\/p>\n","protected":false},"author":1,"featured_media":115,"parent":0,"menu_order":0,"comment_status":"closed","ping_status":"closed","template":"full_width.php","meta":{"footnotes":""},"class_list":["post-1001","page","type-page","status-publish","has-post-thumbnail","hentry"],"yoast_head":"<!-- This site is optimized with the Yoast SEO plugin v27.2 - https:\/\/yoast.com\/product\/yoast-seo-wordpress\/ -->\n<title>PIEDRAS NEGRAS - PTAR de Coahuila, M\u00e8xic - Arema<\/title>\n<meta name=\"description\" content=\"Arema va iniciar les obres de la PTAR de Piedras Negras a Coahuila (M\u00e8xic) a trav\u00e9s del Marco de Cooperaci\u00f3n Transfronterizo EEUU - M\u00e8xic\" \/>\n<meta name=\"robots\" content=\"index, follow, max-snippet:-1, max-image-preview:large, max-video-preview:-1\" \/>\n<link rel=\"canonical\" href=\"https:\/\/arema.com\/ca\/piedras-negras\/\" \/>\n<meta property=\"og:locale\" content=\"ca_ES\" \/>\n<meta property=\"og:type\" content=\"article\" \/>\n<meta property=\"og:title\" content=\"PIEDRAS NEGRAS - PTAR de Coahuila, M\u00e8xic - Arema\" \/>\n<meta property=\"og:description\" content=\"Arema va iniciar les obres de la PTAR de Piedras Negras a Coahuila (M\u00e8xic) a trav\u00e9s del Marco de Cooperaci\u00f3n Transfronterizo EEUU - M\u00e8xic\" \/>\n<meta property=\"og:url\" content=\"https:\/\/arema.com\/ca\/piedras-negras\/\" \/>\n<meta property=\"og:site_name\" content=\"Arema\" \/>\n<meta property=\"article:modified_time\" content=\"2020-11-24T12:59:27+00:00\" \/>\n<meta property=\"og:image\" content=\"https:\/\/arema.com\/wp-content\/uploads\/2020\/10\/Piedras-Negras-foto1.jpg\" \/>\n\t<meta property=\"og:image:width\" content=\"1476\" \/>\n\t<meta property=\"og:image:height\" content=\"994\" \/>\n\t<meta property=\"og:image:type\" content=\"image\/jpeg\" \/>\n<meta name=\"twitter:card\" content=\"summary_large_image\" \/>\n<meta name=\"twitter:label1\" content=\"Temps estimat de lectura\" \/>\n\t<meta name=\"twitter:data1\" content=\"3 minuts\" \/>\n<script type=\"application\/ld+json\" class=\"yoast-schema-graph\">{\"@context\":\"https:\/\/schema.org\",\"@graph\":[{\"@type\":\"WebPage\",\"@id\":\"https:\/\/arema.com\/ca\/piedras-negras\/\",\"url\":\"https:\/\/arema.com\/ca\/piedras-negras\/\",\"name\":\"PIEDRAS NEGRAS - PTAR de Coahuila, M\u00e8xic - Arema\",\"isPartOf\":{\"@id\":\"https:\/\/arema.com\/en\/#website\"},\"primaryImageOfPage\":{\"@id\":\"https:\/\/arema.com\/ca\/piedras-negras\/#primaryimage\"},\"image\":{\"@id\":\"https:\/\/arema.com\/ca\/piedras-negras\/#primaryimage\"},\"thumbnailUrl\":\"https:\/\/arema.com\/wp-content\/uploads\/2020\/10\/Piedras-Negras-foto1.jpg\",\"datePublished\":\"2020-11-12T11:45:30+00:00\",\"dateModified\":\"2020-11-24T12:59:27+00:00\",\"description\":\"Arema va iniciar les obres de la PTAR de Piedras Negras a Coahuila (M\u00e8xic) a trav\u00e9s del Marco de Cooperaci\u00f3n Transfronterizo EEUU - M\u00e8xic\",\"breadcrumb\":{\"@id\":\"https:\/\/arema.com\/ca\/piedras-negras\/#breadcrumb\"},\"inLanguage\":\"ca\",\"potentialAction\":[{\"@type\":\"ReadAction\",\"target\":[\"https:\/\/arema.com\/ca\/piedras-negras\/\"]}]},{\"@type\":\"ImageObject\",\"inLanguage\":\"ca\",\"@id\":\"https:\/\/arema.com\/ca\/piedras-negras\/#primaryimage\",\"url\":\"https:\/\/arema.com\/wp-content\/uploads\/2020\/10\/Piedras-Negras-foto1.jpg\",\"contentUrl\":\"https:\/\/arema.com\/wp-content\/uploads\/2020\/10\/Piedras-Negras-foto1.jpg\",\"width\":1476,\"height\":994,\"caption\":\"Vista a\u00e9rea de Piedras Negras, Arema\"},{\"@type\":\"BreadcrumbList\",\"@id\":\"https:\/\/arema.com\/ca\/piedras-negras\/#breadcrumb\",\"itemListElement\":[{\"@type\":\"ListItem\",\"position\":1,\"name\":\"Inici\",\"item\":\"https:\/\/arema.com\/ca\/\"},{\"@type\":\"ListItem\",\"position\":2,\"name\":\"PIEDRAS NEGRAS\"}]},{\"@type\":\"WebSite\",\"@id\":\"https:\/\/arema.com\/en\/#website\",\"url\":\"https:\/\/arema.com\/en\/\",\"name\":\"Arema\",\"description\":\"Agua, residuos y medio ambiente\",\"potentialAction\":[{\"@type\":\"SearchAction\",\"target\":{\"@type\":\"EntryPoint\",\"urlTemplate\":\"https:\/\/arema.com\/en\/?s={search_term_string}\"},\"query-input\":{\"@type\":\"PropertyValueSpecification\",\"valueRequired\":true,\"valueName\":\"search_term_string\"}}],\"inLanguage\":\"ca\"}]}<\/script>\n<!-- \/ Yoast SEO plugin. -->","yoast_head_json":{"title":"PIEDRAS NEGRAS - PTAR de Coahuila, M\u00e8xic - Arema","description":"Arema va iniciar les obres de la PTAR de Piedras Negras a Coahuila (M\u00e8xic) a trav\u00e9s del Marco de Cooperaci\u00f3n Transfronterizo EEUU - M\u00e8xic","robots":{"index":"index","follow":"follow","max-snippet":"max-snippet:-1","max-image-preview":"max-image-preview:large","max-video-preview":"max-video-preview:-1"},"canonical":"https:\/\/arema.com\/ca\/piedras-negras\/","og_locale":"ca_ES","og_type":"article","og_title":"PIEDRAS NEGRAS - PTAR de Coahuila, M\u00e8xic - Arema","og_description":"Arema va iniciar les obres de la PTAR de Piedras Negras a Coahuila (M\u00e8xic) a trav\u00e9s del Marco de Cooperaci\u00f3n Transfronterizo EEUU - M\u00e8xic","og_url":"https:\/\/arema.com\/ca\/piedras-negras\/","og_site_name":"Arema","article_modified_time":"2020-11-24T12:59:27+00:00","og_image":[{"width":1476,"height":994,"url":"https:\/\/arema.com\/wp-content\/uploads\/2020\/10\/Piedras-Negras-foto1.jpg","type":"image\/jpeg"}],"twitter_card":"summary_large_image","twitter_misc":{"Temps estimat de lectura":"3 minuts"},"schema":{"@context":"https:\/\/schema.org","@graph":[{"@type":"WebPage","@id":"https:\/\/arema.com\/ca\/piedras-negras\/","url":"https:\/\/arema.com\/ca\/piedras-negras\/","name":"PIEDRAS NEGRAS - PTAR de Coahuila, M\u00e8xic - Arema","isPartOf":{"@id":"https:\/\/arema.com\/en\/#website"},"primaryImageOfPage":{"@id":"https:\/\/arema.com\/ca\/piedras-negras\/#primaryimage"},"image":{"@id":"https:\/\/arema.com\/ca\/piedras-negras\/#primaryimage"},"thumbnailUrl":"https:\/\/arema.com\/wp-content\/uploads\/2020\/10\/Piedras-Negras-foto1.jpg","datePublished":"2020-11-12T11:45:30+00:00","dateModified":"2020-11-24T12:59:27+00:00","description":"Arema va iniciar les obres de la PTAR de Piedras Negras a Coahuila (M\u00e8xic) a trav\u00e9s del Marco de Cooperaci\u00f3n Transfronterizo EEUU - M\u00e8xic","breadcrumb":{"@id":"https:\/\/arema.com\/ca\/piedras-negras\/#breadcrumb"},"inLanguage":"ca","potentialAction":[{"@type":"ReadAction","target":["https:\/\/arema.com\/ca\/piedras-negras\/"]}]},{"@type":"ImageObject","inLanguage":"ca","@id":"https:\/\/arema.com\/ca\/piedras-negras\/#primaryimage","url":"https:\/\/arema.com\/wp-content\/uploads\/2020\/10\/Piedras-Negras-foto1.jpg","contentUrl":"https:\/\/arema.com\/wp-content\/uploads\/2020\/10\/Piedras-Negras-foto1.jpg","width":1476,"height":994,"caption":"Vista a\u00e9rea de Piedras Negras, Arema"},{"@type":"BreadcrumbList","@id":"https:\/\/arema.com\/ca\/piedras-negras\/#breadcrumb","itemListElement":[{"@type":"ListItem","position":1,"name":"Inici","item":"https:\/\/arema.com\/ca\/"},{"@type":"ListItem","position":2,"name":"PIEDRAS NEGRAS"}]},{"@type":"WebSite","@id":"https:\/\/arema.com\/en\/#website","url":"https:\/\/arema.com\/en\/","name":"Arema","description":"Agua, residuos y medio ambiente","potentialAction":[{"@type":"SearchAction","target":{"@type":"EntryPoint","urlTemplate":"https:\/\/arema.com\/en\/?s={search_term_string}"},"query-input":{"@type":"PropertyValueSpecification","valueRequired":true,"valueName":"search_term_string"}}],"inLanguage":"ca"}]}},"_links":{"self":[{"href":"https:\/\/arema.com\/ca\/wp-json\/wp\/v2\/pages\/1001","targetHints":{"allow":["GET"]}}],"collection":[{"href":"https:\/\/arema.com\/ca\/wp-json\/wp\/v2\/pages"}],"about":[{"href":"https:\/\/arema.com\/ca\/wp-json\/wp\/v2\/types\/page"}],"author":[{"embeddable":true,"href":"https:\/\/arema.com\/ca\/wp-json\/wp\/v2\/users\/1"}],"replies":[{"embeddable":true,"href":"https:\/\/arema.com\/ca\/wp-json\/wp\/v2\/comments?post=1001"}],"version-history":[{"count":10,"href":"https:\/\/arema.com\/ca\/wp-json\/wp\/v2\/pages\/1001\/revisions"}],"predecessor-version":[{"id":1841,"href":"https:\/\/arema.com\/ca\/wp-json\/wp\/v2\/pages\/1001\/revisions\/1841"}],"wp:featuredmedia":[{"embeddable":true,"href":"https:\/\/arema.com\/ca\/wp-json\/wp\/v2\/media\/115"}],"wp:attachment":[{"href":"https:\/\/arema.com\/ca\/wp-json\/wp\/v2\/media?parent=1001"}],"curies":[{"name":"wp","href":"https:\/\/api.w.org\/{rel}","templated":true}]}}