{"id":2016,"date":"2015-12-10T09:50:07","date_gmt":"2015-12-10T07:50:07","guid":{"rendered":"http:\/\/arema.com\/idi\/"},"modified":"2020-12-04T14:33:23","modified_gmt":"2020-12-04T13:33:23","slug":"idi","status":"publish","type":"page","link":"http:\/\/arema.com\/en\/idi\/","title":{"rendered":"I+D+i"},"content":{"rendered":"<p>[vc_row css_animation=&#8221;&#8221; row_type=&#8221;row&#8221; use_row_as_full_screen_section=&#8221;no&#8221; type=&#8221;full_width&#8221; angled_section=&#8221;no&#8221; text_align=&#8221;left&#8221; background_image_as_pattern=&#8221;without_pattern&#8221;][vc_column][vc_empty_space height=&#8221;100&#8243;][\/vc_column][\/vc_row][vc_row css_animation=&#8221;&#8221; row_type=&#8221;row&#8221; use_row_as_full_screen_section=&#8221;no&#8221; type=&#8221;grid&#8221; angled_section=&#8221;no&#8221; text_align=&#8221;left&#8221; background_image_as_pattern=&#8221;without_pattern&#8221; z_index=&#8221;&#8221; css=&#8221;.vc_custom_1603725439011{margin-top: -60px !important;border-top-width: -60px !important;padding-top: -60px !important;}&#8221;][vc_column width=&#8221;1\/6&#8243;][\/vc_column][vc_column width=&#8221;2\/3&#8243;][vc_column_text]<\/p>\n<div class=\"wpb_column vc_column_container vc_col-sm-2\">\n<div class=\"vc_column-inner\"><\/div>\n<\/div>\n<div class=\"wpb_column vc_column_container vc_col-sm-8\">\n<div class=\"vc_column-inner\">\n<div class=\"wpb_wrapper\">\n<div class=\"wpb_text_column wpb_content_element \">\n<div class=\"wpb_wrapper\">\n<h4 style=\"text-align: center;\"><span style=\"color: #000000;\"><strong><img loading=\"lazy\" decoding=\"async\" class=\"\" src=\"https:\/\/www.rubau.com\/wp-content\/themes\/rubau\/img\/filet.png\" width=\"20\" height=\"12\" \/> I+D+i\u00a0<img decoding=\"async\" class=\"alignnone\" src=\"https:\/\/www.rubau.com\/wp-content\/themes\/rubau\/img\/filet.png\" \/><\/strong><\/span><\/h4>\n<\/div>\n<\/div>\n<div class=\"vc_empty_space\"><\/div>\n<\/div>\n<\/div>\n<\/div>\n<p>[\/vc_column_text][vc_empty_space height=&#8221;30px&#8221;][vc_column_text]<\/p>\n<h2 style=\"text-align: center;\"><span style=\"line-height: 1.6;\">La necessitat d\u2019aprendre cada dia per cr\u00e9ixer i millorar professionalment, ha portat la companyia a desenvolupar programes I+D+i d\u2019investigaci\u00f3 i desenvolupament que ens permet optimitzar les nostres pr\u00f2pies solucions i descobrir-ne de noves per poder complir satisfact\u00f2riament les nostres responsabilitats medi ambientals. <\/span><\/h2>\n<p>[\/vc_column_text][vc_empty_space height=&#8221;52px&#8221;][\/vc_column][vc_column width=&#8221;1\/6&#8243;][\/vc_column][\/vc_row][vc_row css_animation=&#8221;&#8221; row_type=&#8221;row&#8221; use_row_as_full_screen_section=&#8221;no&#8221; type=&#8221;grid&#8221; angled_section=&#8221;no&#8221; text_align=&#8221;left&#8221; background_image_as_pattern=&#8221;without_pattern&#8221; z_index=&#8221;&#8221;][vc_column width=&#8221;1\/6&#8243;][\/vc_column][vc_column width=&#8221;2\/3&#8243;][vc_column_text]<span style=\"line-height: 1.6;\">Alguns dels principals programes I+D+i s\u00f3n:<\/span><\/p>\n<ul>\n<li>Desenvolupament de sistemes modulars per a decantaci\u00f3 secund\u00e0ria.<\/li>\n<li>Desenvolupament d\u2019una planta pilot de Carb\u00f3 actiu.<\/li>\n<li>Desenvolupament d\u2019un sistema compacte de depuraci\u00f3\u00a0 biol\u00f2gica (escala pilot i escala real) de llit m\u00f2bil.<\/li>\n<li>Desenvolupament d\u2019una planta pilot d\u2019Electrodi\u00e0lisi Reversible.<\/li>\n<li>Participaci\u00f3 en programes del Centre pel Desenvolupament Tecnol\u00f2gic Industrial (CDTI)<\/li>\n<li>Incorporaci\u00f3 de noves tecnologies i formaci\u00f3 cont\u00ednua del personal.<\/li>\n<\/ul>\n<p>[\/vc_column_text][\/vc_column][vc_column width=&#8221;1\/6&#8243;][\/vc_column][\/vc_row][vc_row css_animation=&#8221;&#8221; row_type=&#8221;row&#8221; use_row_as_full_screen_section=&#8221;no&#8221; type=&#8221;full_width&#8221; angled_section=&#8221;no&#8221; text_align=&#8221;left&#8221; background_image_as_pattern=&#8221;without_pattern&#8221;][vc_column][vc_empty_space height=&#8221;40px&#8221;][\/vc_column][\/vc_row][vc_row css_animation=&#8221;&#8221; row_type=&#8221;row&#8221; use_row_as_full_screen_section=&#8221;no&#8221; type=&#8221;full_width&#8221; angled_section=&#8221;no&#8221; text_align=&#8221;left&#8221; background_image_as_pattern=&#8221;without_pattern&#8221; css=&#8221;.vc_custom_1603727210966{background-color: #f8c00b !important;}&#8221; z_index=&#8221;&#8221;][vc_column][vc_empty_space height=&#8221;40px&#8221;][\/vc_column][\/vc_row][vc_row css_animation=&#8221;&#8221; row_type=&#8221;row&#8221; use_row_as_full_screen_section=&#8221;no&#8221; type=&#8221;grid&#8221; angled_section=&#8221;no&#8221; text_align=&#8221;left&#8221; background_image_as_pattern=&#8221;without_pattern&#8221; z_index=&#8221;&#8221; css=&#8221;.vc_custom_1603727217390{background-color: #f8c00b !important;}&#8221;][vc_column width=&#8221;1\/4&#8243;][\/vc_column][vc_column width=&#8221;1\/4&#8243;][vc_single_image image=&#8221;1332&#8243; img_size=&#8221;230&#215;230&#8243; alignment=&#8221;center&#8221; onclick=&#8221;custom_link&#8221; qode_css_animation=&#8221;&#8221; qode_hover_animation=&#8221;zoom_in&#8221; link=&#8221;https:\/\/arema.com\/en\/edr-pilot\/&#8221;][vc_empty_space height=&#8221;15px&#8221;][vc_column_text]<\/p>\n<h2 class=\"page-header bordered light\" style=\"padding-left: 40px;\"><a href=\"https:\/\/arema.com\/en\/edr-pilot\/\"><strong>EDR PILOT<\/strong><\/a><\/h2>\n<p>[\/vc_column_text][vc_column_text]<\/p>\n<p class=\"page-header bordered light\" style=\"padding-left: 40px;\"><a href=\"https:\/\/arema.com\/en\/edr-pilot\/\"><span style=\"color: #000000;\">Planta compacta d\u2019electrodi\u00e0lisi reversible<\/span><\/a><\/p>\n<p>[\/vc_column_text][vc_empty_space height=&#8221;30px&#8221;][\/vc_column][vc_column width=&#8221;1\/4&#8243;][vc_single_image image=&#8221;1337&#8243; img_size=&#8221;230&#215;230&#8243; alignment=&#8221;center&#8221; onclick=&#8221;custom_link&#8221; qode_css_animation=&#8221;&#8221; qode_hover_animation=&#8221;zoom_in&#8221; link=&#8221;https:\/\/arema.com\/en\/active-carbon-pilot\/&#8221;][vc_empty_space height=&#8221;15px&#8221;][vc_column_text]<\/p>\n<h2 class=\"page-header bordered light\" style=\"padding-left: 40px;\"><a href=\"https:\/\/arema.com\/en\/active-carbon-pilot\/\"><strong>ACTIVE CARBON PILOT<\/strong><\/a><\/h2>\n<p>[\/vc_column_text][vc_column_text]<\/p>\n<p class=\"page-header bordered light\" style=\"padding-left: 40px;\"><a href=\"https:\/\/arema.com\/en\/active-carbon-pilot\/\"><span style=\"color: #000000;\">Estudi i comparaci\u00f3 de 4 tipus diferents de carb\u00f3 actiu<\/span><\/a><\/p>\n<p>[\/vc_column_text][vc_empty_space height=&#8221;30px&#8221;][\/vc_column][vc_column width=&#8221;1\/4&#8243;][\/vc_column][\/vc_row]<\/p>\n","protected":false},"excerpt":{"rendered":"<p>[vc_row css_animation=&#8221;&#8221; row_type=&#8221;row&#8221; use_row_as_full_screen_section=&#8221;no&#8221; type=&#8221;full_width&#8221; angled_section=&#8221;no&#8221; text_align=&#8221;left&#8221; background_image_as_pattern=&#8221;without_pattern&#8221;][vc_column][vc_empty_space height=&#8221;100&#8243;][\/vc_column][\/vc_row][vc_row css_animation=&#8221;&#8221; row_type=&#8221;row&#8221; use_row_as_full_screen_section=&#8221;no&#8221; type=&#8221;grid&#8221; angled_section=&#8221;no&#8221; text_align=&#8221;left&#8221; background_image_as_pattern=&#8221;without_pattern&#8221; z_index=&#8221;&#8221; css=&#8221;.vc_custom_1603725439011{margin-top: -60px !important;border-top-width: -60px !important;padding-top: -60px !important;}&#8221;][vc_column width=&#8221;1\/6&#8243;][\/vc_column][vc_column width=&#8221;2\/3&#8243;][vc_column_text] I+D+i\u00a0 [\/vc_column_text][vc_empty_space height=&#8221;30px&#8221;][vc_column_text] La necessitat d\u2019aprendre cada dia per cr\u00e9ixer i millorar professionalment, ha portat la companyia a desenvolupar&#8230;<\/p>\n","protected":false},"author":1,"featured_media":1337,"parent":0,"menu_order":0,"comment_status":"closed","ping_status":"closed","template":"full_width.php","meta":{"footnotes":""},"class_list":["post-2016","page","type-page","status-publish","has-post-thumbnail","hentry"],"yoast_head":"<!-- This site is optimized with the Yoast SEO plugin v27.2 - https:\/\/yoast.com\/product\/yoast-seo-wordpress\/ -->\n<title>I+D+i: cr\u00e8ixer i millorar per protegir el medi ambient - Arema<\/title>\n<meta name=\"description\" content=\"La necessitat de cr\u00e9ixer i millorar professionalment ens ha portat a crear programes I+D+i per millorar el medi ambient\" \/>\n<meta name=\"robots\" content=\"index, follow, max-snippet:-1, max-image-preview:large, max-video-preview:-1\" \/>\n<link rel=\"canonical\" href=\"https:\/\/arema.com\/en\/idi\/\" \/>\n<meta property=\"og:locale\" content=\"en_US\" \/>\n<meta property=\"og:type\" content=\"article\" \/>\n<meta property=\"og:title\" content=\"I+D+i: cr\u00e8ixer i millorar per protegir el medi ambient - Arema\" \/>\n<meta property=\"og:description\" content=\"La necessitat de cr\u00e9ixer i millorar professionalment ens ha portat a crear programes I+D+i per millorar el medi ambient\" \/>\n<meta property=\"og:url\" content=\"https:\/\/arema.com\/en\/idi\/\" \/>\n<meta property=\"og:site_name\" content=\"Arema\" \/>\n<meta property=\"article:modified_time\" content=\"2020-12-04T13:33:23+00:00\" \/>\n<meta property=\"og:image\" content=\"https:\/\/arema.com\/wp-content\/uploads\/2020\/10\/IDi_Mesa-de-trabajo-1-copia.png\" \/>\n\t<meta property=\"og:image:width\" content=\"559\" \/>\n\t<meta property=\"og:image:height\" content=\"559\" \/>\n\t<meta property=\"og:image:type\" content=\"image\/png\" \/>\n<meta name=\"twitter:card\" content=\"summary_large_image\" \/>\n<meta name=\"twitter:label1\" content=\"Est. reading time\" \/>\n\t<meta name=\"twitter:data1\" content=\"3 minutes\" \/>\n<script type=\"application\/ld+json\" class=\"yoast-schema-graph\">{\"@context\":\"https:\/\/schema.org\",\"@graph\":[{\"@type\":\"WebPage\",\"@id\":\"https:\/\/arema.com\/en\/idi\/\",\"url\":\"https:\/\/arema.com\/en\/idi\/\",\"name\":\"I+D+i: cr\u00e8ixer i millorar per protegir el medi ambient - Arema\",\"isPartOf\":{\"@id\":\"https:\/\/arema.com\/en\/#website\"},\"primaryImageOfPage\":{\"@id\":\"https:\/\/arema.com\/en\/idi\/#primaryimage\"},\"image\":{\"@id\":\"https:\/\/arema.com\/en\/idi\/#primaryimage\"},\"thumbnailUrl\":\"http:\/\/arema.com\/wp-content\/uploads\/2020\/10\/IDi_Mesa-de-trabajo-1-copia.png\",\"datePublished\":\"2015-12-10T07:50:07+00:00\",\"dateModified\":\"2020-12-04T13:33:23+00:00\",\"description\":\"La necessitat de cr\u00e9ixer i millorar professionalment ens ha portat a crear programes I+D+i per millorar el medi ambient\",\"breadcrumb\":{\"@id\":\"https:\/\/arema.com\/en\/idi\/#breadcrumb\"},\"inLanguage\":\"en-US\",\"potentialAction\":[{\"@type\":\"ReadAction\",\"target\":[\"https:\/\/arema.com\/en\/idi\/\"]}]},{\"@type\":\"ImageObject\",\"inLanguage\":\"en-US\",\"@id\":\"https:\/\/arema.com\/en\/idi\/#primaryimage\",\"url\":\"http:\/\/arema.com\/wp-content\/uploads\/2020\/10\/IDi_Mesa-de-trabajo-1-copia.png\",\"contentUrl\":\"http:\/\/arema.com\/wp-content\/uploads\/2020\/10\/IDi_Mesa-de-trabajo-1-copia.png\",\"width\":559,\"height\":559,\"caption\":\"I+D+i - Arema tecnologia\"},{\"@type\":\"BreadcrumbList\",\"@id\":\"https:\/\/arema.com\/en\/idi\/#breadcrumb\",\"itemListElement\":[{\"@type\":\"ListItem\",\"position\":1,\"name\":\"Inici\",\"item\":\"https:\/\/arema.com\/en\/\"},{\"@type\":\"ListItem\",\"position\":2,\"name\":\"I+D+i\"}]},{\"@type\":\"WebSite\",\"@id\":\"https:\/\/arema.com\/en\/#website\",\"url\":\"https:\/\/arema.com\/en\/\",\"name\":\"Arema\",\"description\":\"Agua, residuos y medio ambiente\",\"potentialAction\":[{\"@type\":\"SearchAction\",\"target\":{\"@type\":\"EntryPoint\",\"urlTemplate\":\"https:\/\/arema.com\/en\/?s={search_term_string}\"},\"query-input\":{\"@type\":\"PropertyValueSpecification\",\"valueRequired\":true,\"valueName\":\"search_term_string\"}}],\"inLanguage\":\"en-US\"}]}<\/script>\n<!-- \/ Yoast SEO plugin. -->","yoast_head_json":{"title":"I+D+i: cr\u00e8ixer i millorar per protegir el medi ambient - Arema","description":"La necessitat de cr\u00e9ixer i millorar professionalment ens ha portat a crear programes I+D+i per millorar el medi ambient","robots":{"index":"index","follow":"follow","max-snippet":"max-snippet:-1","max-image-preview":"max-image-preview:large","max-video-preview":"max-video-preview:-1"},"canonical":"https:\/\/arema.com\/en\/idi\/","og_locale":"en_US","og_type":"article","og_title":"I+D+i: cr\u00e8ixer i millorar per protegir el medi ambient - Arema","og_description":"La necessitat de cr\u00e9ixer i millorar professionalment ens ha portat a crear programes I+D+i per millorar el medi ambient","og_url":"https:\/\/arema.com\/en\/idi\/","og_site_name":"Arema","article_modified_time":"2020-12-04T13:33:23+00:00","og_image":[{"width":559,"height":559,"url":"https:\/\/arema.com\/wp-content\/uploads\/2020\/10\/IDi_Mesa-de-trabajo-1-copia.png","type":"image\/png"}],"twitter_card":"summary_large_image","twitter_misc":{"Est. reading time":"3 minutes"},"schema":{"@context":"https:\/\/schema.org","@graph":[{"@type":"WebPage","@id":"https:\/\/arema.com\/en\/idi\/","url":"https:\/\/arema.com\/en\/idi\/","name":"I+D+i: cr\u00e8ixer i millorar per protegir el medi ambient - Arema","isPartOf":{"@id":"https:\/\/arema.com\/en\/#website"},"primaryImageOfPage":{"@id":"https:\/\/arema.com\/en\/idi\/#primaryimage"},"image":{"@id":"https:\/\/arema.com\/en\/idi\/#primaryimage"},"thumbnailUrl":"http:\/\/arema.com\/wp-content\/uploads\/2020\/10\/IDi_Mesa-de-trabajo-1-copia.png","datePublished":"2015-12-10T07:50:07+00:00","dateModified":"2020-12-04T13:33:23+00:00","description":"La necessitat de cr\u00e9ixer i millorar professionalment ens ha portat a crear programes I+D+i per millorar el medi ambient","breadcrumb":{"@id":"https:\/\/arema.com\/en\/idi\/#breadcrumb"},"inLanguage":"en-US","potentialAction":[{"@type":"ReadAction","target":["https:\/\/arema.com\/en\/idi\/"]}]},{"@type":"ImageObject","inLanguage":"en-US","@id":"https:\/\/arema.com\/en\/idi\/#primaryimage","url":"http:\/\/arema.com\/wp-content\/uploads\/2020\/10\/IDi_Mesa-de-trabajo-1-copia.png","contentUrl":"http:\/\/arema.com\/wp-content\/uploads\/2020\/10\/IDi_Mesa-de-trabajo-1-copia.png","width":559,"height":559,"caption":"I+D+i - Arema tecnologia"},{"@type":"BreadcrumbList","@id":"https:\/\/arema.com\/en\/idi\/#breadcrumb","itemListElement":[{"@type":"ListItem","position":1,"name":"Inici","item":"https:\/\/arema.com\/en\/"},{"@type":"ListItem","position":2,"name":"I+D+i"}]},{"@type":"WebSite","@id":"https:\/\/arema.com\/en\/#website","url":"https:\/\/arema.com\/en\/","name":"Arema","description":"Agua, residuos y medio ambiente","potentialAction":[{"@type":"SearchAction","target":{"@type":"EntryPoint","urlTemplate":"https:\/\/arema.com\/en\/?s={search_term_string}"},"query-input":{"@type":"PropertyValueSpecification","valueRequired":true,"valueName":"search_term_string"}}],"inLanguage":"en-US"}]}},"_links":{"self":[{"href":"http:\/\/arema.com\/en\/wp-json\/wp\/v2\/pages\/2016","targetHints":{"allow":["GET"]}}],"collection":[{"href":"http:\/\/arema.com\/en\/wp-json\/wp\/v2\/pages"}],"about":[{"href":"http:\/\/arema.com\/en\/wp-json\/wp\/v2\/types\/page"}],"author":[{"embeddable":true,"href":"http:\/\/arema.com\/en\/wp-json\/wp\/v2\/users\/1"}],"replies":[{"embeddable":true,"href":"http:\/\/arema.com\/en\/wp-json\/wp\/v2\/comments?post=2016"}],"version-history":[{"count":4,"href":"http:\/\/arema.com\/en\/wp-json\/wp\/v2\/pages\/2016\/revisions"}],"predecessor-version":[{"id":2206,"href":"http:\/\/arema.com\/en\/wp-json\/wp\/v2\/pages\/2016\/revisions\/2206"}],"wp:featuredmedia":[{"embeddable":true,"href":"http:\/\/arema.com\/en\/wp-json\/wp\/v2\/media\/1337"}],"wp:attachment":[{"href":"http:\/\/arema.com\/en\/wp-json\/wp\/v2\/media?parent=2016"}],"curies":[{"name":"wp","href":"https:\/\/api.w.org\/{rel}","templated":true}]}}