{"id":784,"date":"2020-11-10T15:47:35","date_gmt":"2020-11-10T14:47:35","guid":{"rendered":"http:\/\/arema.com\/?page_id=784"},"modified":"2020-11-20T09:38:11","modified_gmt":"2020-11-20T08:38:11","slug":"sistema-deni-k-reduccio-de-nitrats","status":"publish","type":"page","link":"http:\/\/arema.com\/ca\/sistema-deni-k-reduccio-de-nitrats\/","title":{"rendered":"SISTEMA DENI-[K] reducci\u00f3 de nitrats"},"content":{"rendered":"<p>[vc_row css_animation=&#8221;&#8221; row_type=&#8221;row&#8221; use_row_as_full_screen_section=&#8221;no&#8221; type=&#8221;grid&#8221; angled_section=&#8221;no&#8221; text_align=&#8221;left&#8221; background_image_as_pattern=&#8221;without_pattern&#8221; z_index=&#8221;&#8221; css=&#8221;.vc_custom_1605019252212{background-image: url(https:\/\/arema.com\/wp-content\/uploads\/2020\/11\/DENI-K-K-NORD-1-scaled.jpg?id=798) !important;}&#8221;][vc_column width=&#8221;1\/6&#8243;][\/vc_column][vc_column width=&#8221;2\/3&#8243;][vc_empty_space height=&#8221;80px&#8221;][qode_elements_holder number_of_columns=&#8221;one_column&#8221;][qode_elements_holder_item advanced_animations=&#8221;no&#8221; background_color=&#8221;rgba(255,255,255,0.82)&#8221; item_padding=&#8221;20px 20px 20px 20px&#8221;][vc_empty_space height=&#8221;50px&#8221;][vc_column_text]<\/p>\n<div class=\"region region-content\">\n<section id=\"block-system-main\" class=\"block block-system clearfix\">\n<div class=\"ds-1col node node-solucions view-mode-full clearfix\">\n<div class=\"field field-name-body field-type-text-with-summary field-label-hidden\">\n<div class=\"field-items\">\n<div class=\"field-item even\">\n<h3 style=\"text-align: center;\">El Sistema Deni-[K]\u00ae de la <a href=\"https:\/\/www.k-nord.com\/umwelttechnik\/\">companyia alemanya [k]nord<\/a> \u00e9s una tecnologia amb l\u2019objectiu de la reducci\u00f3 de nitrats, basada en un reactor biol\u00f2gic compacte de doble etapa (Anaer\u00f2bia \u2013 Aer\u00f2bia) de flux ascendent.<\/h3>\n<\/div>\n<\/div>\n<\/div>\n<\/div>\n<\/section>\n<\/div>\n<p>[\/vc_column_text][vc_empty_space height=&#8221;30px&#8221;][vc_column_text]<\/p>\n<div class=\"region region-content\">\n<section id=\"block-system-main\" class=\"block block-system clearfix\">\n<div class=\"ds-1col node node-solucions view-mode-full clearfix\">\n<div class=\"field field-name-body field-type-text-with-summary field-label-hidden\">\n<div class=\"field-items\">\n<div class=\"field-item even\">\n<p style=\"text-align: center;\"><span style=\"color: #000000;\">Per aquest sistema de reducci\u00f3 de nitrats, l\u2019aigua entra al reactor per la part inferior, a la que s\u2019hi afegeix una font de carboni i nutrients (excepte nitrogen). Aquesta primera etapa anaer\u00f2bia s\u2019hi incorpora un material de rebliment que afavoreix el proc\u00e9s de desnitrificaci\u00f3. L\u2019aigua circula cap a la zona aer\u00f2bia superior, que incorpora un altre tipus de rebliment de majors dimensions, afavorint la difusi\u00f3 del oxigen i la nitrificaci\u00f3 de l\u2019amoni.<\/span><\/p>\n<p style=\"text-align: center;\"><span style=\"color: #000000;\">AREMA coneix i promociona aquesta tecnologia des de fa m\u00e9s de 10 anys.<\/span><\/p>\n<\/div>\n<\/div>\n<\/div>\n<\/div>\n<\/section>\n<\/div>\n<p>[\/vc_column_text][vc_empty_space height=&#8221;80px&#8221;][\/qode_elements_holder_item][\/qode_elements_holder][vc_empty_space height=&#8221;80px&#8221;][\/vc_column][vc_column width=&#8221;1\/6&#8243;][\/vc_column][\/vc_row][vc_row css_animation=&#8221;&#8221; row_type=&#8221;row&#8221; use_row_as_full_screen_section=&#8221;no&#8221; type=&#8221;grid&#8221; angled_section=&#8221;no&#8221; text_align=&#8221;left&#8221; background_image_as_pattern=&#8221;without_pattern&#8221; z_index=&#8221;&#8221; css=&#8221;.vc_custom_1605002389151{background-color: #ffffff !important;}&#8221;][vc_column width=&#8221;1\/6&#8243;][\/vc_column][vc_column width=&#8221;2\/3&#8243;][vc_empty_space height=&#8221;80px&#8221;][qode_elements_holder number_of_columns=&#8221;one_column&#8221;][qode_elements_holder_item advanced_animations=&#8221;no&#8221; background_color=&#8221;rgba(255,255,255,0.82)&#8221; item_padding=&#8221;20px 20px 20px 20px&#8221;][vc_column_text]<\/p>\n<div class=\"region region-content\">\n<section id=\"block-system-main\" class=\"block block-system clearfix\">\n<div class=\"ds-1col node node-solucions view-mode-full clearfix\">\n<div class=\"field field-name-body field-type-text-with-summary field-label-hidden\">\n<div class=\"field-items\">\n<div class=\"field-item even\">\n<h4 style=\"text-align: center;\"><img decoding=\"async\" class=\"alignnone\" src=\"https:\/\/www.rubau.com\/wp-content\/themes\/rubau\/img\/filet-blanc.png\" \/> CARACTER\u00cdSTIQUES <img decoding=\"async\" class=\"alignnone\" src=\"https:\/\/www.rubau.com\/wp-content\/themes\/rubau\/img\/filet-blanc.png\" \/><\/h4>\n<\/div>\n<\/div>\n<\/div>\n<\/div>\n<\/section>\n<\/div>\n<p>[\/vc_column_text][vc_empty_space height=&#8221;30px&#8221;][vc_column_text]<\/p>\n<div class=\"region region-content\">\n<section id=\"block-system-main\" class=\"block block-system clearfix\">\n<div class=\"ds-1col node node-solucions view-mode-full clearfix\">\n<div class=\"field field-name-body field-type-text-with-summary field-label-hidden\">\n<div class=\"field-items\">\n<div class=\"field-item even\">\n<ul>\n<li><span style=\"color: #000000;\">Rebuig pr\u00e0cticament zero, m\u00e9s del 99% de l\u2019aigua que es processa finalitza apte per al consum.<\/span><\/li>\n<li><span style=\"color: #000000;\">Reducci\u00f3 de nitrats en m\u00e9s del 70%.<\/span><\/li>\n<li><span style=\"color: #000000;\">Costos d\u2019operaci\u00f3 m\u00ednims<\/span><\/li>\n<li><span style=\"color: #000000;\">Totalment automatitzades, m\u00ednima pres\u00e8ncia d\u2019operadors, ja que la instal\u00b7laci\u00f3 es pot dotar de sistemes d\u2019alarma remots per avisar al personal operador.<\/span><\/li>\n<li><span style=\"color: #000000;\">Incorpora un sistema d\u2019auto-neteja autom\u00e0tic.<\/span><\/li>\n<li><span style=\"color: #000000;\">F\u00e0cilment transportable.<\/span><\/li>\n<li><span style=\"color: #000000;\">De r\u00e0pida instal\u00b7laci\u00f3.<\/span><\/li>\n<li><span style=\"color: #000000;\">Requeriments de manteniment m\u00ednims.<\/span><\/li>\n<li><span style=\"color: #000000;\">Sense emanaci\u00f3 d\u2019olors.<\/span><\/li>\n<li><span style=\"color: #000000;\">Minimitzaci\u00f3 de l\u2019obra civil respecte de processos convencionals.<\/span><\/li>\n<\/ul>\n<\/div>\n<\/div>\n<\/div>\n<\/div>\n<\/section>\n<\/div>\n<p>[\/vc_column_text][\/qode_elements_holder_item][\/qode_elements_holder][vc_empty_space height=&#8221;80px&#8221;][\/vc_column][vc_column width=&#8221;1\/6&#8243;][\/vc_column][\/vc_row][vc_row css_animation=&#8221;&#8221; row_type=&#8221;row&#8221; use_row_as_full_screen_section=&#8221;no&#8221; type=&#8221;grid&#8221; angled_section=&#8221;no&#8221; text_align=&#8221;left&#8221; background_image_as_pattern=&#8221;without_pattern&#8221; z_index=&#8221;&#8221; css=&#8221;.vc_custom_1605002389151{background-color: #ffffff !important;}&#8221;][vc_column width=&#8221;1\/6&#8243;][\/vc_column][vc_column width=&#8221;2\/3&#8243;][qode_elements_holder number_of_columns=&#8221;one_column&#8221;][qode_elements_holder_item advanced_animations=&#8221;no&#8221; background_color=&#8221;rgba(255,255,255,0.82)&#8221; item_padding=&#8221;20px 20px 20px 20px&#8221;][vc_single_image image=&#8221;807&#8243; img_size=&#8221;full&#8221; alignment=&#8221;center&#8221; style=&#8221;vc_box_shadow&#8221; qode_css_animation=&#8221;&#8221;][\/qode_elements_holder_item][\/qode_elements_holder][vc_empty_space height=&#8221;80px&#8221;][\/vc_column][vc_column width=&#8221;1\/6&#8243;][\/vc_column][\/vc_row]<\/p>\n","protected":false},"excerpt":{"rendered":"<p>[vc_row css_animation=&#8221;&#8221; row_type=&#8221;row&#8221; use_row_as_full_screen_section=&#8221;no&#8221; type=&#8221;grid&#8221; angled_section=&#8221;no&#8221; text_align=&#8221;left&#8221; background_image_as_pattern=&#8221;without_pattern&#8221; z_index=&#8221;&#8221; css=&#8221;.vc_custom_1605019252212{background-image: url(https:\/\/arema.com\/wp-content\/uploads\/2020\/11\/DENI-K-K-NORD-1-scaled.jpg?id=798) !important;}&#8221;][vc_column width=&#8221;1\/6&#8243;][\/vc_column][vc_column width=&#8221;2\/3&#8243;][vc_empty_space height=&#8221;80px&#8221;][qode_elements_holder number_of_columns=&#8221;one_column&#8221;][qode_elements_holder_item advanced_animations=&#8221;no&#8221; background_color=&#8221;rgba(255,255,255,0.82)&#8221; item_padding=&#8221;20px 20px 20px 20px&#8221;][vc_empty_space height=&#8221;50px&#8221;][vc_column_text] El Sistema Deni-[K]\u00ae de la companyia alemanya [k]nord \u00e9s una tecnologia amb l\u2019objectiu de la reducci\u00f3 de nitrats, basada en un reactor&#8230;<\/p>\n","protected":false},"author":1,"featured_media":0,"parent":0,"menu_order":0,"comment_status":"closed","ping_status":"closed","template":"full_width.php","meta":{"footnotes":""},"class_list":["post-784","page","type-page","status-publish","hentry"],"yoast_head":"<!-- This site is optimized with the Yoast SEO plugin v27.2 - https:\/\/yoast.com\/product\/yoast-seo-wordpress\/ -->\n<title>Reducci\u00f3 de nitrats: Tecnologia alemana DENI-[K]\u00ae - Arema<\/title>\n<meta name=\"description\" content=\"Deni-[K] de la companyia [k]nord \u00e9s una tecnologia de reducci\u00f3 de nitrats, basada en un reactor biol\u00f2gic compacte de doble etapa\" \/>\n<meta name=\"robots\" content=\"index, follow, max-snippet:-1, max-image-preview:large, max-video-preview:-1\" \/>\n<link rel=\"canonical\" href=\"https:\/\/arema.com\/ca\/sistema-deni-k-reduccio-de-nitrats\/\" \/>\n<meta property=\"og:locale\" content=\"ca_ES\" \/>\n<meta property=\"og:type\" content=\"article\" \/>\n<meta property=\"og:title\" content=\"Reducci\u00f3 de nitrats: Tecnologia alemana DENI-[K]\u00ae - Arema\" \/>\n<meta property=\"og:description\" content=\"Deni-[K] de la companyia [k]nord \u00e9s una tecnologia de reducci\u00f3 de nitrats, basada en un reactor biol\u00f2gic compacte de doble etapa\" \/>\n<meta property=\"og:url\" content=\"https:\/\/arema.com\/ca\/sistema-deni-k-reduccio-de-nitrats\/\" \/>\n<meta property=\"og:site_name\" content=\"Arema\" \/>\n<meta property=\"article:modified_time\" content=\"2020-11-20T08:38:11+00:00\" \/>\n<meta property=\"og:image\" content=\"https:\/\/www.rubau.com\/wp-content\/themes\/rubau\/img\/filet-blanc.png\" \/>\n<meta name=\"twitter:card\" content=\"summary_large_image\" \/>\n<meta name=\"twitter:label1\" content=\"Temps estimat de lectura\" \/>\n\t<meta name=\"twitter:data1\" content=\"3 minuts\" \/>\n<script type=\"application\/ld+json\" class=\"yoast-schema-graph\">{\"@context\":\"https:\/\/schema.org\",\"@graph\":[{\"@type\":\"WebPage\",\"@id\":\"https:\/\/arema.com\/ca\/sistema-deni-k-reduccio-de-nitrats\/\",\"url\":\"https:\/\/arema.com\/ca\/sistema-deni-k-reduccio-de-nitrats\/\",\"name\":\"Reducci\u00f3 de nitrats: Tecnologia alemana DENI-[K]\u00ae - Arema\",\"isPartOf\":{\"@id\":\"https:\/\/arema.com\/en\/#website\"},\"primaryImageOfPage\":{\"@id\":\"https:\/\/arema.com\/ca\/sistema-deni-k-reduccio-de-nitrats\/#primaryimage\"},\"image\":{\"@id\":\"https:\/\/arema.com\/ca\/sistema-deni-k-reduccio-de-nitrats\/#primaryimage\"},\"thumbnailUrl\":\"https:\/\/www.rubau.com\/wp-content\/themes\/rubau\/img\/filet-blanc.png\",\"datePublished\":\"2020-11-10T14:47:35+00:00\",\"dateModified\":\"2020-11-20T08:38:11+00:00\",\"description\":\"Deni-[K] de la companyia [k]nord \u00e9s una tecnologia de reducci\u00f3 de nitrats, basada en un reactor biol\u00f2gic compacte de doble etapa\",\"breadcrumb\":{\"@id\":\"https:\/\/arema.com\/ca\/sistema-deni-k-reduccio-de-nitrats\/#breadcrumb\"},\"inLanguage\":\"ca\",\"potentialAction\":[{\"@type\":\"ReadAction\",\"target\":[\"https:\/\/arema.com\/ca\/sistema-deni-k-reduccio-de-nitrats\/\"]}]},{\"@type\":\"ImageObject\",\"inLanguage\":\"ca\",\"@id\":\"https:\/\/arema.com\/ca\/sistema-deni-k-reduccio-de-nitrats\/#primaryimage\",\"url\":\"https:\/\/www.rubau.com\/wp-content\/themes\/rubau\/img\/filet-blanc.png\",\"contentUrl\":\"https:\/\/www.rubau.com\/wp-content\/themes\/rubau\/img\/filet-blanc.png\"},{\"@type\":\"BreadcrumbList\",\"@id\":\"https:\/\/arema.com\/ca\/sistema-deni-k-reduccio-de-nitrats\/#breadcrumb\",\"itemListElement\":[{\"@type\":\"ListItem\",\"position\":1,\"name\":\"Inici\",\"item\":\"https:\/\/arema.com\/ca\/\"},{\"@type\":\"ListItem\",\"position\":2,\"name\":\"SISTEMA DENI-[K] reducci\u00f3 de nitrats\"}]},{\"@type\":\"WebSite\",\"@id\":\"https:\/\/arema.com\/en\/#website\",\"url\":\"https:\/\/arema.com\/en\/\",\"name\":\"Arema\",\"description\":\"Agua, residuos y medio ambiente\",\"potentialAction\":[{\"@type\":\"SearchAction\",\"target\":{\"@type\":\"EntryPoint\",\"urlTemplate\":\"https:\/\/arema.com\/en\/?s={search_term_string}\"},\"query-input\":{\"@type\":\"PropertyValueSpecification\",\"valueRequired\":true,\"valueName\":\"search_term_string\"}}],\"inLanguage\":\"ca\"}]}<\/script>\n<!-- \/ Yoast SEO plugin. -->","yoast_head_json":{"title":"Reducci\u00f3 de nitrats: Tecnologia alemana DENI-[K]\u00ae - Arema","description":"Deni-[K] de la companyia [k]nord \u00e9s una tecnologia de reducci\u00f3 de nitrats, basada en un reactor biol\u00f2gic compacte de doble etapa","robots":{"index":"index","follow":"follow","max-snippet":"max-snippet:-1","max-image-preview":"max-image-preview:large","max-video-preview":"max-video-preview:-1"},"canonical":"https:\/\/arema.com\/ca\/sistema-deni-k-reduccio-de-nitrats\/","og_locale":"ca_ES","og_type":"article","og_title":"Reducci\u00f3 de nitrats: Tecnologia alemana DENI-[K]\u00ae - Arema","og_description":"Deni-[K] de la companyia [k]nord \u00e9s una tecnologia de reducci\u00f3 de nitrats, basada en un reactor biol\u00f2gic compacte de doble etapa","og_url":"https:\/\/arema.com\/ca\/sistema-deni-k-reduccio-de-nitrats\/","og_site_name":"Arema","article_modified_time":"2020-11-20T08:38:11+00:00","og_image":[{"url":"https:\/\/www.rubau.com\/wp-content\/themes\/rubau\/img\/filet-blanc.png","type":"","width":"","height":""}],"twitter_card":"summary_large_image","twitter_misc":{"Temps estimat de lectura":"3 minuts"},"schema":{"@context":"https:\/\/schema.org","@graph":[{"@type":"WebPage","@id":"https:\/\/arema.com\/ca\/sistema-deni-k-reduccio-de-nitrats\/","url":"https:\/\/arema.com\/ca\/sistema-deni-k-reduccio-de-nitrats\/","name":"Reducci\u00f3 de nitrats: Tecnologia alemana DENI-[K]\u00ae - Arema","isPartOf":{"@id":"https:\/\/arema.com\/en\/#website"},"primaryImageOfPage":{"@id":"https:\/\/arema.com\/ca\/sistema-deni-k-reduccio-de-nitrats\/#primaryimage"},"image":{"@id":"https:\/\/arema.com\/ca\/sistema-deni-k-reduccio-de-nitrats\/#primaryimage"},"thumbnailUrl":"https:\/\/www.rubau.com\/wp-content\/themes\/rubau\/img\/filet-blanc.png","datePublished":"2020-11-10T14:47:35+00:00","dateModified":"2020-11-20T08:38:11+00:00","description":"Deni-[K] de la companyia [k]nord \u00e9s una tecnologia de reducci\u00f3 de nitrats, basada en un reactor biol\u00f2gic compacte de doble etapa","breadcrumb":{"@id":"https:\/\/arema.com\/ca\/sistema-deni-k-reduccio-de-nitrats\/#breadcrumb"},"inLanguage":"ca","potentialAction":[{"@type":"ReadAction","target":["https:\/\/arema.com\/ca\/sistema-deni-k-reduccio-de-nitrats\/"]}]},{"@type":"ImageObject","inLanguage":"ca","@id":"https:\/\/arema.com\/ca\/sistema-deni-k-reduccio-de-nitrats\/#primaryimage","url":"https:\/\/www.rubau.com\/wp-content\/themes\/rubau\/img\/filet-blanc.png","contentUrl":"https:\/\/www.rubau.com\/wp-content\/themes\/rubau\/img\/filet-blanc.png"},{"@type":"BreadcrumbList","@id":"https:\/\/arema.com\/ca\/sistema-deni-k-reduccio-de-nitrats\/#breadcrumb","itemListElement":[{"@type":"ListItem","position":1,"name":"Inici","item":"https:\/\/arema.com\/ca\/"},{"@type":"ListItem","position":2,"name":"SISTEMA DENI-[K] reducci\u00f3 de nitrats"}]},{"@type":"WebSite","@id":"https:\/\/arema.com\/en\/#website","url":"https:\/\/arema.com\/en\/","name":"Arema","description":"Agua, residuos y medio ambiente","potentialAction":[{"@type":"SearchAction","target":{"@type":"EntryPoint","urlTemplate":"https:\/\/arema.com\/en\/?s={search_term_string}"},"query-input":{"@type":"PropertyValueSpecification","valueRequired":true,"valueName":"search_term_string"}}],"inLanguage":"ca"}]}},"_links":{"self":[{"href":"http:\/\/arema.com\/ca\/wp-json\/wp\/v2\/pages\/784","targetHints":{"allow":["GET"]}}],"collection":[{"href":"http:\/\/arema.com\/ca\/wp-json\/wp\/v2\/pages"}],"about":[{"href":"http:\/\/arema.com\/ca\/wp-json\/wp\/v2\/types\/page"}],"author":[{"embeddable":true,"href":"http:\/\/arema.com\/ca\/wp-json\/wp\/v2\/users\/1"}],"replies":[{"embeddable":true,"href":"http:\/\/arema.com\/ca\/wp-json\/wp\/v2\/comments?post=784"}],"version-history":[{"count":11,"href":"http:\/\/arema.com\/ca\/wp-json\/wp\/v2\/pages\/784\/revisions"}],"predecessor-version":[{"id":1672,"href":"http:\/\/arema.com\/ca\/wp-json\/wp\/v2\/pages\/784\/revisions\/1672"}],"wp:attachment":[{"href":"http:\/\/arema.com\/ca\/wp-json\/wp\/v2\/media?parent=784"}],"curies":[{"name":"wp","href":"https:\/\/api.w.org\/{rel}","templated":true}]}}