{"id":359,"date":"2020-11-09T17:32:23","date_gmt":"2020-11-09T16:32:23","guid":{"rendered":"http:\/\/arema.com\/?page_id=359"},"modified":"2021-02-16T11:43:09","modified_gmt":"2021-02-16T10:43:09","slug":"referencies","status":"publish","type":"page","link":"http:\/\/arema.com\/ca\/referencies\/","title":{"rendered":"REFER\u00c8NCIES"},"content":{"rendered":"<p>[vc_row css_animation=&#8221;&#8221; row_type=&#8221;row&#8221; use_row_as_full_screen_section=&#8221;no&#8221; type=&#8221;full_width&#8221; angled_section=&#8221;no&#8221; text_align=&#8221;left&#8221; background_image_as_pattern=&#8221;without_pattern&#8221;][vc_column][vc_column_text]<div class=\"map_wrapper\" id=\"map_wrapper_2965\">\n\t\t\t\t<div class=\"map_box\" style=\"max-width:2200px\">\n\t\t\t\t\t\n\t\t\t\t\t<div class=\"map_aspect_ratio\" style=\"padding-top:40%\">\n\t\t\t\t\t\t<div class=\"map_container\">\n\t\t\t\t\t\t\t<div class=\"map_render map_loading\" id=\"map_2965\"><\/div>\n\t\t\t\t\t\t<\/div>\n\t\t\t\t\t<\/div>\n\t\t\t\t<\/div>\n\t\t\t<\/div>[\/vc_column_text][\/vc_column][\/vc_row][vc_row css_animation=&#8221;&#8221; row_type=&#8221;row&#8221; use_row_as_full_screen_section=&#8221;no&#8221; type=&#8221;full_width&#8221; angled_section=&#8221;no&#8221; text_align=&#8221;left&#8221; background_image_as_pattern=&#8221;without_pattern&#8221;][vc_column offset=&#8221;vc_hidden-md vc_hidden-sm vc_hidden-xs&#8221;][vc_empty_space height=&#8221;100px&#8221; css=&#8221;.vc_custom_1604939655070{background-color: #f4f4f4 !important;}&#8221;][\/vc_column][\/vc_row][vc_row css_animation=&#8221;&#8221; row_type=&#8221;row&#8221; use_row_as_full_screen_section=&#8221;no&#8221; type=&#8221;full_width&#8221; angled_section=&#8221;no&#8221; text_align=&#8221;left&#8221; background_image_as_pattern=&#8221;without_pattern&#8221;][vc_column offset=&#8221;vc_hidden-lg&#8221;][vc_empty_space height=&#8221;30px&#8221; css=&#8221;.vc_custom_1606148012375{background-color: #f4f4f4 !important;}&#8221;][\/vc_column][\/vc_row][vc_row css_animation=&#8221;&#8221; row_type=&#8221;row&#8221; use_row_as_full_screen_section=&#8221;no&#8221; type=&#8221;grid&#8221; angled_section=&#8221;no&#8221; text_align=&#8221;left&#8221; background_image_as_pattern=&#8221;without_pattern&#8221; z_index=&#8221;&#8221;][vc_column width=&#8221;1\/6&#8243;][\/vc_column][vc_column width=&#8221;2\/3&#8243;][vc_empty_space height=&#8221;50px&#8221; css=&#8221;.vc_custom_1605185344945{background-color: #f4f4f4 !important;}&#8221;][vc_column_text]<\/p>\n<h4 style=\"text-align: center;\"><strong><img decoding=\"async\" src=\"https:\/\/www.rubau.com\/wp-content\/themes\/rubau\/img\/filet.png\" \/>\u00a0 REFER\u00c8NCIES <img decoding=\"async\" src=\"https:\/\/www.rubau.com\/wp-content\/themes\/rubau\/img\/filet.png\" \/><\/strong><\/h4>\n<p>[\/vc_column_text][vc_empty_space height=&#8221;25px&#8221;][vc_column_text]<\/p>\n<p style=\"text-align: center;\"><span lang=\"ca\">AREMA ofereix solucions avan\u00e7ades basades en la millor tecnologia disponible, prioritzant la qualitat del projecte, la cura del medi ambient i el rigor en l&#8217;execuci\u00f3<\/span>.<\/p>\n<p>&nbsp;<\/p>\n<p style=\"text-align: center;\"><span lang=\"ca\">A causa de la seva dilatada experi\u00e8ncia, AREMA compr\u00e8n exhaustivament la problem\u00e0tica del producte, el mercat i les \u00faltimes tend\u00e8ncies tecnol\u00f2giques<\/span>.<\/p>\n<p>&nbsp;<\/p>\n<p style=\"text-align: center;\"><span lang=\"ca\">La companyia ofereix els seus coneixements i capacitats per al desenvolupament de tot tipus de projectes relacionats amb el m\u00f3n de l&#8217;aigua, implicant-se al 100% en cadascun dels seus projectes per garantir la satisfacci\u00f3 dels seus clients<\/span>.<\/p>\n<p>&nbsp;<\/p>\n<p style=\"text-align: center;\"><strong><span lang=\"ca\">L&#8217;especialitat de treball de AREMA en cadascuna de les diferents \u00e0rees de negoci, consisteix en la gesti\u00f3 integral de projectes sota la modalitat &#8220;claus en m\u00e0&#8221;<\/span>.<\/strong><\/p>\n<p>&nbsp;<\/p>\n<p style=\"text-align: center;\"><span lang=\"ca\">A cada projecte, AREMA adquireix la responsabilitat total de la realitzaci\u00f3 i gesti\u00f3 dels treballs, garantint, en el lliurament, el bon funcionament de les instal\u00b7lacions i l&#8217;obtenci\u00f3 dels resultats de qualitat requerits<\/span>.<\/p>\n<p>&nbsp;<\/p>\n<p style=\"text-align: center;\"><span lang=\"ca\">AREMA selecciona, subministra i instal.la l&#8217;equipament mec\u00e0nic, electromec\u00e0nic i el\u00e8ctric per al conjunt de la instal\u00b7laci\u00f3, aix\u00ed com dissenya el sistema de control i SCADA per garantir el bon funcionament<\/span>.<\/p>\n<p>&nbsp;<\/p>\n<p style=\"text-align: center;\"><span lang=\"ca\">Consulti les nostres refer\u00e8ncies a tot el m\u00f3n<\/span>.<\/p>\n<p>[\/vc_column_text][vc_empty_space height=&#8221;80px&#8221; css=&#8221;.vc_custom_1605191032498{background-color: #f4f4f4 !important;}&#8221;][\/vc_column][vc_column width=&#8221;1\/6&#8243;][\/vc_column][\/vc_row][vc_row css_animation=&#8221;&#8221; row_type=&#8221;row&#8221; use_row_as_full_screen_section=&#8221;no&#8221; type=&#8221;full_width&#8221; angled_section=&#8221;no&#8221; text_align=&#8221;left&#8221; background_image_as_pattern=&#8221;without_pattern&#8221; css=&#8221;.vc_custom_1605191002855{background-color: #f8c00c !important;}&#8221; z_index=&#8221;&#8221;][vc_column width=&#8221;1\/6&#8243;][\/vc_column][vc_column width=&#8221;2\/3&#8243; css=&#8221;.vc_custom_1605610465162{margin-top: 0px !important;margin-bottom: 0px !important;border-top-width: 0px !important;border-bottom-width: 0px !important;padding-top: 0px !important;padding-bottom: 0px !important;}&#8221;][vc_empty_space][vc_raw_html css=&#8221;.vc_custom_1605610478885{margin-top: 0px !important;margin-bottom: 0px !important;border-top-width: 0px !important;border-bottom-width: 0px !important;padding-top: 0px !important;padding-bottom: 0px !important;}&#8221;]JTVCbWV0YXNsaWRlciUyMGlkJTNEJTIyMTU3NCUyMiU1RA==[\/vc_raw_html][\/vc_column][vc_column width=&#8221;1\/6&#8243;][\/vc_column][\/vc_row][vc_row css_animation=&#8221;&#8221; row_type=&#8221;row&#8221; use_row_as_full_screen_section=&#8221;no&#8221; type=&#8221;full_width&#8221; angled_section=&#8221;no&#8221; text_align=&#8221;left&#8221; background_image_as_pattern=&#8221;without_pattern&#8221;][vc_column][\/vc_column][\/vc_row]<\/p>\n","protected":false},"excerpt":{"rendered":"<p>[vc_row css_animation=&#8221;&#8221; row_type=&#8221;row&#8221; use_row_as_full_screen_section=&#8221;no&#8221; type=&#8221;full_width&#8221; angled_section=&#8221;no&#8221; text_align=&#8221;left&#8221; background_image_as_pattern=&#8221;without_pattern&#8221;][vc_column][vc_column_text][\/vc_column_text][\/vc_column][\/vc_row][vc_row css_animation=&#8221;&#8221; row_type=&#8221;row&#8221; use_row_as_full_screen_section=&#8221;no&#8221; type=&#8221;full_width&#8221; angled_section=&#8221;no&#8221; text_align=&#8221;left&#8221; background_image_as_pattern=&#8221;without_pattern&#8221;][vc_column offset=&#8221;vc_hidden-md vc_hidden-sm vc_hidden-xs&#8221;][vc_empty_space height=&#8221;100px&#8221; css=&#8221;.vc_custom_1604939655070{background-color: #f4f4f4 !important;}&#8221;][\/vc_column][\/vc_row][vc_row css_animation=&#8221;&#8221; row_type=&#8221;row&#8221; use_row_as_full_screen_section=&#8221;no&#8221; type=&#8221;full_width&#8221; angled_section=&#8221;no&#8221; text_align=&#8221;left&#8221; background_image_as_pattern=&#8221;without_pattern&#8221;][vc_column offset=&#8221;vc_hidden-lg&#8221;][vc_empty_space height=&#8221;30px&#8221; css=&#8221;.vc_custom_1606148012375{background-color: #f4f4f4 !important;}&#8221;][\/vc_column][\/vc_row][vc_row css_animation=&#8221;&#8221; row_type=&#8221;row&#8221; use_row_as_full_screen_section=&#8221;no&#8221; type=&#8221;grid&#8221; angled_section=&#8221;no&#8221; text_align=&#8221;left&#8221; background_image_as_pattern=&#8221;without_pattern&#8221; z_index=&#8221;&#8221;][vc_column width=&#8221;1\/6&#8243;][\/vc_column][vc_column width=&#8221;2\/3&#8243;][vc_empty_space height=&#8221;50px&#8221;&#8230;<\/p>\n","protected":false},"author":1,"featured_media":0,"parent":0,"menu_order":0,"comment_status":"closed","ping_status":"closed","template":"full_width.php","meta":{"footnotes":""},"class_list":["post-359","page","type-page","status-publish","hentry"],"yoast_head":"<!-- This site is optimized with the Yoast SEO plugin v27.2 - https:\/\/yoast.com\/product\/yoast-seo-wordpress\/ -->\n<title>REFER\u00c8NCIES: Gesti\u00f3 integral de projectes a tot el m\u00f3n - Arema<\/title>\n<meta name=\"description\" content=\"AREMA compr\u00e8n exhaustivament la problem\u00e0tica del producte, el mercat i les \u00faltimes tend\u00e8ncies tecnol\u00f2giques. Consulti les nostres refer\u00e8ncies\" \/>\n<meta name=\"robots\" content=\"index, follow, max-snippet:-1, max-image-preview:large, max-video-preview:-1\" \/>\n<link rel=\"canonical\" href=\"https:\/\/arema.com\/ca\/referencies\/\" \/>\n<meta property=\"og:locale\" content=\"ca_ES\" \/>\n<meta property=\"og:type\" content=\"article\" \/>\n<meta property=\"og:title\" content=\"REFER\u00c8NCIES: Gesti\u00f3 integral de projectes a tot el m\u00f3n - Arema\" \/>\n<meta property=\"og:description\" content=\"AREMA compr\u00e8n exhaustivament la problem\u00e0tica del producte, el mercat i les \u00faltimes tend\u00e8ncies tecnol\u00f2giques. Consulti les nostres refer\u00e8ncies\" \/>\n<meta property=\"og:url\" content=\"https:\/\/arema.com\/ca\/referencies\/\" \/>\n<meta property=\"og:site_name\" content=\"Arema\" \/>\n<meta property=\"article:modified_time\" content=\"2021-02-16T10:43:09+00:00\" \/>\n<meta property=\"og:image\" content=\"https:\/\/www.rubau.com\/wp-content\/themes\/rubau\/img\/filet.png\" \/>\n<meta name=\"twitter:card\" content=\"summary_large_image\" \/>\n<meta name=\"twitter:label1\" content=\"Temps estimat de lectura\" \/>\n\t<meta name=\"twitter:data1\" content=\"3 minuts\" \/>\n<script type=\"application\/ld+json\" class=\"yoast-schema-graph\">{\"@context\":\"https:\/\/schema.org\",\"@graph\":[{\"@type\":\"WebPage\",\"@id\":\"https:\/\/arema.com\/ca\/referencies\/\",\"url\":\"https:\/\/arema.com\/ca\/referencies\/\",\"name\":\"REFER\u00c8NCIES: Gesti\u00f3 integral de projectes a tot el m\u00f3n - Arema\",\"isPartOf\":{\"@id\":\"https:\/\/arema.com\/en\/#website\"},\"primaryImageOfPage\":{\"@id\":\"https:\/\/arema.com\/ca\/referencies\/#primaryimage\"},\"image\":{\"@id\":\"https:\/\/arema.com\/ca\/referencies\/#primaryimage\"},\"thumbnailUrl\":\"https:\/\/www.rubau.com\/wp-content\/themes\/rubau\/img\/filet.png\",\"datePublished\":\"2020-11-09T16:32:23+00:00\",\"dateModified\":\"2021-02-16T10:43:09+00:00\",\"description\":\"AREMA compr\u00e8n exhaustivament la problem\u00e0tica del producte, el mercat i les \u00faltimes tend\u00e8ncies tecnol\u00f2giques. Consulti les nostres refer\u00e8ncies\",\"breadcrumb\":{\"@id\":\"https:\/\/arema.com\/ca\/referencies\/#breadcrumb\"},\"inLanguage\":\"ca\",\"potentialAction\":[{\"@type\":\"ReadAction\",\"target\":[\"https:\/\/arema.com\/ca\/referencies\/\"]}]},{\"@type\":\"ImageObject\",\"inLanguage\":\"ca\",\"@id\":\"https:\/\/arema.com\/ca\/referencies\/#primaryimage\",\"url\":\"https:\/\/www.rubau.com\/wp-content\/themes\/rubau\/img\/filet.png\",\"contentUrl\":\"https:\/\/www.rubau.com\/wp-content\/themes\/rubau\/img\/filet.png\"},{\"@type\":\"BreadcrumbList\",\"@id\":\"https:\/\/arema.com\/ca\/referencies\/#breadcrumb\",\"itemListElement\":[{\"@type\":\"ListItem\",\"position\":1,\"name\":\"Inici\",\"item\":\"https:\/\/arema.com\/ca\/\"},{\"@type\":\"ListItem\",\"position\":2,\"name\":\"REFER\u00c8NCIES\"}]},{\"@type\":\"WebSite\",\"@id\":\"https:\/\/arema.com\/en\/#website\",\"url\":\"https:\/\/arema.com\/en\/\",\"name\":\"Arema\",\"description\":\"Agua, residuos y medio ambiente\",\"potentialAction\":[{\"@type\":\"SearchAction\",\"target\":{\"@type\":\"EntryPoint\",\"urlTemplate\":\"https:\/\/arema.com\/en\/?s={search_term_string}\"},\"query-input\":{\"@type\":\"PropertyValueSpecification\",\"valueRequired\":true,\"valueName\":\"search_term_string\"}}],\"inLanguage\":\"ca\"}]}<\/script>\n<!-- \/ Yoast SEO plugin. -->","yoast_head_json":{"title":"REFER\u00c8NCIES: Gesti\u00f3 integral de projectes a tot el m\u00f3n - Arema","description":"AREMA compr\u00e8n exhaustivament la problem\u00e0tica del producte, el mercat i les \u00faltimes tend\u00e8ncies tecnol\u00f2giques. Consulti les nostres refer\u00e8ncies","robots":{"index":"index","follow":"follow","max-snippet":"max-snippet:-1","max-image-preview":"max-image-preview:large","max-video-preview":"max-video-preview:-1"},"canonical":"https:\/\/arema.com\/ca\/referencies\/","og_locale":"ca_ES","og_type":"article","og_title":"REFER\u00c8NCIES: Gesti\u00f3 integral de projectes a tot el m\u00f3n - Arema","og_description":"AREMA compr\u00e8n exhaustivament la problem\u00e0tica del producte, el mercat i les \u00faltimes tend\u00e8ncies tecnol\u00f2giques. Consulti les nostres refer\u00e8ncies","og_url":"https:\/\/arema.com\/ca\/referencies\/","og_site_name":"Arema","article_modified_time":"2021-02-16T10:43:09+00:00","og_image":[{"url":"https:\/\/www.rubau.com\/wp-content\/themes\/rubau\/img\/filet.png","type":"","width":"","height":""}],"twitter_card":"summary_large_image","twitter_misc":{"Temps estimat de lectura":"3 minuts"},"schema":{"@context":"https:\/\/schema.org","@graph":[{"@type":"WebPage","@id":"https:\/\/arema.com\/ca\/referencies\/","url":"https:\/\/arema.com\/ca\/referencies\/","name":"REFER\u00c8NCIES: Gesti\u00f3 integral de projectes a tot el m\u00f3n - Arema","isPartOf":{"@id":"https:\/\/arema.com\/en\/#website"},"primaryImageOfPage":{"@id":"https:\/\/arema.com\/ca\/referencies\/#primaryimage"},"image":{"@id":"https:\/\/arema.com\/ca\/referencies\/#primaryimage"},"thumbnailUrl":"https:\/\/www.rubau.com\/wp-content\/themes\/rubau\/img\/filet.png","datePublished":"2020-11-09T16:32:23+00:00","dateModified":"2021-02-16T10:43:09+00:00","description":"AREMA compr\u00e8n exhaustivament la problem\u00e0tica del producte, el mercat i les \u00faltimes tend\u00e8ncies tecnol\u00f2giques. Consulti les nostres refer\u00e8ncies","breadcrumb":{"@id":"https:\/\/arema.com\/ca\/referencies\/#breadcrumb"},"inLanguage":"ca","potentialAction":[{"@type":"ReadAction","target":["https:\/\/arema.com\/ca\/referencies\/"]}]},{"@type":"ImageObject","inLanguage":"ca","@id":"https:\/\/arema.com\/ca\/referencies\/#primaryimage","url":"https:\/\/www.rubau.com\/wp-content\/themes\/rubau\/img\/filet.png","contentUrl":"https:\/\/www.rubau.com\/wp-content\/themes\/rubau\/img\/filet.png"},{"@type":"BreadcrumbList","@id":"https:\/\/arema.com\/ca\/referencies\/#breadcrumb","itemListElement":[{"@type":"ListItem","position":1,"name":"Inici","item":"https:\/\/arema.com\/ca\/"},{"@type":"ListItem","position":2,"name":"REFER\u00c8NCIES"}]},{"@type":"WebSite","@id":"https:\/\/arema.com\/en\/#website","url":"https:\/\/arema.com\/en\/","name":"Arema","description":"Agua, residuos y medio ambiente","potentialAction":[{"@type":"SearchAction","target":{"@type":"EntryPoint","urlTemplate":"https:\/\/arema.com\/en\/?s={search_term_string}"},"query-input":{"@type":"PropertyValueSpecification","valueRequired":true,"valueName":"search_term_string"}}],"inLanguage":"ca"}]}},"_links":{"self":[{"href":"http:\/\/arema.com\/ca\/wp-json\/wp\/v2\/pages\/359","targetHints":{"allow":["GET"]}}],"collection":[{"href":"http:\/\/arema.com\/ca\/wp-json\/wp\/v2\/pages"}],"about":[{"href":"http:\/\/arema.com\/ca\/wp-json\/wp\/v2\/types\/page"}],"author":[{"embeddable":true,"href":"http:\/\/arema.com\/ca\/wp-json\/wp\/v2\/users\/1"}],"replies":[{"embeddable":true,"href":"http:\/\/arema.com\/ca\/wp-json\/wp\/v2\/comments?post=359"}],"version-history":[{"count":42,"href":"http:\/\/arema.com\/ca\/wp-json\/wp\/v2\/pages\/359\/revisions"}],"predecessor-version":[{"id":3035,"href":"http:\/\/arema.com\/ca\/wp-json\/wp\/v2\/pages\/359\/revisions\/3035"}],"wp:attachment":[{"href":"http:\/\/arema.com\/ca\/wp-json\/wp\/v2\/media?parent=359"}],"curies":[{"name":"wp","href":"https:\/\/api.w.org\/{rel}","templated":true}]}}