{"id":332,"date":"2020-11-09T17:17:20","date_gmt":"2020-11-09T16:17:20","guid":{"rendered":"http:\/\/arema.com\/?page_id=332"},"modified":"2022-03-09T12:34:58","modified_gmt":"2022-03-09T11:34:58","slug":"tecnologia","status":"publish","type":"page","link":"http:\/\/arema.com\/ca\/tecnologia\/","title":{"rendered":"TECNOLOGIA"},"content":{"rendered":"<p>[vc_row css_animation=&#8221;&#8221; row_type=&#8221;row&#8221; use_row_as_full_screen_section=&#8221;no&#8221; type=&#8221;full_width&#8221; angled_section=&#8221;no&#8221; text_align=&#8221;left&#8221; background_image_as_pattern=&#8221;without_pattern&#8221;][vc_column][vc_empty_space height=&#8221;100px&#8221;][\/vc_column][\/vc_row][vc_row css_animation=&#8221;&#8221; row_type=&#8221;row&#8221; use_row_as_full_screen_section=&#8221;no&#8221; type=&#8221;full_width&#8221; angled_section=&#8221;no&#8221; text_align=&#8221;left&#8221; background_image_as_pattern=&#8221;without_pattern&#8221;][vc_column][vc_column_text]<\/p>\n<h4 style=\"text-align: center;\"><span style=\"color: #000000;\"><strong><img decoding=\"async\" src=\"https:\/\/www.rubau.com\/wp-content\/themes\/rubau\/img\/filet.png\" \/>\u00a0 TECNOLOGIA <img decoding=\"async\" src=\"https:\/\/www.rubau.com\/wp-content\/themes\/rubau\/img\/filet.png\" \/><\/strong><\/span><\/h4>\n<p>[\/vc_column_text][vc_empty_space height=&#8221;40px&#8221;][\/vc_column][\/vc_row][vc_row css_animation=&#8221;&#8221; row_type=&#8221;row&#8221; use_row_as_full_screen_section=&#8221;no&#8221; type=&#8221;grid&#8221; angled_section=&#8221;no&#8221; text_align=&#8221;left&#8221; background_image_as_pattern=&#8221;without_pattern&#8221; z_index=&#8221;&#8221;][vc_column width=&#8221;1\/6&#8243;][\/vc_column][vc_column width=&#8221;4\/6&#8243;][qode_elements_holder background_color=&#8221;#f8c00b&#8221; number_of_columns=&#8221;three_columns&#8221;][qode_elements_holder_item vertical_alignment=&#8221;top&#8221; horizontal_alignment=&#8221;left&#8221; advanced_animations=&#8221;no&#8221; background_color=&#8221;#f8c00b&#8221; item_padding=&#8221;0px 0px 0px 0px&#8221;][vc_single_image image=&#8221;341&#8243; img_size=&#8221;full&#8221; onclick=&#8221;custom_link&#8221; qode_css_animation=&#8221;&#8221; link=&#8221;https:\/\/arema.com\/ca\/tractament-bdec-aigues-residuals\/&#8221;][vc_empty_space height=&#8221;25px&#8221;][vc_column_text css=&#8221;.vc_custom_1610974697629{padding-right: 10px !important;padding-left: 10px !important;}&#8221;]<\/p>\n<p style=\"text-align: left;\"><a href=\"https:\/\/arema.com\/ca\/tractament-bdec-aigues-residuals\/\"><span style=\"color: #000000;\">L\u2019objecte del sistema de tractament \u03b2<sub>DEC<\/sub>\u00a0\u00e9s aconseguir la depuraci\u00f3 d\u2019aig\u00fces residuals urbanes de nuclis de fins a 10.000 habitants equivalents, de manera que la qualitat de les aig\u00fces depurades compleixin perfectament amb les exig\u00e8ncies requerides per la legislaci\u00f3 vigent.<\/span><\/a><\/p>\n<p>[\/vc_column_text][vc_empty_space height=&#8221;25px&#8221;][\/qode_elements_holder_item][qode_elements_holder_item vertical_alignment=&#8221;top&#8221; horizontal_alignment=&#8221;center&#8221; advanced_animations=&#8221;no&#8221; background_color=&#8221;#f8c00b&#8221; item_padding=&#8221;0px 0px 0px 0px&#8221;][vc_single_image image=&#8221;337&#8243; img_size=&#8221;full&#8221; onclick=&#8221;custom_link&#8221; qode_css_animation=&#8221;&#8221; link=&#8221;https:\/\/arema.com\/ca\/planta-biologica-pc4-mbbr\/&#8221;][vc_empty_space height=&#8221;25px&#8221;][vc_column_text css=&#8221;.vc_custom_1610974842566{padding-right: 10px !important;padding-left: 10px !important;}&#8221;]<\/p>\n<p style=\"text-align: left;\"><a href=\"https:\/\/arema.com\/ca\/planta-biologica-pc4-mbbr\/\"><span style=\"color: #000000;\">La planta biol\u00f2gica PC4<sup>\u00ae\u00a0<\/sup>MBBR consisteix en una soluci\u00f3 compacta tipus Plugand Play pensada per a la depuraci\u00f3 d\u2019aig\u00fces residuals d\u2019origen dom\u00e8stic o industrial, amb una capacitat de fins a 1.000 habitants equivalents per planta.<\/span><\/a><\/p>\n<p>[\/vc_column_text][vc_empty_space height=&#8221;25px&#8221;][\/qode_elements_holder_item][qode_elements_holder_item vertical_alignment=&#8221;top&#8221; horizontal_alignment=&#8221;right&#8221; advanced_animations=&#8221;no&#8221; background_color=&#8221;#f8c00b&#8221; item_padding=&#8221;0px 0px 0px 0px&#8221;][vc_single_image image=&#8221;338&#8243; img_size=&#8221;full&#8221; onclick=&#8221;custom_link&#8221; qode_css_animation=&#8221;&#8221; link=&#8221;https:\/\/arema.com\/ca\/plantes-compactes-de-potabilitzacio\/&#8221;][vc_empty_space height=&#8221;25px&#8221;][vc_column_text css=&#8221;.vc_custom_1610974725034{padding-right: 10px !important;padding-left: 10px !important;}&#8221;]<\/p>\n<p style=\"text-align: left;\"><a href=\"https:\/\/arema.com\/ca\/plantes-compactes-de-potabilitzacio\/\"><span style=\"color: #000000;\">Les plantes compactes de potabilitzaci\u00f3 tenen una capacitat de tractament des de 1.600 fins a 20.000 habitants equivalents. Permeten la configuraci\u00f3 de diversos m\u00f2duls de proc\u00e9s d\u2019acord amb les caracter\u00edstiques de l\u2019aigua a tractar i del volum d\u2019aigua requerit.<\/span><\/a><\/p>\n<p>[\/vc_column_text][vc_empty_space height=&#8221;25px&#8221;][\/qode_elements_holder_item][\/qode_elements_holder][\/vc_column][vc_column width=&#8221;1\/6&#8243;][\/vc_column][\/vc_row][vc_row css_animation=&#8221;&#8221; row_type=&#8221;row&#8221; use_row_as_full_screen_section=&#8221;no&#8221; type=&#8221;full_width&#8221; angled_section=&#8221;no&#8221; text_align=&#8221;left&#8221; background_image_as_pattern=&#8221;without_pattern&#8221; z_index=&#8221;&#8221;][vc_column][vc_empty_space height=&#8221;60&#8243;][\/vc_column][\/vc_row][vc_row css_animation=&#8221;&#8221; row_type=&#8221;row&#8221; use_row_as_full_screen_section=&#8221;no&#8221; type=&#8221;grid&#8221; angled_section=&#8221;no&#8221; text_align=&#8221;left&#8221; background_image_as_pattern=&#8221;without_pattern&#8221; z_index=&#8221;&#8221;][vc_column width=&#8221;1\/6&#8243;][\/vc_column][vc_column width=&#8221;4\/6&#8243;][qode_elements_holder background_color=&#8221;#f8c00b&#8221; number_of_columns=&#8221;three_columns&#8221;][qode_elements_holder_item vertical_alignment=&#8221;top&#8221; horizontal_alignment=&#8221;left&#8221; advanced_animations=&#8221;no&#8221; background_color=&#8221;#f8c00b&#8221; item_padding=&#8221;0px 0px 0px 0px&#8221;][vc_single_image image=&#8221;339&#8243; img_size=&#8221;full&#8221; onclick=&#8221;custom_link&#8221; qode_css_animation=&#8221;&#8221; link=&#8221;https:\/\/arema.com\/ca\/sistema-deni-k\/&#8221;][vc_empty_space height=&#8221;25px&#8221;][vc_column_text css=&#8221;.vc_custom_1610974863558{padding-right: 10px !important;padding-left: 10px !important;}&#8221;]<\/p>\n<p style=\"text-align: left;\"><a href=\"https:\/\/arema.com\/ca\/sistema-deni-k\/\"><span style=\"color: #000000;\">Sistema Deni-[K]\u00ae de la companyia alemanya [k]nord \u00e9s una tecnologia amb l\u2019objectiu de la reducci\u00f3 de nitrats, basada en un reactor biol\u00f2gic compacte de doble etapa (Anaer\u00f2bia \u2013 Aer\u00f2bia) de flux ascendent.<\/span><\/a><\/p>\n<p>[\/vc_column_text][vc_empty_space height=&#8221;25px&#8221;][\/qode_elements_holder_item][qode_elements_holder_item vertical_alignment=&#8221;top&#8221; horizontal_alignment=&#8221;center&#8221; advanced_animations=&#8221;no&#8221; background_color=&#8221;#f8c00b&#8221; item_padding=&#8221;0px 0px 0px 0px&#8221;][vc_single_image image=&#8221;340&#8243; img_size=&#8221;full&#8221; onclick=&#8221;custom_link&#8221; qode_css_animation=&#8221;&#8221;][vc_empty_space height=&#8221;25px&#8221;][vc_column_text css=&#8221;.vc_custom_1610974933985{padding-right: 10px !important;padding-left: 10px !important;}&#8221;]<\/p>\n<p style=\"text-align: left;\"><a href=\"https:\/\/arema.com\/ca\/plantes-singulars\/\"><span style=\"color: #000000;\">Barrera Hidr\u00e0ulica<\/span><\/a><br \/>\n<a href=\"https:\/\/arema.com\/ca\/plantes-singulars\/\"><span style=\"color: #000000;\">Fibracolor<\/span><\/a><br \/>\n<a href=\"https:\/\/arema.com\/ca\/plantes-singulars\/\"><span style=\"color: #000000;\">Piedras Negras<\/span><\/a><br \/>\n<a href=\"https:\/\/arema.com\/ca\/plantes-singulars\/\"><span style=\"color: #000000;\">Beclean<\/span><\/a><br \/>\n<a href=\"https:\/\/arema.com\/ca\/plantes-singulars\/\"><span style=\"color: #000000;\">Aguascalientes<\/span><\/a><\/p>\n<p>[\/vc_column_text][vc_empty_space height=&#8221;25px&#8221;][\/qode_elements_holder_item][qode_elements_holder_item vertical_alignment=&#8221;top&#8221; horizontal_alignment=&#8221;center&#8221; advanced_animations=&#8221;no&#8221; background_color=&#8221;#f8c00b&#8221; item_padding=&#8221;0px 0px 0px 0px&#8221;]<div class=\"qode-banner qode-banner-va-center\"><div class=\"qode-banner-image\"><img decoding=\"async\" itemprop=\"image\" src=\"\" alt=\"\" \/><\/div><div class=\"qode-banner-content\"><div class=\"qode-banner-content-inner\"><div class=\"qode-banner-text-holder\"><\/div><\/div><\/div><\/div>[\/qode_elements_holder_item][\/qode_elements_holder][\/vc_column][vc_column width=&#8221;1\/6&#8243;][\/vc_column][\/vc_row][vc_row css_animation=&#8221;&#8221; row_type=&#8221;row&#8221; use_row_as_full_screen_section=&#8221;no&#8221; type=&#8221;full_width&#8221; angled_section=&#8221;no&#8221; text_align=&#8221;left&#8221; background_image_as_pattern=&#8221;without_pattern&#8221;][vc_column][vc_empty_space height=&#8221;100px&#8221;][\/vc_column][\/vc_row][vc_column][\/vc_column]<\/p>\n","protected":false},"excerpt":{"rendered":"<p>[vc_row css_animation=&#8221;&#8221; row_type=&#8221;row&#8221; use_row_as_full_screen_section=&#8221;no&#8221; type=&#8221;full_width&#8221; angled_section=&#8221;no&#8221; text_align=&#8221;left&#8221; background_image_as_pattern=&#8221;without_pattern&#8221;][vc_column][vc_empty_space height=&#8221;100px&#8221;][\/vc_column][\/vc_row][vc_row css_animation=&#8221;&#8221; row_type=&#8221;row&#8221; use_row_as_full_screen_section=&#8221;no&#8221; type=&#8221;full_width&#8221; angled_section=&#8221;no&#8221; text_align=&#8221;left&#8221; background_image_as_pattern=&#8221;without_pattern&#8221;][vc_column][vc_column_text] \u00a0 TECNOLOGIA [\/vc_column_text][vc_empty_space height=&#8221;40px&#8221;][\/vc_column][\/vc_row][vc_row css_animation=&#8221;&#8221; row_type=&#8221;row&#8221; use_row_as_full_screen_section=&#8221;no&#8221; type=&#8221;grid&#8221; angled_section=&#8221;no&#8221; text_align=&#8221;left&#8221; background_image_as_pattern=&#8221;without_pattern&#8221; z_index=&#8221;&#8221;][vc_column width=&#8221;1\/6&#8243;][\/vc_column][vc_column width=&#8221;4\/6&#8243;][qode_elements_holder background_color=&#8221;#f8c00b&#8221; number_of_columns=&#8221;three_columns&#8221;][qode_elements_holder_item vertical_alignment=&#8221;top&#8221; horizontal_alignment=&#8221;left&#8221; advanced_animations=&#8221;no&#8221; background_color=&#8221;#f8c00b&#8221; item_padding=&#8221;0px 0px 0px 0px&#8221;][vc_single_image image=&#8221;341&#8243; img_size=&#8221;full&#8221; onclick=&#8221;custom_link&#8221; qode_css_animation=&#8221;&#8221; link=&#8221;https:\/\/arema.com\/ca\/tractament-bdec-aigues-residuals\/&#8221;][vc_empty_space&#8230;<\/p>\n","protected":false},"author":1,"featured_media":0,"parent":0,"menu_order":0,"comment_status":"closed","ping_status":"closed","template":"full_width.php","meta":{"footnotes":""},"class_list":["post-332","page","type-page","status-publish","hentry"],"yoast_head":"<!-- This site is optimized with the Yoast SEO plugin v27.2 - https:\/\/yoast.com\/product\/yoast-seo-wordpress\/ -->\n<title>TECNOLOGIA: Depuraci\u00f3 i sanejament d&#039;a\u00efgues - Arema<\/title>\n<meta name=\"description\" content=\"Consulti la nostra tecnologia AREMA de depuraci\u00f3 i sanejament d&#039;a\u00efgues, fans i lixiviats. Processos certificats segons la legislaci\u00f3 vigent\" \/>\n<meta name=\"robots\" content=\"index, follow, max-snippet:-1, max-image-preview:large, max-video-preview:-1\" \/>\n<link rel=\"canonical\" href=\"https:\/\/arema.com\/ca\/tecnologia\/\" \/>\n<meta property=\"og:locale\" content=\"ca_ES\" \/>\n<meta property=\"og:type\" content=\"article\" \/>\n<meta property=\"og:title\" content=\"TECNOLOGIA: Depuraci\u00f3 i sanejament d&#039;a\u00efgues - Arema\" \/>\n<meta property=\"og:description\" content=\"Consulti la nostra tecnologia AREMA de depuraci\u00f3 i sanejament d&#039;a\u00efgues, fans i lixiviats. Processos certificats segons la legislaci\u00f3 vigent\" \/>\n<meta property=\"og:url\" content=\"https:\/\/arema.com\/ca\/tecnologia\/\" \/>\n<meta property=\"og:site_name\" content=\"Arema\" \/>\n<meta property=\"article:modified_time\" content=\"2022-03-09T11:34:58+00:00\" \/>\n<meta property=\"og:image\" content=\"https:\/\/www.rubau.com\/wp-content\/themes\/rubau\/img\/filet.png\" \/>\n<meta name=\"twitter:card\" content=\"summary_large_image\" \/>\n<meta name=\"twitter:label1\" content=\"Temps estimat de lectura\" \/>\n\t<meta name=\"twitter:data1\" content=\"2 minuts\" \/>\n<script type=\"application\/ld+json\" class=\"yoast-schema-graph\">{\"@context\":\"https:\/\/schema.org\",\"@graph\":[{\"@type\":\"WebPage\",\"@id\":\"https:\/\/arema.com\/ca\/tecnologia\/\",\"url\":\"https:\/\/arema.com\/ca\/tecnologia\/\",\"name\":\"TECNOLOGIA: Depuraci\u00f3 i sanejament d'a\u00efgues - Arema\",\"isPartOf\":{\"@id\":\"https:\/\/arema.com\/en\/#website\"},\"primaryImageOfPage\":{\"@id\":\"https:\/\/arema.com\/ca\/tecnologia\/#primaryimage\"},\"image\":{\"@id\":\"https:\/\/arema.com\/ca\/tecnologia\/#primaryimage\"},\"thumbnailUrl\":\"https:\/\/www.rubau.com\/wp-content\/themes\/rubau\/img\/filet.png\",\"datePublished\":\"2020-11-09T16:17:20+00:00\",\"dateModified\":\"2022-03-09T11:34:58+00:00\",\"description\":\"Consulti la nostra tecnologia AREMA de depuraci\u00f3 i sanejament d'a\u00efgues, fans i lixiviats. Processos certificats segons la legislaci\u00f3 vigent\",\"breadcrumb\":{\"@id\":\"https:\/\/arema.com\/ca\/tecnologia\/#breadcrumb\"},\"inLanguage\":\"ca\",\"potentialAction\":[{\"@type\":\"ReadAction\",\"target\":[\"https:\/\/arema.com\/ca\/tecnologia\/\"]}]},{\"@type\":\"ImageObject\",\"inLanguage\":\"ca\",\"@id\":\"https:\/\/arema.com\/ca\/tecnologia\/#primaryimage\",\"url\":\"https:\/\/www.rubau.com\/wp-content\/themes\/rubau\/img\/filet.png\",\"contentUrl\":\"https:\/\/www.rubau.com\/wp-content\/themes\/rubau\/img\/filet.png\"},{\"@type\":\"BreadcrumbList\",\"@id\":\"https:\/\/arema.com\/ca\/tecnologia\/#breadcrumb\",\"itemListElement\":[{\"@type\":\"ListItem\",\"position\":1,\"name\":\"Inici\",\"item\":\"https:\/\/arema.com\/ca\/\"},{\"@type\":\"ListItem\",\"position\":2,\"name\":\"TECNOLOGIA\"}]},{\"@type\":\"WebSite\",\"@id\":\"https:\/\/arema.com\/en\/#website\",\"url\":\"https:\/\/arema.com\/en\/\",\"name\":\"Arema\",\"description\":\"Agua, residuos y medio ambiente\",\"potentialAction\":[{\"@type\":\"SearchAction\",\"target\":{\"@type\":\"EntryPoint\",\"urlTemplate\":\"https:\/\/arema.com\/en\/?s={search_term_string}\"},\"query-input\":{\"@type\":\"PropertyValueSpecification\",\"valueRequired\":true,\"valueName\":\"search_term_string\"}}],\"inLanguage\":\"ca\"}]}<\/script>\n<!-- \/ Yoast SEO plugin. -->","yoast_head_json":{"title":"TECNOLOGIA: Depuraci\u00f3 i sanejament d'a\u00efgues - Arema","description":"Consulti la nostra tecnologia AREMA de depuraci\u00f3 i sanejament d'a\u00efgues, fans i lixiviats. Processos certificats segons la legislaci\u00f3 vigent","robots":{"index":"index","follow":"follow","max-snippet":"max-snippet:-1","max-image-preview":"max-image-preview:large","max-video-preview":"max-video-preview:-1"},"canonical":"https:\/\/arema.com\/ca\/tecnologia\/","og_locale":"ca_ES","og_type":"article","og_title":"TECNOLOGIA: Depuraci\u00f3 i sanejament d'a\u00efgues - Arema","og_description":"Consulti la nostra tecnologia AREMA de depuraci\u00f3 i sanejament d'a\u00efgues, fans i lixiviats. Processos certificats segons la legislaci\u00f3 vigent","og_url":"https:\/\/arema.com\/ca\/tecnologia\/","og_site_name":"Arema","article_modified_time":"2022-03-09T11:34:58+00:00","og_image":[{"url":"https:\/\/www.rubau.com\/wp-content\/themes\/rubau\/img\/filet.png","type":"","width":"","height":""}],"twitter_card":"summary_large_image","twitter_misc":{"Temps estimat de lectura":"2 minuts"},"schema":{"@context":"https:\/\/schema.org","@graph":[{"@type":"WebPage","@id":"https:\/\/arema.com\/ca\/tecnologia\/","url":"https:\/\/arema.com\/ca\/tecnologia\/","name":"TECNOLOGIA: Depuraci\u00f3 i sanejament d'a\u00efgues - Arema","isPartOf":{"@id":"https:\/\/arema.com\/en\/#website"},"primaryImageOfPage":{"@id":"https:\/\/arema.com\/ca\/tecnologia\/#primaryimage"},"image":{"@id":"https:\/\/arema.com\/ca\/tecnologia\/#primaryimage"},"thumbnailUrl":"https:\/\/www.rubau.com\/wp-content\/themes\/rubau\/img\/filet.png","datePublished":"2020-11-09T16:17:20+00:00","dateModified":"2022-03-09T11:34:58+00:00","description":"Consulti la nostra tecnologia AREMA de depuraci\u00f3 i sanejament d'a\u00efgues, fans i lixiviats. Processos certificats segons la legislaci\u00f3 vigent","breadcrumb":{"@id":"https:\/\/arema.com\/ca\/tecnologia\/#breadcrumb"},"inLanguage":"ca","potentialAction":[{"@type":"ReadAction","target":["https:\/\/arema.com\/ca\/tecnologia\/"]}]},{"@type":"ImageObject","inLanguage":"ca","@id":"https:\/\/arema.com\/ca\/tecnologia\/#primaryimage","url":"https:\/\/www.rubau.com\/wp-content\/themes\/rubau\/img\/filet.png","contentUrl":"https:\/\/www.rubau.com\/wp-content\/themes\/rubau\/img\/filet.png"},{"@type":"BreadcrumbList","@id":"https:\/\/arema.com\/ca\/tecnologia\/#breadcrumb","itemListElement":[{"@type":"ListItem","position":1,"name":"Inici","item":"https:\/\/arema.com\/ca\/"},{"@type":"ListItem","position":2,"name":"TECNOLOGIA"}]},{"@type":"WebSite","@id":"https:\/\/arema.com\/en\/#website","url":"https:\/\/arema.com\/en\/","name":"Arema","description":"Agua, residuos y medio ambiente","potentialAction":[{"@type":"SearchAction","target":{"@type":"EntryPoint","urlTemplate":"https:\/\/arema.com\/en\/?s={search_term_string}"},"query-input":{"@type":"PropertyValueSpecification","valueRequired":true,"valueName":"search_term_string"}}],"inLanguage":"ca"}]}},"_links":{"self":[{"href":"http:\/\/arema.com\/ca\/wp-json\/wp\/v2\/pages\/332","targetHints":{"allow":["GET"]}}],"collection":[{"href":"http:\/\/arema.com\/ca\/wp-json\/wp\/v2\/pages"}],"about":[{"href":"http:\/\/arema.com\/ca\/wp-json\/wp\/v2\/types\/page"}],"author":[{"embeddable":true,"href":"http:\/\/arema.com\/ca\/wp-json\/wp\/v2\/users\/1"}],"replies":[{"embeddable":true,"href":"http:\/\/arema.com\/ca\/wp-json\/wp\/v2\/comments?post=332"}],"version-history":[{"count":30,"href":"http:\/\/arema.com\/ca\/wp-json\/wp\/v2\/pages\/332\/revisions"}],"predecessor-version":[{"id":9573,"href":"http:\/\/arema.com\/ca\/wp-json\/wp\/v2\/pages\/332\/revisions\/9573"}],"wp:attachment":[{"href":"http:\/\/arema.com\/ca\/wp-json\/wp\/v2\/media?parent=332"}],"curies":[{"name":"wp","href":"https:\/\/api.w.org\/{rel}","templated":true}]}}