{"id":319,"date":"2020-11-09T16:01:01","date_gmt":"2020-11-09T15:01:01","guid":{"rendered":"http:\/\/arema.com\/?page_id=319"},"modified":"2024-05-13T16:31:18","modified_gmt":"2024-05-13T14:31:18","slug":"aigua","status":"publish","type":"page","link":"http:\/\/arema.com\/ca\/aigua\/","title":{"rendered":"AIGUA"},"content":{"rendered":"<p>[vc_row css_animation=&#8221;&#8221; row_type=&#8221;row&#8221; use_row_as_full_screen_section=&#8221;no&#8221; type=&#8221;full_width&#8221; angled_section=&#8221;no&#8221; text_align=&#8221;left&#8221; background_image_as_pattern=&#8221;without_pattern&#8221;][vc_column css=&#8221;.vc_custom_1603366066743{background-color: #f8c00b; !important;}&#8221;][vc_empty_space height=&#8221;100px&#8221;][\/vc_column][\/vc_row][vc_row css_animation=&#8221;&#8221; row_type=&#8221;row&#8221; use_row_as_full_screen_section=&#8221;no&#8221; type=&#8221;full_width&#8221; angled_section=&#8221;no&#8221; text_align=&#8221;left&#8221; background_image_as_pattern=&#8221;without_pattern&#8221;][vc_column css=&#8221;.vc_custom_1603366066743{background-color: #f8c00b; !important;}&#8221;][vc_column_text]<\/p>\n<h4 style=\"text-align: center;\"><span style=\"color: #000000;\"><strong><img decoding=\"async\" src=\"https:\/\/www.rubau.com\/wp-content\/themes\/rubau\/img\/filet.png\" \/> OFERTA DE SERVEIS <img decoding=\"async\" src=\"https:\/\/www.rubau.com\/wp-content\/themes\/rubau\/img\/filet.png\" \/><\/strong><\/span><\/h4>\n<p>[\/vc_column_text][vc_empty_space height=&#8221;40px&#8221;][\/vc_column][\/vc_row][vc_row css_animation=&#8221;&#8221; row_type=&#8221;row&#8221; use_row_as_full_screen_section=&#8221;no&#8221; type=&#8221;grid&#8221; angled_section=&#8221;no&#8221; text_align=&#8221;left&#8221; background_image_as_pattern=&#8221;without_pattern&#8221; css=&#8221;.vc_custom_1603365925944{background-color: #f8c00b !important;}&#8221; z_index=&#8221;&#8221;][vc_column width=&#8221;1\/6&#8243;][\/vc_column][vc_column width=&#8221;4\/6&#8243;][qode_elements_holder background_color=&#8221;#f8c00b&#8221; number_of_columns=&#8221;three_columns&#8221;][qode_elements_holder_item vertical_alignment=&#8221;top&#8221; horizontal_alignment=&#8221;left&#8221; advanced_animations=&#8221;no&#8221; background_color=&#8221;#000000&#8243; item_padding=&#8221;0px 0px 0px 0px&#8221;][vc_single_image image=&#8221;151&#8243; img_size=&#8221;full&#8221; onclick=&#8221;custom_link&#8221; qode_css_animation=&#8221;&#8221; link=&#8221;https:\/\/arema.com\/ca\/aigua-residual\/&#8221;][vc_empty_space height=&#8221;25px&#8221;][vc_column_text css=&#8221;.vc_custom_1610974438651{padding-right: 10px !important;padding-left: 10px !important;}&#8221;]<\/p>\n<p style=\"text-align: left;\"><a href=\"https:\/\/arema.com\/ca\/aigua-residual\/\"><span style=\"color: #ffffff;\">Aig\u00fces residuals urbanes i industrials<\/span><\/a><\/p>\n<p>&nbsp;<\/p>\n<p style=\"text-align: left;\"><a href=\"https:\/\/arema.com\/ca\/aigua-residual\/\"><span style=\"color: #ffffff;\">L\u2019 aigua residual d\u2019origen dom\u00e8stic o industrial requereix un tractament rigor\u00f3s abans del seu retorn al medi ambient. Aquest tractament es realitza en instal\u00b7lacions espec\u00edfiques formades per diferents processos, seleccionats en funci\u00f3 de les caracter\u00edstiques de l\u2019aigua a tractar i del dest\u00ed final de la mateixa.<\/span><\/a><\/p>\n<p>[\/vc_column_text][vc_empty_space height=&#8221;25px&#8221;][\/qode_elements_holder_item][qode_elements_holder_item vertical_alignment=&#8221;top&#8221; horizontal_alignment=&#8221;center&#8221; advanced_animations=&#8221;no&#8221; background_color=&#8221;#000000&#8243; item_padding=&#8221;0px 0px 0px 0px&#8221;][vc_single_image image=&#8221;152&#8243; img_size=&#8221;full&#8221; onclick=&#8221;custom_link&#8221; qode_css_animation=&#8221;&#8221; link=&#8221;https:\/\/arema.com\/ca\/aigua-potable\/&#8221;][vc_empty_space height=&#8221;25px&#8221;][vc_column_text css=&#8221;.vc_custom_1610974460497{padding-right: 10px !important;padding-left: 10px !important;}&#8221;]<\/p>\n<p style=\"text-align: left;\"><a href=\"https:\/\/arema.com\/ca\/aigua-potable\/\"><span style=\"color: #ffffff;\">L\u2019aigua, tal i com la trobem a la naturalesa, sovint no \u00e9s utilitzable directament pel consum hum\u00e0.<\/span><\/a><\/p>\n<p>&nbsp;<\/p>\n<p style=\"text-align: left;\"><a href=\"https:\/\/arema.com\/ca\/aigua-potable\/\"><span style=\"color: #ffffff;\">AREMA disposa de diferents sistemes de tractament i subministrament d\u2019aigua potable. En funci\u00f3 de les necessitats de treball, AREMA aporta solucions particulars a municipis, ind\u00fastries o petits nuclis rurals.<\/span><\/a><\/p>\n<p>[\/vc_column_text][vc_empty_space height=&#8221;25px&#8221;][\/qode_elements_holder_item][qode_elements_holder_item vertical_alignment=&#8221;top&#8221; horizontal_alignment=&#8221;right&#8221; advanced_animations=&#8221;no&#8221; background_color=&#8221;#000000&#8243; item_padding=&#8221;0px 0px 0px 0px&#8221;][vc_single_image image=&#8221;153&#8243; img_size=&#8221;full&#8221; onclick=&#8221;custom_link&#8221; qode_css_animation=&#8221;&#8221; link=&#8221;https:\/\/arema.com\/ca\/aigua-regenerada\/&#8221;][vc_empty_space height=&#8221;25px&#8221;][vc_column_text css=&#8221;.vc_custom_1610974486756{padding-right: 10px !important;padding-left: 10px !important;}&#8221;]<\/p>\n<p style=\"text-align: left;\"><a href=\"https:\/\/arema.com\/ca\/aigua-regenerada\/\"><span style=\"color: #ffffff;\">Definim Aigua Regenerada com aquella que prov\u00e9 de les estacions de tractament d\u2019aig\u00fces residuals i que, un cop depurada, se li aplica un tractament addicional per fer-la apta per un nou \u00fas, amb la qualitat exigida per la nova aplicaci\u00f3.<\/span><\/a><\/p>\n<p>&nbsp;<\/p>\n<p style=\"text-align: left;\"><a href=\"https:\/\/arema.com\/aigua-regenerada\/\"><span style=\"color: #ffffff;\">Les aig\u00fces regenerades s\u00f3n tingudes en compte a l\u2019hora de la gesti\u00f3 global dels recursos i els usos que se\u2019n fa poden ser diversos.<\/span><\/a><\/p>\n<p>[\/vc_column_text][vc_empty_space height=&#8221;25px&#8221;][\/qode_elements_holder_item][\/qode_elements_holder][\/vc_column][vc_column width=&#8221;1\/6&#8243;][\/vc_column][\/vc_row][vc_row css_animation=&#8221;&#8221; row_type=&#8221;row&#8221; use_row_as_full_screen_section=&#8221;no&#8221; type=&#8221;full_width&#8221; angled_section=&#8221;no&#8221; text_align=&#8221;left&#8221; background_image_as_pattern=&#8221;without_pattern&#8221;][vc_column css=&#8221;.vc_custom_1605252073726{background-color: #f8c00b !important;}&#8221; offset=&#8221;vc_hidden-xs&#8221;][vc_empty_space height=&#8221;20px&#8221;][\/vc_column][\/vc_row][vc_row css_animation=&#8221;&#8221; row_type=&#8221;row&#8221; use_row_as_full_screen_section=&#8221;no&#8221; type=&#8221;grid&#8221; angled_section=&#8221;no&#8221; text_align=&#8221;left&#8221; background_image_as_pattern=&#8221;without_pattern&#8221; css=&#8221;.vc_custom_1603369958920{background-color: #f8c00b !important;}&#8221; z_index=&#8221;&#8221;][vc_column width=&#8221;1\/6&#8243;][\/vc_column][vc_column width=&#8221;4\/6&#8243;][qode_elements_holder background_color=&#8221;#f8c00b&#8221; number_of_columns=&#8221;three_columns&#8221;][qode_elements_holder_item vertical_alignment=&#8221;top&#8221; horizontal_alignment=&#8221;left&#8221; advanced_animations=&#8221;no&#8221; item_padding=&#8221;0px 0px 0px 0px&#8221; background_color=&#8221;#000000&#8243;][vc_single_image image=&#8221;154&#8243; img_size=&#8221;full&#8221; onclick=&#8221;custom_link&#8221; qode_css_animation=&#8221;&#8221; link=&#8221;https:\/\/arema.com\/ca\/dessalacio\/&#8221;][vc_empty_space height=&#8221;25px&#8221;][vc_column_text css=&#8221;.vc_custom_1610974525816{padding-right: 10px !important;padding-left: 10px !important;}&#8221;]<a href=\"https:\/\/arema.com\/ca\/dessalacio\/\"><span style=\"color: #ffffff;\">La dessalaci\u00f3 \u00e9s un proc\u00e9s f\u00edsic de separaci\u00f3 de sals d\u2019una dissoluci\u00f3 aquosa, tenint per finalitat l\u2019\u00fas de l\u2019aigua dol\u00e7a producte.<\/span><\/a><\/p>\n<p>&nbsp;<\/p>\n<p><a href=\"https:\/\/arema.com\/ca\/dessalacio\/\"><span style=\"color: #ffffff;\">Els recursos h\u00eddrics susceptibles de dessalaci\u00f3 poden tenir b\u00e0sicament dos or\u00edgens: aigua de mar o aigua subterr\u00e0nia salinitzada; aquesta \u00faltima procedent d\u2019aq\u00fc\u00edfers costaners en contacte directe o indirecte amb el mar.<\/span><\/a>[\/vc_column_text][vc_empty_space height=&#8221;25px&#8221;][\/qode_elements_holder_item][qode_elements_holder_item vertical_alignment=&#8221;top&#8221; horizontal_alignment=&#8221;center&#8221; advanced_animations=&#8221;no&#8221; item_padding=&#8221;0px 0px 0px 0px&#8221; background_color=&#8221;#000000&#8243;][vc_single_image image=&#8221;155&#8243; img_size=&#8221;full&#8221; onclick=&#8221;custom_link&#8221; qode_css_animation=&#8221;&#8221; link=&#8221;https:\/\/arema.com\/ca\/fangs\/&#8221;][vc_empty_space height=&#8221;25px&#8221;][vc_column_text css=&#8221;.vc_custom_1610974541049{padding-right: 10px !important;padding-left: 10px !important;}&#8221;]<\/p>\n<p style=\"text-align: left;\"><a href=\"https:\/\/arema.com\/ca\/fangs\/\"><span style=\"color: #ffffff;\">Les fraccions separades en els decantadors (primaris i secundaris) de les depuradores s\u2019anomenen fangs o llots de depuraci\u00f3. Aquestes s\u00f3n l\u00edquides, amb concentracions de mat\u00e8ria seca molt baixes. Una part important de la mat\u00e8ria seca dels fangs \u00e9s mat\u00e8ria org\u00e0nica.<\/span><\/a><\/p>\n<p>&nbsp;<\/p>\n<p style=\"text-align: left;\"><a href=\"https:\/\/arema.com\/ca\/fangs\/\"><span style=\"color: #ffffff;\">Els fangs se sotmeten a diferents processos, amb diferents finalitats.<\/span><\/a><\/p>\n<p>[\/vc_column_text][vc_empty_space height=&#8221;25px&#8221;][\/qode_elements_holder_item][qode_elements_holder_item vertical_alignment=&#8221;top&#8221; horizontal_alignment=&#8221;right&#8221; advanced_animations=&#8221;no&#8221; item_padding=&#8221;0px 0px 0px 0px&#8221; background_color=&#8221;#000000&#8243;][vc_single_image image=&#8221;156&#8243; img_size=&#8221;full&#8221; onclick=&#8221;custom_link&#8221; qode_css_animation=&#8221;&#8221; link=&#8221;https:\/\/arema.com\/ca\/tractament-de-lixiviats\/&#8221;][vc_empty_space height=&#8221;25px&#8221;][vc_column_text css=&#8221;.vc_custom_1610974562839{padding-right: 10px !important;padding-left: 10px !important;}&#8221;]<\/p>\n<p style=\"text-align: left;\"><a href=\"https:\/\/arema.com\/ca\/tractament-de-lixiviats\/\"><span style=\"color: #ffffff;\">El tractament dels residus l\u00edquids o lixiviats procedents d\u2019abocadors urbans d\u2019escombraries, de plantes de tractaments de fangs o procedents dels \u201cEcoparcs\u201d o \u201cParcs ecol\u00f2gics\u201d de residus, \u00e9s una problem\u00e0tica complexa que requereix un profund coneixement de la mateixa per poder oferir solucions amb garanties.<\/span><\/a><\/p>\n<p>[\/vc_column_text][vc_empty_space height=&#8221;25px&#8221;][\/qode_elements_holder_item][\/qode_elements_holder][\/vc_column][vc_column width=&#8221;1\/6&#8243;][\/vc_column][\/vc_row][vc_row css_animation=&#8221;&#8221; row_type=&#8221;row&#8221; use_row_as_full_screen_section=&#8221;no&#8221; type=&#8221;full_width&#8221; angled_section=&#8221;no&#8221; text_align=&#8221;left&#8221; background_image_as_pattern=&#8221;without_pattern&#8221;][vc_column css=&#8221;.vc_custom_1603366066743{background-color: #f8c00b; !important;}&#8221;][vc_empty_space height=&#8221;100px&#8221;][\/vc_column][\/vc_row][vc_column][\/vc_column]<\/p>\n","protected":false},"excerpt":{"rendered":"<p>[vc_row css_animation=&#8221;&#8221; row_type=&#8221;row&#8221; use_row_as_full_screen_section=&#8221;no&#8221; type=&#8221;full_width&#8221; angled_section=&#8221;no&#8221; text_align=&#8221;left&#8221; background_image_as_pattern=&#8221;without_pattern&#8221;][vc_column css=&#8221;.vc_custom_1603366066743{background-color: #f8c00b; !important;}&#8221;][vc_empty_space height=&#8221;100px&#8221;][\/vc_column][\/vc_row][vc_row css_animation=&#8221;&#8221; row_type=&#8221;row&#8221; use_row_as_full_screen_section=&#8221;no&#8221; type=&#8221;full_width&#8221; angled_section=&#8221;no&#8221; text_align=&#8221;left&#8221; background_image_as_pattern=&#8221;without_pattern&#8221;][vc_column css=&#8221;.vc_custom_1603366066743{background-color: #f8c00b; !important;}&#8221;][vc_column_text] OFERTA DE SERVEIS [\/vc_column_text][vc_empty_space height=&#8221;40px&#8221;][\/vc_column][\/vc_row][vc_row css_animation=&#8221;&#8221; row_type=&#8221;row&#8221; use_row_as_full_screen_section=&#8221;no&#8221; type=&#8221;grid&#8221; angled_section=&#8221;no&#8221; text_align=&#8221;left&#8221; background_image_as_pattern=&#8221;without_pattern&#8221; css=&#8221;.vc_custom_1603365925944{background-color: #f8c00b !important;}&#8221; z_index=&#8221;&#8221;][vc_column width=&#8221;1\/6&#8243;][\/vc_column][vc_column width=&#8221;4\/6&#8243;][qode_elements_holder background_color=&#8221;#f8c00b&#8221; number_of_columns=&#8221;three_columns&#8221;][qode_elements_holder_item vertical_alignment=&#8221;top&#8221; horizontal_alignment=&#8221;left&#8221; advanced_animations=&#8221;no&#8221;&#8230;<\/p>\n","protected":false},"author":1,"featured_media":0,"parent":0,"menu_order":0,"comment_status":"closed","ping_status":"closed","template":"full_width.php","meta":{"footnotes":""},"class_list":["post-319","page","type-page","status-publish","hentry"],"yoast_head":"<!-- This site is optimized with the Yoast SEO plugin v27.2 - https:\/\/yoast.com\/product\/yoast-seo-wordpress\/ -->\n<title>AIGUA: AIGUA (tractament i subministre) - Arema<\/title>\n<meta name=\"description\" content=\"A AREMA oferim serveis de subministrament i tractament d&#039;aigua residual, regenerada, potable , dessalaci\u00f3 i tractaments fangs de lixivitats.\" \/>\n<meta name=\"robots\" content=\"index, follow, max-snippet:-1, max-image-preview:large, max-video-preview:-1\" \/>\n<link rel=\"canonical\" href=\"https:\/\/arema.com\/ca\/aigua\/\" \/>\n<meta property=\"og:locale\" content=\"ca_ES\" \/>\n<meta property=\"og:type\" content=\"article\" \/>\n<meta property=\"og:title\" content=\"AIGUA: AIGUA (tractament i subministre) - Arema\" \/>\n<meta property=\"og:description\" content=\"A AREMA oferim serveis de subministrament i tractament d&#039;aigua residual, regenerada, potable , dessalaci\u00f3 i tractaments fangs de lixivitats.\" \/>\n<meta property=\"og:url\" content=\"https:\/\/arema.com\/ca\/aigua\/\" \/>\n<meta property=\"og:site_name\" content=\"Arema\" \/>\n<meta property=\"article:modified_time\" content=\"2024-05-13T14:31:18+00:00\" \/>\n<meta property=\"og:image\" content=\"https:\/\/www.rubau.com\/wp-content\/themes\/rubau\/img\/filet.png\" \/>\n<meta name=\"twitter:card\" content=\"summary_large_image\" \/>\n<meta name=\"twitter:label1\" content=\"Temps estimat de lectura\" \/>\n\t<meta name=\"twitter:data1\" content=\"3 minuts\" \/>\n<script type=\"application\/ld+json\" class=\"yoast-schema-graph\">{\"@context\":\"https:\/\/schema.org\",\"@graph\":[{\"@type\":\"WebPage\",\"@id\":\"https:\/\/arema.com\/ca\/aigua\/\",\"url\":\"https:\/\/arema.com\/ca\/aigua\/\",\"name\":\"AIGUA: AIGUA (tractament i subministre) - Arema\",\"isPartOf\":{\"@id\":\"https:\/\/arema.com\/en\/#website\"},\"primaryImageOfPage\":{\"@id\":\"https:\/\/arema.com\/ca\/aigua\/#primaryimage\"},\"image\":{\"@id\":\"https:\/\/arema.com\/ca\/aigua\/#primaryimage\"},\"thumbnailUrl\":\"https:\/\/www.rubau.com\/wp-content\/themes\/rubau\/img\/filet.png\",\"datePublished\":\"2020-11-09T15:01:01+00:00\",\"dateModified\":\"2024-05-13T14:31:18+00:00\",\"description\":\"A AREMA oferim serveis de subministrament i tractament d'aigua residual, regenerada, potable , dessalaci\u00f3 i tractaments fangs de lixivitats.\",\"breadcrumb\":{\"@id\":\"https:\/\/arema.com\/ca\/aigua\/#breadcrumb\"},\"inLanguage\":\"ca\",\"potentialAction\":[{\"@type\":\"ReadAction\",\"target\":[\"https:\/\/arema.com\/ca\/aigua\/\"]}]},{\"@type\":\"ImageObject\",\"inLanguage\":\"ca\",\"@id\":\"https:\/\/arema.com\/ca\/aigua\/#primaryimage\",\"url\":\"https:\/\/www.rubau.com\/wp-content\/themes\/rubau\/img\/filet.png\",\"contentUrl\":\"https:\/\/www.rubau.com\/wp-content\/themes\/rubau\/img\/filet.png\"},{\"@type\":\"BreadcrumbList\",\"@id\":\"https:\/\/arema.com\/ca\/aigua\/#breadcrumb\",\"itemListElement\":[{\"@type\":\"ListItem\",\"position\":1,\"name\":\"Inici\",\"item\":\"https:\/\/arema.com\/ca\/\"},{\"@type\":\"ListItem\",\"position\":2,\"name\":\"AIGUA\"}]},{\"@type\":\"WebSite\",\"@id\":\"https:\/\/arema.com\/en\/#website\",\"url\":\"https:\/\/arema.com\/en\/\",\"name\":\"Arema\",\"description\":\"Agua, residuos y medio ambiente\",\"potentialAction\":[{\"@type\":\"SearchAction\",\"target\":{\"@type\":\"EntryPoint\",\"urlTemplate\":\"https:\/\/arema.com\/en\/?s={search_term_string}\"},\"query-input\":{\"@type\":\"PropertyValueSpecification\",\"valueRequired\":true,\"valueName\":\"search_term_string\"}}],\"inLanguage\":\"ca\"}]}<\/script>\n<!-- \/ Yoast SEO plugin. -->","yoast_head_json":{"title":"AIGUA: AIGUA (tractament i subministre) - Arema","description":"A AREMA oferim serveis de subministrament i tractament d'aigua residual, regenerada, potable , dessalaci\u00f3 i tractaments fangs de lixivitats.","robots":{"index":"index","follow":"follow","max-snippet":"max-snippet:-1","max-image-preview":"max-image-preview:large","max-video-preview":"max-video-preview:-1"},"canonical":"https:\/\/arema.com\/ca\/aigua\/","og_locale":"ca_ES","og_type":"article","og_title":"AIGUA: AIGUA (tractament i subministre) - Arema","og_description":"A AREMA oferim serveis de subministrament i tractament d'aigua residual, regenerada, potable , dessalaci\u00f3 i tractaments fangs de lixivitats.","og_url":"https:\/\/arema.com\/ca\/aigua\/","og_site_name":"Arema","article_modified_time":"2024-05-13T14:31:18+00:00","og_image":[{"url":"https:\/\/www.rubau.com\/wp-content\/themes\/rubau\/img\/filet.png","type":"","width":"","height":""}],"twitter_card":"summary_large_image","twitter_misc":{"Temps estimat de lectura":"3 minuts"},"schema":{"@context":"https:\/\/schema.org","@graph":[{"@type":"WebPage","@id":"https:\/\/arema.com\/ca\/aigua\/","url":"https:\/\/arema.com\/ca\/aigua\/","name":"AIGUA: AIGUA (tractament i subministre) - Arema","isPartOf":{"@id":"https:\/\/arema.com\/en\/#website"},"primaryImageOfPage":{"@id":"https:\/\/arema.com\/ca\/aigua\/#primaryimage"},"image":{"@id":"https:\/\/arema.com\/ca\/aigua\/#primaryimage"},"thumbnailUrl":"https:\/\/www.rubau.com\/wp-content\/themes\/rubau\/img\/filet.png","datePublished":"2020-11-09T15:01:01+00:00","dateModified":"2024-05-13T14:31:18+00:00","description":"A AREMA oferim serveis de subministrament i tractament d'aigua residual, regenerada, potable , dessalaci\u00f3 i tractaments fangs de lixivitats.","breadcrumb":{"@id":"https:\/\/arema.com\/ca\/aigua\/#breadcrumb"},"inLanguage":"ca","potentialAction":[{"@type":"ReadAction","target":["https:\/\/arema.com\/ca\/aigua\/"]}]},{"@type":"ImageObject","inLanguage":"ca","@id":"https:\/\/arema.com\/ca\/aigua\/#primaryimage","url":"https:\/\/www.rubau.com\/wp-content\/themes\/rubau\/img\/filet.png","contentUrl":"https:\/\/www.rubau.com\/wp-content\/themes\/rubau\/img\/filet.png"},{"@type":"BreadcrumbList","@id":"https:\/\/arema.com\/ca\/aigua\/#breadcrumb","itemListElement":[{"@type":"ListItem","position":1,"name":"Inici","item":"https:\/\/arema.com\/ca\/"},{"@type":"ListItem","position":2,"name":"AIGUA"}]},{"@type":"WebSite","@id":"https:\/\/arema.com\/en\/#website","url":"https:\/\/arema.com\/en\/","name":"Arema","description":"Agua, residuos y medio ambiente","potentialAction":[{"@type":"SearchAction","target":{"@type":"EntryPoint","urlTemplate":"https:\/\/arema.com\/en\/?s={search_term_string}"},"query-input":{"@type":"PropertyValueSpecification","valueRequired":true,"valueName":"search_term_string"}}],"inLanguage":"ca"}]}},"_links":{"self":[{"href":"http:\/\/arema.com\/ca\/wp-json\/wp\/v2\/pages\/319","targetHints":{"allow":["GET"]}}],"collection":[{"href":"http:\/\/arema.com\/ca\/wp-json\/wp\/v2\/pages"}],"about":[{"href":"http:\/\/arema.com\/ca\/wp-json\/wp\/v2\/types\/page"}],"author":[{"embeddable":true,"href":"http:\/\/arema.com\/ca\/wp-json\/wp\/v2\/users\/1"}],"replies":[{"embeddable":true,"href":"http:\/\/arema.com\/ca\/wp-json\/wp\/v2\/comments?post=319"}],"version-history":[{"count":21,"href":"http:\/\/arema.com\/ca\/wp-json\/wp\/v2\/pages\/319\/revisions"}],"predecessor-version":[{"id":21790,"href":"http:\/\/arema.com\/ca\/wp-json\/wp\/v2\/pages\/319\/revisions\/21790"}],"wp:attachment":[{"href":"http:\/\/arema.com\/ca\/wp-json\/wp\/v2\/media?parent=319"}],"curies":[{"name":"wp","href":"https:\/\/api.w.org\/{rel}","templated":true}]}}